{"id":2242,"date":"2021-10-25T11:40:43","date_gmt":"2021-10-25T16:40:43","guid":{"rendered":"https:\/\/wp.themedemo.org\/WCM07\/WCM070151\/?page_id=2242"},"modified":"2024-11-02T17:42:14","modified_gmt":"2024-11-02T23:42:14","slug":"sobre-nosotros","status":"publish","type":"page","link":"https:\/\/iidsech.com\/index.php\/sobre-nosotros\/","title":{"rendered":"Sobre nosotros"},"content":{"rendered":"\t\t<div data-elementor-type=\"wp-page\" data-elementor-id=\"2242\" class=\"elementor elementor-2242\">\n\t\t\t\t\t\t<section class=\"elementor-section elementor-top-section elementor-element elementor-element-b3fd594 elementor-section-boxed elementor-section-height-default elementor-section-height-default\" data-id=\"b3fd594\" data-element_type=\"section\" data-e-type=\"section\">\n\t\t\t\t\t\t<div class=\"elementor-container elementor-column-gap-default\">\n\t\t\t\t\t<div class=\"elementor-column elementor-col-100 elementor-top-column elementor-element elementor-element-38ceb13\" data-id=\"38ceb13\" data-element_type=\"column\" data-e-type=\"column\">\n\t\t\t<div class=\"elementor-widget-wrap elementor-element-populated\">\n\t\t\t\t\t\t<div class=\"elementor-element elementor-element-c50e263 elementor-invisible elementor-widget elementor-widget-image\" data-id=\"c50e263\" data-element_type=\"widget\" data-e-type=\"widget\" data-settings=\"{&quot;_animation&quot;:&quot;slideInDown&quot;}\" data-widget_type=\"image.default\">\n\t\t\t\t<div class=\"elementor-widget-container\">\n\t\t\t\t\t\t\t\t\t\t\t\t\t\t\t<img fetchpriority=\"high\" decoding=\"async\" width=\"1278\" height=\"720\" src=\"https:\/\/iidsech.com\/wp-content\/uploads\/2024\/04\/nosotros.png\" class=\"attachment-1536x1536 size-1536x1536 wp-image-14356\" alt=\"\" srcset=\"https:\/\/iidsech.com\/wp-content\/uploads\/2024\/04\/nosotros.png 1278w, https:\/\/iidsech.com\/wp-content\/uploads\/2024\/04\/nosotros-600x338.png 600w, https:\/\/iidsech.com\/wp-content\/uploads\/2024\/04\/nosotros-300x169.png 300w, https:\/\/iidsech.com\/wp-content\/uploads\/2024\/04\/nosotros-1024x577.png 1024w, https:\/\/iidsech.com\/wp-content\/uploads\/2024\/04\/nosotros-768x433.png 768w\" sizes=\"(max-width: 1278px) 100vw, 1278px\" \/>\t\t\t\t\t\t\t\t\t\t\t\t\t\t\t<\/div>\n\t\t\t\t<\/div>\n\t\t\t\t\t<\/div>\n\t\t<\/div>\n\t\t\t\t\t<\/div>\n\t\t<\/section>\n\t\t\t\t<section class=\"elementor-section elementor-top-section elementor-element elementor-element-9209af3 elementor-section-boxed elementor-section-height-default elementor-section-height-default\" data-id=\"9209af3\" data-element_type=\"section\" data-e-type=\"section\">\n\t\t\t\t\t\t<div class=\"elementor-container elementor-column-gap-default\">\n\t\t\t\t\t<div class=\"elementor-column elementor-col-100 elementor-top-column elementor-element elementor-element-d3679bc\" data-id=\"d3679bc\" data-element_type=\"column\" data-e-type=\"column\">\n\t\t\t<div class=\"elementor-widget-wrap elementor-element-populated\">\n\t\t\t\t\t\t\t<\/div>\n\t\t<\/div>\n\t\t\t\t\t<\/div>\n\t\t<\/section>\n\t\t\t\t<section class=\"elementor-section elementor-top-section elementor-element elementor-element-682a86c elementor-section-boxed elementor-section-height-default elementor-section-height-default\" data-id=\"682a86c\" data-element_type=\"section\" data-e-type=\"section\">\n\t\t\t\t\t\t<div class=\"elementor-container elementor-column-gap-default\">\n\t\t\t\t\t<div class=\"elementor-column elementor-col-100 elementor-top-column elementor-element elementor-element-93db76e\" data-id=\"93db76e\" data-element_type=\"column\" data-e-type=\"column\">\n\t\t\t<div class=\"elementor-widget-wrap elementor-element-populated\">\n\t\t\t\t\t\t<section class=\"elementor-section elementor-inner-section elementor-element elementor-element-f4391e6 elementor-reverse-mobile elementor-section-boxed elementor-section-height-default elementor-section-height-default\" data-id=\"f4391e6\" data-element_type=\"section\" data-e-type=\"section\">\n\t\t\t\t\t\t<div class=\"elementor-container elementor-column-gap-default\">\n\t\t\t\t\t<div class=\"elementor-column elementor-col-50 elementor-inner-column elementor-element elementor-element-2bae3a2\" data-id=\"2bae3a2\" data-element_type=\"column\" data-e-type=\"column\" data-settings=\"{&quot;background_background&quot;:&quot;classic&quot;}\">\n\t\t\t<div class=\"elementor-widget-wrap elementor-element-populated\">\n\t\t\t\t\t\t<div class=\"elementor-element elementor-element-0996844 elementor-widget elementor-widget-text-editor\" data-id=\"0996844\" data-element_type=\"widget\" data-e-type=\"widget\" data-widget_type=\"text-editor.default\">\n\t\t\t\t<div class=\"elementor-widget-container\">\n\t\t\t\t\t\t\t\t\t<p style=\"text-align: left;\"><span style=\"color: #000000;\">En M\u00e9xico contamos con nuestro registro ante la Secretar\u00eda de Gobernaci\u00f3n en el Registro Constitutivo No. SGAR\/216\/93, <\/span>quedando registrados como: Iglesias Israelitas para la difusi\u00f3n de las Sagradas Escrituras.\u00a0Nuestra base doctrinal es con apego a las sagradas escrituras, de las cuales entendemos que:<\/p><ol><li style=\"text-align: left;\">Dios es uno.<\/li><li style=\"text-align: left;\">El pueblo de Israel es el pueblo de Dios.<\/li><li style=\"text-align: left;\">Jesucristo es el mes\u00edas de Israel.<\/li><li style=\"text-align: left;\">Observamos el s\u00e1bado como d\u00eda de guardar.<\/li><li style=\"text-align: left;\">Observamos 3 fiestas anuales pascua, pentecost\u00e9s y caba\u00f1as.<\/li><li style=\"text-align: left;\">Observamos los mandamientos dictados por Dios a Mois\u00e9s.<\/li><li style=\"text-align: left;\">En la liturgia, la equivalencia del ministerio lev\u00edtico; en el ministerio de Cristo.<\/li><li style=\"text-align: left;\">La vida congregacional tiene 3 ceremonias principales en el devenir de su vida: presentaci\u00f3n, bautizo y casamiento<\/li><li style=\"text-align: left;\">Los ministros son la m\u00e1xima autoridad dentro de la sociedad.<\/li><li style=\"text-align: left;\">Por los escritos apost\u00f3licos reconocemos el valor y respeto que merecen las autoridades constituidas dentro del marco legal.<\/li><\/ol>\t\t\t\t\t\t\t\t<\/div>\n\t\t\t\t<\/div>\n\t\t\t\t\t<\/div>\n\t\t<\/div>\n\t\t\t\t<div class=\"elementor-column elementor-col-50 elementor-inner-column elementor-element elementor-element-7e470c3 cms-cat-image\" data-id=\"7e470c3\" data-element_type=\"column\" data-e-type=\"column\">\n\t\t\t<div class=\"elementor-widget-wrap elementor-element-populated\">\n\t\t\t\t\t\t<div class=\"elementor-element elementor-element-9347344 elementor-widget__width-auto img-banner elementor-widget elementor-widget-image\" data-id=\"9347344\" data-element_type=\"widget\" data-e-type=\"widget\" data-widget_type=\"image.default\">\n\t\t\t\t<div class=\"elementor-widget-container\">\n\t\t\t\t\t\t\t\t\t\t\t\t\t\t\t<img decoding=\"async\" width=\"1014\" height=\"572\" src=\"https:\/\/iidsech.com\/wp-content\/uploads\/2024\/04\/Nosotros1.png\" class=\"attachment-full size-full wp-image-14383\" alt=\"\" srcset=\"https:\/\/iidsech.com\/wp-content\/uploads\/2024\/04\/Nosotros1.png 1014w, https:\/\/iidsech.com\/wp-content\/uploads\/2024\/04\/Nosotros1-600x338.png 600w, https:\/\/iidsech.com\/wp-content\/uploads\/2024\/04\/Nosotros1-300x169.png 300w, https:\/\/iidsech.com\/wp-content\/uploads\/2024\/04\/Nosotros1-768x433.png 768w\" sizes=\"(max-width: 1014px) 100vw, 1014px\" \/>\t\t\t\t\t\t\t\t\t\t\t\t\t\t\t<\/div>\n\t\t\t\t<\/div>\n\t\t\t\t\t<\/div>\n\t\t<\/div>\n\t\t\t\t\t<\/div>\n\t\t<\/section>\n\t\t\t\t\t<\/div>\n\t\t<\/div>\n\t\t\t\t\t<\/div>\n\t\t<\/section>\n\t\t\t\t<section class=\"elementor-section elementor-top-section elementor-element elementor-element-55d64b8 elementor-section-boxed elementor-section-height-default elementor-section-height-default\" data-id=\"55d64b8\" data-element_type=\"section\" data-e-type=\"section\">\n\t\t\t\t\t\t<div class=\"elementor-container elementor-column-gap-default\">\n\t\t\t\t\t<div class=\"elementor-column elementor-col-100 elementor-top-column elementor-element elementor-element-d1bf80f\" data-id=\"d1bf80f\" data-element_type=\"column\" data-e-type=\"column\">\n\t\t\t<div class=\"elementor-widget-wrap elementor-element-populated\">\n\t\t\t\t\t\t<section class=\"elementor-section elementor-inner-section elementor-element elementor-element-ac4e370 elementor-reverse-mobile elementor-section-boxed elementor-section-height-default elementor-section-height-default\" data-id=\"ac4e370\" data-element_type=\"section\" data-e-type=\"section\">\n\t\t\t\t\t\t<div class=\"elementor-container elementor-column-gap-default\">\n\t\t\t\t\t<div class=\"elementor-column elementor-col-50 elementor-inner-column elementor-element elementor-element-d906b94\" data-id=\"d906b94\" data-element_type=\"column\" data-e-type=\"column\" data-settings=\"{&quot;background_background&quot;:&quot;classic&quot;}\">\n\t\t\t<div class=\"elementor-widget-wrap elementor-element-populated\">\n\t\t\t\t\t\t<div class=\"elementor-element elementor-element-2623590 elementor-widget elementor-widget-text-editor\" data-id=\"2623590\" data-element_type=\"widget\" data-e-type=\"widget\" data-widget_type=\"text-editor.default\">\n\t\t\t\t<div class=\"elementor-widget-container\">\n\t\t\t\t\t\t\t\t\t<p>El objeto de nuestra asociaci\u00f3n es que con el conocimiento y practica de las sagradas escrituras, nuestros congregantes puedan llevar una vida moral respetuosa y llenas de armon\u00eda familiar. Difundir a toda la naci\u00f3n de ser posible el contenido de la ense\u00f1anza b\u00edblica para restringir los \u00edndices alarmantes de vicios, asaltos, homicidios, etc\u00e9tera que tanto da\u00f1an a nuestra sociedad y a nuestra patria.<\/p><blockquote><p><em>Toda la Escritura es inspirada por Dios, y \u00fatil para ense\u00f1ar, para redarg\u00fcir, para corregir, para instruir en justicia, a fin de que el hombre de Dios sea perfecto, enteramente preparado para toda buena obra. 2 Timoteo 3:12-17<\/em><\/p><\/blockquote>\t\t\t\t\t\t\t\t<\/div>\n\t\t\t\t<\/div>\n\t\t\t\t\t<\/div>\n\t\t<\/div>\n\t\t\t\t<div class=\"elementor-column elementor-col-50 elementor-inner-column elementor-element elementor-element-6064b47 cms-cat-image\" data-id=\"6064b47\" data-element_type=\"column\" data-e-type=\"column\">\n\t\t\t<div class=\"elementor-widget-wrap elementor-element-populated\">\n\t\t\t\t\t\t<div class=\"elementor-element elementor-element-6122be0 elementor-widget__width-auto img-banner elementor-widget elementor-widget-image\" data-id=\"6122be0\" data-element_type=\"widget\" data-e-type=\"widget\" data-widget_type=\"image.default\">\n\t\t\t\t<div class=\"elementor-widget-container\">\n\t\t\t\t\t\t\t\t\t\t\t\t\t\t\t<img decoding=\"async\" width=\"1014\" height=\"570\" src=\"https:\/\/iidsech.com\/wp-content\/uploads\/2024\/04\/Nosotros2.png\" class=\"attachment-full size-full wp-image-14384\" alt=\"\" srcset=\"https:\/\/iidsech.com\/wp-content\/uploads\/2024\/04\/Nosotros2.png 1014w, https:\/\/iidsech.com\/wp-content\/uploads\/2024\/04\/Nosotros2-600x337.png 600w, https:\/\/iidsech.com\/wp-content\/uploads\/2024\/04\/Nosotros2-300x169.png 300w, https:\/\/iidsech.com\/wp-content\/uploads\/2024\/04\/Nosotros2-768x432.png 768w\" sizes=\"(max-width: 1014px) 100vw, 1014px\" \/>\t\t\t\t\t\t\t\t\t\t\t\t\t\t\t<\/div>\n\t\t\t\t<\/div>\n\t\t\t\t\t<\/div>\n\t\t<\/div>\n\t\t\t\t\t<\/div>\n\t\t<\/section>\n\t\t\t\t\t<\/div>\n\t\t<\/div>\n\t\t\t\t\t<\/div>\n\t\t<\/section>\n\t\t\t\t<section class=\"elementor-section elementor-top-section elementor-element elementor-element-8576650 elementor-section-boxed elementor-section-height-default elementor-section-height-default\" data-id=\"8576650\" data-element_type=\"section\" data-e-type=\"section\">\n\t\t\t\t\t\t<div class=\"elementor-container elementor-column-gap-default\">\n\t\t\t\t\t<div class=\"elementor-column elementor-col-100 elementor-top-column elementor-element elementor-element-e2d4ab7\" data-id=\"e2d4ab7\" data-element_type=\"column\" data-e-type=\"column\">\n\t\t\t<div class=\"elementor-widget-wrap elementor-element-populated\">\n\t\t\t\t\t\t<section class=\"elementor-section elementor-inner-section elementor-element elementor-element-edf43fa elementor-reverse-mobile elementor-section-boxed elementor-section-height-default elementor-section-height-default\" data-id=\"edf43fa\" data-element_type=\"section\" data-e-type=\"section\">\n\t\t\t\t\t\t<div class=\"elementor-container elementor-column-gap-default\">\n\t\t\t\t\t<div class=\"elementor-column elementor-col-50 elementor-inner-column elementor-element elementor-element-b120e37\" data-id=\"b120e37\" data-element_type=\"column\" data-e-type=\"column\" data-settings=\"{&quot;background_background&quot;:&quot;classic&quot;}\">\n\t\t\t<div class=\"elementor-widget-wrap elementor-element-populated\">\n\t\t\t\t\t\t<div class=\"elementor-element elementor-element-91b7a6c elementor-widget elementor-widget-text-editor\" data-id=\"91b7a6c\" data-element_type=\"widget\" data-e-type=\"widget\" data-widget_type=\"text-editor.default\">\n\t\t\t\t<div class=\"elementor-widget-container\">\n\t\t\t\t\t\t\t\t\t<p style=\"text-align: left;\">Nuestra visi\u00f3n es ser una comunidad fiel y practicante, iluminada por el escudri\u00f1o b\u00edblico y guiada por las ense\u00f1anzas de Cristo, que lleven a las personas a un conocimiento profundo y vivencial de Dios y Su Palabra. Aspiramos a ser reconocidos por nuestra devoci\u00f3n al cumplimiento de la ley divina, nuestra observancia del s\u00e1bado, las fiestas b\u00edblicas y nuestro compromiso inquebrantable con el Evangelio de Jesucristo. So\u00f1amos con una congregaci\u00f3n donde cada miembro pueda transformar su vida d\u00eda con d\u00eda, para as\u00ed llegar a obtener ese galard\u00f3n que es la vida eterna. \u00a0Buscamos inspirar a otros a descubrir y vivir la fe judeocristiana, promoviendo una comprensi\u00f3n m\u00e1s profunda de la Biblia y una relaci\u00f3n transformadora con nuestro Dios.<\/p>\t\t\t\t\t\t\t\t<\/div>\n\t\t\t\t<\/div>\n\t\t\t\t\t<\/div>\n\t\t<\/div>\n\t\t\t\t<div class=\"elementor-column elementor-col-50 elementor-inner-column elementor-element elementor-element-90e6863 cms-cat-image\" data-id=\"90e6863\" data-element_type=\"column\" data-e-type=\"column\">\n\t\t\t<div class=\"elementor-widget-wrap elementor-element-populated\">\n\t\t\t\t\t\t<div class=\"elementor-element elementor-element-4e23179 elementor-widget__width-auto img-banner elementor-widget elementor-widget-image\" data-id=\"4e23179\" data-element_type=\"widget\" data-e-type=\"widget\" data-widget_type=\"image.default\">\n\t\t\t\t<div class=\"elementor-widget-container\">\n\t\t\t\t\t\t\t\t\t\t\t\t\t\t\t<img loading=\"lazy\" decoding=\"async\" width=\"1013\" height=\"571\" src=\"https:\/\/iidsech.com\/wp-content\/uploads\/2024\/04\/Nosotros3.png\" class=\"attachment-full size-full wp-image-14388\" alt=\"\" srcset=\"https:\/\/iidsech.com\/wp-content\/uploads\/2024\/04\/Nosotros3.png 1013w, https:\/\/iidsech.com\/wp-content\/uploads\/2024\/04\/Nosotros3-600x338.png 600w, https:\/\/iidsech.com\/wp-content\/uploads\/2024\/04\/Nosotros3-300x169.png 300w, https:\/\/iidsech.com\/wp-content\/uploads\/2024\/04\/Nosotros3-768x433.png 768w\" sizes=\"(max-width: 1013px) 100vw, 1013px\" \/>\t\t\t\t\t\t\t\t\t\t\t\t\t\t\t<\/div>\n\t\t\t\t<\/div>\n\t\t\t\t\t<\/div>\n\t\t<\/div>\n\t\t\t\t\t<\/div>\n\t\t<\/section>\n\t\t\t\t\t<\/div>\n\t\t<\/div>\n\t\t\t\t\t<\/div>\n\t\t<\/section>\n\t\t\t\t<\/div>\n\t\t","protected":false},"excerpt":{"rendered":"<p>En M\u00e9xico contamos con nuestro registro ante la Secretar\u00eda de Gobernaci\u00f3n en el Registro Constitutivo No. SGAR\/216\/93, quedando registrados como: Iglesias Israelitas para la difusi\u00f3n de las Sagradas Escrituras.\u00a0Nuestra base doctrinal es con apego a las sagradas escrituras, de las cuales entendemos que: Dios es uno. El pueblo de Israel es el pueblo de Dios&#8230;.<\/p>\n","protected":false},"author":1,"featured_media":0,"parent":0,"menu_order":0,"comment_status":"closed","ping_status":"closed","template":"elementor_header_footer","meta":{"om_disable_all_campaigns":false,"_tbt_post_transparent":"","_tbt_post_title":"","_tbt_post_layout":"","_tbt_post_sidebar_id":"","_tbt_post_content_style":"","_tbt_post_vertical_padding":"","_tbt_post_feature":"","_tbt_post_feature_position":"","_tbt_post_header":false,"_tbt_post_footer":false,"_mc_calendar":[]},"class_list":["post-2242","page","type-page","status-publish","hentry"],"aioseo_notices":[],"_links":{"self":[{"href":"https:\/\/iidsech.com\/index.php\/wp-json\/wp\/v2\/pages\/2242","targetHints":{"allow":["GET"]}}],"collection":[{"href":"https:\/\/iidsech.com\/index.php\/wp-json\/wp\/v2\/pages"}],"about":[{"href":"https:\/\/iidsech.com\/index.php\/wp-json\/wp\/v2\/types\/page"}],"author":[{"embeddable":true,"href":"https:\/\/iidsech.com\/index.php\/wp-json\/wp\/v2\/users\/1"}],"replies":[{"embeddable":true,"href":"https:\/\/iidsech.com\/index.php\/wp-json\/wp\/v2\/comments?post=2242"}],"version-history":[{"count":111,"href":"https:\/\/iidsech.com\/index.php\/wp-json\/wp\/v2\/pages\/2242\/revisions"}],"predecessor-version":[{"id":15693,"href":"https:\/\/iidsech.com\/index.php\/wp-json\/wp\/v2\/pages\/2242\/revisions\/15693"}],"wp:attachment":[{"href":"https:\/\/iidsech.com\/index.php\/wp-json\/wp\/v2\/media?parent=2242"}],"curies":[{"name":"wp","href":"https:\/\/api.w.org\/{rel}","templated":true}]}}