{"id":17006,"date":"2025-11-28T22:15:19","date_gmt":"2025-11-29T04:15:19","guid":{"rendered":"https:\/\/iidsech.com\/?page_id=17006"},"modified":"2025-11-28T23:01:27","modified_gmt":"2025-11-29T05:01:27","slug":"perfil-de-jesus","status":"publish","type":"page","link":"https:\/\/iidsech.com\/index.php\/predicaciones\/perfil-de-jesus\/","title":{"rendered":"Perfil de Jes\u00fas de Nazaret"},"content":{"rendered":"\t\t<div data-elementor-type=\"wp-page\" data-elementor-id=\"17006\" class=\"elementor elementor-17006\">\n\t\t\t\t\t\t<div class=\"elementor-section elementor-top-section elementor-element elementor-element-346406e videothumb elementor-section-stretched elementor-section-boxed elementor-section-height-default elementor-section-height-default\" data-id=\"346406e\" data-element_type=\"section\" data-e-type=\"section\" data-settings=\"{&quot;stretch_section&quot;:&quot;section-stretched&quot;,&quot;background_background&quot;:&quot;classic&quot;}\">\n\t\t\t\t\t\t<div class=\"elementor-container elementor-column-gap-default\">\n\t\t\t\t\t<div class=\"elementor-column elementor-col-100 elementor-top-column elementor-element elementor-element-1246ba2\" data-id=\"1246ba2\" data-element_type=\"column\" data-e-type=\"column\">\n\t\t\t<div class=\"elementor-widget-wrap elementor-element-populated\">\n\t\t\t\t\t\t<section class=\"elementor-section elementor-inner-section elementor-element elementor-element-71182e2 elementor-section-boxed elementor-section-height-default elementor-section-height-default\" data-id=\"71182e2\" data-element_type=\"section\" data-e-type=\"section\">\n\t\t\t\t\t\t<div class=\"elementor-container elementor-column-gap-default\">\n\t\t\t\t\t<div class=\"elementor-column elementor-col-100 elementor-inner-column elementor-element elementor-element-2ab3072\" data-id=\"2ab3072\" data-element_type=\"column\" data-e-type=\"column\" data-settings=\"{&quot;background_background&quot;:&quot;classic&quot;}\">\n\t\t\t<div class=\"elementor-widget-wrap elementor-element-populated\">\n\t\t\t\t\t\t<div class=\"elementor-element elementor-element-d4808f1 elementor-widget__width-inherit elementor-position-top elementor-invisible elementor-widget elementor-widget-image-box\" data-id=\"d4808f1\" data-element_type=\"widget\" data-e-type=\"widget\" data-settings=\"{&quot;_animation&quot;:&quot;fadeIn&quot;}\" data-widget_type=\"image-box.default\">\n\t\t\t\t<div class=\"elementor-widget-container\">\n\t\t\t\t\t<div class=\"elementor-image-box-wrapper\"><figure class=\"elementor-image-box-img\"><img fetchpriority=\"high\" decoding=\"async\" width=\"1914\" height=\"955\" src=\"https:\/\/iidsech.com\/wp-content\/uploads\/2025\/11\/Perfil-Jesus2.jpg\" class=\"attachment-full size-full wp-image-17010\" alt=\"\" srcset=\"https:\/\/iidsech.com\/wp-content\/uploads\/2025\/11\/Perfil-Jesus2.jpg 1914w, https:\/\/iidsech.com\/wp-content\/uploads\/2025\/11\/Perfil-Jesus2-300x150.jpg 300w, https:\/\/iidsech.com\/wp-content\/uploads\/2025\/11\/Perfil-Jesus2-1024x511.jpg 1024w, https:\/\/iidsech.com\/wp-content\/uploads\/2025\/11\/Perfil-Jesus2-768x383.jpg 768w, https:\/\/iidsech.com\/wp-content\/uploads\/2025\/11\/Perfil-Jesus2-1536x766.jpg 1536w\" sizes=\"(max-width: 1914px) 100vw, 1914px\" \/><\/figure><div class=\"elementor-image-box-content\"><h1 class=\"elementor-image-box-title\">Perfil jud\u00edo de Jes\u00fas de Nazaret<\/h1><p class=\"elementor-image-box-description\">Realizado Por: <font color=\"#D4942D\">Diac. Noe Martinez C.<\/font> \nCategor\u00eda: <span style=\"color:#D4942D\">  Cristianismo, Fe<\/span> Fecha:<span style=\"color:#D4942D\">  Nov, 2025<\/span><\/p><\/div><\/div>\t\t\t\t<\/div>\n\t\t\t\t<\/div>\n\t\t\t\t\t<\/div>\n\t\t<\/div>\n\t\t\t\t\t<\/div>\n\t\t<\/section>\n\t\t\t\t\t<\/div>\n\t\t<\/div>\n\t\t\t\t\t<\/div>\n\t\t<\/div>\n\t\t\t\t<section class=\"elementor-section elementor-top-section elementor-element elementor-element-44f86cb elementor-section-boxed elementor-section-height-default elementor-section-height-default\" data-id=\"44f86cb\" data-element_type=\"section\" data-e-type=\"section\">\n\t\t\t\t\t\t<div class=\"elementor-container elementor-column-gap-default\">\n\t\t\t\t\t<div class=\"elementor-column elementor-col-100 elementor-top-column elementor-element elementor-element-113cad1\" data-id=\"113cad1\" data-element_type=\"column\" data-e-type=\"column\">\n\t\t\t<div class=\"elementor-widget-wrap elementor-element-populated\">\n\t\t\t\t\t\t<div class=\"elementor-element elementor-element-883a8c1 elementor-widget-divider--view-line elementor-widget elementor-widget-divider\" data-id=\"883a8c1\" data-element_type=\"widget\" data-e-type=\"widget\" data-widget_type=\"divider.default\">\n\t\t\t\t<div class=\"elementor-widget-container\">\n\t\t\t\t\t\t\t<div class=\"elementor-divider\">\n\t\t\t<span class=\"elementor-divider-separator\">\n\t\t\t\t\t\t<\/span>\n\t\t<\/div>\n\t\t\t\t\t\t<\/div>\n\t\t\t\t<\/div>\n\t\t\t\t\t<\/div>\n\t\t<\/div>\n\t\t\t\t\t<\/div>\n\t\t<\/section>\n\t\t\t\t<section class=\"elementor-section elementor-top-section elementor-element elementor-element-fbc7992 elementor-section-boxed elementor-section-height-default elementor-section-height-default\" data-id=\"fbc7992\" data-element_type=\"section\" data-e-type=\"section\">\n\t\t\t\t\t\t<div class=\"elementor-container elementor-column-gap-default\">\n\t\t\t\t\t<div class=\"elementor-column elementor-col-100 elementor-top-column elementor-element elementor-element-d81a8cb\" data-id=\"d81a8cb\" data-element_type=\"column\" data-e-type=\"column\">\n\t\t\t<div class=\"elementor-widget-wrap elementor-element-populated\">\n\t\t\t\t\t\t<div class=\"elementor-element elementor-element-f277c3d elementor-widget elementor-widget-text-editor\" data-id=\"f277c3d\" data-element_type=\"widget\" data-e-type=\"widget\" data-widget_type=\"text-editor.default\">\n\t\t\t\t<div class=\"elementor-widget-container\">\n\t\t\t\t\t\t\t\t\t<h2 style=\"text-align: left;\"><b>Introducci\u00f3n<\/b><\/h2><p>Jesucristo sigue siendo una de las figuras m\u00e1s influyentes. En su nombre se han fundado ciudades, a su gloria se han dedicado incre\u00edbles obras de arte y su esp\u00edritu se ha invocado a la hora de entrar en batallas. Es el personaje central de los Evangelios que conforman la Biblia y el eje central en torno al que gira la religi\u00f3n cristiana. El nacimiento de Jes\u00fas se produjo en Bel\u00e9n. Predic\u00f3 la palabra de Dios, al tiempo que sus milagros extendieron su fama.<\/p><p>Gracias a su carisma, form\u00f3 una legi\u00f3n de seguidores incondicionales, entre los que destacaron los ap\u00f3stoles, que continuaron su misi\u00f3n evangelizadora. Fue condenado a morir en la cruz para pagar por los pecados de la humanidad, pero resucit\u00f3 y ascendi\u00f3 a los cielos.<\/p><p><img decoding=\"async\" class=\"aligncenter wp-image-17009 size-large\" src=\"https:\/\/iidsech.com\/wp-content\/uploads\/2025\/11\/Perfil-Jesus1-1024x574.jpg\" alt=\"\" width=\"1024\" height=\"574\" srcset=\"https:\/\/iidsech.com\/wp-content\/uploads\/2025\/11\/Perfil-Jesus1-1024x574.jpg 1024w, https:\/\/iidsech.com\/wp-content\/uploads\/2025\/11\/Perfil-Jesus1-300x168.jpg 300w, https:\/\/iidsech.com\/wp-content\/uploads\/2025\/11\/Perfil-Jesus1-768x430.jpg 768w, https:\/\/iidsech.com\/wp-content\/uploads\/2025\/11\/Perfil-Jesus1.jpg 1212w\" sizes=\"(max-width: 1024px) 100vw, 1024px\" \/><\/p><h5 style=\"text-align: left;\"><b>1. Del Linaje de David<\/b><\/h5><p>Jes\u00fas deb\u00eda venir del <b>linaje de David<\/b> porque as\u00ed lo exig\u00edan las <b>profec\u00edas mesi\u00e1nicas en las escrituras hebreas<\/b>. Dios hab\u00eda prometido que el Mes\u00edas \u2014el Rey eterno que restaurar\u00eda a Israel y gobernar\u00eda con justicia\u2014 ser\u00eda <b>descendiente de David<\/b>, el rey ideal de Israel.<\/p><ul><li>Genesis 49:9-11<\/li><li>Deut.18:15-19<\/li><li>2Sam.7:12-16<\/li><li>Salmo 89:3-4<\/li><li>Isa\u00edas 7:14<\/li><li>Isa\u00edas 9:6-7<\/li><li>Isa\u00edas 11:1-5<\/li><li>Isa\u00edas 53:4-6<\/li><li>Jerem\u00edas 23:5-6<\/li><\/ul><h5><b>2. Nacio de una virgen Jud\u00eda<\/b><\/h5><p>Mar\u00eda viv\u00eda en <b>Nazaret de Galilea<\/b>, una regi\u00f3n jud\u00eda del norte de Israel. Era descendiente de Israel y cumpl\u00eda las costumbres religiosas jud\u00edas, tambi\u00e9n conoc\u00eda profundamente las Escrituras, como lo muestra su c\u00e1ntico <b>(Lucas 1:46-55)<\/b><\/p><ul><li>Mateo 1:1,18\u201323<\/li><li>Lucas 2:1\u201320<\/li><li>Miqueas 5:2<\/li><\/ul><h5><b>3. Circuncidado al 8vo. d\u00eda<\/b><\/h5><p>La circuncisi\u00f3n de los hijos de Israel es un<b>\u00a0ritual vital para la afirmaci\u00f3n de la identidad jud\u00eda, representa el nexo permanente entre el Creador y el pueblo jud\u00edo<\/b>, hasta un punto tal que en\u00a0<b>la Biblia se afirma que aquel que transgrede este mandamiento se ver\u00e1 separado del pueblo jud\u00edo. <\/b><\/p><p><b>El jud\u00edo est\u00e1 comprometido por un pacto<\/b> que tiene grabado muy por debajo de su ser consciente, e incluso, <b>en su carne <\/b>misma: un lazo eterno que D-s estableci\u00f3 con su padre Abraham. Mucho antes de que el jud\u00edo tuviera conciencia de s\u00ed, sus padres lo hicieron entrar a este pacto cuando se le practic\u00f3 la circuncisi\u00f3n.<\/p><ul><li>Genesis 17:1-14<\/li><li>Hechos 7:1-8<\/li><li>Lev. 12:1\u20133<\/li><li>Lucas 2:21<\/li><\/ul><h5 style=\"text-align: left;\"><b>4. Presentado a los 40 d\u00edas<\/b><\/h5><p>La presentaci\u00f3n de Jes\u00fas en el templo era un acto espec\u00edfico de cumplimiento de la ley y proclamaci\u00f3n de su identidad como Jud\u00edo. Este acto destaca la importancia de los ni\u00f1os como bendici\u00f3n de Dios y afirma el compromiso de los padres de educar a sus hijos conforme a las ense\u00f1anzas y mandatos b\u00edblicos.<\/p><ul><li>Lev\u00edtico 12:4-8<\/li><li>Lucas 2:22\u201335<\/li><li>Proverbios 22: 6<\/li><li>Deut. 6:4-7<\/li><\/ul><h5><b>5. <\/b><b>A <\/b><b>los 12 a\u00f1os hera un <\/b><b>\u00a0joven rabino<\/b><\/h5><p>Los ni\u00f1os jud\u00edos aprend\u00edan a leer la Tor\u00e1 desde muy temprana edad: seg\u00fan fuentes rab\u00ednicas posteriores, \u201ca los cinco a\u00f1os se alcanza la edad para estudiar el Tanaj (-la Tor\u00e1 (Ley), los Nevi&#8217;im (Profetas) y los Ketuvim (Escritos)-), a los diez para la Mishn\u00e1 (nombre de los sesenta y tres tratados en los que se estableci\u00f3 la Ley Oral), y a los trece para cumplir las mitzvot\u201d.<\/p><p>Aunque no existen datos directos de la infancia de Jes\u00fas, lo m\u00e1s probable es que recibiera esta formaci\u00f3n tradicional: habr\u00eda memorizado pasajes de la Ley y los profetas, y participado en ense\u00f1anzas orales de la sinagoga local. De adulto, Jes\u00fas demostr\u00f3 amplio conocimiento de las Escrituras hebreas.<\/p><p>Jes\u00fas fue encontrado en el templo, participando en discusiones con los doctores de la ley y ense\u00f1ando a otros. Esto demuestra su temprana inteligencia, sabidur\u00eda y dedicaci\u00f3n a la palabra de Dios. Tambi\u00e9n muestra su compromiso con la misi\u00f3n que ten\u00eda por delante. <b>(Lucas 2:39-52)<\/b><\/p><p>Jes\u00fas no solo escuchaba a los doctores, sino que tambi\u00e9n les hac\u00eda preguntas y ofrec\u00eda respuestas, demostrando una comprensi\u00f3n temprana de las escrituras y las leyes de Dios.\u00a0Su presencia en el templo, involucr\u00e1ndose activamente en la discusi\u00f3n de temas religiosos, muestra su temprana dedicaci\u00f3n a la palabra de Dios y su compromiso con su misi\u00f3n futura. El hecho de que Jes\u00fas estuviera en el templo, un lugar de ense\u00f1anza y aprendizaje anticipa su futura vocaci\u00f3n como maestro y l\u00edder religioso. Aunque se qued\u00f3 en el templo sin el permiso de sus padres, Jes\u00fas tambi\u00e9n demostr\u00f3 respeto por sus padres terrenales al regresar a Nazaret con ellos y obedecerlos.<\/p><p>Tener sabidur\u00eda es en esencia aprender lo que es correcto y aplicar ese conocimiento en la vida diaria. Esto nos dice que Jes\u00fas no s\u00f3lo se dedicaba a estudiar, sino que practicaba la sabidur\u00eda en su vida a\u00fan siendo un ni\u00f1o. Durante su ministerio, Jesucristo ejerci\u00f3 una sabidur\u00eda perfecta en muchas instancias. Pero esa sabidur\u00eda no apareci\u00f3 m\u00e1gicamente cuando se convirti\u00f3 en adulto; fue desarrollada cuidadosamente desde que era un ni\u00f1o.<\/p><ul><li>Ecle.12:1-3<\/li><li>Ecles.11:9-10<\/li><li>1 Timoteo 4:12<\/li><li>1 Juan 2:12-14<\/li><li>Salomo 119:9-16<\/li><\/ul><h5><b>6. <\/b><b>Bautizado a los 30 a\u00f1os<\/b><\/h5><p>El bautismo incluye un convenio sagrado, una promesa, entre el Padre, el Hijo, el Esp\u00edritu Santo y la persona que es bautizada. Nosotros hacemos convenio de guardar sus mandamientos, de servirle. \u00c9l promete perdonar nuestros pecados, \u201c[derramar] su Esp\u00edritu sobre [nosotros]\u201d y nos ofrece la vida eterna.<\/p><p>El bautismo simboliza la sepultura del pecador y el renacimiento espiritual de la persona para vivir \u201cen vida nueva\u201d. Mediante el bautismo dejamos atr\u00e1s nuestra antigua vida y comenzamos una vida nueva como disc\u00edpulos de Jesucristo.<\/p><ul><li>Romanos 6:1-11<\/li><li>Lucas 3:21-23<\/li><li>Juan 3:5<\/li><li>Mateo 3:13-17<\/li><li>Hechos 2:37-39<\/li><li>Mateo 28:19-20<\/li><li>1 Pedro 3:21<\/li><li>1 Corintios 12:13<\/li><\/ul><h5>7. Observante y ense\u00f1ador de la ley<\/h5><p>Jes\u00fas vivi\u00f3 como un jud\u00edo observante, participando de las pr\u00e1cticas religiosas de la ley y cumpli\u00f3 sus preceptos en su vida diaria y ministerio. Guardaba el Shabat: los evangelios mencionan que ense\u00f1\u00f3 y hasta realiz\u00f3 curaciones durante el d\u00eda de reposo, fue a la sinagoga regularmente ese d\u00eda, como lo hac\u00eda todo jud\u00edo fiel, asimismo se ajustaba a las normas diet\u00e9ticas jud\u00edas, cumpli\u00f3 las leyes al encarnar los mandamientos de amar a Dios y amar al pr\u00f3jimo, lo cual es el verdadero prop\u00f3sito de toda la ley.<\/p><ul><li>Respeto por la ley y las Escrituras, no solo la obedec\u00eda, sino que la profundizaba y la cumpl\u00eda <b>(Mateo 5:17-20, 2 Tim.)<\/b><\/li><li>Uso de la Ley en sus ense\u00f1anzas <b>(Mateo 22:34\u201340, Deut.6:5, Lev.19:13-18)<\/b><\/li><li>Como hijo de Dios, exhibi\u00f3 lealtad al pacto con Dios en su tiempo de prueba <b>( Mateo 4:1-11; Deut.6:13-16; 8:3)<\/b><\/li><li>Observancia del <b>s\u00e1bado<\/b> <b>(Lucas 4:16-21, \u00c9xodo 20:8-11 Mateo 9:11-14) <\/b><\/li><li>Celebraci\u00f3n de las <b>fiestas<\/b>:<ul><li style=\"list-style-type: none;\"><ul><li>Pascua <b>(Mateo 26:17-25)<\/b><\/li><li>Pentecost\u00e9s <b>(Hechos 1:1-5; 2:1-4)<\/b><\/li><li>Caba\u00f1as <b>(Juan 7:1-13)<\/b><\/li><\/ul><\/li><\/ul><\/li><li>Jes\u00fas y los diez mandamientos<ul><li style=\"list-style-type: none;\"><ul><li>El primero <b>(Marcos 12:28-30)<\/b><\/li><li>No tendr\u00e1s dioses ajenos<b>(Juan 4:23\u201324, Hechos 17:29)<\/b><\/li><li>No tomar\u00e1s el nombre de Jehov\u00e1 tu Dios en vano <b>(Mateo 5:33\u201334)<\/b><\/li><li>El s\u00e1bado <b>(Mateo 12:1-8, Marcos 2:27\u201328)<\/b><\/li><li>Honra a tus padres <b>(Mateo 15:1-9)<\/b><\/li><li>No mataras <b>(Mateo 5:21-26)<\/b><\/li><li>No cometer\u00e1s\u00a0 adulterio (<b>Mateo 5:27-30<\/b>)<\/li><li>No robaras<b>(Mateo 19:18, Efesios 4:28)<\/b><\/li><li>No hablar falso testimonio <b>(Mateo 19:18, Efesios 4:25)<\/b><\/li><li>No codiciar <b>(Lucas 12:15, Romanos 7:7)<\/b><\/li><\/ul><\/li><\/ul><\/li><\/ul><h6><b>8. Muri\u00f3 por ser el rey de los Jud\u00edos<\/b>\u00a0<\/h6><p>Cuando Jes\u00fas naci\u00f3, la regi\u00f3n de Judea estaba bajo el control del rey Herodes, nombrado por el Imperio Romano. Pero cuando Jes\u00fas predicaba el evangelio, Judea estaba regido por un gobernador que hab\u00eda sido enviado desde Roma. Por eso, no hab\u00eda rey, sino C\u00e9sar, el Emperador Romano. Si alguno dec\u00eda ser rey, significaba que hab\u00eda cometido traici\u00f3n contra el Imperio Romano.<\/p><p>Los sumos sacerdotes y los ancianos trataron de acusar a Jes\u00fas, eran bastante conscientes de que no pod\u00edan acusarlo por razones religiosas. Entonces, para culpar a Jes\u00fas de traici\u00f3n, estuvieron alertas para atraparlo, por eso pudieron acusarlo, diciendo: \u201c\u00c9l est\u00e1 fomentando disturbios entre los jud\u00edos, diciendo ser el rey de los jud\u00edos\u201d. Por esa raz\u00f3n enviaron a sus disc\u00edpulos, junto con los herodianos, cuando trataron de probar a Jes\u00fas. <b>(Mateo 22:15-22)<\/b><\/p><p><strong>1.Blasfemia y desaf\u00edo a la autoridad<\/strong><\/p><ul><li style=\"list-style-type: none;\"><ul><li style=\"list-style-type: none;\"><ul><li>Ense\u00f1aba con <b>autoridad propia<\/b>, no como los rabinos <b>(Mateo 7:24\u201329)<\/b><\/li><li>Cuestionaba como actuaban las sectas <b>(Mateo 33:13-36)<\/b><\/li><li>Se auto declar\u00f3 <b style=\"letter-spacing: 0.2px;\">Hijo de Dios<\/b><span style=\"letter-spacing: 0.2px;\"> y <\/span><b style=\"letter-spacing: 0.2px;\">Mes\u00edas<\/b><span style=\"letter-spacing: 0.2px;\">, lo que ellos consideraban <\/span><b style=\"letter-spacing: 0.2px;\">blasfemia<\/b><span style=\"letter-spacing: 0.2px;\">. <\/span><b style=\"letter-spacing: 0.2px;\">(Juan 5:16-18, Mateo 26:59\u201368<\/b><\/li><\/ul><\/li><\/ul><\/li><\/ul><p><strong>2.Por presi\u00f3n pol\u00edtica y temor a Roma<\/strong><\/p><ul><li style=\"list-style-type: none;\"><ul><li style=\"list-style-type: none;\"><ul><li>Aunque la causa religiosa fue principal, los l\u00edderes no pod\u00edan ejecutar legalmente, as\u00ed que llevaron a Jes\u00fas ante Pilato con un cargo pol\u00edtico: sedici\u00f3n. <b>(Lucas 23:1-25, Juan 19:12-22)<\/b><\/li><\/ul><\/li><\/ul><\/li><\/ul>\t\t\t\t\t\t\t\t<\/div>\n\t\t\t\t<\/div>\n\t\t\t\t\t<\/div>\n\t\t<\/div>\n\t\t\t\t\t<\/div>\n\t\t<\/section>\n\t\t\t\t<section class=\"elementor-section elementor-top-section elementor-element elementor-element-470d991 elementor-section-boxed elementor-section-height-default elementor-section-height-default\" data-id=\"470d991\" data-element_type=\"section\" data-e-type=\"section\">\n\t\t\t\t\t\t<div class=\"elementor-container elementor-column-gap-default\">\n\t\t\t\t\t<div class=\"elementor-column elementor-col-100 elementor-top-column elementor-element elementor-element-4f1b7f2\" data-id=\"4f1b7f2\" data-element_type=\"column\" data-e-type=\"column\">\n\t\t\t<div class=\"elementor-widget-wrap elementor-element-populated\">\n\t\t\t\t\t\t<div class=\"elementor-element elementor-element-4b2fa37 elementor-align-center elementor-widget elementor-widget-button\" data-id=\"4b2fa37\" data-element_type=\"widget\" data-e-type=\"widget\" data-widget_type=\"button.default\">\n\t\t\t\t<div class=\"elementor-widget-container\">\n\t\t\t\t\t\t\t\t\t<div class=\"elementor-button-wrapper\">\n\t\t\t\t\t<a class=\"elementor-button elementor-button-link elementor-size-sm\" href=\"https:\/\/iidsech.com\/index.php\/predicaciones\/\">\n\t\t\t\t\t\t<span class=\"elementor-button-content-wrapper\">\n\t\t\t\t\t\t<span class=\"elementor-button-icon\">\n\t\t\t\t<i aria-hidden=\"true\" class=\"fas fa-angle-double-left\"><\/i>\t\t\t<\/span>\n\t\t\t\t\t\t\t\t\t<span class=\"elementor-button-text\">REGRESAR<\/span>\n\t\t\t\t\t<\/span>\n\t\t\t\t\t<\/a>\n\t\t\t\t<\/div>\n\t\t\t\t\t\t\t\t<\/div>\n\t\t\t\t<\/div>\n\t\t\t\t\t<\/div>\n\t\t<\/div>\n\t\t\t\t\t<\/div>\n\t\t<\/section>\n\t\t\t\t<\/div>\n\t\t","protected":false},"excerpt":{"rendered":"<p>Perfil jud\u00edo de Jes\u00fas de Nazaret Realizado Por: Diac. Noe Martinez C. Categor\u00eda: Cristianismo, Fe Fecha: Nov, 2025 Introducci\u00f3n Jesucristo sigue siendo una de las figuras m\u00e1s influyentes. En su nombre se han fundado ciudades, a su gloria se han dedicado incre\u00edbles obras de arte y su esp\u00edritu se ha invocado a la hora de&#8230;<\/p>\n","protected":false},"author":1,"featured_media":0,"parent":14266,"menu_order":0,"comment_status":"closed","ping_status":"closed","template":"elementor_header_footer","meta":{"om_disable_all_campaigns":false,"_tbt_post_transparent":"","_tbt_post_title":"default","_tbt_post_layout":"default","_tbt_post_sidebar_id":"","_tbt_post_content_style":"unboxed","_tbt_post_vertical_padding":"hide","_tbt_post_feature":"hide","_tbt_post_feature_position":"","_tbt_post_header":false,"_tbt_post_footer":false,"_mc_calendar":[]},"class_list":["post-17006","page","type-page","status-publish","hentry"],"aioseo_notices":[],"_links":{"self":[{"href":"https:\/\/iidsech.com\/index.php\/wp-json\/wp\/v2\/pages\/17006","targetHints":{"allow":["GET"]}}],"collection":[{"href":"https:\/\/iidsech.com\/index.php\/wp-json\/wp\/v2\/pages"}],"about":[{"href":"https:\/\/iidsech.com\/index.php\/wp-json\/wp\/v2\/types\/page"}],"author":[{"embeddable":true,"href":"https:\/\/iidsech.com\/index.php\/wp-json\/wp\/v2\/users\/1"}],"replies":[{"embeddable":true,"href":"https:\/\/iidsech.com\/index.php\/wp-json\/wp\/v2\/comments?post=17006"}],"version-history":[{"count":13,"href":"https:\/\/iidsech.com\/index.php\/wp-json\/wp\/v2\/pages\/17006\/revisions"}],"predecessor-version":[{"id":17033,"href":"https:\/\/iidsech.com\/index.php\/wp-json\/wp\/v2\/pages\/17006\/revisions\/17033"}],"up":[{"embeddable":true,"href":"https:\/\/iidsech.com\/index.php\/wp-json\/wp\/v2\/pages\/14266"}],"wp:attachment":[{"href":"https:\/\/iidsech.com\/index.php\/wp-json\/wp\/v2\/media?parent=17006"}],"curies":[{"name":"wp","href":"https:\/\/api.w.org\/{rel}","templated":true}]}}