{"id":16460,"date":"2025-07-26T01:44:43","date_gmt":"2025-07-26T07:44:43","guid":{"rendered":"https:\/\/iidsech.com\/?page_id=16460"},"modified":"2025-07-26T01:47:27","modified_gmt":"2025-07-26T07:47:27","slug":"pentecostes-2","status":"publish","type":"page","link":"https:\/\/iidsech.com\/index.php\/estudios_base\/pentecostes-2\/","title":{"rendered":"Pentecost\u00e9s"},"content":{"rendered":"\t\t<div data-elementor-type=\"wp-page\" data-elementor-id=\"16460\" class=\"elementor elementor-16460\">\n\t\t\t\t\t\t<div class=\"elementor-section elementor-top-section elementor-element elementor-element-346406e videothumb elementor-section-stretched elementor-section-boxed elementor-section-height-default elementor-section-height-default\" data-id=\"346406e\" data-element_type=\"section\" data-e-type=\"section\" data-settings=\"{&quot;stretch_section&quot;:&quot;section-stretched&quot;,&quot;background_background&quot;:&quot;classic&quot;}\">\n\t\t\t\t\t\t<div class=\"elementor-container elementor-column-gap-default\">\n\t\t\t\t\t<div class=\"elementor-column elementor-col-100 elementor-top-column elementor-element elementor-element-1246ba2\" data-id=\"1246ba2\" data-element_type=\"column\" data-e-type=\"column\">\n\t\t\t<div class=\"elementor-widget-wrap elementor-element-populated\">\n\t\t\t\t\t\t<div class=\"elementor-section elementor-inner-section elementor-element elementor-element-71182e2 elementor-section-full_width elementor-section-height-default elementor-section-height-default\" data-id=\"71182e2\" data-element_type=\"section\" data-e-type=\"section\">\n\t\t\t\t\t\t<div class=\"elementor-container elementor-column-gap-no\">\n\t\t\t\t\t<div class=\"elementor-column elementor-col-100 elementor-inner-column elementor-element elementor-element-2ab3072\" data-id=\"2ab3072\" data-element_type=\"column\" data-e-type=\"column\" data-settings=\"{&quot;background_background&quot;:&quot;classic&quot;}\">\n\t\t\t<div class=\"elementor-widget-wrap\">\n\t\t\t\t\t\t\t<\/div>\n\t\t<\/div>\n\t\t\t\t\t<\/div>\n\t\t<\/div>\n\t\t\t\t\t<\/div>\n\t\t<\/div>\n\t\t\t\t\t<\/div>\n\t\t<\/div>\n\t\t\t\t<section class=\"elementor-section elementor-top-section elementor-element elementor-element-fbc7992 elementor-section-boxed elementor-section-height-default elementor-section-height-default\" data-id=\"fbc7992\" data-element_type=\"section\" data-e-type=\"section\">\n\t\t\t\t\t\t<div class=\"elementor-container elementor-column-gap-default\">\n\t\t\t\t\t<div class=\"elementor-column elementor-col-100 elementor-top-column elementor-element elementor-element-d81a8cb\" data-id=\"d81a8cb\" data-element_type=\"column\" data-e-type=\"column\">\n\t\t\t<div class=\"elementor-widget-wrap elementor-element-populated\">\n\t\t\t\t\t\t<div class=\"elementor-element elementor-element-d4808f1 elementor-position-top elementor-invisible elementor-widget elementor-widget-image-box\" data-id=\"d4808f1\" data-element_type=\"widget\" data-e-type=\"widget\" data-settings=\"{&quot;_animation&quot;:&quot;slideInDown&quot;}\" data-widget_type=\"image-box.default\">\n\t\t\t\t<div class=\"elementor-widget-container\">\n\t\t\t\t\t<div class=\"elementor-image-box-wrapper\"><figure class=\"elementor-image-box-img\"><img fetchpriority=\"high\" decoding=\"async\" width=\"2560\" height=\"2516\" src=\"https:\/\/iidsech.com\/wp-content\/uploads\/2023\/07\/Pentecostes_banner-scaled.jpg\" class=\"elementor-animation-skew-forward attachment-full size-full wp-image-13653\" alt=\"\" srcset=\"https:\/\/iidsech.com\/wp-content\/uploads\/2023\/07\/Pentecostes_banner-scaled.jpg 2560w, https:\/\/iidsech.com\/wp-content\/uploads\/2023\/07\/Pentecostes_banner-scaled-600x590.jpg 600w, https:\/\/iidsech.com\/wp-content\/uploads\/2023\/07\/Pentecostes_banner-300x295.jpg 300w, https:\/\/iidsech.com\/wp-content\/uploads\/2023\/07\/Pentecostes_banner-1024x1007.jpg 1024w, https:\/\/iidsech.com\/wp-content\/uploads\/2023\/07\/Pentecostes_banner-768x755.jpg 768w, https:\/\/iidsech.com\/wp-content\/uploads\/2023\/07\/Pentecostes_banner-1536x1510.jpg 1536w, https:\/\/iidsech.com\/wp-content\/uploads\/2023\/07\/Pentecostes_banner-2048x2013.jpg 2048w\" sizes=\"(max-width: 2560px) 100vw, 2560px\" \/><\/figure><div class=\"elementor-image-box-content\"><h1 class=\"elementor-image-box-title\">pentecost\u00e9s<\/h1><p class=\"elementor-image-box-description\">Realizado Por: <font color=\"#dea447\">Min. A. Rub\u00e9n Romero M.<\/font> \nCategor\u00eda: <span style=\"color:#000000\"><a href=\"https:\/\/iidsech.com\/index.php\/estudios_base\/\">Base doctrinal<\/a>.<\/span> Fecha:<span style=\"color:#dea447\">  Feb, 2017<\/span><\/p><\/div><\/div>\t\t\t\t<\/div>\n\t\t\t\t<\/div>\n\t\t\t\t<div class=\"elementor-element elementor-element-f277c3d elementor-widget elementor-widget-text-editor\" data-id=\"f277c3d\" data-element_type=\"widget\" data-e-type=\"widget\" data-widget_type=\"text-editor.default\">\n\t\t\t\t<div class=\"elementor-widget-container\">\n\t\t\t\t\t\t\t\t\t<p>Comentar\u00e9 el hecho de que la IGLESIA DE DIOS UNIDA celebra la fiesta de pentecost\u00e9s en fecha diferente al pueblo jud\u00edo. Lo primero que tenemos que decir que muchas iglesias llamadas de Dios son tan falsas como una moneda de 2.50 pesos.<\/p><p>La historia de la IGLESIA DE DIOS DEL 7mo. D\u00cdA escrita por Andrew Nugent Dugger, hecha con mucha inteligencia, pero cargada de falacia y mentira, afirma que la iglesia tiene su origen en el a\u00f1o 33 d.C., fundada por Jesucristo y despu\u00e9s entre estos grupos de Dios se encuentran: ebionitas, arrianos, mesalinos, paulicios, albigenses, valdenses, puritanos, cu\u00e1queros, lolardos, anabaptistas, paterinos, etc.<\/p><p>Como dicen los dirigentes de la IGLESIA DE DIOS UNIDA, los hermanos no solamente de reciente ingreso y aquellos que militan en una iglesia sin reflexi\u00f3n y estudio necesitan que les explique, como en este caso, los llamados grupos de Dios, ninguno tiene las caracter\u00edsticas que los identifique como verdadera iglesia de Dios.<\/p><p>No quisiera tomar mucho tiempo para explicar el nacimiento y desarrollo de los dos principales movimientos protestantes del siglo XVI; los luteranos y los anglicanos. Me voy a referir al segundo. movimiento que es de donde procede la llamada la IGLESIA DE DIOS DEL 7mo. D\u00cdA y las llamadas IGLESIAS DE DIOS.<\/p><p>La IGLESIA ANGLICANA, naci\u00f3 por el rompimiento del rey Enrique VIII con el vaticano, haci\u00e9ndose hasta el d\u00eda de hoy al rey o reina de Inglaterra como cabeza de la iglesia. Cuando vienen de Europa los grupos anglicanos y europeos a Estados Unidos y la iglesia misma dice que el \u201cMayflower &#8220;, ven\u00eda a am\u00e9rica con su preciosa carga ya que tra\u00eda a la \u201cIGLESIA DE DIOS\u201d.<\/p><p>De esta corriente anglicana en 1844, la IGLESIA BAUTISTA dio a luz a la iglesia adventista DEL 7mo. D\u00cdA, y en 1865 la iglesia adventista tiene dos criaturas como son la IGLESIA DE DIOS DEL 7mo. D\u00cdA y los TESTIGOS DE JEHOVA.<\/p><p>La iglesia adventista y la IGLESIA DE DIOS DEL 7mo. D\u00cdA tienen similitud en doctrinas y 39 puntos de fe de origen anglicano, la historia de Dugger narra que en el 4 de noviembre de 1933 en Salem, West Virginia (USA), se celebr\u00f3 la conferencia general, para reorganizar la IGLESIA DE DIOS DEL 7mo. D\u00cdA, con el nombramiento de un gobierno compuesto por 12 ap\u00f3stoles, 70 ancianos y 7 di\u00e1conos universales, los cuales afirmaban que por los lugares nombrados la IGLESIA DE DIOS, estaba en los 5 continentes.<\/p><p>Es de hacerse notar que el fundador de la iglesia de dios universal, Herbert W. Armstrong en esta conferencia general fue nombrado como uno de los 70 ancianos.<\/p><p>La IGLESIA DE DIOS UNIDA es parte de la desuni\u00f3n de la iglesia original y cada grupo sustenta formas de doctrina diferentes.<\/p><p>El se\u00f1or Armstrong para cortarse el cord\u00f3n umbilical que lo un\u00eda a la IGLESIA DE DIOS DEL 7mo. D\u00cdA, narr\u00f3 en una de sus revistas c\u00f3mo en su trabajo como distribuidor de diario encontr\u00f3: un grupo que le pareci\u00f3 en el siglo XX, que hab\u00eda venido, desde tiempos remotos, guardando la doctrina de la iglesia verdadera y con este grupo se hizo predicador y periodista.<\/p><p>No se puede negar que Armstrong fue un hombre triunfador que vivi\u00f3 inmerso en un gran capital con avi\u00f3n propio, y que en calidad de periodista se code\u00f3 con los m\u00e1s grandes hombres y mujeres de su tiempo. Pero su iglesia que de dios s\u00f3lo tiene el nombre y con muchas falacias y mentiras han enga\u00f1ado a quienes creen que por el solo hecho de pertenecer a esta iglesia tienen la opci\u00f3n de resucitar para reinar con el Mes\u00edas del Dios de Israel.<\/p><p>Pasemos al an\u00e1lisis teol\u00f3gico, la primera torpeza que el predicador no sabe es que Dios nos dice, en un di\u00e1logo con Job, que el pensamiento humano y el pensamiento de Dios son dos cosas muy diferentes Job cap\u00edtulos 38,39 y 40.<\/p><p>Tambi\u00e9n Pablo dice: \u201c\u00bfpor qu\u00e9?, \u00bfqui\u00e9n de los hombres sabe las cosas del hombre sino el esp\u00edritu del hombre que est\u00e1 en \u00e9l?, m\u00e1s el hombre animal no percibe las cosas que son del esp\u00edritu de Dios, porque le son locura: y no las puede entender, porque se han de examinar espiritualmente\u201d.\u00a0<strong>1\u00aa Corintios 2 = 10,\u00a0<\/strong><strong>1\u00aa Corintios 2 =14<\/strong><\/p><p>Este jueves pasado (30 de junio de 2005), en el centro cultural M\u00e9xico-Israel, el Sr. Alfredo Bistre, dio una conferencia sobre la fiesta de pentecost\u00e9s.<\/p><p>El ministro de la IGLESIA DE DIOS DEL 7mo. D\u00cdA, Edmundo Arteaga (contrario a las fiestas), argumentaba entre otras torpezas, que el 14 de nizan se celebra pascua; y, a partir del 15 de nizan la fiesta de los panes sin levadura. El se\u00f1or bistre le mostr\u00f3, que ment\u00eda, y que de acuerdo con <strong>\u00c9xodo 12 =18<\/strong>, se dice que los panes sin levadura se consumen del 14 al 21 del mes de nizan.<\/p><p>Yo agrego que <strong>N\u00fameros 33=3<\/strong> dice: &#8220;de Rameses: partieron en el mes primero, a los 15 d\u00edas del mes primero: \u00e9l segundo d\u00eda de la pascua, salieron los hijos de Israel, con mano alta a los ojos de todos los egipcios\u201d. Pero veamos la l\u00f3gica de los indoctos e inconstantes.\u00a0<strong>2\u00aa de pedro 3 = 16<\/strong><\/p><p>Ya que leen: \u201cen el mes primero a los 14 del mes entre las dos tardes pascua es del Se\u00f1or\u201d.\u00a0<strong>Lev\u00edtico 23 =15<\/strong><\/p><p>Y a los 15 d\u00edas de este mes, es la solemnidad de los \u00e1zimos al Se\u00f1or: 7 d\u00edas comer\u00e9is \u00e1zimo\u201d\u00a0<strong>Lev\u00edtico 23 = 16\u00a0<\/strong>y la respuesta de los tales es que son dos fiestas.<\/p><p>Ya dijimos que antes y despu\u00e9s de Lev\u00edtico; es decir, en \u00c9xodo y N\u00fameros vemos como es una sola fiesta, que inclusive, se empieza a organizar desde el d\u00eda 10 del mes de nizan, al apartar: el cordero que se va a sacrificar.<\/p><p>En los evangelios leemos \u201cel primer d\u00eda de la fiesta de los panes sin levadura (la l\u00f3gica del predicador de la IGLESIA DE DIOS UNIDA ser\u00eda el 15 de nizan) vinieron los disc\u00edpulos a Jes\u00fas dici\u00e9ndole \u00bfd\u00f3nde quieres que aderecemos para ti para comer la pascua?\u00a0<strong>Mateo 26 = 17<\/strong><\/p><p>En esta parte vemos no con l\u00f3gica sin con claridad que se trata de la misma fiesta, que de la misma manera se nombra pascua que panes sin levadura.<\/p><p>Tambi\u00e9n est\u00e1 escrito: \u201cy el primer d\u00eda de los panes sin levadura cuando se sacrificaba la pascua, sus disc\u00edpulos le dicen: \u00bfd\u00f3nde quieres que vayamos a disponer para comer la pascua?\u00a0<strong>Marcos 14 = 12<\/strong><\/p><p>Aqu\u00ed con claridad como vimos en <strong>N\u00famero 33 = 3<\/strong>, el primer d\u00eda de los panes sin levadura y d\u00eda de sacrificar la pascua es el 14 de nizan, y el d\u00eda 15 el segundo d\u00eda de la pascua o de los panes sin levadura.<\/p><p>Una muestra contundente de esta verdad, y no de la l\u00f3gica humana es lo que leemos: &#8220;y estaba cerca el d\u00eda de la fiesta de los \u00e1zimos que se llama pascua\u201d\u00a0<strong>Lucas 22 =1<\/strong><\/p><p>&#8220;y vino el d\u00eda de los \u00e1zimos en la cual era necesario matar la pascua\u201d\u00a0<strong>Lucas 22 = 7<\/strong><\/p><p>Basados en estas palabras que a continuaci\u00f3n leemos: \u201c\u00bfQu\u00e9 pues tiene m\u00e1s el jud\u00edo, o qu\u00e9 aprovecha la circuncisi\u00f3n? mucho, en todas maneras; ciertamente que la palabra de Dios les ha sido confiada&#8221; <strong>Romanos 3 = 1-2<\/strong><\/p><p>Yo me preguntar\u00eda, olvidando el estudio teol\u00f3gico e hist\u00f3rico que nuestra iglesia tiene: si no supiera nada y me presentaran la versi\u00f3n de una iglesia, que por lo expuesto yo dudo que sea de Dios, y la versi\u00f3n jud\u00eda, \u00bfcu\u00e1l aceptar\u00eda?, es claro que la versi\u00f3n jud\u00eda. Pero, aun as\u00ed, veamos y demos por un hecho que la celebraci\u00f3n de pentecost\u00e9s en la IGLESIA DE DIOS UNIDA se hace desde la percepci\u00f3n del saduceo.<\/p><p>Seg\u00fan el diccionario de religiones del fondo de cultura econ\u00f3mica se dice que los saduceos eran uno de los partidos principales (el otro era el de los fariseos), en los tiempos de Cristo.<\/p><p>Surgieron aproximadamente un siglo antes y su nombre proviene de un sacerdote llamado Sadog, o del linaje de los sadiquitas, familia sacerdotal de Jerusal\u00e9n que contaba entre sus miembros a la aristocracia y a la familia de lo sumos sacerdotes. Eran oportunistas pol\u00edticos que se esforzaban por tener buenas relaciones con roma en particular, sus tendencias helenizantes los hac\u00edan enfrentarse a los fariseos, sus grandes adversarios; negaban la vida en el mas all\u00e1, los \u00e1ngeles, los esp\u00edritus y el mesianismo, es de hacerse notar que estas tendencias exist\u00edan en los d\u00edas de la predicaci\u00f3n de Jesucristo.\u00a0<strong>Mateo 16 =6,\u00a0<\/strong><strong>Mateo 16 = 11-12,\u00a0<\/strong><strong>Marcos 12 = 18-24<\/strong><\/p><p>En estos textos vemos que el saduceo es enemigo del Se\u00f1or Jesucristo, tambi\u00e9n vemos en:\u00a0<strong>Hechos 4=1 2,\u00a0<\/strong><strong>Hechos 23 =6-6<\/strong><\/p><p>Que la enemistad que se ve en los d\u00edas del Se\u00f1or sobre la tierra con los saduceos se ve que contin\u00faa con los ap\u00f3stoles en los principios de la conformaci\u00f3n de la comunidad cristiana.<\/p><p>El ap\u00f3stol Pablo aborda el tema diciendo que si Cristo no resucit\u00f3 como algunos dicen (es obvio que se refer\u00eda \u00e1 los saduceos), entonces vana es nuestra fe:\u00a0<strong>1ra Corintios 15 = 20<\/strong><\/p><p>Si bien es cierto que los saduceos eran los grandes enemigos de Cristo, leyendo los escritos siguientes:\u00a0<strong>Juan 3 =1-2,\u00a0<\/strong><strong>Mateo 22 = 34 -40,\u00a0<\/strong><strong>Mateo 23=1-3,\u00a0<\/strong><strong>Hechos 15=5<\/strong><\/p><p>En estos textos vemos que los fariseos fueron m\u00e1s cercanos al Se\u00f1or, y el mismo Pablo clam\u00f3 ser fariseo.\u00a0<strong>Hechos 22=1 3,\u00a0<\/strong><strong>Hechos 23 = 6-8<\/strong><\/p><p>Finalmente diremos que los saduceos apegados al templo terrenal con la destrucci\u00f3n de este en el a\u00f1o 70 d.C. no prevalecen ni como grupo ni con autoridad doctrinal.<\/p><p>Escribi\u00f3 Werner Keller en su historia del pueblo jud\u00edo y autor tambi\u00e9n del libro y la biblia ten\u00eda raz\u00f3n las siguientes palabras: &#8220;Roma sucumbir\u00eda un d\u00eda, pero Israel continuar\u00eda viviendo en aquella doctrina que Jonathan Ben Sakki, hab\u00eda llevado de Jerusal\u00e9n a Jabne para volver a empezar de nuevo, el camino que marcar\u00edan fariseos como Hillel, Shammar y Gamaliel.<\/p><p>El historiador ingl\u00e9s Paul Jhonson en su historia de los jud\u00edos, hace el an\u00e1lisis hist\u00f3rico, marcando los cambios doctrinales primero el Yavehismo, juda\u00edsmo, y despu\u00e9s de la destrucci\u00f3n del templo llama a ese tiempo de la historia como la catedrocracia y que fue hasta nuestro tiempo que la autoridad del pueblo resid\u00eda en los maestros o rabinos conocedores de la ley, entre otros:\u00a0Ibn Shaprut, Ibn Gabirol, Gehuda Halevi, Maim\u00f3nides, Jose Caro, etc., sin olvidar a los escritores de la c\u00e1bala.<\/p><p>Quiero decir que desde el siglo XVI hasta nuestros d\u00edas el libro de Jose Caro llamado Shuljam Aruj, es el libro que da a la comunidad jud\u00eda la ruta de lo que debe hacer en todo el a\u00f1o y en el que se ense\u00f1a a hacer pentecost\u00e9s el 6 de Sivan.<\/p><p>Finalmente, mi reflexi\u00f3n personal, yo leo que el s\u00e1bado 15 de nizan es el que dice Lev\u00edtico 23 que al d\u00eda siguiente es en el que se debe llevar a cabo el principio de la cuenta de los 49 d\u00edas para que al d\u00eda 50 se haga la festividad.<\/p><p>En el Tanaj (la biblia hebrea) en n\u00fameros 28 = 26 dice: \u201ctambi\u00e9n en el d\u00eda de las primicias (Yom Habicurim) cuando tra\u00edan los &#8211;[COMPLETAR]<\/p>\t\t\t\t\t\t\t\t<\/div>\n\t\t\t\t<\/div>\n\t\t\t\t\t<\/div>\n\t\t<\/div>\n\t\t\t\t\t<\/div>\n\t\t<\/section>\n\t\t\t\t<section class=\"elementor-section elementor-top-section elementor-element elementor-element-470d991 elementor-section-boxed elementor-section-height-default elementor-section-height-default\" data-id=\"470d991\" data-element_type=\"section\" data-e-type=\"section\">\n\t\t\t\t\t\t<div class=\"elementor-container elementor-column-gap-default\">\n\t\t\t\t\t<div class=\"elementor-column elementor-col-100 elementor-top-column elementor-element elementor-element-4f1b7f2\" data-id=\"4f1b7f2\" data-element_type=\"column\" data-e-type=\"column\">\n\t\t\t<div class=\"elementor-widget-wrap elementor-element-populated\">\n\t\t\t\t\t\t<div class=\"elementor-element elementor-element-4b2fa37 elementor-align-center elementor-widget elementor-widget-button\" data-id=\"4b2fa37\" data-element_type=\"widget\" data-e-type=\"widget\" data-widget_type=\"button.default\">\n\t\t\t\t<div class=\"elementor-widget-container\">\n\t\t\t\t\t\t\t\t\t<div class=\"elementor-button-wrapper\">\n\t\t\t\t\t<a class=\"elementor-button elementor-button-link elementor-size-sm\" href=\"https:\/\/iidsech.com\/index.php\/estudios_base\/\">\n\t\t\t\t\t\t<span class=\"elementor-button-content-wrapper\">\n\t\t\t\t\t\t<span class=\"elementor-button-icon\">\n\t\t\t\t<i aria-hidden=\"true\" class=\"fas fa-angle-double-left\"><\/i>\t\t\t<\/span>\n\t\t\t\t\t\t\t\t\t<span class=\"elementor-button-text\">REGRESAR<\/span>\n\t\t\t\t\t<\/span>\n\t\t\t\t\t<\/a>\n\t\t\t\t<\/div>\n\t\t\t\t\t\t\t\t<\/div>\n\t\t\t\t<\/div>\n\t\t\t\t\t<\/div>\n\t\t<\/div>\n\t\t\t\t\t<\/div>\n\t\t<\/section>\n\t\t\t\t<\/div>\n\t\t","protected":false},"excerpt":{"rendered":"<p>pentecost\u00e9s Realizado Por: Min. A. Rub\u00e9n Romero M. Categor\u00eda: Base doctrinal. Fecha: Feb, 2017 Comentar\u00e9 el hecho de que la IGLESIA DE DIOS UNIDA celebra la fiesta de pentecost\u00e9s en fecha diferente al pueblo jud\u00edo. Lo primero que tenemos que decir que muchas iglesias llamadas de Dios son tan falsas como una moneda de 2.50&#8230;<\/p>\n","protected":false},"author":1,"featured_media":0,"parent":9097,"menu_order":0,"comment_status":"closed","ping_status":"closed","template":"elementor_header_footer","meta":{"om_disable_all_campaigns":false,"_tbt_post_transparent":"","_tbt_post_title":"default","_tbt_post_layout":"default","_tbt_post_sidebar_id":"","_tbt_post_content_style":"unboxed","_tbt_post_vertical_padding":"hide","_tbt_post_feature":"hide","_tbt_post_feature_position":"","_tbt_post_header":false,"_tbt_post_footer":false,"_mc_calendar":[]},"class_list":["post-16460","page","type-page","status-publish","hentry"],"aioseo_notices":[],"_links":{"self":[{"href":"https:\/\/iidsech.com\/index.php\/wp-json\/wp\/v2\/pages\/16460","targetHints":{"allow":["GET"]}}],"collection":[{"href":"https:\/\/iidsech.com\/index.php\/wp-json\/wp\/v2\/pages"}],"about":[{"href":"https:\/\/iidsech.com\/index.php\/wp-json\/wp\/v2\/types\/page"}],"author":[{"embeddable":true,"href":"https:\/\/iidsech.com\/index.php\/wp-json\/wp\/v2\/users\/1"}],"replies":[{"embeddable":true,"href":"https:\/\/iidsech.com\/index.php\/wp-json\/wp\/v2\/comments?post=16460"}],"version-history":[{"count":4,"href":"https:\/\/iidsech.com\/index.php\/wp-json\/wp\/v2\/pages\/16460\/revisions"}],"predecessor-version":[{"id":16464,"href":"https:\/\/iidsech.com\/index.php\/wp-json\/wp\/v2\/pages\/16460\/revisions\/16464"}],"up":[{"embeddable":true,"href":"https:\/\/iidsech.com\/index.php\/wp-json\/wp\/v2\/pages\/9097"}],"wp:attachment":[{"href":"https:\/\/iidsech.com\/index.php\/wp-json\/wp\/v2\/media?parent=16460"}],"curies":[{"name":"wp","href":"https:\/\/api.w.org\/{rel}","templated":true}]}}