{"id":16445,"date":"2025-07-26T01:38:57","date_gmt":"2025-07-26T07:38:57","guid":{"rendered":"https:\/\/iidsech.com\/?page_id=16445"},"modified":"2025-07-26T01:42:20","modified_gmt":"2025-07-26T07:42:20","slug":"pecado-segun-romanos","status":"publish","type":"page","link":"https:\/\/iidsech.com\/index.php\/estudios_base\/pecado-segun-romanos\/","title":{"rendered":"Pecado Seg\u00fan Romanos"},"content":{"rendered":"\t\t<div data-elementor-type=\"wp-page\" data-elementor-id=\"16445\" class=\"elementor elementor-16445\">\n\t\t\t\t\t\t<div class=\"elementor-section elementor-top-section elementor-element elementor-element-346406e videothumb elementor-section-stretched elementor-section-boxed elementor-section-height-default elementor-section-height-default\" data-id=\"346406e\" data-element_type=\"section\" data-e-type=\"section\" data-settings=\"{&quot;stretch_section&quot;:&quot;section-stretched&quot;,&quot;background_background&quot;:&quot;classic&quot;}\">\n\t\t\t\t\t\t<div class=\"elementor-container elementor-column-gap-default\">\n\t\t\t\t\t<div class=\"elementor-column elementor-col-100 elementor-top-column elementor-element elementor-element-1246ba2\" data-id=\"1246ba2\" data-element_type=\"column\" data-e-type=\"column\">\n\t\t\t<div class=\"elementor-widget-wrap elementor-element-populated\">\n\t\t\t\t\t\t<div class=\"elementor-section elementor-inner-section elementor-element elementor-element-71182e2 elementor-section-full_width elementor-section-height-default elementor-section-height-default\" data-id=\"71182e2\" data-element_type=\"section\" data-e-type=\"section\">\n\t\t\t\t\t\t<div class=\"elementor-container elementor-column-gap-no\">\n\t\t\t\t\t<div class=\"elementor-column elementor-col-100 elementor-inner-column elementor-element elementor-element-2ab3072\" data-id=\"2ab3072\" data-element_type=\"column\" data-e-type=\"column\" data-settings=\"{&quot;background_background&quot;:&quot;classic&quot;}\">\n\t\t\t<div class=\"elementor-widget-wrap\">\n\t\t\t\t\t\t\t<\/div>\n\t\t<\/div>\n\t\t\t\t\t<\/div>\n\t\t<\/div>\n\t\t\t\t\t<\/div>\n\t\t<\/div>\n\t\t\t\t\t<\/div>\n\t\t<\/div>\n\t\t\t\t<section class=\"elementor-section elementor-top-section elementor-element elementor-element-fbc7992 elementor-section-boxed elementor-section-height-default elementor-section-height-default\" data-id=\"fbc7992\" data-element_type=\"section\" data-e-type=\"section\">\n\t\t\t\t\t\t<div class=\"elementor-container elementor-column-gap-default\">\n\t\t\t\t\t<div class=\"elementor-column elementor-col-100 elementor-top-column elementor-element elementor-element-d81a8cb\" data-id=\"d81a8cb\" data-element_type=\"column\" data-e-type=\"column\">\n\t\t\t<div class=\"elementor-widget-wrap elementor-element-populated\">\n\t\t\t\t\t\t<div class=\"elementor-element elementor-element-d4808f1 elementor-position-top elementor-invisible elementor-widget elementor-widget-image-box\" data-id=\"d4808f1\" data-element_type=\"widget\" data-e-type=\"widget\" data-settings=\"{&quot;_animation&quot;:&quot;slideInDown&quot;}\" data-widget_type=\"image-box.default\">\n\t\t\t\t<div class=\"elementor-widget-container\">\n\t\t\t\t\t<div class=\"elementor-image-box-wrapper\"><figure class=\"elementor-image-box-img\"><img fetchpriority=\"high\" decoding=\"async\" width=\"2048\" height=\"2560\" src=\"https:\/\/iidsech.com\/wp-content\/uploads\/2023\/07\/baner_pecado1-scaled.jpg\" class=\"elementor-animation-skew-forward attachment-full size-full wp-image-13645\" alt=\"\" srcset=\"https:\/\/iidsech.com\/wp-content\/uploads\/2023\/07\/baner_pecado1-scaled.jpg 2048w, https:\/\/iidsech.com\/wp-content\/uploads\/2023\/07\/baner_pecado1-scaled-600x750.jpg 600w, https:\/\/iidsech.com\/wp-content\/uploads\/2023\/07\/baner_pecado1-240x300.jpg 240w, https:\/\/iidsech.com\/wp-content\/uploads\/2023\/07\/baner_pecado1-819x1024.jpg 819w, https:\/\/iidsech.com\/wp-content\/uploads\/2023\/07\/baner_pecado1-768x960.jpg 768w, https:\/\/iidsech.com\/wp-content\/uploads\/2023\/07\/baner_pecado1-1229x1536.jpg 1229w, https:\/\/iidsech.com\/wp-content\/uploads\/2023\/07\/baner_pecado1-1638x2048.jpg 1638w\" sizes=\"(max-width: 2048px) 100vw, 2048px\" \/><\/figure><div class=\"elementor-image-box-content\"><h1 class=\"elementor-image-box-title\">El pecado seg\u00fan el an\u00e1lisis de la carta a los romanos<\/h1><p class=\"elementor-image-box-description\">Realizado Por: <font color=\"#dea447\">Min. A. Rub\u00e9n Romero M.<\/font> \nCategor\u00eda: <span style=\"color:#000000\"><a href=\"https:\/\/iidsech.com\/index.php\/estudios_base\/\">Base doctrinal<\/a>.<\/span> Fecha:<span style=\"color:#dea447\">  Feb, 2017<\/span><\/p><\/div><\/div>\t\t\t\t<\/div>\n\t\t\t\t<\/div>\n\t\t\t\t<div class=\"elementor-element elementor-element-f277c3d elementor-widget elementor-widget-text-editor\" data-id=\"f277c3d\" data-element_type=\"widget\" data-e-type=\"widget\" data-widget_type=\"text-editor.default\">\n\t\t\t\t<div class=\"elementor-widget-container\">\n\t\t\t\t\t\t\t\t\t<h4>INTRODUCCI\u00d3N<\/h4><p>SI ESTAMOS EN CRISTO Y HABITAMOS EN \u00c9L, PODEMOS DECIR COMO PABLO:\u00a0&#8220;AHORA PUES, NINGUNA CONDENACI\u00d3N HAY PARA LOS QUE EST\u00c1N ENCRISTO JES\u00daS, LOS QUE NO ANDAN CONFORME A LA CARNE, MAS CONFORME AL ESP\u00cdRITU\u201d.\u00a0 <strong>ROMANOS 8 = 1<\/strong><\/p><p><strong>LA CARNE<\/strong><\/p><p>PUESTO QUE LA INTENCI\u00d3N ES ENEMISTAD CONTRA DIOS: \u00bfQU\u00c9 CAMBIO ES NECESARIO EN EL INDIVIDUO PARA SER ACEPTADO DELANTE DE DIOS..&#8221;POR CUANTO LA INTENCI\u00d3N DE LA CARNE ES ENEMISTAD CONTRA DIOS; PORQUE NO SE SUJETA A LA LEY DE DIOS, NI TAMPOCO PUEDE.&#8221;\u00a0<strong>ROMANOS 8 = 7 <\/strong><\/p><p>&#8220;SIENDO RENACIDOS, NO DE SIMIENTE CORRUPTIBLE, SINO DE INCORRUPTIBLE, POR LA PALABRA DE DIOS, QUE VIVE Y PERMANECE PARA SIEMPRE&#8221;.\u00a0<strong>1 DE PEDRO 1 = 23 <\/strong><\/p><p>&#8220;DE MODO QUE, SI ALGUNO EST\u00c1 EN CRISTO, NUEVA CRIATURA ES: LAS COSAS VIEJAS PASARON; HE AQU\u00cd TODAS SON HECHAS NUEVAS&#8221;.\u00a0 <strong>2a DE CORINTIOS 5 = 17<\/strong><\/p><p><strong>\u00bfCU\u00c1L ES EL MEDIO PARA PRODUCIR ESTE CAMBIO?<\/strong><\/p><p>\u00a0&#8220;LO QUE ES NACIDO DE LA CARNE, CARNE ES; Y LO QUE ES NACIDO DEL ESP\u00cdRITU, ESP\u00cdRITU ES\u201d.\u00a0<strong>JUAN 3 = 6 <\/strong><\/p><p>\u201cEL ESP\u00cdRITU ES EL QUE DA VIDA; LA CARNE NADA APROVECHA: LAS PALABRAS QUE YO OS HE HABLADO, SON ESP\u00cdRITU, Y SON VIDA&#8221;.\u00a0<strong>JUAN 6 = 63 <\/strong><\/p><p>&#8220;MAS VOSOTROS NO EST\u00c1IS EN LA CARNE, SINO EN EL ESP\u00cdRITU, SI ES QUE EL ESP\u00cdRITU DE DIOS MORA EN VOSOTROS. Y SI ALGUNO NO TIENE EL ESP\u00cdRITU DE CRISTO, EL TAL NO ES \u00c9L\u201d.\u00a0<strong>ROMANOS 8 = 9 <\/strong><\/p><p>LOS RABINOS DE HOY D\u00cdA DICEN: QUE LOS HIJOS DEBEN TRABAJAR PARA ALIMENTAR A SUS PADRES Y PROCURARLES TODO BUEN CUIDADO. NOSOTROS LOS CRISTIANOS CON MAYOR RAZ\u00d3N DEBEMOS VER POR NUESTROS PADRES Y OBEDECERLOS, YA QUE ES EL MANDAMIENTO CON PROMESA. PARA: UNA PERSONA QUE TRABAJA \u0130NCANSABLEMENTE COMER, VESTIR BIEN, VIVIR PREOCUPADO DE SU BIENESTAR, Y AL MISMO TIEMPO PRACTICA EL CULTO A DIOS, SU RELIGI\u00d3N SE VUELVE MEC\u00c1NICA Y TIBIA.<\/p><p>EL AP\u00d3STOL PABLO DIJO QUE SE GUARDEN SIN MALICIA EN ESTE MUNDO. LA PALABRA DE DIOS DICE QUE: &#8220;EN EL CIELO EST\u00c1 EL LIBRO DE LA VIDA, EN DONDE EST\u00c1N INSCRITOS LOS NOMBRES DE LOS QUE HAN SIDO REDIMIDOS\u00a0CON LA SANGRE DE CRISTO, AS\u00cd MISMO LOS QUE PECAN CONTRA DIOS, SER\u00c1N BORRADOS DE ESTE LIBRO Y CASTIGADOS CON LA MUERTE&#8221;.<\/p><p>HERMANOS, TODOS LOS QUE TENEMOS LA DICHA DE PERTENECER A LA IGLESIA DE DIOS (ISRAELITA) CREEMOS QUE UN D\u00cdA VAN A REUNIRSE CON CRISTO, PERO PARA LLEGAR A ESA REUNI\u00d3N, TIENEN QUE PELEAR LA BUENA\u00a0BATALLA Y GANARLA Y NO S\u00d3LO UNA BATALLA IDEOL\u00d3GICA, SINO TAMBI\u00c9N CONTRA LOS DESEOS DE LA CARNE Y VENCERLA, PUES SI TERMINAMOS CON \u00c9XITO, OBTENDREMOS LA CORONA INCORRUPTIBLE.<\/p><p>&#8220;\u00bfNO SAB\u00c9IS QUE LOS QUE CORREN EN EL ESTADIO, TODOS A LA VERDAD CORREN, \u00bfMAS UNO LLEVA EL PREMIO? CORRED DE TAL MANERA QUE LO OBTENG\u00c1IS. Y TODO AQUEL QUE LUCHA, DE TODO SE ABSTIENE; Y ELLOS, A\u00a0LA VERDAD, PARA RECIBIR UNA CORONA CORRUPTIBLE; MAS NOSOTROS, INCORRUPTIBLE. AS\u00cd QUE, YO DE ESTA MANERA CORRO, NO COMO A COSA INCIERTA; DE ESTA MANERA PELEO, NO COMO QUIEN HIERE EL AIRE: ANTES HIERO MI CUERPO, Y LO PONGO EN SERVIDUMBRE; NO SEA QUE, HABIENDO PREDICADO A OTROS, YO MISMO VENGA A SER REPROBADO&#8221;.\u00a0<strong>1a DE CORINTIOS 9 = 24-27 <\/strong><\/p><p><strong>DEFINIR QU\u00c9 ES <\/strong><\/p><p>1.- \u00bfQU\u00c9 ES LA F\u00c9?<\/p><p>2.- \u00bfCU\u00c1L ES EL MANDAMIENTO DE NO MUERTE?<\/p><p>3.- \u00bfQU\u00c9 ES EL HOMBRE ESPIRITUAL?<\/p><p>4.- \u00bfQU\u00c9 ENTIENDE POR SER SALVO CON LA SANGRE DE CRISTO?<\/p><p>5.- EST\u00c1 ESCRITO: &#8220;SI EN ESTA VIDA SOLAMENTE ESPERAMOS EN CRISTO, LOS M\u00c1S MISERABLES SOMOS DE TODOS LOS HOMBRES&#8221;.\u00a0<strong>1a DE CORINTIOS 15 = 19 <\/strong><\/p><ol start=\"6\"><li>CONSIDERAR EL TIEMPO EN QUE EST\u00c1 ESCRITO: &#8220;HIJITOS M\u00cdOS, ESTAS COSAS OS ESCRIBO, PARA QUE NO PEQU\u00c9IS; Y SI ALGUNO HUBIERE PECADO, ABOGADO TENEMOS PARA CON EL PADRE, A JESUCRISTO EL JUSTO.&#8221; <strong>1a DE JUAN 2=1<\/strong><\/li><\/ol><p><strong>AN\u00c1LISIS DE LA CARTA A LOS ROMANOS <\/strong><\/p><p><strong>1.<\/strong> PRIMERAMENTE, EL AP\u00d3STOL PABLO DIJO DE AQUELLOS QUE NO TIENEN CONCIENCIA DE DIOS. &#8220;Y COMO A ELLOS NO LES PARECI\u00d3 TENER A DIOS EN SU NOTICIA, DIOS LOS ENTREG\u00d3 A UNA MENTE DEPRAVADA, PARA HACER LO QUE NO CONVIENE. ESTANDO ATESTADOS DE TODA INIQUIDAD, DE FORNICACI\u00d3N, DE MALICIA, DE AVARICIA, DE MALDAD; LLENOS DE ENVIDIA, DE HOMICIDIOS, DE CONTIENDAS, DE ENGA\u00d1OS, MALIGNIDADES; DE MURMURADORES, DETRACTORES, ABORRECEDORES DE DIOS, INJURIOSOS, SOBERBIOS, ALTIVOS, INVENTORES DE MALES, DESOBEDIENTES A LOS PADRES, NECIOS, DESLEALES, SIN AFECTO NATURAL, IMPLACABLES, SIN MISERICORDIA; QUE, HABIENDO ENTENDIDO EL JUICIO DE DIOS QUE LOS QUE HACEN TALES COSAS SON DIGNOS DE MUERTE, NO S\u00d3LO LAS HACEN, MAS AUN CONSIENTEN A LOS QUE LAS HACEN\u201d.\u00a0<strong>ROMANOS 1 = 28-32 <\/strong><\/p><p><strong>2<\/strong>. AFIRMA QUE S\u00d3LO LOS HACEDORES DE LA LEY SER\u00c1N JUSTIFICADOS.\u00a0&#8220;PORQUE LOS NO OIDORES DE LA LEY SON JUSTOS PARA CON DIOS, MAS LOS HACEDORES DE LA LEY SER\u00c1N JUSTIFICADOS\u201d.\u00a0<strong>ROMANOS 2 = 13 <\/strong><\/p><p><strong>3.<\/strong> Y EL HOMBRE GUARDADOR DE LA LEY ES ESPIRITUAL. &#8220;PORQUE LA CIRCUNCISI\u00d3N EN VERDAD APROVECHA, SI GUARDARES LA LEY; MAS SI ERES REBELDE A LA LEY, TU CIRCUNCISI\u00d3N ES HECHA INCIRCUNCISI\u00d3N.\u00a0DE MANERA QUE, SI EL INCIRCUNCISO GUARDARE LAS JUSTICIAS DE LA LEY, \u00bfNO SER\u00c1 TENIDA SU INCIRCUNCISI\u00d3N POR CIRCUNCISI\u00d3N? Y LO QUE DE SU NATURAL ES INCIRCUNCISO, GUARDANDO PERFECTAMENTE LA LEY, TE JUZGAR\u00c1 A TI, QUE CON LA LETRA Y CON LA CIRCUNCISI\u00d3N ERES REBELDE A LA LEY. PORQUE NO ES JUD\u00cdO EL QUE LO ES EN MANIFIESTO; NI LA CIRCUNCISI\u00d3N ES LA QUE EN MANIFIESTO DE LA CARNE; MAS ES JUD\u00cdO EL QUE LO ES EN LO INTERIOR; Y LA CIRCUNCISI\u00d3N ES LA DEL CORAZ\u00d3N, EN ESP\u00cdRITU, NO EN LETRA; LA ALABANZA DEL CUAL NO ES DE LOS HOMBRES, SINO DE DIOS&#8221;.\u00a0<strong>ROMANOS 2 = 25-29 <\/strong><\/p><p><strong>4.<\/strong> LA DIFERENCIA DEL JUD\u00cdO Y EL GENTIL DELANTE DE LA LEY DE DIOS NO EXISTE.\u00a0 &#8220;\u00bfQU\u00c9 PUES? \u00bfSOMOS MEJORES QUE ELLOS? EN NINGUNA MANERA: PORQUE YA HEMOS ACUSADO A JUD\u00cdOS Y A GENTILES, QUE TODOS EST\u00c1N DEBAJO DEL PECADO\u201d.\u00a0<strong>ROMANOS 3 = 9 <\/strong><\/p><p>\u201c\u00bfES DIOS SOLAMENTE DIOS DE LOS JUD\u00cdOS? \u00bfNO ES TAMBI\u00c9N DIOS DE LOS GENTILES? CIERTO, TAMBI\u00c9N DE LOS GENTILES. PORQUE UNO ES DIOS, EL CUAL JUSTIFICAR\u00c1 POR LA FE LA CIRCUNCISI\u00d3N, Y POR MEDIO DE LA FE LA INCIRCUNCISI\u00d3N\u201d.\u00a0<strong>ROMANOS 3 = 29-30 <\/strong><\/p><p><strong>5.<\/strong> EL AP\u00d3STOL PABLO NOS ENSE\u00d1A QUE CON EL BAUTISMO NUESTRO CUERPO ACOSTUMBRADO AL PECADO ES MUERTO. &#8220;\u00bfPUES QU\u00c9 DIREMOS? \u00bfPERSEVERAREMOS EN PECADO PARA QUE LA GRACIA CREZCA?&#8221;\u00a0<strong>ROMANOS 6 = 1 <\/strong><\/p><p>&#8220;SABIENDO ESTO, QUE NUESTRO VIEJO HOMBRE JUNTAMENTE FUE CRUCIFICADO CON \u00c9L, PARA QUE EL CUERPO DEL PECADO SEA DESHECHO, A FIN DE QUE NO SIRVAMOS MAS AL PECADO. PORQUE EL QUE ES MUERTO, JUSTIFICADO ES DEL PECADO Y SI MORIMOS CON CRISTO, CON CRISTO,\u00a0VIVIREMOS CON \u00c9L; CREEMOS QUE TAMBI\u00c9N SABIENDO QUE CRISTO, HABIENDO RESUCITADO DE ENTRE LOS MUERTOS, YA NO MUERE: LA MUERTE NO SE ENSE\u00d1OREAR\u00c1 M\u00c1S DE \u00c9L. PORQUE EL HABER MUERTO, AL PECADO MURI\u00d3 UNA VEZ; M\u00c1S EL VIVIR, A DIOS VIVE, AS\u00cd TAMBI\u00c9N VOSOTROS, PENSANDO QUE, DE CIERTO EST\u00c1IS MUERTOS AL PECADO, MAS VIVOS A DIOS EN CRISTO JES\u00daS SE\u00d1OR NUESTRO\u201d.\u00a0<strong>ROMANOS 6 = 6-11 <\/strong><\/p><p>&#8220;EMPERO GRACIAS A DIOS, QUE, AUNQUE FUISTEIS SIERVOS DEL PECADO, HAB\u00c9IS OBEDECIDO DE CORAZ\u00d3N A AQUELLA FORMA DE DOCTRINA A LA CUAL SOIS ENTREGADOS&#8221;. <strong>ROMANOS 6 = 17 <\/strong><\/p><p>&#8220;MAS AHORA, LIBRADOS DEL PECADO, Y HECHOS SIERVOS A DIOS, TEN\u00c9IS POR VUESTRO FRUTO LA SANTIFICACI\u00d3N, Y POR FIN LA VIDA ETERNA. PORQUE LA PAGA DEL PECADO ES MUERTE; MAS LA D\u00c1DIVA DE DIOS ES VIDA ETERNA EN CRISTO JES\u00daS SE\u00d1OR NUESTRO&#8221;.\u00a0<strong>ROMANOS 6 = 22-23<\/strong><\/p><p><strong>6. <\/strong>EL AP\u00d3STOL PABLO NOS HABLA DE LA LEY DEL PECADO Y DE LA MUERTE, AL CUAL TODOS EST\u00c1N SUJETOS.\u00a0&#8220;MAS VEO OTRA LEY EN MIS MIEMBROS, QUE SE REBELA CONTRA LA LEY DE MI ESP\u00cdRITU, Y QUE ME LLEVA CAUTIVO A LA LEY DEL PECADO QUE EST\u00c1 EN MIS MIEMBROS\u201d.\u00a0<strong>ROMANOS 7 = 23 <\/strong><\/p><p>\u201c\u00bfIGNOR\u00c1IS, HERMANOS, \u00bf(PORQUE HABLO CON LOS QUE SABEN DE LA LEY) QUE LA LEY SE ENSE\u00d1OREA DEL HOMBRE ENTRE TANTO QUE VIVE? PORQUE LA MUJER EST\u00c1 SUJETA A MARIDO, MIENTRAS EL MARIDO VIVE EST\u00c1 OBLIGADA A LA LEY; MAS MUERTO EL MARIDO, LIBRE ES DE LA LEY DE SU MARIDO. AS\u00cd QUE, VIVIENDO EL MARIDO, SE LLAMAR\u00c1 ADULTERA SI FUERE DE OTRO VARON; MAS SI SU MARIDO MURIERE, ES LIBRE DE LA LEY; DE TAL MANERA QUE NO SER\u00c1 AD\u00daLTERA SI FUERE DE OTRO MARIDO. AS\u00cd TAMBI\u00c9N VOSOTROS, HERMANOS M\u00cdOS, EST\u00c1IS MUERTOS A LA LEY POR EL CUERPO DE CRISTO, PARA QUE SE\u00c1IS DE OTRO, A SABER, DEL QUE RESUCIT\u00d3 DE LOS MUERTOS, A FIN DE QUE FRUCTIFIQUEMOS A DIOS&#8221;.\u00a0<strong>ROMANOS 7 = 1-4 <\/strong><\/p><p>7.- TAMBI\u00c9N NOS DICE COMO HEMOS SIDO LIBERADOS DE LA LEY DEL PECADO.\u00a0&#8220;AHORA PUES, NINGUNA CONDENACI\u00d3N HAY PARA LOS QUE EST\u00c1N EN CRISTO JES\u00daS, LOS QUE NO ANDAN CONFORME A LA CARNE, MAS CONFORME AL ESP\u00cdRITU. PORQUE LA LEY DEL ESP\u00cdRITU DE VIDA EN CRISTO JES\u00daS ME HA LIBRADO DE LA LEY DEL PECADO Y DE LA MUERTE\u201d.\u00a0<strong>ROMANOS 8 = 1-2 <\/strong><\/p><p>&#8220;PORQUE LOS QUE VIVEN CONFORME A LA CARNE, DE LAS COSAS QUE SON DE LA CARNE SE OCUPAN; MAS LOS QUE, CONFORME AL ESP\u00cdRITU, DE LAS COSAS DEL ESP\u00cdRITU. PORQUE LA INTENCI\u00d3N DE LA CARNE ES MUERTE; MAS LA INTENCI\u00d3N DEL ESP\u00cdRITU, VIDA Y PAZ; POR CUANTO LA INTENCI\u00d3N DE LA CARNE ES ENEMISTAD CONTRA DIOS; PORQUE NO SE SUJETA A LA LEY DE DIOS, NI TAMPOCO PUEDE&#8221;.\u00a0<strong>ROMANOS 8 = 5-7 <\/strong><\/p><p>&#8220;Y SI EL ESP\u00cdRITU DE AQUEL QUE LEVANT\u00d3 DE LOS MUERTOS A JES\u00daS MORA EN VOSOTROS, EL QUE LEVANT\u00d3 A CRISTO JES\u00daS DE LOS MUERTOS, VIVIFICAR\u00c1 TAMBI\u00c9N VUESTROS CUERPOS MORTALES POR SU ESP\u00cdRITU QUE MORA EN VOSOTROS&#8221;.\u00a0<strong>ROMANOS 8 = 11 <\/strong><\/p><p>&#8220;PORQUE TODOS LOS QUE SON GUIADOS POR EL ESP\u00cdRITU DE DIOS, LOS TALES SON HIJOS DE DIOS. PORQUE NO HAB\u00c9IS RECIBIDO EL ESP\u00cdRITU DE SERVIDUMBRE PARA ESTAR OTRA VEZ EN TEMOR; MAS HAB\u00c9IS RECIBIDO EL ESP\u00cdRITU DE ADOPCI\u00d3N, POR EL CUAL CLAMAMOS, ABBA, PADRE. PORQUE EL MISMO ESP\u00cdRITU DA TESTIMONIO A NUESTRO ESP\u00cdRITU QUE SOMOS HIJOS DE DIOS\u201d.\u00a0<strong>ROMANOS 8 = 14-16 <\/strong><\/p><p><strong>8.<\/strong> TAMBI\u00c9N HACE UNA RELACI\u00d3N DE C\u00d3MO ISRAEL FUE REBELDE A DIOS.\u00a0&#8220;NO EMPERO QUE LA PALABRA DE DIOS HAYA FALTADO; PORQUE NO TODOS LOS QUE SON DE ISRAEL SON ISRAELITAS&#8221;.\u00a0<strong>ROMANOS 9=6 <\/strong><\/p><p>&#8220;MAS A MOIS\u00c9S DICE: TENDR\u00c9 MISERICORDIA DEL QUE TENDR\u00c9 MISERICORDIA, Y ME COMPADECER\u00c9 DEL QUE ME COMPADECER\u00c9. AS\u00cd QUE NO ES DEL QUE QUIERE, NI DEL QUE CORRE, SINO DE DIOS QUE TIENE MISERICORDIA&#8221;.\u00a0<strong>ROMANOS 9= 15-16 <\/strong><\/p><p>&#8220;\u00bfPUES QUE DIREMOS? QUE LOS GENTILES QUE NO SEGU\u00cdAN JUSTICIA, HAN ALCANZADO LA JUSTICIA, ES A SABER, LA JUSTICIA QUE ES POR LA FE; MAS ISRAEL QUE SEGU\u00cdA LA LEY DE JUSTICIA, NO HA LLEGADO A LA LEY DE JUSTICIA. \u00bfPOR QU\u00c9? PORQUE LA SEGU\u00cdAN NO POR FE, MAS COMO POR LA OBRAS DE LA LEY: POR LO CUAL TROPEZARON EN LA PIEDRA DE TROPIEZO\u201d.\u00a0<strong>ROMANOS 9 = 30-32 <\/strong><\/p><p>&#8220;MAS NO TODOS OBEDECEN AL EVANGELIO; PUES ISA\u00cdAS DICE: SE\u00d1OR, \u00bfQUI\u00c9N HA CRE\u00cdDO A NUESTRO ANUNCIO? LUEGO LA FE ES POR EL O\u00cdR: Y EL O\u00cdR POR LA PALABRA DE DIOS. MAS DIGO: \u00bfNO HAN O\u00cdDO? ANTES BIEN, POR TODA LA TIERRA HA SALIDO LA FAMA DE ELLOS, Y HASTA LOS CABOS DE LA REDONDEZ DE LA TIERRA LAS PALABRAS DE ELLOS. MAS DIGO: \u00bfNO HA CONOCIDO ESTO ISRAEL? PRIMERAMENTE, MOIS\u00c9S DICE: YO OS PROVOCAR\u00c9 A CELOS CON GENTE QUE NO ES M\u00cdA; CON GENTE INSENSATA OS PROVOCAR\u00c9 A IRA. E ISA\u00cdAS DETERMINADAMENTE DICE: FUI HALLADO DE LOS QUE NO ME BUSCABAN; MANIFEST\u00c9ME A LOS QUE NO PREGUNTABAN POR M\u00cd. MAS ACERCA DE ISRAEL DICE: TODO EL D\u00cdA EXTEND\u00cd M\u00cdS MANOS A UN PUEBLO REBELDE Y CONTRADICTOR.\u00a0<strong>ROMANOS 10 = 16-21 <\/strong><\/p><p><strong>\u00a0<\/strong><\/p><p><strong>9.<\/strong> PERO A\u00daN REBELDES, ISRAEL NO HA SIDO DESECH\u00c1DO. &#8220;DIGO PUES: \u00bfHA DESECHADO DIOS S U PUEBLO? EN NINGUNA MANERA. PORQUE TAMBI\u00c9N YO SOY ISRAELITA, DE LA SIMIENTE DE ABRAHAM, DE LA TRIBU DE BENJAM\u00cdN\u201d\u00a0<strong>ROMANOS 11 = 1 <\/strong><\/p><p>\u201c\u00bfQU\u00c9 PUES? LO QUE BUSCABA ISRAEL, AQUELLO NO HA ALCANZADO; MAS LA ELECCI\u00d3N LO HA ALCANZADO; Y LOS DEM\u00c1S FUERON ENDURECIDOS&#8221;.\u00a0<strong>ROMANOS 11 = 7 <\/strong><\/p><p>&#8220;QUE, SI ALGUNAS DE LAS RAMAS FUERON QUEBRADAS, Y TU, SIENDO ACEBUCHE, HAS SIDO INGERIDO EN LUGAR DE ELLAS, Y HAS SIDO HECHO PARTICIPANTE DE LA RA\u00cdZ Y DE LA GROSURA DE LA OLIVA. NO TE JACTES CONTRA LAS RAMAS; Y SI TE JACTAS, SABE QUE NO SUSTENTAS T\u00da A LA RA\u00cdZ, SINO LA RA\u00cdZ A TI\u201d.\u00a0<strong>ROMANOS 11 = 17-18 <\/strong><\/p><p>&#8220;PORQUE NO QUIERO, HERMANOS, QUE IGNOR\u00c9IS ESTE MISTERIO, PARA QUE NO SE\u00c1IS ACERCA DE VOSOTROS MISMOS ARROGANTES: QUE EL ENDURECIMIENTO EN PARTE HA ACONTECIDO EN ISRAEL, HASTA QUE HAYA ENTRADO LA PLENITUD DE LOS GENTILES; Y LUEGO TODO ISRAEL SER\u00c1 SALVO; COMO EST\u00c1 ESCRITO: VENDR\u00c1 DE SI\u00d3N EL LIBERTADOR, QUE QUITAR\u00c1 DE JACOB LA IMPIEDAD; Y ESTE ES MI PACTO CON ELLOS; CUANDO QUITARE SUS PECADOS&#8221;.\u00a0<strong>ROMANOS 11 = 25-27 <\/strong><\/p><p><strong>\u00a0<\/strong><\/p><p><strong>10.<\/strong> EL HOMBRE DE FE, QUE CAMBIO DE CARNAL A ESPIRITUAL DEBE DE TENER LAS CARACTER\u00cdSTICAS QUE ENUMERA EL AP\u00d3STOL. &#8220;AS\u00cd QUE, HERMANOS, OS RUEGO POR LAS MISERICORDIAS DE DIOS, QUE PRESENT\u00c9IS VUESTROS CUERPOS EN SACRIFICIO VIVO, SANTO, AGRADABLE A DIOS, QUE ES VUESTRO RACIONAL CULTO&#8221;\u00a0<strong>ROMANOS 12 = 1 <\/strong><\/p><p>&#8220;AM\u00c1NDONOS LOS UNOS A LOS OTROS CON CARIDAD FRATERNAL; PREVINI\u00c9NDOOS CON HONRA LOS UNOS A LOS OTROS; EN EL CUIDADO NO PEREZOSOS; ARDIENTES EN ESP\u00cdRITU; SIRVIENDO AL SE\u00d1OR; GOZOSOS EN LA ESPERANZA; SUFRIDOS EN LA TRIBULACI\u00d3N; CONSTANTES EN LA ORACI\u00d3N; COMUNICANDO A LAS NECESIDADES DE LOS SANTOS; SIGUIENDO LA HOSPITALIDAD. BENDECID A LOS QUE OS PERSIGUEN: BENDECID, Y NO MALDIG\u00c1IS. GOZAOS CON LOS QUE SE GOZAN; LLORAD CON LOS QUE LLORAN.<\/p><p>UN\u00c1NIMES ENTRE VOSOTROS; NO ALTIVOS, MAS ACOMOD\u00c1NDOOS A LOS HUMILDES. NO SE\u00c1IS SABIOS EN VUESTRA OPINI\u00d3N. NO PAGU\u00c9IS A NADIE MAL POR MAL; PROCURAD LO BUENO DELANTE DE TODOS LOS HOMBRES. SI SE PUEDE HACER, CUANTO EST\u00c1 EN VOSOTROS, TENED PAZ CON TODOS LOS HOMBRES. NO OS VENGU\u00c9IS VOSOTROS MISMOS, AMADOS M\u00cdOS; ANTES DAD LUGAR A LA IRA; PORQUE ESCRITO EST\u00c1: M\u00cdA ES LA VENGANZA: YO PAGAR\u00c9, DICE EL SE\u00d1OR. AS\u00cd QUE, SI TU ENEMIGO TUVIERE HAMBRE, DALE DE COMER; SI TUVIERE SED, DALE DE BEBER: QUE HACIENDO ESTO, ASCUAS DE FUEGO AMONTONAS SOBRE SU CABEZA. NO SEAS VENCIDO DE LO MALO, MAS VENCE CON EL BIEN EL MAL&#8221;.\u00a0<strong>ROMANOS 12 = 10-21 <\/strong><\/p><p><strong>11.<\/strong> Y PROCLAMA QUE EL FUNDAMENTO DE LA FE ES LA OBSERVACI\u00d3N DE LA LEY. &#8220;NO DEB\u00c1IS A NADIE NADA, SINO AMAROS UNOS A OTROS; PORQUE EL QUE AMA AL PR\u00d3JIMO, CUMPLI\u00d3 LA LEY. PORQUE: NO ADULTERAR\u00c1S; NO MATAR\u00c1S; NO HURTAR\u00c1S; NO DIR\u00c1S FALSO TESTIMONIO; NO CODICIAR\u00c1S; Y SI HAY ALG\u00daN OTRO MANDAMIENTO, EN ESTA SENTENCIA SE COMPRENDE SUMARIAMENTE: AMAR\u00c1S A TU PR\u00d3JIMO COMO A TI MISMO. LA CARIDAD NO HACE MAL AL PR\u00d3JIMO: AS\u00cd QUE, EL CUMPLIMIENTO DE LA LEY ES LA CARIDAD\u201d.\u00a0<strong>ROMANOS 13 = 8-10 <\/strong><\/p><p>&#8220;ANDEMOS. COMO DE D\u00cdA, HONESTAMENTE; NO EN GLOTONER\u00cdAS Y BORRACHERAS, NO ES LECHOS Y DISOLUCIONES, NO EN PENDENCIAS Y ENVIDIA; MAS VEST\u00cdOS DEL SE\u00d1OR JESUCRISTO, Y NO HAG\u00c1IS CASO DE LA CARNE EN SUS DESEOS&#8221;.\u00a0<strong>ROMANOS 13 = 13-14 <\/strong><\/p><p><strong>12.<\/strong> DEBEMOS SEGUIR EL CONSEJO DE PABLO DE VIVIR EN EL SE\u00d1OR. &#8220;PORQUE NINGUNO DE NOSOTROS VIVE PARA S\u00cd, Y NINGUNO MUERE PARA S\u00cd. QUE, SI VIVIMOS, PARA EL SE\u00d1OR VIVIMOS; Y SI MORIMOS, PARA EL SE\u00d1OR MORIMOS. AS\u00cd QUE, O QUE VIVAMOS, O QUE MURAMOS, DEL SE\u00d1OR SOMOS. PORQUE CRISTO PARA ESTO MURI\u00d3, Y RESUCIT\u00d3, Y VOLVI\u00d3 A VIVIR, PARA SER SE\u00d1OR AS\u00cd DE LOS MUERTOS COMO DE LOS QUE VIVEN. MAS T\u00da, \u00bfPORQU\u00c9 JUZGAS A TU HERMANO? O T\u00da TAMBI\u00c9N, \u00bfPORQU\u00c9 MENOSPRECIAS A TU HERMANO? PORQUE TODOS HEMOS DE ESTAR ANTE EL TRIBUNAL DE CRISTO&#8221;.\u00a0<strong>ROMANOS 14 = 7-10 <\/strong><\/p><p><strong>13.<\/strong> Y DE MANERA MUY REVELADORA NOS INDICA QUE ES LA FE &#8220;\u00bfTIENES TU FE? TENLA PARA CONTIGO DELANTE DE DIOS. BIENAVENTURADO EL QUE NO SE CONDENA A S\u00cd MISMO CON LO QUE APRUEBA. MAS EL QUE HACE DIFERENCIA, SI COMIERE, ES CONDENADO, PORQUE NO COMI\u00d3 POR FE: Y TODO LO QUE NO ES DE FE, ES PECADO&#8221;\u00a0<strong>ROMANOS 14 = 22-23 <\/strong><\/p><p><strong>14.<\/strong> TAMBI\u00c9N NOS ENSE\u00d1A PABLO EL VALOR DE LA ESCRITURA HEBREA. &#8220;PORQUE LAS COSAS QUE ANTES FUERON ESCRITAS, PARA NUESTRA ENSE\u00d1ANZA FUERON ESCRITAS; PARA QUE, POR LA PACIENCIA, Y POR LA CONSOLACI\u00d3N DE LAS ESCRITURAS, TENGAMOS ESPERANZA\u201d.\u00a0<strong>ROMANOS 15 = 4 <\/strong><\/p><p>Y EL VALOR DEL MINISTERIO DE CRISTO &#8220;DIGO, PUES, QUE CRISTO JES\u00daS FUE HECHO MINISTRO DE LA CIRCUNCISI\u00d3N POR LA VERDAD DE DIOS, PARA CONFIRMAR LAS PROMESAS HECHAS A LOS PADRES&#8221;.\u00a0<strong>ROMANOS 15 = 8 <\/strong><\/p><p>Y FINALMENTE LA CONDENA PARA LOS QUE HACEN ESC\u00c1NDALO. &#8220;Y OS RUEGO, HERMANOS, QUE MIR\u00c9IS LOS QUE CAUSAN DISENSIONES Y ESCANDALOS CONTRA LA DOCTRINA QUE VOSOTROS HAB\u00c9IS APRENDIDO; Y APARTAOS DE ELLOS. PORQUE LOS TALES NO SIRVEN AL SE\u00d1OR NUESTRO JESUCRISTO, SINO A SUS VIENTRES; Y CON SUAVES PALABRAS Y BENDICIONES ENGA\u00d1AN LOS CORAZONES DE LOS SIMPLES\u201d.\u00a0<strong>ROMANOS 16 = 17-18<\/strong><\/p>\t\t\t\t\t\t\t\t<\/div>\n\t\t\t\t<\/div>\n\t\t\t\t\t<\/div>\n\t\t<\/div>\n\t\t\t\t\t<\/div>\n\t\t<\/section>\n\t\t\t\t<section class=\"elementor-section elementor-top-section elementor-element elementor-element-470d991 elementor-section-boxed elementor-section-height-default elementor-section-height-default\" data-id=\"470d991\" data-element_type=\"section\" data-e-type=\"section\">\n\t\t\t\t\t\t<div class=\"elementor-container elementor-column-gap-default\">\n\t\t\t\t\t<div class=\"elementor-column elementor-col-100 elementor-top-column elementor-element elementor-element-4f1b7f2\" data-id=\"4f1b7f2\" data-element_type=\"column\" data-e-type=\"column\">\n\t\t\t<div class=\"elementor-widget-wrap elementor-element-populated\">\n\t\t\t\t\t\t<div class=\"elementor-element elementor-element-4b2fa37 elementor-align-center elementor-widget elementor-widget-button\" data-id=\"4b2fa37\" data-element_type=\"widget\" data-e-type=\"widget\" data-widget_type=\"button.default\">\n\t\t\t\t<div class=\"elementor-widget-container\">\n\t\t\t\t\t\t\t\t\t<div class=\"elementor-button-wrapper\">\n\t\t\t\t\t<a class=\"elementor-button elementor-button-link elementor-size-sm\" href=\"https:\/\/iidsech.com\/index.php\/estudios_base\/\">\n\t\t\t\t\t\t<span class=\"elementor-button-content-wrapper\">\n\t\t\t\t\t\t<span class=\"elementor-button-icon\">\n\t\t\t\t<i aria-hidden=\"true\" class=\"fas fa-angle-double-left\"><\/i>\t\t\t<\/span>\n\t\t\t\t\t\t\t\t\t<span class=\"elementor-button-text\">REGRESAR<\/span>\n\t\t\t\t\t<\/span>\n\t\t\t\t\t<\/a>\n\t\t\t\t<\/div>\n\t\t\t\t\t\t\t\t<\/div>\n\t\t\t\t<\/div>\n\t\t\t\t\t<\/div>\n\t\t<\/div>\n\t\t\t\t\t<\/div>\n\t\t<\/section>\n\t\t\t\t<\/div>\n\t\t","protected":false},"excerpt":{"rendered":"<p>El pecado seg\u00fan el an\u00e1lisis de la carta a los romanos Realizado Por: Min. A. Rub\u00e9n Romero M. Categor\u00eda: Base doctrinal. Fecha: Feb, 2017 INTRODUCCI\u00d3N SI ESTAMOS EN CRISTO Y HABITAMOS EN \u00c9L, PODEMOS DECIR COMO PABLO:\u00a0&#8220;AHORA PUES, NINGUNA CONDENACI\u00d3N HAY PARA LOS QUE EST\u00c1N ENCRISTO JES\u00daS, LOS QUE NO ANDAN CONFORME A LA CARNE,&#8230;<\/p>\n","protected":false},"author":1,"featured_media":0,"parent":9097,"menu_order":0,"comment_status":"closed","ping_status":"closed","template":"elementor_header_footer","meta":{"om_disable_all_campaigns":false,"_tbt_post_transparent":"","_tbt_post_title":"default","_tbt_post_layout":"default","_tbt_post_sidebar_id":"","_tbt_post_content_style":"unboxed","_tbt_post_vertical_padding":"hide","_tbt_post_feature":"hide","_tbt_post_feature_position":"","_tbt_post_header":false,"_tbt_post_footer":false,"_mc_calendar":[]},"class_list":["post-16445","page","type-page","status-publish","hentry"],"aioseo_notices":[],"_links":{"self":[{"href":"https:\/\/iidsech.com\/index.php\/wp-json\/wp\/v2\/pages\/16445","targetHints":{"allow":["GET"]}}],"collection":[{"href":"https:\/\/iidsech.com\/index.php\/wp-json\/wp\/v2\/pages"}],"about":[{"href":"https:\/\/iidsech.com\/index.php\/wp-json\/wp\/v2\/types\/page"}],"author":[{"embeddable":true,"href":"https:\/\/iidsech.com\/index.php\/wp-json\/wp\/v2\/users\/1"}],"replies":[{"embeddable":true,"href":"https:\/\/iidsech.com\/index.php\/wp-json\/wp\/v2\/comments?post=16445"}],"version-history":[{"count":10,"href":"https:\/\/iidsech.com\/index.php\/wp-json\/wp\/v2\/pages\/16445\/revisions"}],"predecessor-version":[{"id":16456,"href":"https:\/\/iidsech.com\/index.php\/wp-json\/wp\/v2\/pages\/16445\/revisions\/16456"}],"up":[{"embeddable":true,"href":"https:\/\/iidsech.com\/index.php\/wp-json\/wp\/v2\/pages\/9097"}],"wp:attachment":[{"href":"https:\/\/iidsech.com\/index.php\/wp-json\/wp\/v2\/media?parent=16445"}],"curies":[{"name":"wp","href":"https:\/\/api.w.org\/{rel}","templated":true}]}}