{"id":16433,"date":"2025-07-26T01:29:22","date_gmt":"2025-07-26T07:29:22","guid":{"rendered":"https:\/\/iidsech.com\/?page_id=16433"},"modified":"2025-07-26T01:35:09","modified_gmt":"2025-07-26T07:35:09","slug":"para-que-nacio-cristo","status":"publish","type":"page","link":"https:\/\/iidsech.com\/index.php\/estudios_base\/para-que-nacio-cristo\/","title":{"rendered":"Para que naci\u00f3 Cristo"},"content":{"rendered":"\t\t<div data-elementor-type=\"wp-page\" data-elementor-id=\"16433\" class=\"elementor elementor-16433\">\n\t\t\t\t\t\t<div class=\"elementor-section elementor-top-section elementor-element elementor-element-346406e videothumb elementor-section-stretched elementor-section-boxed elementor-section-height-default elementor-section-height-default\" data-id=\"346406e\" data-element_type=\"section\" data-e-type=\"section\" data-settings=\"{&quot;stretch_section&quot;:&quot;section-stretched&quot;,&quot;background_background&quot;:&quot;classic&quot;}\">\n\t\t\t\t\t\t<div class=\"elementor-container elementor-column-gap-default\">\n\t\t\t\t\t<div class=\"elementor-column elementor-col-100 elementor-top-column elementor-element elementor-element-1246ba2\" data-id=\"1246ba2\" data-element_type=\"column\" data-e-type=\"column\">\n\t\t\t<div class=\"elementor-widget-wrap elementor-element-populated\">\n\t\t\t\t\t\t<div class=\"elementor-section elementor-inner-section elementor-element elementor-element-71182e2 elementor-section-full_width elementor-section-height-default elementor-section-height-default\" data-id=\"71182e2\" data-element_type=\"section\" data-e-type=\"section\">\n\t\t\t\t\t\t<div class=\"elementor-container elementor-column-gap-no\">\n\t\t\t\t\t<div class=\"elementor-column elementor-col-100 elementor-inner-column elementor-element elementor-element-2ab3072\" data-id=\"2ab3072\" data-element_type=\"column\" data-e-type=\"column\" data-settings=\"{&quot;background_background&quot;:&quot;classic&quot;}\">\n\t\t\t<div class=\"elementor-widget-wrap\">\n\t\t\t\t\t\t\t<\/div>\n\t\t<\/div>\n\t\t\t\t\t<\/div>\n\t\t<\/div>\n\t\t\t\t\t<\/div>\n\t\t<\/div>\n\t\t\t\t\t<\/div>\n\t\t<\/div>\n\t\t\t\t<section class=\"elementor-section elementor-top-section elementor-element elementor-element-fbc7992 elementor-section-boxed elementor-section-height-default elementor-section-height-default\" data-id=\"fbc7992\" data-element_type=\"section\" data-e-type=\"section\">\n\t\t\t\t\t\t<div class=\"elementor-container elementor-column-gap-default\">\n\t\t\t\t\t<div class=\"elementor-column elementor-col-100 elementor-top-column elementor-element elementor-element-d81a8cb\" data-id=\"d81a8cb\" data-element_type=\"column\" data-e-type=\"column\">\n\t\t\t<div class=\"elementor-widget-wrap elementor-element-populated\">\n\t\t\t\t\t\t<div class=\"elementor-element elementor-element-d4808f1 elementor-position-top elementor-invisible elementor-widget elementor-widget-image-box\" data-id=\"d4808f1\" data-element_type=\"widget\" data-e-type=\"widget\" data-settings=\"{&quot;_animation&quot;:&quot;slideInDown&quot;}\" data-widget_type=\"image-box.default\">\n\t\t\t\t<div class=\"elementor-widget-container\">\n\t\t\t\t\t<div class=\"elementor-image-box-wrapper\"><figure class=\"elementor-image-box-img\"><img fetchpriority=\"high\" decoding=\"async\" width=\"1920\" height=\"971\" src=\"https:\/\/iidsech.com\/wp-content\/uploads\/2023\/07\/magos-oriente.jpg\" class=\"elementor-animation-skew-forward attachment-full size-full wp-image-13434\" alt=\"\" srcset=\"https:\/\/iidsech.com\/wp-content\/uploads\/2023\/07\/magos-oriente.jpg 1920w, https:\/\/iidsech.com\/wp-content\/uploads\/2023\/07\/magos-oriente-600x303.jpg 600w, https:\/\/iidsech.com\/wp-content\/uploads\/2023\/07\/magos-oriente-300x152.jpg 300w, https:\/\/iidsech.com\/wp-content\/uploads\/2023\/07\/magos-oriente-1024x518.jpg 1024w, https:\/\/iidsech.com\/wp-content\/uploads\/2023\/07\/magos-oriente-768x388.jpg 768w, https:\/\/iidsech.com\/wp-content\/uploads\/2023\/07\/magos-oriente-1536x777.jpg 1536w\" sizes=\"(max-width: 1920px) 100vw, 1920px\" \/><\/figure><div class=\"elementor-image-box-content\"><h1 class=\"elementor-image-box-title\">PARA QUE NACI\u00d3 CRISTO<\/h1><p class=\"elementor-image-box-description\">Realizado Por: <font color=\"#dea447\">Min. A. Rub\u00e9n Romero M.<\/font> \nCategor\u00eda: <span style=\"color:#000000\"><a href=\"https:\/\/iidsech.com\/index.php\/estudios_base\/\">Base doctrinal<\/a>.<\/span> Fecha:<span style=\"color:#dea447\">  Feb, 2017<\/span><\/p><\/div><\/div>\t\t\t\t<\/div>\n\t\t\t\t<\/div>\n\t\t\t\t<div class=\"elementor-element elementor-element-f277c3d elementor-widget elementor-widget-text-editor\" data-id=\"f277c3d\" data-element_type=\"widget\" data-e-type=\"widget\" data-widget_type=\"text-editor.default\">\n\t\t\t\t<div class=\"elementor-widget-container\">\n\t\t\t\t\t\t\t\t\t<p><strong>INTRODUCCI\u00d3N<\/strong><\/p><p>\u00bfPara que naci\u00f3 el Cristo?<\/p><p>Empieza el largo desfile de festejos del mes de diciembre: los brindis, los buenos deseos, los regalos y el recuerdo de aquel ni\u00f1o que naci\u00f3 en un pesebre en la Ciudad de Bel\u00e9n.<\/p><p>La consecuencia\u00a0de los festejos es la multiplicaci\u00f3n de\u00a0los adulterios, muertes y vicios; y en medio de los bullicios callejeros; el olvido total del prop\u00f3sito del nacimiento, vida y muerte de Jes\u00fas de Nazareth.<\/p><p><strong>DESARROLLO DEL TEMA<\/strong><\/p><p>Aunque parezca in\u00fatil, voy a tratar de explicar para que naci\u00f3, vivi\u00f3 y muri\u00f3 el Santo de los santos.<\/p><p>En primer lugar, fue enviado al pueblo de Israel, para se\u00f1alarles su falta de apego a la ley de su Dios y sabre todo que la multitud de sacrificios animales para el perd\u00f3n de los pecados, los manten\u00edan pecadores para siempre.<\/p><p>Les propone un cambio poco entendido por Israel y las naciones gentiles, la sustituci\u00f3n de la multitud de los sacrificios animales por uno solo, el de su propio cuerpo, muerto en la cruz.<\/p><p>Por eso escribi\u00f3 el Ap\u00f3stol Juan y dice en su evangelio:<\/p><p><em>&#8220;al otro d\u00eda ve Juan a Jes\u00fas y dice: He aqu\u00ed el Cordero de Dios que quita el pecado del mundo&#8221;<\/em><\/p><p><em>\u00a0<\/em><\/p><p>As\u00ed que si el Cristo quita el pecado del mundo la pregunta es \u00bfc\u00f3mo? Las respuestas son varias, nacidas de la religi\u00f3n romana y las religiones protestantes como son:<\/p><ol><li>Toma nuestro lugar como pecadores<\/li><li>Somos perdonados con rezos<\/li><li>Nos perdona con limosnas<\/li><li>Somos perdonados por la bendici\u00f3n papal<\/li><\/ol><p>Estas y otras formas han sido ense\u00f1adas. Recuerdo a un cantante que solo le pide a Dios 15 minutos antes de su muerte para arrepentirse de su vida de pecador.<\/p><p>Pero veamos, seg\u00fan la Sagrada Escritura por Cristo nos son perdonados los pecados.<\/p><p>El Ap\u00f3stol Pablo hace un an\u00e1lisis de lo que son los sacrificios por el pecado presentado por los sacerdotes del ministerio de Aaron y el sacrificio que corresponde al ministerio de Cristo:<\/p><p><em>&#8220;As\u00ed que todo sacerdote se presenta cada d\u00eda ministrando y ofreciendo muchas veces los mismos sacrificios que nunca pueden quitar los pecados.<\/em><\/p><p><em>Pero est\u00e1 habiendo ofrecido por los pecados un solo sacrificio para siempre, est\u00e1 sentado a la diestra de Dios.<\/em><\/p><p><em>Esperando lo que resta, para que sus enemigos est\u00e9n puestos por estrado de sus pies. Porque con una sola ofrenda hizo perfectos para siempre a los santificados.&#8221;<\/em><\/p><p><em>\u00a0<\/em><\/p><p>\u00bfEn qu\u00e9 forma y en qu\u00e9 tiempo el sacrificio de Cristo nos limpia de pecado? La respuesta la escribi\u00f3 el Ap\u00f3stol Pablo con las siguientes palabras:<\/p><p><em>\u00bfPues que diremos? \u00bfPerseveraremos del pecado para que la gracia crezca en ninguna manera porque los que somos muertos al pecado \u00bfComo viviremos aun en \u00e9l? \u00bfO no sab\u00e9is que todos los que somos bautizados en Cristo Jes\u00fas somos bautizados en su muerte?<\/em><\/p><p><em>\u00a0<\/em><\/p><p>Por eso dijo Jesucristo despu\u00e9s de resucitar de los muertos:<\/p><p><em>&#8220;Id y predicar el evangelio a toda creatura y el que creyere y fuera bautizado ser\u00e1 salvo y en que no ser\u00e1 condenado&#8221;<\/em><\/p><p><em>\u00a0<\/em><\/p><p>Si entendemos estas cosas podemos entender la manera en que vivi\u00f3 Jesucristo y que debemos vivirla nosotros para alcanzar la resurrecci\u00f3n<\/p><p><em>&#8220;y si el esp\u00edritu de aquel que levanto de los muertos a Jes\u00fas mora en vosotros el que levanto a Cristo Jes\u00fas de los muertos, vivificara tambi\u00e9n vuestros cuerpos mortales por su esp\u00edritu que mora en vosotros&#8221;<\/em><\/p><p><em>\u00a0<\/em><\/p><p>Por la Sagrada Escritura entendemos que hay dos formas de vivir:<\/p><p><em>\u201cPor los que viven conforme a la carne, de las cosas que son de la carne se ocupan.<\/em><\/p><p><em>Mas los que conforme al esp\u00edritu de las cosas del esp\u00edritu.<\/em><\/p><p><em>Porque la intenci\u00f3n de la carne es muerte; m\u00e1s la intenci\u00f3n del esp\u00edritu es vida y paz.<\/em><\/p><p><em>Por cuanto la intenci\u00f3n de la carne es enemistad contra Dios porque no se sujeta a la Ley de Dios y tampoco puede\u201d<\/em><\/p><p><em>\u00a0<\/em><\/p><p>La celebraci\u00f3n de navidad se hace partiendo de una mentira, ya que Jes\u00fas de Nazareth no naci\u00f3 el 24 de diciembre; sin embargo, as\u00ed como se sustituye el culto azteca de la Tonantzin por el culto de la Virgen Mar\u00eda; tambi\u00e9n el culto romano del nacimiento del dios Sol se sustituyen por el nacimiento del Hijo de Dios, en una celebraci\u00f3n que nada tiene de espiritual y que es cien por ciento carnal. Pero lo m\u00e1s infame de esta celebraci\u00f3n es olvidar que el Hijo de Dios naci\u00f3, vivi\u00f3 y muri\u00f3 para que el mundo no viviera m\u00e1s en el pecado; sino en la observancia de los mandamientos de Dios, y llegara a practicar la regla de oro que dice: <em>&#8220;Amaras a tu pr\u00f3jimo como a ti mismo&#8221;.<\/em><\/p><p><em>\u00a0<\/em><\/p><p>Pero a cambio de esto el mundo se llena en esta celebraci\u00f3n de adulterios, homicidios, idolatr\u00eda, borracheras y dan rienda suelta a las pasiones carnales condenadas por Dios.<\/p><p><strong>El Dia que naci\u00f3 el Cristo<\/strong><\/p><p><strong>\u00a0<\/strong><\/p><p>Hemos dicho que el Cristo del Dios de Israel no naci\u00f3 el 24 de diciembre ya que los romanos festejaban el 24 de diciembre un culto dedicado al dios Sol; culto que fue sustituido par el nacimiento de Cristo.<\/p><p>La iglesia Romana de manera muy simple opina que la fecha no es importante, lo importante es saber que naci\u00f3; pero Jesucristo dijo a Pilato:<\/p><p><em>&#8220;Yo para esto he nacido, y para esto he venido al mundo para dar testimonio a la verdad, todo aquel que as de la verdad oye mi voz&#8221;<\/em><\/p><p><em>\u00a0<\/em><\/p><p>Y a los jud\u00edos dijo:<\/p><p><em>&#8220;Y conocer\u00e9is la verdad y la verdad os libertara&#8221; \u00bfDe qu\u00e9 nos liberara?\u201d<\/em><\/p><p>principalmente de las mentiras.<\/p><p>Analicemos por la verdad b\u00edblica el nacimiento de Jesucristo. Aunque la Sagrada Escritura nos muestra muchas maneras de llegar a esta verdad; tomaremos como base al Profeta Daniel:<\/p><p><em>&#8220;Setenta semanas est\u00e1n determinadas sobre tu pueblo y sobre tu santa ciudad, para acabar la prevaricaci\u00f3n, y concluir el pecado y expiar la iniquidad; y para traer la justicia de los siglos, y sellar la visi\u00f3n y la profec\u00eda, y ungir al Santo de los Santos&#8221;.<\/em><\/p><p><em>\u00a0<\/em><\/p><p>Setenta semanas prof\u00e9ticas son 70 x 7 = 490 a\u00f1os ya que cada d\u00eda es un a\u00f1o. Sigue diciendo el profeta:<\/p><p><em>\u201cSepas pues y entiendas que desde la salida de la palabra para restaurar y edificar a Jerusal\u00e9n hasta el Mes\u00edas pr\u00edncipe, habr\u00e1 siete semanas y sesenta y dos semanas, tornarse a edificar la plaza y el muro en tiempos angustiosos.\u201d<\/em><\/p><p><em>\u00a0<\/em><\/p><p>En 69 semanas o sea 483 a\u00f1os, despu\u00e9s de que hubo salido la orden para reedificar Jerusal\u00e9n har\u00e1 su aparici\u00f3n el Mes\u00edas.<\/p><p>El principio de la cuenta se da en tiempo del rey Artajerjes que concedi\u00f3 a Nehem\u00edas el derecho de reedificar Jerusal\u00e9n como est\u00e1 escrito:<\/p><p><em>&#8220;Y fue en el mes de Niz\u00e1n en el a\u00f1o 20 del Rey Artajerjes que estando ya el vino delante de \u00e9l, tome el vino, y dijo me el Rey: \u00bfy como yo no hab\u00eda estado antes triste en su presencia porque esta triste tu rostro, pues no estas enfermo? No es sino quebranto de coraz\u00f3n.<\/em><\/p><p><em>Entonces tem\u00ed en gran manera y dice el Rey: El rey viva para siempre \u00bfComo no estar\u00e1 triste mi rostro, cuando la ciudad, casa de los\u00a0sepulcros\u00a0de\u00a0mis padres,\u00a0esta\u00a0desierta\u00a0y\u00a0sus\u00a0puertas consumidas al fuego?<\/em><\/p><p><em>Y dijo me el Rey: \u00bfQu\u00e9 cosas pides entonces ore al Dios de los cielos?<\/em><\/p><p><em>Y dije al rey: si al Rey place y si agrada tu siervo delante de ti que me env\u00edes a Juda, a la ciudad de los sepulcros de mis padres, y la reedificare&#8221;.<\/em><\/p><p>Fue en el a\u00f1o 453 antes de Cristo cuando sali\u00f3 el edicto para que Nehem\u00edas reedificara Jerusal\u00e9n. Despu\u00e9s de 483 a\u00f1os hace su aparici\u00f3n Jes\u00fas de Nazareth, para ser ungido y empezar su ministerio que va a durar 3 y medio a\u00f1os:<\/p><p><em>&#8220;Y aconteci\u00f3; que como todo el pueblo se bautizaba, tambi\u00e9n Jes\u00fas fue bautizado; y orando, el cielo se abri\u00f3&#8221;<\/em><\/p><p><em>&#8220;Y descendi\u00f3 el Esp\u00edritu Santo sabre el en forma corporal como paloma y fue hecha una voz del cielo que dec\u00eda: t\u00fa eres mi hijo amado y en ti me he complacido y el mismo Jes\u00fas comenzaba a ser de 30 a\u00f1os.&#8221;<\/em><\/p><p><em>\u00a0<\/em><\/p><p>Y en la sinagoga de Nazaret, explica para que fuera ungido:<\/p><p><em>&#8220;y vino a Nazaret donde hab\u00eda sido criado: y entro conforme a su costumbre, el d\u00eda del s\u00e1bado en la sinagoga y se levant\u00f3 a leer.<\/em><\/p><p><em>Y fue le dada el libro del profeta Isa\u00edas; y coma abri\u00f3 el libro, hallo el lugar donde estaba escrito: &#8220;El esp\u00edritu del Se\u00f1or es sobre m\u00ed por cuanto me ha ungido para dar buenas nuevas a los pobres.&#8221;<\/em><\/p><p>Estas buenas nuevas, las desarrolla en un ministerio que dura 3 a\u00f1os y medio ya que su muerte va a acontecer como la dijera el profeta:<\/p><p><em>&#8220;Y despu\u00e9s de las 62 semanas se quitar\u00e1 la vida el Mes\u00edas y en otra semana confirmar\u00e1 el pacto a muchos, y a la mitad de la semana har\u00e1 cesar el sacrificio y la ofrenda&#8221;<\/em><\/p><p><em>\u00a0<\/em><\/p><p>Dijo el Ap\u00f3stol Pablo de estas dos cosas:<\/p><ol><li>Como se confirma el pacto:<\/li><\/ol><p><em>&#8220;por que donde hay testamento es necesario que intervenga la muerte del testador&#8221;<\/em><\/p><ol><li>Como se hace el finiquito del sacrificio:<\/li><\/ol><p><em>&#8220;Diciendo arriba: sacrificio y presente y holocausto y expiaciones por el pecado no quisiste, ni te otorgaron (las cuales cosas se ofrecen) seg\u00fan la ley entonces dijo: heme aqu\u00ed para que haga, oh, Dios tu voluntad, quita lo primero para establecer lo postrero. En la cual voluntad somos santificados por la ofrenda del cuerpo de Jesucristo hecha una sola vez&#8221;<\/em><\/p><p><strong>CONCLUSI\u00d3N<\/strong><\/p><p>En resumen, de acuerdo con el profeta Daniel, Jes\u00fas muere a la mitad de los 7 a\u00f1os, pero tambi\u00e9n a la mitad de la semana. Esto es, muri\u00f3 de 33 a\u00f1os y medio, as\u00ed que los 34 los cumplir\u00eda 6 meses despu\u00e9s de su muerte.<\/p><p>Como muri\u00f3 el mes de Niz\u00e1n primero del calendario hebreo, cumplir\u00eda a\u00f1os en el mes 7\u00b0 del mismo calendario que lleva el nombre de Tishri.<\/p><p>Fue muerto el 14 de Niz\u00e1n y para el 14 de Trishri, cumplir\u00eda 34 a\u00f1os, el 15 de Trishri empezar\u00edan a correr el a\u00f1o 35 de su vida.<\/p><p>Pues este d\u00eda comienza la celebraci\u00f3n de la 3a fiesta ordenada por Dios el cual dijo <em>&#8220;tres veces en a\u00f1o me celebrareis fiesta&#8221;, <\/em>y esta fiesta como el nacimiento del Cristo del Dios de Israel corresponde a los meses de septiembre y octubre.<\/p>\t\t\t\t\t\t\t\t<\/div>\n\t\t\t\t<\/div>\n\t\t\t\t\t<\/div>\n\t\t<\/div>\n\t\t\t\t\t<\/div>\n\t\t<\/section>\n\t\t\t\t<section class=\"elementor-section elementor-top-section elementor-element elementor-element-470d991 elementor-section-boxed elementor-section-height-default elementor-section-height-default\" data-id=\"470d991\" data-element_type=\"section\" data-e-type=\"section\">\n\t\t\t\t\t\t<div class=\"elementor-container elementor-column-gap-default\">\n\t\t\t\t\t<div class=\"elementor-column elementor-col-100 elementor-top-column elementor-element elementor-element-4f1b7f2\" data-id=\"4f1b7f2\" data-element_type=\"column\" data-e-type=\"column\">\n\t\t\t<div class=\"elementor-widget-wrap elementor-element-populated\">\n\t\t\t\t\t\t<div class=\"elementor-element elementor-element-4b2fa37 elementor-align-center elementor-widget elementor-widget-button\" data-id=\"4b2fa37\" data-element_type=\"widget\" data-e-type=\"widget\" data-widget_type=\"button.default\">\n\t\t\t\t<div class=\"elementor-widget-container\">\n\t\t\t\t\t\t\t\t\t<div class=\"elementor-button-wrapper\">\n\t\t\t\t\t<a class=\"elementor-button elementor-button-link elementor-size-sm\" href=\"https:\/\/iidsech.com\/index.php\/estudios_base\/\">\n\t\t\t\t\t\t<span class=\"elementor-button-content-wrapper\">\n\t\t\t\t\t\t<span class=\"elementor-button-icon\">\n\t\t\t\t<i aria-hidden=\"true\" class=\"fas fa-angle-double-left\"><\/i>\t\t\t<\/span>\n\t\t\t\t\t\t\t\t\t<span class=\"elementor-button-text\">REGRESAR<\/span>\n\t\t\t\t\t<\/span>\n\t\t\t\t\t<\/a>\n\t\t\t\t<\/div>\n\t\t\t\t\t\t\t\t<\/div>\n\t\t\t\t<\/div>\n\t\t\t\t\t<\/div>\n\t\t<\/div>\n\t\t\t\t\t<\/div>\n\t\t<\/section>\n\t\t\t\t<\/div>\n\t\t","protected":false},"excerpt":{"rendered":"<p>PARA QUE NACI\u00d3 CRISTO Realizado Por: Min. A. Rub\u00e9n Romero M. Categor\u00eda: Base doctrinal. Fecha: Feb, 2017 INTRODUCCI\u00d3N \u00bfPara que naci\u00f3 el Cristo? Empieza el largo desfile de festejos del mes de diciembre: los brindis, los buenos deseos, los regalos y el recuerdo de aquel ni\u00f1o que naci\u00f3 en un pesebre en la Ciudad de&#8230;<\/p>\n","protected":false},"author":1,"featured_media":0,"parent":9097,"menu_order":0,"comment_status":"closed","ping_status":"closed","template":"elementor_header_footer","meta":{"om_disable_all_campaigns":false,"_tbt_post_transparent":"","_tbt_post_title":"default","_tbt_post_layout":"default","_tbt_post_sidebar_id":"","_tbt_post_content_style":"unboxed","_tbt_post_vertical_padding":"hide","_tbt_post_feature":"hide","_tbt_post_feature_position":"","_tbt_post_header":false,"_tbt_post_footer":false,"_mc_calendar":[]},"class_list":["post-16433","page","type-page","status-publish","hentry"],"aioseo_notices":[],"_links":{"self":[{"href":"https:\/\/iidsech.com\/index.php\/wp-json\/wp\/v2\/pages\/16433","targetHints":{"allow":["GET"]}}],"collection":[{"href":"https:\/\/iidsech.com\/index.php\/wp-json\/wp\/v2\/pages"}],"about":[{"href":"https:\/\/iidsech.com\/index.php\/wp-json\/wp\/v2\/types\/page"}],"author":[{"embeddable":true,"href":"https:\/\/iidsech.com\/index.php\/wp-json\/wp\/v2\/users\/1"}],"replies":[{"embeddable":true,"href":"https:\/\/iidsech.com\/index.php\/wp-json\/wp\/v2\/comments?post=16433"}],"version-history":[{"count":7,"href":"https:\/\/iidsech.com\/index.php\/wp-json\/wp\/v2\/pages\/16433\/revisions"}],"predecessor-version":[{"id":16441,"href":"https:\/\/iidsech.com\/index.php\/wp-json\/wp\/v2\/pages\/16433\/revisions\/16441"}],"up":[{"embeddable":true,"href":"https:\/\/iidsech.com\/index.php\/wp-json\/wp\/v2\/pages\/9097"}],"wp:attachment":[{"href":"https:\/\/iidsech.com\/index.php\/wp-json\/wp\/v2\/media?parent=16433"}],"curies":[{"name":"wp","href":"https:\/\/api.w.org\/{rel}","templated":true}]}}