{"id":16425,"date":"2025-07-26T01:23:55","date_gmt":"2025-07-26T07:23:55","guid":{"rendered":"https:\/\/iidsech.com\/?page_id=16425"},"modified":"2025-07-26T01:26:37","modified_gmt":"2025-07-26T07:26:37","slug":"el-verdadero-jesucristo-2","status":"publish","type":"page","link":"https:\/\/iidsech.com\/index.php\/estudios_base\/el-verdadero-jesucristo-2\/","title":{"rendered":"El Verdadero Jesucristo"},"content":{"rendered":"\t\t<div data-elementor-type=\"wp-page\" data-elementor-id=\"16425\" class=\"elementor elementor-16425\">\n\t\t\t\t\t\t<div class=\"elementor-section elementor-top-section elementor-element elementor-element-346406e videothumb elementor-section-stretched elementor-section-boxed elementor-section-height-default elementor-section-height-default\" data-id=\"346406e\" data-element_type=\"section\" data-e-type=\"section\" data-settings=\"{&quot;stretch_section&quot;:&quot;section-stretched&quot;,&quot;background_background&quot;:&quot;classic&quot;}\">\n\t\t\t\t\t\t<div class=\"elementor-container elementor-column-gap-default\">\n\t\t\t\t\t<div class=\"elementor-column elementor-col-100 elementor-top-column elementor-element elementor-element-1246ba2\" data-id=\"1246ba2\" data-element_type=\"column\" data-e-type=\"column\">\n\t\t\t<div class=\"elementor-widget-wrap elementor-element-populated\">\n\t\t\t\t\t\t<div class=\"elementor-section elementor-inner-section elementor-element elementor-element-71182e2 elementor-section-full_width elementor-section-height-default elementor-section-height-default\" data-id=\"71182e2\" data-element_type=\"section\" data-e-type=\"section\">\n\t\t\t\t\t\t<div class=\"elementor-container elementor-column-gap-no\">\n\t\t\t\t\t<div class=\"elementor-column elementor-col-100 elementor-inner-column elementor-element elementor-element-2ab3072\" data-id=\"2ab3072\" data-element_type=\"column\" data-e-type=\"column\" data-settings=\"{&quot;background_background&quot;:&quot;classic&quot;}\">\n\t\t\t<div class=\"elementor-widget-wrap elementor-element-populated\">\n\t\t\t\t\t\t<div class=\"elementor-element elementor-element-d4808f1 elementor-position-top elementor-invisible elementor-widget elementor-widget-image-box\" data-id=\"d4808f1\" data-element_type=\"widget\" data-e-type=\"widget\" data-settings=\"{&quot;_animation&quot;:&quot;slideInDown&quot;}\" data-widget_type=\"image-box.default\">\n\t\t\t\t<div class=\"elementor-widget-container\">\n\t\t\t\t\t<div class=\"elementor-image-box-wrapper\"><figure class=\"elementor-image-box-img\"><img fetchpriority=\"high\" decoding=\"async\" width=\"1280\" height=\"640\" src=\"https:\/\/iidsech.com\/wp-content\/uploads\/2023\/07\/Jesus.jpg\" class=\"elementor-animation-skew-forward attachment-full size-full wp-image-13426\" alt=\"\" srcset=\"https:\/\/iidsech.com\/wp-content\/uploads\/2023\/07\/Jesus.jpg 1280w, https:\/\/iidsech.com\/wp-content\/uploads\/2023\/07\/Jesus-600x300.jpg 600w, https:\/\/iidsech.com\/wp-content\/uploads\/2023\/07\/Jesus-300x150.jpg 300w, https:\/\/iidsech.com\/wp-content\/uploads\/2023\/07\/Jesus-1024x512.jpg 1024w, https:\/\/iidsech.com\/wp-content\/uploads\/2023\/07\/Jesus-768x384.jpg 768w\" sizes=\"(max-width: 1280px) 100vw, 1280px\" \/><\/figure><div class=\"elementor-image-box-content\"><h1 class=\"elementor-image-box-title\">EL VERDADERO JESUCRISTO<\/h1><p class=\"elementor-image-box-description\">Realizado Por: <font color=\"#dea447\">Min. A. Rub\u00e9n Romero M.<\/font> \nCategor\u00eda: <span style=\"color:#000000\"><a href=\"https:\/\/iidsech.com\/index.php\/estudios_base\/\">Base doctrinal<\/a>.<\/span> Fecha:<span style=\"color:#dea447\">  Feb, 2017<\/span><\/p><\/div><\/div>\t\t\t\t<\/div>\n\t\t\t\t<\/div>\n\t\t\t\t\t<\/div>\n\t\t<\/div>\n\t\t\t\t\t<\/div>\n\t\t<\/div>\n\t\t\t\t\t<\/div>\n\t\t<\/div>\n\t\t\t\t\t<\/div>\n\t\t<\/div>\n\t\t\t\t<section class=\"elementor-section elementor-top-section elementor-element elementor-element-fbc7992 elementor-section-boxed elementor-section-height-default elementor-section-height-default\" data-id=\"fbc7992\" data-element_type=\"section\" data-e-type=\"section\">\n\t\t\t\t\t\t<div class=\"elementor-container elementor-column-gap-default\">\n\t\t\t\t\t<div class=\"elementor-column elementor-col-100 elementor-top-column elementor-element elementor-element-d81a8cb\" data-id=\"d81a8cb\" data-element_type=\"column\" data-e-type=\"column\">\n\t\t\t<div class=\"elementor-widget-wrap elementor-element-populated\">\n\t\t\t\t\t\t<div class=\"elementor-element elementor-element-f277c3d elementor-widget elementor-widget-text-editor\" data-id=\"f277c3d\" data-element_type=\"widget\" data-e-type=\"widget\" data-widget_type=\"text-editor.default\">\n\t\t\t\t<div class=\"elementor-widget-container\">\n\t\t\t\t\t\t\t\t\t<p><strong>INTRODUCCI\u00d3N<\/strong><\/p><p>En estos \u00faltimos d\u00edas hemos comentado que en algunos casos la religi\u00f3n ha tomado ciertas modas, como la moda del cristianismo. Esta religi\u00f3n, aunque en realidad es una, existen distintas corrientes que, lejos de conocer a Cristo solo imponen modas seg\u00fan la fecha o la estaci\u00f3n del a\u00f1o, para luego olvidarse del verdadero concepto religioso.<\/p><p>El concepto de religi\u00f3n nos muestra una reconciliaci\u00f3n con Dios por medio de elementos muy especiales, pero, podr\u00edamos preguntar qu\u00e9 \u00bfAcaso estamos peleados con Dios?\u00a0 o bien \u00bfPor qu\u00e9 necesitamos una religi\u00f3n? y dentro de esta, \u00bfPor qu\u00e9 necesitamos a Cristo? y \u00bfQui\u00e9n es el verdadero Cristo? y \u00bfCu\u00e1l es la verdadera Religi\u00f3n?<\/p><p>Para estas preguntas se necesita mucho estudio y un an\u00e1lisis muy objetivo de las sagradas escrituras ya que en ellas esta la \u00fanica respuesta a estas preguntas.<\/p><p>Existen tres conceptos generales de las corrientes cristianas los cuales son:\u00a0<\/p><ol><li>Concepto general del protestantismo:<\/li><\/ol><ul><li>Reconoce que eres pecador.<\/li><li>Cree que Jes\u00fas es el Salvador.<\/li><li>Ac\u00e9ptalo como tu Salvador.<\/li><li>Con esto tendr\u00e1s segura la vida eterna en el reino de los cielos.\u00a0<\/li><\/ul><ol><li>Concepto general del catolicismo:<\/li><\/ol><ul><li>Cree que Jes\u00fas es el Hijo de Dios y Mar\u00eda su Madre.\u00a0<\/li><li>Cree en los sacramentos y misterios de la Biblia.\u00a0<\/li><li>Cree en la Santa Madre Iglesia Apost\u00f3lica Romana.\u00a0<\/li><li>Con esto iras al cielo cuando mueras.\u00a0<\/li><\/ul><ol><li>Concepto b\u00e1sico cristiano-jud\u00edo:<\/li><\/ol><ul><li>Cree en el testimonio que vino a dar a Israel el Bendito Salvador.\u00a0<\/li><li>Cree en los mandamientos y la ley base del pacto con Dios.\u00a0<\/li><li>Acepta al Dios de Abraham. Issac y Jacob.\u00a0<\/li><li>Acepta que el pueblo de Israel es la base para formar la Iglesia de Dios.<\/li><li>Con esto tendr\u00e1s parte en las promesas y heredad de Cristo.\u00a0<\/li><\/ul><p><strong>DESARROLLO DEL TEMA<\/strong><\/p><p>Pero cual es el concepto real, si la Biblia dice:<\/p><p><em>&#8220;Yo soy el camino la verdad y la vida y nadie viene al padre si no es por mi&#8221;<\/em><\/p><p>Como podremos saber el camino si desconocemos a Cristo. Este es el prop\u00f3sito de este estudio de conocer al verdadero Cristo.\u00a0<\/p><ol><li>Es curioso, como el Alt\u00edsimo Dios, da luz a unos y sume en las tinieblas a millones de pseudocristianos, que no conocen al Bendito Salvador. Considerando precisamente esta palabra &#8220;Salvador&#8221; preguntaremos; \u00bfSalvador de que o de qui\u00e9n?<\/li><\/ol><p>El an\u00e1lisis de la sagrada escritura lo presenta como Salvador de la primera pareja:<\/p><ul><li>G\u00e9nesis 2:15 \u2013 17\u00a0<\/li><li>G\u00e9nesis 3:6 \u2013 7, 21<\/li><li>Hebreos 10:4 \u2013 10\u00a0<\/li><li>Romanos 5:14 \u2013 21\u00a0<\/li><\/ul><ol start=\"2\"><li>El pueblo de Israel celebra un pacto de vida con el Dios Alt\u00edsimo. pero no lo puede conservar como tal, y su desarrollo hist\u00f3rico esta, \u00edntimamente ligado con una vida de pecado y consecuentemente a la transgresi\u00f3n del pacto por lo que llega el castigo y la di\u00e1spora a todos ellos:<\/li><\/ol><ul><li>\u00c9xodo 32:1 \u2013 10, 30 \u2013 35<\/li><li>2 Reyes 17:9 \u2013 18\u00a0<\/li><li>2 Cr\u00f3nicas 36:11 \u2013 19\u00a0<\/li><\/ul><ol start=\"3\"><li>Desde los d\u00edas de Mois\u00e9s y despu\u00e9s los profetas. anuncian al que ten\u00eda que venir para corregir el comportamiento pecaminoso de pueblo de Israel:<\/li><\/ol><ul><li>Deuteronomio 18:18\u00a0<\/li><li>Mateo 1:18 \u2013 21\u00a0<\/li><li>Hechos 4:12; 5:31; 13:23, 39<\/li><li>Lucas 2:11\u00a0<\/li><li>Isa\u00edas 53:1 \u2013 12<\/li><li>Daniel 9:24 \u2013 27\u00a0<\/li><li>Mateo 15:21 \u2013 24<\/li><li>Juan 8:31 &#8211; 39<\/li><\/ul><ol start=\"4\"><li>Tambi\u00e9n los Ap\u00f3stoles y Profetas anunciaron las buenas nuevas para todos los pueblos de la tierra, teniendo a Jesucristo como base de su conversi\u00f3n:<\/li><\/ol><ul><li>Genesis 49:8 \u2013 10\u00a0<\/li><li>Isa\u00edas 42:1 \u2013 8; 2:2 \u2013 3; 11:10, 55:1 \u2013 5\u00a0<\/li><li>Juan 10:15 \u2013 16<\/li><li>Hechos 9:10 \u2013 15<\/li><li>G\u00e1latas 2:7 \u2013 8<\/li><\/ul><p>NOTA: Este Jesucristo, primeramente, ofrecido a los hijos de Israel para salvarlos del pecado y consecuentemente por extensi\u00f3n de su misericordia, fue ofrecido como v\u00eda de santificaci\u00f3n, para que todos los pueblos de la tierra conocieran la doctrina del Dios verdadero, la cual los alejar\u00eda de la vida de pecado, y los har\u00eda comenzar una vida que introduce a la luz del Dios vivo; por el camino que el Se\u00f1or se\u00f1ala como nuevo y vivo. El desarrollo hist\u00f3rico de la vida terrena de Jesucristo deja para la humanidad dos hechos que van a ponderar de manera suprema su obra.\u00a0<\/p><ol><li>El nacimiento<\/li><li>La muerte\u00a0<\/li><\/ol><ol start=\"5\"><li>Antes de comentar porque la gente se ocupa tan insistentemente de estos hechos de la vida del Bendito Salvador, analicemos los pormenores de la segunda venida de Jesucristo:<\/li><\/ol><ul><li>Zacarias 14:1 \u2013 2, 5, 12, 16; 12:8 \u2013 10\u00a0<\/li><li>Mateo 23:37 \u2013 39; 24:29 \u2013 30<\/li><li>Daniel 7:13 \u2013 14<\/li><li>Apocalipsis 19:11 \u2013 21<\/li><li>Isa\u00edas 66:15 \u2013 24\u00a0<\/li><\/ul><p>De manera muy clara la sagrada escritura nos ense\u00f1a que el Salvador retorna a la tierra, para salvar primeramente al pueblo de Israel, del ataque de todos los pueblos de la tierra y despu\u00e9s, manda a sus \u00e1ngeles para recoger a todos sus escogidos, pero en esta segunda ocasi\u00f3n viene fuerte, poderoso, para dar el pago a todos los imp\u00edos de la tierra.\u00a0<\/p><ol start=\"6\"><li>Todav\u00eda la sagrada escritura nos hace saber que en los tiempos presentes y hasta el retorno del Salvador, su lugar est\u00e1 a la diestra del Alt\u00edsimo:<\/li><\/ol><ul><li>Hechos 1:1 \u2013 3, 2:32 \u2013 36; 5:30 \u2013 32<\/li><li>Filipenses 3:20 \u2013 21\u00a0<\/li><li>Efesios 1:17 \u2013 23<\/li><li>Revelaci\u00f3n 1:17 \u2013 18\u00a0<\/li><li>Hechos 1:9 \u2013 11; 3:15 \u2013 16; 7:55 \u2013 56\u00a0<\/li><li>Colosenses 1:15 \u2013 19<\/li><li>Filipenses 2:10 \u2013 11\u00a0<\/li><li>Revelaci\u00f3n 19:11 \u2013 13<\/li><li>Revelaci\u00f3n 3:19 \u2013 21<\/li><\/ul><ol start=\"7\"><li>Finalmente podemos ver los tiempos b\u00edblicos y la palabra de Dios que nos muestran a Jesucristo en el desarrollo hist\u00f3rico de la humanidad en las siguientes etapas:\u00a0<\/li><\/ol><ol><li>Salvando al hombre en el principio.\u00a0<\/li><li>Prometido a Israel como Salvador\u00a0<\/li><li>Naciendo de una Virgen\u00a0<\/li><li>Muriendo en la Cruz\u00a0<\/li><li>Siendo elevada a los cielos para morar con el Alt\u00edsimo\u00a0<\/li><li>Regresando con poder y gloria para dar el pago los imp\u00edos y someter a su autoridad a todos los pueblos de la tierra.<\/li><\/ol><p><strong>CONCLUSION<\/strong><\/p><p>Entonces podemos decir que la humanidad elevo a la suprema consideraci\u00f3n el nacimiento y la muerte del Salvador, para que, de una manera sutil, Satan\u00e1s, enga\u00f1e a los pueblos de la tierra. Haciendo de un hombre que guardo todo la ley un ser divino inalcanzable para los hombres, pretextando con esto que nadie puede guardar sus mandamientos solo \u00e9l porque es un ser supremo ignorando que el tomo carne y habito en este mundo para mostrar su obra y su gloria y su obediencia, prefiriendo ver a Jesucristo, como ni\u00f1o (Dios) o crucificado (eternamente) sin poder alguno para dar el pago a los malvados y a los que llevan a la humanidad a las guerras y a la muerte por hambre, enfermedad etc., con Mar\u00eda un ser tambi\u00e9n llevado por enga\u00f1os a una divinidad que no tuvo y sin embargo si se form\u00f3 toda una corriente religiosa y un culto idolatra alrededor de ella.\u00a0<\/p><p>Prefieren llevarlo vestido de ropitas hermosas un 2 de febrero o llevarlo al cuello en un crucifijo o tenerlo a la cabecera de cualquier recamara u hospital crucificado.\u00a0<\/p><p>Todo esto ser\u00e1 tenerlo indefenso, sin actuar sin exigir un comportamiento esperando las gentes todo de \u00e9l y sin pensar que \u00e9l es el que pide todo de la humanidad especialmente un cambio en nuestras vidas.\u00a0<\/p><p>Es por esta raz\u00f3n que decimos que la gran mayor\u00eda de los que se dicen cristianos lo son solo de moda o de temporada, solo cuando Jes\u00fas es ni\u00f1o o va a ser crucificado. No saben que cuando Jes\u00fas venga, vendr\u00e1 lleno de poder y gloria y los muertos de Jesucristo ser\u00e1n multiplicados y su pueblo se reencontrara con \u00e9l. El pueblo de Israel que siempre ha sido suyo sin ni siquiera haberlo reconocido.\u00a0<\/p><p>\u00bfCon esto podr\u00edamos preguntar quienes necesitan a Jes\u00fas? Los ni\u00f1os, los j\u00f3venes, los adultos o los ancianos, cuidado tu necesitas a Jes\u00fas.<\/p>\t\t\t\t\t\t\t\t<\/div>\n\t\t\t\t<\/div>\n\t\t\t\t\t<\/div>\n\t\t<\/div>\n\t\t\t\t\t<\/div>\n\t\t<\/section>\n\t\t\t\t<section class=\"elementor-section elementor-top-section elementor-element elementor-element-470d991 elementor-section-boxed elementor-section-height-default elementor-section-height-default\" data-id=\"470d991\" data-element_type=\"section\" data-e-type=\"section\">\n\t\t\t\t\t\t<div class=\"elementor-container elementor-column-gap-default\">\n\t\t\t\t\t<div class=\"elementor-column elementor-col-100 elementor-top-column elementor-element elementor-element-4f1b7f2\" data-id=\"4f1b7f2\" data-element_type=\"column\" data-e-type=\"column\">\n\t\t\t<div class=\"elementor-widget-wrap elementor-element-populated\">\n\t\t\t\t\t\t<div class=\"elementor-element elementor-element-4b2fa37 elementor-align-center elementor-widget elementor-widget-button\" data-id=\"4b2fa37\" data-element_type=\"widget\" data-e-type=\"widget\" data-widget_type=\"button.default\">\n\t\t\t\t<div class=\"elementor-widget-container\">\n\t\t\t\t\t\t\t\t\t<div class=\"elementor-button-wrapper\">\n\t\t\t\t\t<a class=\"elementor-button elementor-button-link elementor-size-sm\" href=\"https:\/\/iidsech.com\/index.php\/estudios_base\/\">\n\t\t\t\t\t\t<span class=\"elementor-button-content-wrapper\">\n\t\t\t\t\t\t<span class=\"elementor-button-icon\">\n\t\t\t\t<i aria-hidden=\"true\" class=\"fas fa-angle-double-left\"><\/i>\t\t\t<\/span>\n\t\t\t\t\t\t\t\t\t<span class=\"elementor-button-text\">REGRESAR<\/span>\n\t\t\t\t\t<\/span>\n\t\t\t\t\t<\/a>\n\t\t\t\t<\/div>\n\t\t\t\t\t\t\t\t<\/div>\n\t\t\t\t<\/div>\n\t\t\t\t\t<\/div>\n\t\t<\/div>\n\t\t\t\t\t<\/div>\n\t\t<\/section>\n\t\t\t\t<\/div>\n\t\t","protected":false},"excerpt":{"rendered":"<p>EL VERDADERO JESUCRISTO Realizado Por: Min. A. Rub\u00e9n Romero M. Categor\u00eda: Base doctrinal. Fecha: Feb, 2017 INTRODUCCI\u00d3N En estos \u00faltimos d\u00edas hemos comentado que en algunos casos la religi\u00f3n ha tomado ciertas modas, como la moda del cristianismo. Esta religi\u00f3n, aunque en realidad es una, existen distintas corrientes que, lejos de conocer a Cristo solo&#8230;<\/p>\n","protected":false},"author":1,"featured_media":0,"parent":9097,"menu_order":0,"comment_status":"closed","ping_status":"closed","template":"elementor_header_footer","meta":{"om_disable_all_campaigns":false,"_tbt_post_transparent":"","_tbt_post_title":"default","_tbt_post_layout":"default","_tbt_post_sidebar_id":"","_tbt_post_content_style":"unboxed","_tbt_post_vertical_padding":"hide","_tbt_post_feature":"hide","_tbt_post_feature_position":"","_tbt_post_header":false,"_tbt_post_footer":false,"_mc_calendar":[]},"class_list":["post-16425","page","type-page","status-publish","hentry"],"aioseo_notices":[],"_links":{"self":[{"href":"https:\/\/iidsech.com\/index.php\/wp-json\/wp\/v2\/pages\/16425","targetHints":{"allow":["GET"]}}],"collection":[{"href":"https:\/\/iidsech.com\/index.php\/wp-json\/wp\/v2\/pages"}],"about":[{"href":"https:\/\/iidsech.com\/index.php\/wp-json\/wp\/v2\/types\/page"}],"author":[{"embeddable":true,"href":"https:\/\/iidsech.com\/index.php\/wp-json\/wp\/v2\/users\/1"}],"replies":[{"embeddable":true,"href":"https:\/\/iidsech.com\/index.php\/wp-json\/wp\/v2\/comments?post=16425"}],"version-history":[{"count":4,"href":"https:\/\/iidsech.com\/index.php\/wp-json\/wp\/v2\/pages\/16425\/revisions"}],"predecessor-version":[{"id":16429,"href":"https:\/\/iidsech.com\/index.php\/wp-json\/wp\/v2\/pages\/16425\/revisions\/16429"}],"up":[{"embeddable":true,"href":"https:\/\/iidsech.com\/index.php\/wp-json\/wp\/v2\/pages\/9097"}],"wp:attachment":[{"href":"https:\/\/iidsech.com\/index.php\/wp-json\/wp\/v2\/media?parent=16425"}],"curies":[{"name":"wp","href":"https:\/\/api.w.org\/{rel}","templated":true}]}}