{"id":16407,"date":"2025-07-26T01:11:48","date_gmt":"2025-07-26T07:11:48","guid":{"rendered":"https:\/\/iidsech.com\/?page_id=16407"},"modified":"2025-07-26T01:14:57","modified_gmt":"2025-07-26T07:14:57","slug":"el-milenio-2","status":"publish","type":"page","link":"https:\/\/iidsech.com\/index.php\/estudios_base\/el-milenio-2\/","title":{"rendered":"El Milenio"},"content":{"rendered":"\t\t<div data-elementor-type=\"wp-page\" data-elementor-id=\"16407\" class=\"elementor elementor-16407\">\n\t\t\t\t\t\t<div class=\"elementor-section elementor-top-section elementor-element elementor-element-346406e videothumb elementor-section-stretched elementor-section-boxed elementor-section-height-default elementor-section-height-default\" data-id=\"346406e\" data-element_type=\"section\" data-e-type=\"section\" data-settings=\"{&quot;stretch_section&quot;:&quot;section-stretched&quot;,&quot;background_background&quot;:&quot;classic&quot;}\">\n\t\t\t\t\t\t<div class=\"elementor-container elementor-column-gap-default\">\n\t\t\t\t\t<div class=\"elementor-column elementor-col-100 elementor-top-column elementor-element elementor-element-1246ba2\" data-id=\"1246ba2\" data-element_type=\"column\" data-e-type=\"column\">\n\t\t\t<div class=\"elementor-widget-wrap elementor-element-populated\">\n\t\t\t\t\t\t<div class=\"elementor-section elementor-inner-section elementor-element elementor-element-71182e2 elementor-section-full_width elementor-section-height-default elementor-section-height-default\" data-id=\"71182e2\" data-element_type=\"section\" data-e-type=\"section\">\n\t\t\t\t\t\t<div class=\"elementor-container elementor-column-gap-no\">\n\t\t\t\t\t<div class=\"elementor-column elementor-col-100 elementor-inner-column elementor-element elementor-element-2ab3072\" data-id=\"2ab3072\" data-element_type=\"column\" data-e-type=\"column\" data-settings=\"{&quot;background_background&quot;:&quot;classic&quot;}\">\n\t\t\t<div class=\"elementor-widget-wrap elementor-element-populated\">\n\t\t\t\t\t\t<div class=\"elementor-element elementor-element-d4808f1 elementor-position-top elementor-invisible elementor-widget elementor-widget-image-box\" data-id=\"d4808f1\" data-element_type=\"widget\" data-e-type=\"widget\" data-settings=\"{&quot;_animation&quot;:&quot;slideInDown&quot;}\" data-widget_type=\"image-box.default\">\n\t\t\t\t<div class=\"elementor-widget-container\">\n\t\t\t\t\t<div class=\"elementor-image-box-wrapper\"><figure class=\"elementor-image-box-img\"><img fetchpriority=\"high\" decoding=\"async\" width=\"849\" height=\"477\" src=\"https:\/\/iidsech.com\/wp-content\/uploads\/2023\/07\/milenio.jpg\" class=\"elementor-animation-skew-forward attachment-full size-full wp-image-13403\" alt=\"\" srcset=\"https:\/\/iidsech.com\/wp-content\/uploads\/2023\/07\/milenio.jpg 849w, https:\/\/iidsech.com\/wp-content\/uploads\/2023\/07\/milenio-600x337.jpg 600w, https:\/\/iidsech.com\/wp-content\/uploads\/2023\/07\/milenio-300x169.jpg 300w, https:\/\/iidsech.com\/wp-content\/uploads\/2023\/07\/milenio-768x431.jpg 768w\" sizes=\"(max-width: 849px) 100vw, 849px\" \/><\/figure><div class=\"elementor-image-box-content\"><h1 class=\"elementor-image-box-title\">El Milenio<\/h1><p class=\"elementor-image-box-description\">Realizado Por: <font color=\"#dea447\">Min. A. Rub\u00e9n Romero M.<\/font> \nCategor\u00eda: <span style=\"color:#000000\"><a href=\"https:\/\/iidsech.com\/index.php\/estudios_base\/\">Base doctrinal<\/a>.<\/span> Fecha:<span style=\"color:#dea447\">  Feb, 2017<\/span><\/p><\/div><\/div>\t\t\t\t<\/div>\n\t\t\t\t<\/div>\n\t\t\t\t\t<\/div>\n\t\t<\/div>\n\t\t\t\t\t<\/div>\n\t\t<\/div>\n\t\t\t\t\t<\/div>\n\t\t<\/div>\n\t\t\t\t\t<\/div>\n\t\t<\/div>\n\t\t\t\t<section class=\"elementor-section elementor-top-section elementor-element elementor-element-fbc7992 elementor-section-boxed elementor-section-height-default elementor-section-height-default\" data-id=\"fbc7992\" data-element_type=\"section\" data-e-type=\"section\">\n\t\t\t\t\t\t<div class=\"elementor-container elementor-column-gap-default\">\n\t\t\t\t\t<div class=\"elementor-column elementor-col-100 elementor-top-column elementor-element elementor-element-d81a8cb\" data-id=\"d81a8cb\" data-element_type=\"column\" data-e-type=\"column\">\n\t\t\t<div class=\"elementor-widget-wrap elementor-element-populated\">\n\t\t\t\t\t\t<div class=\"elementor-element elementor-element-f277c3d elementor-widget elementor-widget-text-editor\" data-id=\"f277c3d\" data-element_type=\"widget\" data-e-type=\"widget\" data-widget_type=\"text-editor.default\">\n\t\t\t\t<div class=\"elementor-widget-container\">\n\t\t\t\t\t\t\t\t\t<p><span style=\"color: #000000;\">INTRODUCCI\u00d3N<\/span><\/p><p>Muchos cuentan acerca del milenio como el reino de Jesucristo al cual cualquiera puede tener derecho a disfrutar de el, solo con creer en Cristo y llamarse cristiano. Lo que muchos desconocen es que ni Cristo es cristiano ni el reino es una promesa para el cristianismo; ya que la promesa de un reino celestial fue hecha al pueblo de Israel, pero como esto fue en el inicio la gente se preocup\u00f3 m\u00e1s por ocupar el lugar del pueblo de Dios como la Iglesia de Dios, que el guardar los mandamientos que los llevar\u00edan a conseguirlo.<\/p><p>Lo que no pueden comprender es que cuando Cristo venga no va a buscar o defender a los gentiles o los cristianos sino a luchar por su pueblo no por su Iglesia.\u00a0<\/p><p>A todo esto, se le puede agregar que si bien el reino esta descrito en la Biblia, este no es un inicio para la historia del cristianismo sino un acontecimiento m\u00e1s ligado a la historia de Israel. Por esta raz\u00f3n surgen preguntas como:\u00a0<\/p><ul><li>\u00bfComo dar\u00e1 inicio el reino de los mil a\u00f1os?\u00a0<\/li><li>\u00bfQui\u00e9nes entraran y en qu\u00e9 orden?\u00a0<\/li><li>\u00bfComo y a quien llega Jes\u00fas?\u00a0<\/li><li>\u00bfQui\u00e9n y c\u00f3mo describe al reino de los mil a\u00f1os?\u00a0<\/li><li>\u00bfComo empiezan y como terminan estos mil a\u00f1os?\u00a0<\/li><li>\u00bfQu\u00e9 hay despu\u00e9s de estos mil a\u00f1os?<\/li><\/ul><p><strong>DESARROLLO DEL TEMA<\/strong><\/p><ol><li>Para poder tener una mejor idea de lo que es el milenio tenemos que analizar en la sagrada escritura 2 citas o porciones b\u00edblicas, que nos encaminaran por la ruta de la verdad.<\/li><\/ol><ul><li>DEUTERONOMIO 1-26-31<\/li><li>LEV\u00cdTICOS 26-13-24\u00a0<\/li><\/ul><p>De acuerdo con estas dos citas, encontramos que el desarrollo prof\u00e9tico e hist\u00f3rico de Israel nos muestra los siguientes aspectos que hay que considerar en todo el peregrinaje del pueblo santo entre las naciones de la tierra:<\/p><ol><li>La di\u00e1spora universal.\u00a0<\/li><li>La persecuci\u00f3n y conversi\u00f3n que los obligar\u00eda a inclinarse a la madera y la piedra.\u00a0<\/li><\/ol><p>Que al final de la persecuci\u00f3n no ser\u00edan totalmente destruidos.<\/p><ol start=\"2\"><li>De acuerdo con el texto b\u00edblico para que se diera la persecuci\u00f3n era menester que el pueblo fuera desobediente al pacto hecho con el Eterno:<\/li><\/ol><ul><li>\u00c9XODO 32:7 \u2013 9<\/li><li>JUECES 2:10 \u2013 13\u00a0<\/li><li>2 CR\u00d3NICAS 36:14 \u2013 20\u00a0<\/li><\/ul><ol start=\"3\"><li>En cuesti\u00f3n de cronolog\u00eda siempre habr\u00e1 opiniones contrarias. Tomaremos el a\u00f1o 606 como el principio del castigo, y el profeta Daniel escribe de manera magistral los acontecimientos hasta el \u2026\u2026\u2026\u2026\u2026..<\/li><\/ol><ul><li>DANIEL 7=14\u00a0<\/li><li>DANIEL 2=31-45<\/li><\/ul><ol start=\"4\"><li>En los d\u00edas del cuarto imperio, el imperio romano, el Salvador llego al pueblo Santo para ense\u00f1arle a huir del pecado y obedecer a la ley que los santificaba.<\/li><\/ol><ul><li>MATEO 1:21<\/li><li>MARCOS 12:28 \u2013 31<\/li><li>MATEO 5:17 \u2013 19\u00a0<\/li><\/ul><ol start=\"5\"><li>Tambi\u00e9n les record\u00f3 el Se\u00f1or, que a partir de la cat\u00e1strofe se\u00f1alada por el profeta Daniel se dar\u00eda en el pueblo la di\u00e1spora universal.\u00a0<\/li><\/ol><ul><li>LUCAS 21-20-24\u00a0<\/li><li>MATEO 24=15\u00a0<\/li><\/ul><ol start=\"6\"><li>De acuerdo con la sagrada escritura, el desarrollo prof\u00e9tico e hist\u00f3rico del pueblo de Israel, primeramente, estar\u00eda bajo el dominio del imperio Romano y cuando este le diera el poder a la Iglesia Romana, est\u00e1 se encargar\u00eda de su persecuci\u00f3n y muerte.\u00a0<\/li><\/ol><ul><li>APOCALIPSIS 13:1 \u2013 8; 17:1 \u2013 6 \u00a0<\/li><\/ul><ol start=\"7\"><li>Es durante el ascenso de la Iglesia Romana, que se hace m\u00e1s notable la persecuci\u00f3n del pueblo de Israel cuya duraci\u00f3n seria de 1260 a\u00f1os, y est\u00e1 dar\u00eda fiel cumplimiento a Deuteronomio 4:26 ya que en pa\u00edses como Espa\u00f1a y Portugal se les obligar\u00eda a la conversi\u00f3n, para que se arrodillaran delante de la piedra, la madera y el metal.<\/li><\/ol><ul><li>APOCALIPSIS 13:1 \u2013 5 \u00a0<\/li><li>DANIEL 7:23 \u2013 25<\/li><\/ul><ol start=\"8\"><li>Conviene tener en la mente algunos datos que la historia del bendito pueblo de Israel sufri\u00f3 y que conforma ese largo tiempo fue se\u00f1alado por el Eterno que:<\/li><\/ol><ul><li>A\u00f1o 606 A.C. Principia la di\u00e1spora Babilonia A\u00f1o 457. Sale el edicto para restaurar Jerusal\u00e9n\u00a0<\/li><li>A\u00f1o 26 D.C. Principia el Ministerio de Jesucristo A\u00f1o 30 D.C. Muere Jesucristo\u00a0<\/li><li>A\u00f1o 70 D.C. Destrucci\u00f3n del 20 Templo.<\/li><li>A\u00f1o 74 D.C. Rebeli\u00f3n de Mazada.\u00a0<\/li><li>A\u00f1o 135 D.C. Rebeli\u00f3n de Bar Kojba.\u00a0<\/li><li>A\u00f1o 135-315 D.C. Persecuci\u00f3n imperial de jud\u00edos y cristianos.\u00a0<\/li><li>A\u00f1o 315-423 D.C. Persecuci\u00f3n de los emperadores convertidos al cristianismo contra el pueblo jud\u00edo.\u00a0<\/li><li>A\u00f1o 590-604 D.C. Teolog\u00eda contra el pueblo jud\u00edo de Greorio Y\u00a0<\/li><li>A\u00f1o 1096 D.C. Matanzas de Jud\u00edos por las Cruzadas.\u00a0<\/li><li>A\u00f1o 1393-1492 D.C. Conversiones y Expulsiones de Espa\u00f1a.\u00a0<\/li><li>A\u00f1o 1517-1523 D. C. Cambio de Opini\u00f3n de Martin Lutero, que culmina con una doctrina de odio y muerte para el pueblo jud\u00edo.\u00a0<\/li><li>A\u00f1o 1870-1917 D.C. Persecuci\u00f3n Rusa por los Zares.\u00a0<\/li><li>A\u00f1o 1914-1919 D.C. La primera guerra mundial; en el final de esta se libera la tierra de Israel del dominio turco y pasa a la administraci\u00f3n brit\u00e1nica.\u00a0<\/li><li>A\u00f1o 1939-1945 D.C. La segunda guerra mundial en la cual mueren 6 millones de jud\u00edos en llamado holocausto nazi.\u00a0<\/li><li>A\u00f1o 1948 D.C. Creaci\u00f3n del Estado de Israel.\u00a0<\/li><\/ul><p>Conforme a la Sagrada Escritura la creaci\u00f3n del estado jud\u00edo nos lleva al cumplimiento de la profec\u00eda de AMOS 9:13 \u2013 15. En esta profec\u00eda se nos dice que el pueblo no podr\u00e1 ser desarraigado y vemos como en los a\u00f1os de 1967 y 1971, en las llamadas guerras de los 6 d\u00edas y del Yom-Kipur el pueblo bendito sale vencedor.<\/p><ol start=\"9\"><li>Hasta aqu\u00ed cabe hacer una reflexi\u00f3n: el hilo hist\u00f3rico y prof\u00e9tico del bendito pueblo de Israel y de todos los pueblos de la tierra, est\u00e1n bien fundamentados tanto por la Biblia como por la historia; \u00bfluego en qu\u00e9 momento de la historia la famosa Iglesia de Dios corta el hilo y se coloca en el lugar del pueblo Santo? Desde los d\u00edas de Arrio, de los albigenses, de los valdenses, de la Iglesia Anglicana y sus diversas sectas tratan de encontrar apoyo y continuidad hist\u00f3rica pero la verdad es que solamente tienen leyendas fantasiosas.\u00a0<\/li><\/ol><p>Ahora pues la historia solamente ha avanzado hasta este 1996, veamos pues en la profec\u00eda lo que todav\u00eda nos depara:<\/p><ol><li>El recogimiento del pueblo bendito.<\/li><\/ol><ul><li>EZEQUIEL 36:22 \u2013 28<\/li><\/ul><ol><li>El otorgamiento del poder universal para la bestia apocal\u00edptica.\u00a0<\/li><\/ol><ul><li>APOCALIPSIS 17:11\u00a0<\/li><\/ul><ol><li>La lucha de este poder contra el gobierno.\u00a0<\/li><\/ol><ul><li>APOCALIPSIS 17:14 \u2013 18<\/li><\/ul><ol><li>El se\u00f1alamiento de la lucha del cordero por su pueblo Israel.\u00a0<\/li><\/ol><ul><li>ZACARIAS 12:1 \u2013 3, 10<\/li><li>ZACARIAS 14:1 \u2013 3\u00a0<\/li><\/ul><ol start=\"10\"><li>Despu\u00e9s de la lucha cuando el Se\u00f1or gobierne en el monte santo, mandara a sus \u00e1ngeles para recoger a los que ser\u00e1n reconocidos como verdadera Iglesia de Dios, los cuales ser\u00e1n transportados por los \u00e1ngeles del Se\u00f1or.\u00a0<\/li><\/ol><ul><li>MATEO 24-30-31\u00a0<\/li><li>1 CORINTIOS 15-51-58\u00a0<\/li><\/ul><ol start=\"11\"><li>Es en esta parte de la sagrada escritura donde el Ap\u00f3stol Juan se\u00f1ala el tiempo del reinado del Se\u00f1or.\u00a0<\/li><\/ol><ul><li>APOCALIPSIS 20=4-6\u00a0<\/li><\/ul><ol start=\"12\"><li>Tambi\u00e9n se define con claridad como ser\u00e1 el gobierno del Se\u00f1or.\u00a0<\/li><\/ol><ul><li>ISAIAS 2-1-4\u00a0<\/li><\/ul><ol start=\"13\"><li>Cuando los mil a\u00f1os finalicen todos los imp\u00edos ser\u00e1n consumidos por el fuego y el Se\u00f1or entregara el reino al Padre Celestial.\u00a0<\/li><\/ol><ul><li>1 CORINTIOS 15-22-23\u00a0<\/li><li>APOCALIPSIS 20-7-10\u00a0<\/li><\/ul><p>Finalmente diremos que el libro de la revelaci\u00f3n nos presenta dos resurrecciones, pero muchas opiniones que no tienen un buen fundamento b\u00edblico nos hablan de una tercera resurrecci\u00f3n por ejemplo para evangelizar a los que no oyeron de Cristo, pero la escritura dice:<\/p><p><em>&#8220;Porque cuando los gentiles que no tienen ley hacen por naturaleza lo que es de la ley, estos, aunque no tengan ley, son ley para s\u00ed mismos&#8221;<\/em><\/p><p><em>\u00a0<\/em><\/p><p>Mostrando la obra de la ley escrita en sus corazones, dando testimonio su conciencia, y acus\u00e1ndolos o defendi\u00e9ndolos sus razonamientos.\u00a0<\/p><ul><li>ROMANOS 2-14-15<\/li><\/ul><p>Debemos recordar que durante los mil a\u00f1os est\u00e1n en sus naciones los pueblos o sea el remanente de los que subieron a luchar contra el pueblo Santo y en estos se cumplir\u00e1 lo que dice Isa\u00edas respecto de ni\u00f1o y del pecador.<\/p>\t\t\t\t\t\t\t\t<\/div>\n\t\t\t\t<\/div>\n\t\t\t\t\t<\/div>\n\t\t<\/div>\n\t\t\t\t\t<\/div>\n\t\t<\/section>\n\t\t\t\t<section class=\"elementor-section elementor-top-section elementor-element elementor-element-470d991 elementor-section-boxed elementor-section-height-default elementor-section-height-default\" data-id=\"470d991\" data-element_type=\"section\" data-e-type=\"section\">\n\t\t\t\t\t\t<div class=\"elementor-container elementor-column-gap-default\">\n\t\t\t\t\t<div class=\"elementor-column elementor-col-100 elementor-top-column elementor-element elementor-element-4f1b7f2\" data-id=\"4f1b7f2\" data-element_type=\"column\" data-e-type=\"column\">\n\t\t\t<div class=\"elementor-widget-wrap elementor-element-populated\">\n\t\t\t\t\t\t<div class=\"elementor-element elementor-element-4b2fa37 elementor-align-center elementor-widget elementor-widget-button\" data-id=\"4b2fa37\" data-element_type=\"widget\" data-e-type=\"widget\" data-widget_type=\"button.default\">\n\t\t\t\t<div class=\"elementor-widget-container\">\n\t\t\t\t\t\t\t\t\t<div class=\"elementor-button-wrapper\">\n\t\t\t\t\t<a class=\"elementor-button elementor-button-link elementor-size-sm\" href=\"https:\/\/iidsech.com\/index.php\/estudios_base\/\">\n\t\t\t\t\t\t<span class=\"elementor-button-content-wrapper\">\n\t\t\t\t\t\t<span class=\"elementor-button-icon\">\n\t\t\t\t<i aria-hidden=\"true\" class=\"fas fa-angle-double-left\"><\/i>\t\t\t<\/span>\n\t\t\t\t\t\t\t\t\t<span class=\"elementor-button-text\">REGRESAR<\/span>\n\t\t\t\t\t<\/span>\n\t\t\t\t\t<\/a>\n\t\t\t\t<\/div>\n\t\t\t\t\t\t\t\t<\/div>\n\t\t\t\t<\/div>\n\t\t\t\t\t<\/div>\n\t\t<\/div>\n\t\t\t\t\t<\/div>\n\t\t<\/section>\n\t\t\t\t<\/div>\n\t\t","protected":false},"excerpt":{"rendered":"<p>El Milenio Realizado Por: Min. A. Rub\u00e9n Romero M. Categor\u00eda: Base doctrinal. Fecha: Feb, 2017 INTRODUCCI\u00d3N Muchos cuentan acerca del milenio como el reino de Jesucristo al cual cualquiera puede tener derecho a disfrutar de el, solo con creer en Cristo y llamarse cristiano. Lo que muchos desconocen es que ni Cristo es cristiano ni&#8230;<\/p>\n","protected":false},"author":1,"featured_media":0,"parent":9097,"menu_order":0,"comment_status":"closed","ping_status":"closed","template":"elementor_header_footer","meta":{"om_disable_all_campaigns":false,"_tbt_post_transparent":"","_tbt_post_title":"default","_tbt_post_layout":"default","_tbt_post_sidebar_id":"","_tbt_post_content_style":"unboxed","_tbt_post_vertical_padding":"hide","_tbt_post_feature":"hide","_tbt_post_feature_position":"","_tbt_post_header":false,"_tbt_post_footer":false,"_mc_calendar":[]},"class_list":["post-16407","page","type-page","status-publish","hentry"],"aioseo_notices":[],"_links":{"self":[{"href":"https:\/\/iidsech.com\/index.php\/wp-json\/wp\/v2\/pages\/16407","targetHints":{"allow":["GET"]}}],"collection":[{"href":"https:\/\/iidsech.com\/index.php\/wp-json\/wp\/v2\/pages"}],"about":[{"href":"https:\/\/iidsech.com\/index.php\/wp-json\/wp\/v2\/types\/page"}],"author":[{"embeddable":true,"href":"https:\/\/iidsech.com\/index.php\/wp-json\/wp\/v2\/users\/1"}],"replies":[{"embeddable":true,"href":"https:\/\/iidsech.com\/index.php\/wp-json\/wp\/v2\/comments?post=16407"}],"version-history":[{"count":4,"href":"https:\/\/iidsech.com\/index.php\/wp-json\/wp\/v2\/pages\/16407\/revisions"}],"predecessor-version":[{"id":16411,"href":"https:\/\/iidsech.com\/index.php\/wp-json\/wp\/v2\/pages\/16407\/revisions\/16411"}],"up":[{"embeddable":true,"href":"https:\/\/iidsech.com\/index.php\/wp-json\/wp\/v2\/pages\/9097"}],"wp:attachment":[{"href":"https:\/\/iidsech.com\/index.php\/wp-json\/wp\/v2\/media?parent=16407"}],"curies":[{"name":"wp","href":"https:\/\/api.w.org\/{rel}","templated":true}]}}