{"id":16376,"date":"2025-07-26T00:48:23","date_gmt":"2025-07-26T06:48:23","guid":{"rendered":"https:\/\/iidsech.com\/?page_id=16376"},"modified":"2025-07-26T02:08:11","modified_gmt":"2025-07-26T08:08:11","slug":"semillas-3","status":"publish","type":"page","link":"https:\/\/iidsech.com\/index.php\/estudios_base\/semillas-3\/","title":{"rendered":"Semillas"},"content":{"rendered":"\t\t<div data-elementor-type=\"wp-page\" data-elementor-id=\"16376\" class=\"elementor elementor-16376\">\n\t\t\t\t\t\t<div class=\"elementor-section elementor-top-section elementor-element elementor-element-346406e videothumb elementor-section-stretched elementor-section-boxed elementor-section-height-default elementor-section-height-default\" data-id=\"346406e\" data-element_type=\"section\" data-e-type=\"section\" data-settings=\"{&quot;stretch_section&quot;:&quot;section-stretched&quot;,&quot;background_background&quot;:&quot;classic&quot;}\">\n\t\t\t\t\t\t<div class=\"elementor-container elementor-column-gap-default\">\n\t\t\t\t\t<div class=\"elementor-column elementor-col-100 elementor-top-column elementor-element elementor-element-1246ba2\" data-id=\"1246ba2\" data-element_type=\"column\" data-e-type=\"column\">\n\t\t\t<div class=\"elementor-widget-wrap elementor-element-populated\">\n\t\t\t\t\t\t<div class=\"elementor-section elementor-inner-section elementor-element elementor-element-71182e2 elementor-section-full_width elementor-section-height-default elementor-section-height-default\" data-id=\"71182e2\" data-element_type=\"section\" data-e-type=\"section\">\n\t\t\t\t\t\t<div class=\"elementor-container elementor-column-gap-no\">\n\t\t\t\t\t<div class=\"elementor-column elementor-col-100 elementor-inner-column elementor-element elementor-element-2ab3072\" data-id=\"2ab3072\" data-element_type=\"column\" data-e-type=\"column\" data-settings=\"{&quot;background_background&quot;:&quot;classic&quot;}\">\n\t\t\t<div class=\"elementor-widget-wrap elementor-element-populated\">\n\t\t\t\t\t\t<div class=\"elementor-element elementor-element-d4808f1 elementor-position-top elementor-invisible elementor-widget elementor-widget-image-box\" data-id=\"d4808f1\" data-element_type=\"widget\" data-e-type=\"widget\" data-settings=\"{&quot;_animation&quot;:&quot;slideInDown&quot;}\" data-widget_type=\"image-box.default\">\n\t\t\t\t<div class=\"elementor-widget-container\">\n\t\t\t\t\t<div class=\"elementor-image-box-wrapper\"><figure class=\"elementor-image-box-img\"><img fetchpriority=\"high\" decoding=\"async\" width=\"1280\" height=\"500\" src=\"https:\/\/iidsech.com\/wp-content\/uploads\/2023\/06\/semillas_banner9.jpg\" class=\"elementor-animation-skew-forward attachment-full size-full wp-image-13091\" alt=\"\" srcset=\"https:\/\/iidsech.com\/wp-content\/uploads\/2023\/06\/semillas_banner9.jpg 1280w, https:\/\/iidsech.com\/wp-content\/uploads\/2023\/06\/semillas_banner9-600x234.jpg 600w, https:\/\/iidsech.com\/wp-content\/uploads\/2023\/06\/semillas_banner9-300x117.jpg 300w, https:\/\/iidsech.com\/wp-content\/uploads\/2023\/06\/semillas_banner9-1024x400.jpg 1024w, https:\/\/iidsech.com\/wp-content\/uploads\/2023\/06\/semillas_banner9-768x300.jpg 768w\" sizes=\"(max-width: 1280px) 100vw, 1280px\" \/><\/figure><div class=\"elementor-image-box-content\"><h1 class=\"elementor-image-box-title\">SEMILLAS<\/h1><p class=\"elementor-image-box-description\">Realizado Por: <font color=\"#dea447\">Min. A. Rub\u00e9n Romero M.<\/font> \nCategor\u00eda: <span style=\"color:#000000\"><a href=\"https:\/\/iidsech.com\/index.php\/estudios_base\/\">Base doctrinal<\/a>.<\/span> Fecha:<span style=\"color:#dea447\">  Feb, 2017<\/span><\/p><\/div><\/div>\t\t\t\t<\/div>\n\t\t\t\t<\/div>\n\t\t\t\t\t<\/div>\n\t\t<\/div>\n\t\t\t\t\t<\/div>\n\t\t<\/div>\n\t\t\t\t\t<\/div>\n\t\t<\/div>\n\t\t\t\t\t<\/div>\n\t\t<\/div>\n\t\t\t\t<section class=\"elementor-section elementor-top-section elementor-element elementor-element-fbc7992 elementor-section-boxed elementor-section-height-default elementor-section-height-default\" data-id=\"fbc7992\" data-element_type=\"section\" data-e-type=\"section\">\n\t\t\t\t\t\t<div class=\"elementor-container elementor-column-gap-default\">\n\t\t\t\t\t<div class=\"elementor-column elementor-col-100 elementor-top-column elementor-element elementor-element-d81a8cb\" data-id=\"d81a8cb\" data-element_type=\"column\" data-e-type=\"column\">\n\t\t\t<div class=\"elementor-widget-wrap elementor-element-populated\">\n\t\t\t\t\t\t<div class=\"elementor-element elementor-element-f277c3d elementor-widget elementor-widget-text-editor\" data-id=\"f277c3d\" data-element_type=\"widget\" data-e-type=\"widget\" data-widget_type=\"text-editor.default\">\n\t\t\t\t<div class=\"elementor-widget-container\">\n\t\t\t\t\t\t\t\t\t<h4>INTRODUCCI\u00d3N<\/h4><p>A trav\u00e9s de los a\u00f1os mucho se habla y mucho se busca para explicar acerca de la verdadera religi\u00f3n. \u00bfPor qu\u00e9 buscar algo nuevo o distinto a lo que est\u00e1 escrito en las sagradas escrituras? El mismo Jes\u00fas dijo: &#8220;Escudri\u00f1ad las escrituras, porque a vosotros os parece que en ellas ten\u00e9is la vida eterna; y ellas son las que dan testimonio de mi&#8221; <b>Juan 5:39 <\/b>. Cuando Jes\u00fas hablaba de las escrituras, se refer\u00eda a los Salmos, Los profetas y la Ley.<\/p><p>Cada punto de este estudio nos habla no solamente del tiempo ni de los grandes sucesos; si no de los grandes compromisos que surgieron en ese momento. Jes\u00fas nos vino a ense\u00f1ar que el prop\u00f3sito que se tuvo cuando se hizo el pacto entre el pueblo de Israel y Dios, es el mismo del cual ahora se nos habla. \u201cEstar inscritos en el libro de la vida&#8221;.<\/p><p>Por esta raz\u00f3n, de una manera simple y sencilla; sin necesidad de mucha ciencia, se presenta este estudio para que la persona que lo lea entienda el mensaje de Dios y su hijo Jesucristo que desde siempre ha sido: &#8220;Que el que le busca, necesita guardar sus mandamientos para as\u00ed apartarse del pecado&#8221;<\/p><h4>ISRAEL<\/h4><p>Indudablemente que la vida del patriarca Abraham es la que nos hace entender como el g\u00e9nero humano conoci\u00f3 al Dios \u00fanico. Abraham y sus descendientes, fueron los primeros en ser guiados por un solo Dios. Esto se deja ver en la forma de vida que llevan a trav\u00e9s de su existencia. Abraham engendro a Isaac e Isaac engendro a Jacob, el cual engendra doce hijos que posteriormente formar\u00edan el pueblo de Israel. Jos\u00e9 el primog\u00e9nito de la mujer amada de Jacob (Rachel) es vendido por sus hermanos y en Egipto, llega a ser gran se\u00f1or por lo que pasado el tiempo se cumplen sus sue\u00f1os y da abrigo, alimento y protecci\u00f3n a su familia. Una vez multiplicados, son reducidos a la esclavitud y despu\u00e9s de cientos de a\u00f1os Mois\u00e9s el profeta de Dios, los saca de Egipto para conducirlos al pie del monte Sina\u00ed.<\/p><p>Un an\u00e1lisis de la sagrada escritura nos hace saber que los muchos a\u00f1os de vida entre los egipcios hab\u00edan hecho que ellos se contaminaran con sus costumbres de idolatr\u00eda y contaminaci\u00f3n carnal. Misma que exist\u00eda en las tribus cananeas en las cuales habitar\u00edan. Los cultos egipcios y cananeos estaban saturados de pr\u00e1cticas sexuales, idol\u00e1tricas y abominables.<b> \u00c9xodo 34:12-16, Lev\u00edtico 18:1-30 y Ezequiel 20:5-9<\/b><\/p><h4>SINA\u00cd<\/h4><p>El prop\u00f3sito divino de llevar a los hijos de Israel al pie del monte Sina\u00ed fue el de hacerles o\u00edr su voz, y as\u00ed limpiarlos y santificarlos con su pacto.<b> \u00c9xodo 19:5-6<\/b><br \/>Al hablarles de viva voz, les da los diez mandamientos; pero al no poder resistir el pueblo su voz a causa del miedo les es imposible escuchar el resto de las ordenanzas divinas, las cuales son dadas a Mois\u00e9s, que contienen los derechos que se encuentran en el cap\u00edtulo 21, 22 y 23 de \u00c9xodo. Dentro de estos derechos, encontramos la ordenanza de celebrar<br \/>tres fiestas anuales.<b> \u00c9xodo 23:14-17 y Nehem\u00edas 9:13-14<\/b><\/p><h4>PECADO<\/h4><p>La presencia de Mois\u00e9s delante del Eterno por 40 d\u00edas y 40 noches nos presenta un hecho que lo destaca. Se le da la ordenanza de edificar un tabern\u00e1culo y consecuentemente la de constituir un sacerdocio, pero al estar ya casi para concluir la presencia de Mois\u00e9s ante el Alt\u00edsimo, el pueblo ya se hab\u00eda entregado a un culto idol\u00e1trico aprendido en Egipto. este consist\u00eda como dice la escritura en comer beber y fornicar delante de aquellos \u00eddolos.<br \/>Mois\u00e9s trata de conseguir el perd\u00f3n para el pueblo, ya que el Eterno hab\u00eda mencionado que los iba a destruir totalmente. Pero en su clemencia, los perdona y a su tiempo el juicio ser\u00e1 llevado a cabo por su pecado. <b>\u00c9xodo 32:30-35, Ezequiel 20:10-14 y Nehem\u00edas 9:16<\/b><\/p><h4>JES\u00daS<\/h4><p>Analizando la historia del pueblo de Israel, nos damos cuenta que el pecado siempre estuvo cerca de ellos, existiendo siempre las excepciones (reliquias) de aquellos hombres santos, llenos del esp\u00edritu de Dios.<br \/>Mois\u00e9s en su momento, les hablo de la aparici\u00f3n entre los hijos de Israel de un profeta al cual el pueblo oir\u00eda. <b>Deuteronomio 18:18<\/b>. Este ser anunciado por los profetas y nacido del seno de una virgen llamada, Miriam (Mar\u00eda) oy\u00f3 del \u00e1ngel Gabriel que se llamar\u00eda Jes\u00fas, que quiere decir &#8220;Salvador&#8221; Ya que este salvar\u00eda a su pueblo de sus pecados. <b>Lucas 1:26-33 y Mateo 1:18-2<\/b><\/p><h4>EVANGELIO<\/h4><p>Jes\u00fas de Nazaret naci\u00f3 y vivi\u00f3 con apego a la ley de Dios, guardando todas las ordenanzas que el pueblo hab\u00eda dicho que observar\u00edan el d\u00eda del pacto al pie del monte Sina\u00ed. Jes\u00fas mismo dijo: &#8220;No pens\u00e9is que vine para abrogar la ley si no a cumplirla&#8221; La transgresi\u00f3n de la ley es el pecado, as\u00ed lo dice <b>1a Juan 3:4<\/b>.<br \/>Con palabras amorosas, persuadi\u00e9ndoles de huir de pecado, Jes\u00fas llego al final de su vida y al tercer d\u00eda resucito, despu\u00e9s llega a sus disc\u00edpulos para decirles que ense\u00f1en el evangelio a toda criatura. \u00bfCu\u00e1l era ese evangelio?<br \/>Tendr\u00edamos que buscar que es el evangelio y como se evangelizo a los hombres del ayer. Veamos lo que la escritura nos dice respecto a Abraham. <b>G\u00e1latas 3:8, G\u00e9nesis 26:5 y Salmos 67:7-11<\/b>. Los cuales, una vez le\u00eddos, nos llevan al conocimiento de que el evangelio es: &#8220;O\u00edr la voz de Dios para guardar sus leyes, mandamientos, estatutos y preceptos&#8221;<\/p><h4>BAUTISMO<\/h4><p>Consideramos que el hombre por naturaleza se convierte en un transgresor de los mandamientos, ya sea por ignorancia o por maldad. Una vez entendido el evangelio, y creyendo lo que dice la escritura; estaremos cumpliendo con lo que dijo el maestro: &#8220;El que creyere y fuere bautizado, ser\u00e1 salvo; m\u00e1s el que no creyere, ser\u00e1 condenado&#8221;<b> Marcos 16:16<\/b><br \/>\u00bfCu\u00e1l es entonces el prop\u00f3sito del bautizo que Jes\u00fas ordena? &#8220;Sabiendo esto, que nuestro viejo hombre juntamente fue crucificado con el para que el cuerpo del pecado sea deshecho, a fin de que no sirvamos m\u00e1s al pecado&#8221; Romanos 6:6. Tambi\u00e9n el ap\u00f3stol Juan nos recomienda: &#8220;Hijitos, no os enga\u00f1e ninguno: el que hace justicia, es justo, como \u00e9l tambi\u00e9n es justo. El que hace pecado, es del diablo; porque el diablo peca desde el principio. Para esto apareci\u00f3 el hijo de Dios, para deshacer las obras del diablo. Cualquiera que es nacido de Dios, no hace pecado, porque su simiente est\u00e1 en \u00e9l; y no puede pecar, porque es nacido de Dios&#8221; <b>1a Juan 3:7-9<\/b><\/p><h4>LIBRO DE LA VIDA<\/h4><p>Cuando Mois\u00e9s retorna a la presencia del Eterno y pide perd\u00f3n para el pueblo, ruega a Dios y le pide: &#8221; Perdona su pecado, si no; r\u00e1eme de tu libro que has escrito&#8221;. La voz del Eterno le dijo: &#8220;Al que pecare contra m\u00ed, a este raer\u00e9 yo de mi libro&#8221; <b>\u00c9xodo 32:31 y 33.<\/b><br \/>Dios no quiere la muerte del imp\u00edo, as\u00ed que el trabajo de salvaci\u00f3n del hijo de Dios para su pueblo y para todos los pueblos de la tierra es que todos quedemos inscritos en el libro de la vida por medio de la guarda de los mandamientos y as\u00ed poder entrar en la ciudad santa, la Jerusal\u00e9n celestial.<br \/><b>Eclesiast\u00e9s 12:14, G\u00e1latas 5:19-21, Romanos 1:28-32, 1a Corintios 6:9-11, Apocalipsis 20:15, Apocalipsis 21:24-27, Daniel 12:1-2 y Apocalipsis 3:1-5.<\/b>\u00a0<\/p><h4>CONCLUSI\u00d3N<\/h4><p>Finalmente podemos decir que el prop\u00f3sito de este estudio es entender que el objetivo final es el dejar de pecar para ser inscritos en el libro de la vida del cordero y para que esto sea posible es necesario dejar que la semilla del evangelio entre en lo profundo de nuestro ser y as\u00ed convertirse en siervos de Dios.<\/p>\t\t\t\t\t\t\t\t<\/div>\n\t\t\t\t<\/div>\n\t\t\t\t\t<\/div>\n\t\t<\/div>\n\t\t\t\t\t<\/div>\n\t\t<\/section>\n\t\t\t\t<section class=\"elementor-section elementor-top-section elementor-element elementor-element-470d991 elementor-section-boxed elementor-section-height-default elementor-section-height-default\" data-id=\"470d991\" data-element_type=\"section\" data-e-type=\"section\">\n\t\t\t\t\t\t<div class=\"elementor-container elementor-column-gap-default\">\n\t\t\t\t\t<div class=\"elementor-column elementor-col-100 elementor-top-column elementor-element elementor-element-4f1b7f2\" data-id=\"4f1b7f2\" data-element_type=\"column\" data-e-type=\"column\">\n\t\t\t<div class=\"elementor-widget-wrap elementor-element-populated\">\n\t\t\t\t\t\t<div class=\"elementor-element elementor-element-4b2fa37 elementor-align-center elementor-widget elementor-widget-button\" data-id=\"4b2fa37\" data-element_type=\"widget\" data-e-type=\"widget\" data-widget_type=\"button.default\">\n\t\t\t\t<div class=\"elementor-widget-container\">\n\t\t\t\t\t\t\t\t\t<div class=\"elementor-button-wrapper\">\n\t\t\t\t\t<a class=\"elementor-button elementor-button-link elementor-size-sm\" href=\"https:\/\/iidsech.com\/index.php\/estudios_base\/\">\n\t\t\t\t\t\t<span class=\"elementor-button-content-wrapper\">\n\t\t\t\t\t\t<span class=\"elementor-button-icon\">\n\t\t\t\t<i aria-hidden=\"true\" class=\"fas fa-angle-double-left\"><\/i>\t\t\t<\/span>\n\t\t\t\t\t\t\t\t\t<span class=\"elementor-button-text\">REGRESAR<\/span>\n\t\t\t\t\t<\/span>\n\t\t\t\t\t<\/a>\n\t\t\t\t<\/div>\n\t\t\t\t\t\t\t\t<\/div>\n\t\t\t\t<\/div>\n\t\t\t\t\t<\/div>\n\t\t<\/div>\n\t\t\t\t\t<\/div>\n\t\t<\/section>\n\t\t\t\t<\/div>\n\t\t","protected":false},"excerpt":{"rendered":"<p>SEMILLAS Realizado Por: Min. A. Rub\u00e9n Romero M. Categor\u00eda: Base doctrinal. Fecha: Feb, 2017 INTRODUCCI\u00d3N A trav\u00e9s de los a\u00f1os mucho se habla y mucho se busca para explicar acerca de la verdadera religi\u00f3n. \u00bfPor qu\u00e9 buscar algo nuevo o distinto a lo que est\u00e1 escrito en las sagradas escrituras? El mismo Jes\u00fas dijo: &#8220;Escudri\u00f1ad&#8230;<\/p>\n","protected":false},"author":1,"featured_media":0,"parent":9097,"menu_order":0,"comment_status":"closed","ping_status":"closed","template":"elementor_header_footer","meta":{"om_disable_all_campaigns":false,"_tbt_post_transparent":"","_tbt_post_title":"default","_tbt_post_layout":"default","_tbt_post_sidebar_id":"","_tbt_post_content_style":"unboxed","_tbt_post_vertical_padding":"hide","_tbt_post_feature":"hide","_tbt_post_feature_position":"","_tbt_post_header":false,"_tbt_post_footer":false,"_mc_calendar":[]},"class_list":["post-16376","page","type-page","status-publish","hentry"],"aioseo_notices":[],"_links":{"self":[{"href":"https:\/\/iidsech.com\/index.php\/wp-json\/wp\/v2\/pages\/16376","targetHints":{"allow":["GET"]}}],"collection":[{"href":"https:\/\/iidsech.com\/index.php\/wp-json\/wp\/v2\/pages"}],"about":[{"href":"https:\/\/iidsech.com\/index.php\/wp-json\/wp\/v2\/types\/page"}],"author":[{"embeddable":true,"href":"https:\/\/iidsech.com\/index.php\/wp-json\/wp\/v2\/users\/1"}],"replies":[{"embeddable":true,"href":"https:\/\/iidsech.com\/index.php\/wp-json\/wp\/v2\/comments?post=16376"}],"version-history":[{"count":13,"href":"https:\/\/iidsech.com\/index.php\/wp-json\/wp\/v2\/pages\/16376\/revisions"}],"predecessor-version":[{"id":16499,"href":"https:\/\/iidsech.com\/index.php\/wp-json\/wp\/v2\/pages\/16376\/revisions\/16499"}],"up":[{"embeddable":true,"href":"https:\/\/iidsech.com\/index.php\/wp-json\/wp\/v2\/pages\/9097"}],"wp:attachment":[{"href":"https:\/\/iidsech.com\/index.php\/wp-json\/wp\/v2\/media?parent=16376"}],"curies":[{"name":"wp","href":"https:\/\/api.w.org\/{rel}","templated":true}]}}