{"id":16352,"date":"2025-07-26T00:24:31","date_gmt":"2025-07-26T06:24:31","guid":{"rendered":"https:\/\/iidsech.com\/?page_id=16352"},"modified":"2025-07-26T00:31:12","modified_gmt":"2025-07-26T06:31:12","slug":"el-aborto","status":"publish","type":"page","link":"https:\/\/iidsech.com\/index.php\/estudios_base\/el-aborto\/","title":{"rendered":"El Aborto"},"content":{"rendered":"\t\t<div data-elementor-type=\"wp-page\" data-elementor-id=\"16352\" class=\"elementor elementor-16352\">\n\t\t\t\t\t\t<div class=\"elementor-section elementor-top-section elementor-element elementor-element-346406e videothumb elementor-section-stretched elementor-section-boxed elementor-section-height-default elementor-section-height-default\" data-id=\"346406e\" data-element_type=\"section\" data-e-type=\"section\" data-settings=\"{&quot;stretch_section&quot;:&quot;section-stretched&quot;,&quot;background_background&quot;:&quot;classic&quot;}\">\n\t\t\t\t\t\t<div class=\"elementor-container elementor-column-gap-default\">\n\t\t\t\t\t<div class=\"elementor-column elementor-col-100 elementor-top-column elementor-element elementor-element-1246ba2\" data-id=\"1246ba2\" data-element_type=\"column\" data-e-type=\"column\">\n\t\t\t<div class=\"elementor-widget-wrap elementor-element-populated\">\n\t\t\t\t\t\t<div class=\"elementor-section elementor-inner-section elementor-element elementor-element-71182e2 elementor-section-full_width elementor-section-height-default elementor-section-height-default\" data-id=\"71182e2\" data-element_type=\"section\" data-e-type=\"section\">\n\t\t\t\t\t\t<div class=\"elementor-container elementor-column-gap-no\">\n\t\t\t\t\t<div class=\"elementor-column elementor-col-100 elementor-inner-column elementor-element elementor-element-2ab3072\" data-id=\"2ab3072\" data-element_type=\"column\" data-e-type=\"column\" data-settings=\"{&quot;background_background&quot;:&quot;classic&quot;}\">\n\t\t\t<div class=\"elementor-widget-wrap elementor-element-populated\">\n\t\t\t\t\t\t<div class=\"elementor-element elementor-element-d4808f1 elementor-position-top elementor-invisible elementor-widget elementor-widget-image-box\" data-id=\"d4808f1\" data-element_type=\"widget\" data-e-type=\"widget\" data-settings=\"{&quot;_animation&quot;:&quot;slideInDown&quot;}\" data-widget_type=\"image-box.default\">\n\t\t\t\t<div class=\"elementor-widget-container\">\n\t\t\t\t\t<div class=\"elementor-image-box-wrapper\"><figure class=\"elementor-image-box-img\"><img fetchpriority=\"high\" decoding=\"async\" width=\"2560\" height=\"1700\" src=\"https:\/\/iidsech.com\/wp-content\/uploads\/2023\/07\/baner_aborto2-scaled.jpg\" class=\"elementor-animation-skew-forward attachment-full size-full wp-image-13638\" alt=\"\" srcset=\"https:\/\/iidsech.com\/wp-content\/uploads\/2023\/07\/baner_aborto2-scaled.jpg 2560w, https:\/\/iidsech.com\/wp-content\/uploads\/2023\/07\/baner_aborto2-scaled-600x398.jpg 600w, https:\/\/iidsech.com\/wp-content\/uploads\/2023\/07\/baner_aborto2-300x199.jpg 300w, https:\/\/iidsech.com\/wp-content\/uploads\/2023\/07\/baner_aborto2-1024x680.jpg 1024w, https:\/\/iidsech.com\/wp-content\/uploads\/2023\/07\/baner_aborto2-768x510.jpg 768w, https:\/\/iidsech.com\/wp-content\/uploads\/2023\/07\/baner_aborto2-1536x1020.jpg 1536w, https:\/\/iidsech.com\/wp-content\/uploads\/2023\/07\/baner_aborto2-2048x1360.jpg 2048w\" sizes=\"(max-width: 2560px) 100vw, 2560px\" \/><\/figure><div class=\"elementor-image-box-content\"><h1 class=\"elementor-image-box-title\">el aborto<\/h1><p class=\"elementor-image-box-description\">Realizado Por: <font color=\"#dea447\">Min. A. Rub\u00e9n Romero M.<\/font> \nCategor\u00eda: <span style=\"color:#000000\"><a href=\"https:\/\/iidsech.com\/index.php\/estudios_base\/\">Base doctrinal<\/a>.<\/span> Fecha:<span style=\"color:#dea447\">  Feb, 2017<\/span><\/p><\/div><\/div>\t\t\t\t<\/div>\n\t\t\t\t<\/div>\n\t\t\t\t\t<\/div>\n\t\t<\/div>\n\t\t\t\t\t<\/div>\n\t\t<\/div>\n\t\t\t\t\t<\/div>\n\t\t<\/div>\n\t\t\t\t\t<\/div>\n\t\t<\/div>\n\t\t\t\t<section class=\"elementor-section elementor-top-section elementor-element elementor-element-3d9698e elementor-section-boxed elementor-section-height-default elementor-section-height-default\" data-id=\"3d9698e\" data-element_type=\"section\" data-e-type=\"section\">\n\t\t\t\t\t\t<div class=\"elementor-container elementor-column-gap-default\">\n\t\t\t\t\t<div class=\"elementor-column elementor-col-100 elementor-top-column elementor-element elementor-element-2833db4\" data-id=\"2833db4\" data-element_type=\"column\" data-e-type=\"column\">\n\t\t\t<div class=\"elementor-widget-wrap elementor-element-populated\">\n\t\t\t\t\t\t<div class=\"elementor-element elementor-element-8e4f373 elementor-widget elementor-widget-wp-widget-media_audio\" data-id=\"8e4f373\" data-element_type=\"widget\" data-e-type=\"widget\" data-widget_type=\"wp-widget-media_audio.default\">\n\t\t\t\t<div class=\"elementor-widget-container\">\n\t\t\t\t\t<audio class=\"wp-audio-shortcode\" id=\"audio-16352-1\" preload=\"none\" style=\"width: 100%;\" controls=\"controls\"><source type=\"audio\/mpeg\" src=\"https:\/\/iidsech.com\/wp-content\/uploads\/2024\/04\/El-aborto-Min.-A.-Ruben-Romero.mp3?_=1\" \/><source type=\"audio\/mpeg\" src=\"https:\/\/iidsech.com\/wp-content\/uploads\/2024\/04\/El-aborto-Min.-A.-Ruben-Romero.mp3?_=1\" \/><a href=\"https:\/\/iidsech.com\/wp-content\/uploads\/2024\/04\/El-aborto-Min.-A.-Ruben-Romero.mp3\">https:\/\/iidsech.com\/wp-content\/uploads\/2024\/04\/El-aborto-Min.-A.-Ruben-Romero.mp3<\/a><\/audio>\t\t\t\t<\/div>\n\t\t\t\t<\/div>\n\t\t\t\t\t<\/div>\n\t\t<\/div>\n\t\t\t\t\t<\/div>\n\t\t<\/section>\n\t\t\t\t<section class=\"elementor-section elementor-top-section elementor-element elementor-element-fbc7992 elementor-section-boxed elementor-section-height-default elementor-section-height-default\" data-id=\"fbc7992\" data-element_type=\"section\" data-e-type=\"section\">\n\t\t\t\t\t\t<div class=\"elementor-container elementor-column-gap-default\">\n\t\t\t\t\t<div class=\"elementor-column elementor-col-100 elementor-top-column elementor-element elementor-element-d81a8cb\" data-id=\"d81a8cb\" data-element_type=\"column\" data-e-type=\"column\">\n\t\t\t<div class=\"elementor-widget-wrap elementor-element-populated\">\n\t\t\t\t\t\t<div class=\"elementor-element elementor-element-f277c3d elementor-widget elementor-widget-text-editor\" data-id=\"f277c3d\" data-element_type=\"widget\" data-e-type=\"widget\" data-widget_type=\"text-editor.default\">\n\t\t\t\t<div class=\"elementor-widget-container\">\n\t\t\t\t\t\t\t\t\t<p><span style=\"color: #000000;\">EN ESTOS D\u00cdAS SE DEBATE SOBRE LA DESPENALIZACI\u00d3N DEL ABORTO; COMO EN D\u00cdAS PASADOS LA LEY DE LAS SOCIEDADES EN CONVIVENCIA.<\/span><\/p><p><span style=\"color: #000000;\">SE DICE QUE EL PUEBLO MEXICANO ES UN PUEBLO DE F\u00c9, PERO QUIZ\u00c1 UN N\u00daMERO MUY PEQUE\u00d1O DE HOMBRES Y MUJERES QUE CONFORMAN LA SOCIEDAD DE INTELECTUALES, SON LOS QUE AL PARECER EN \u00daLTIMA INSTANCIA ACT\u00daAN COMO DIRECTRICES DE LAS CONCIENCIAS EN GENERAL. YO COMO CONOCEDOR Y COMENTARISTA DE LAS LEYES DE DIOS, OPINO QUE, DE ACUERDO CON LA CONDICI\u00d3N PECAMINOSA DEL PUEBLO DE ISRAEL, EL O\u00cdR LA VOZ DE DIOS EN EL MONTE SINA\u00cd FUE PARA SANTIFICARLOS.<\/span><\/p><p><span style=\"color: #000000;\">&#8220;AHORA PUES, SI DIEREIS O\u00cdDO A MI VOZ, Y GUARDAREIS MI PACTO, VOSOTROS SER\u00c9IS MI ESPECIAL TESORO SOBRE TODOS LOS PUEBLOS; PORQUE M\u00cdA ES TODA LA TIERRA.<\/span><\/p><p><span style=\"color: #000000;\">Y VOSOTROS SER\u00c9IS MI REINO DE SACERDOTES, Y GENTE SANTA. ESTAS SON LAS PALABRAS QUE DIR\u00c1S \u00c1 LOS HIJOS DE ISRAEL.&#8221;\u00a0<strong>\u00c9XODO 19:5-6<\/strong><\/span><\/p><p><span style=\"color: #000000;\">EN LOS D\u00cdAS EN QUE EL PUEBLO SE DIRIG\u00cdA A LA TIERRA PROMETIDA, FUERON ADVERTIDOS DE NO HACER LAS ABOMINACIONES DE LOS PUEBLOS IDOLATRAS QUE ESTABAN CERCA.<\/span><\/p><p><span style=\"color: #000000;\">&#8220;Y HABL\u00d3 JEHOV\u00c1 \u00c1 MOIS\u00c9S, DICIENDO: HABLA \u00c1 LOS HIJOS DE ISRAEL, Y DILES: YO SOY JEHOV\u00c1 VUESTRO DIOS. NO HAR\u00c9IS COMO HACEN EN LA TIERRA DE EGIPTO, EN LA CUAL MORASTEIS; NI HAR\u00c9IS COMO HACEN EN LA TIERRA DE<\/span><\/p><p><span style=\"color: #000000;\">CANA\u00c1N, \u00c1 LA CUAL YO OS CONDUZCO; NI ANDAR\u00c9IS EN SUS ESTATUTOS.&#8221;<strong>LEV\u00cdTICO 18:1-3<\/strong><\/span><\/p><p><span style=\"color: #000000;\">&#8220;NO TOMAR\u00c1S MUJER JUNTAMENTE CON SU HERMANA, PARA HACERLA SU RIVAL, DESCUBRIENDO SU DESNUDEZ DELANTE DE ELLA EN SU VIDA.<\/span><\/p><p><span style=\"color: #000000;\">Y NO LLEGAR\u00c1S \u00c1 LA MUJER EN EL APARTAMIENTO DE SU INMUNDICIA, PARA DESCUBRIR SU DESNUDEZ. ADEM\u00c1S, NO TENDR\u00c1S ACTO CARNAL CON LA MUJER DE TU PR\u00d3JIMO, CONTAMIN\u00c1NDOTE EN ELLA. Y NO DES DE TU SIMIENTE PARA HACERLA PASAR POR EL FUEGO \u00c1 MOLOCH; NO CONTAMINES EL NOMBRE DE TU DIOS: YO JEHOV\u00c1. NO TE ECHAR\u00c1S CON VAR\u00d3N COMO CON MUJER: ES ABOMINACI\u00d3N. NI CON NING\u00daN ANIMAL TENDR\u00c1S AYUNTAMIENTO AMANCILL\u00c1NDOTE CON \u00c9L; NI MUJER ALGUNA SE PONDR\u00c1 DELANTE DE ANIMAL PARA AYUNTARSE CON \u00c9L: ES CONFUSI\u00d3N. EN NINGUNA DE ESTAS COSAS OS AMANCILLAR\u00c9IS; PORQUE EN TODAS ESTAS COSAS SE HAN ENSUCIADO LAS GENTES QUE YO ECHO DE DELANTE DE VOSOTROS: Y LA TIERRA FUE CONTAMINADA; Y YO VISITE SU MALDAD SOBRE ELLA, Y LA TIERRA VOMIT\u00d3 SUS MORADORES.&#8221;\u00a0<strong>LEV\u00cdTICO 18:19-25<\/strong><\/span><\/p><p><span style=\"color: #000000;\">TAMBI\u00c9N SAN PABLO SE REFER\u00cdA A LOS HOMBRES QUE NO QUISIEREN TENER CONOCIMIENTO DE DIOS. &#8220;PORQUE HABIENDO CONOCIDO A DIOS, NO LE GLORIFICARON COMO A DIOS, NI DIERON GRACIAS; ANTES DESVANECIERON EN SUS DISCURSOS, Y EL NECIO CORAZ\u00d3N DE ELLOS FU\u00c9 ENTENEBRECIDO.<\/span><\/p><p><span style=\"color: #000000;\">DICI\u00c9NDOSE SER SABIOS, SE HICIERON FATUOS, Y TROCARON LA GLORIA DEL DIOS INCORRUPTIBLE EN SEMEJANZA DE IMAGEN DE HOMBRE CORRUPTIBLE, Y DE AVES, Y DE ANIMALES DE CUATRO PIES, Y DE SERPIENTES. POR LO CUAL TAMBI\u00c9N DIOS LOS ENTREG\u00d3 \u00c1 INMUNDICIA, EN LAS CONCUPISCENCIAS DE SUS CORAZONES, DE SUERTE QUE CONTAMINARON SUS CUERPOS ENTRE S\u00cd MISMOS:<\/span><\/p><p><span style=\"color: #000000;\">LOS CUALES MUDARON LA VERDAD DE DIOS EN MENTIRA, HONRANDO Y SIRVIENDO A LAS CRIATURAS ANTES QUE, AL CRIADOR, EL CUAL ES BENDITO POR LOS SIGLOS. AM\u00c9N.<\/span><\/p><p><span style=\"color: #000000;\">POR ESTO DIOS LOS ENTREG\u00d3 \u00c1 AFECTOS VERGONZOSOS; PUES AUN SUS MUJERES MUDARON EL NATURAL USO EN EL USO QUE ES CONTRA NATURALEZA: Y DEL MISMO MODO TAMBI\u00c9N LOS HOMBRES, DEJANDO EL USO NATURAL DE LAS MUJERES, SE ENCENDIERON EN SUS CONCUPISCENCIAS LOS UNOS CON LOS OTROS, COMETIENDO COSAS NEFANDAS HOMBRES CON HOMBRES, Y RECIBIENDO EN S\u00cd MISMOS LA RECOMPENSA QUE CONVINO \u00c1 SU EXTRAV\u00cdO. Y COMO \u00c1 ELLOS NO LES PARECI\u00d3 TENER A DIOS EN SU NOTICIA, DIOS LOS ENTREG\u00d3 A UNA MENTE DEPRAVADA, PARA HACER LO QUE NO CONVIENE, ESTANDO ATESTADOS DE TODA INIQUIDAD, DE FORNICACI\u00d3N, DE MALICIA, DE AVARICIA, DE MALDAD; LLENOS DE ENVIDIA, DE HOMICIDIOS, DE CONTIENDAS, DE ENGA\u00d1OS, DE MALIGNIDADES; MURMURADORES, DETRACTORES, ABORRECEDORES DE DIOS, INJURIOSOS, SOBERBIOS, ALTIVOS, INVENTORES DE MALES, DESOBEDIENTES \u00c1 LOS PADRES, NECIOS, DESLEALES, SIN AFECTO NATURAL, IMPLACABLES, SIN MISERICORDIA:<\/span><\/p><p><span style=\"color: #000000;\"><strong>\u00a0<\/strong><\/span><\/p><p><span style=\"color: #000000;\">QUE HABIENDO ENTENDIDO EL JUICIO DE DIOS QUE LOS QUE HACEN TALES COSAS SON DIGNOS DE MUERTE, NO S\u00d3LO LAS HACEN, M\u00c1S A\u00daN CONSIENTEN \u00c1 LOS QUE LAS HACEN.&#8221;\u00a0<strong>ROMANOS 1:21-32<\/strong><\/span><\/p><p><span style=\"color: #000000;\">QUIZ\u00c1 EN \u00daLTIMA INSTANCIA LA MAYOR\u00cdA DEL PUEBLO MEXICANO QUISIERA SERVIR A DIOS, PERO COMO DEC\u00cdAMOS, UN GRUPO REDUCIDO DE INTELECTUALES, ENTRE ELLOS LOS QUE LEGISLAN PARA EL BIEN DEL PUEBLO Y APRUEBAN LEYES CONTRARIAS A LAS DISPOSICIONES DIVINAS.<\/span><\/p><p><span style=\"color: #000000;\">\u00bfA QUI\u00c9N SIRVE EL HOMBRE? PUES JESUCRISTO DIJO:<\/span><\/p><p><span style=\"color: #000000;\">\u201cY DEC\u00cdA JES\u00daS \u00c1 LOS JUD\u00cdOS QUE LE HAB\u00cdAN CRE\u00cdDO: SI VOSOTROS PERMANECIEREIS EN MI PALABRA, SER\u00c9IS VERDADERAMENTE MIS DISC\u00cdPULOS; \u00dd CONOCER\u00c9IS LA VERDAD, Y LA VERDAD OS LIBERTAR\u00c1. Y RESPONDI\u00c9RONLE: SIMIENTE DE ABRAHAM SOMOS, Y JAM\u00c1S SERVIMOS \u00c1 NADIE: \u00bfC\u00d3MO DICES T\u00da: \u00bfSER\u00c9IS LIBRES? JES\u00daS LES RESPONDI\u00d3: DE CIERTO, DE CIERTO OS DIGO, QUE TODO AQUEL QUE HACE PECADO, ES SIERVO DE PECADO.&#8221;<strong>JUAN 8:31-34<\/strong><\/span><\/p><p><span style=\"color: #000000;\">EL MISMO JESUCRISTO FUE SIERVO OBEDIENTE DE DIOS.<\/span><\/p><p><span style=\"color: #000000;\">HAYA, PUES, EN VOSOTROS ESTE SENTIR QUE HUBO TAMBI\u00c9N EN CRISTO JES\u00daS: EL CUAL, SIENDO EN FORMA DE DIOS, NO TUVO POR USURPACI\u00d3N SER IGUAL A DIOS: SIN EMBARGO, SE ANONAD\u00d3 \u00c1 S\u00cd MISMO, TOMANDO FORMA DE SIERVO, HECHO SEMEJANTE A LOS HOMBRES; Y HALLADO EN LA CONDICI\u00d3N COMO HOMBRE, SE HUMILL\u00d3 \u00c1 S\u00cd MISMO, HECHO OBEDIENTE HASTA LA MUERTE, Y MUERTE DE CRUZ.&#8221;\u00a0<strong>FILIPENSES 2:5-8<\/strong><\/span><\/p><p><span style=\"color: #000000;\">YO CREO QUE ES MENESTER QUE TODO HOMBRE DECIDA A QUI\u00c9N VA A SERVIR, SI A DIOS O A SUS PASIONES HUMANAS. \u201cPORQUE LOS QUE VIVEN CONFORME \u00c1 LA CARNE, DE LAS COSAS QUE SON DE LA CARNE SE OCUPAN; MAS LOS QUE, CONFORME AL ESP\u00cdRITU, DE LAS COSAS DEL ESP\u00cdRITU SE OCUPAN PORQUE LA INTENCI\u00d3N DE LA CARNE ES MUERTE; MAS LA INTENCI\u00d3N DEL ESP\u00cdRITU, VIDA Y PAZ:<\/span><\/p><p><span style=\"color: #000000;\">POR CUANTO LA INTENCI\u00d3N DE LA CARNE ES ENEMISTAD CONTRA DIOS; PORQUE NO SE SUJETA A LA LEY DE DIOS, NI TAMPOCO PUEDE. AS\u00cd QUE, LOS QUE EST\u00c1N EN LA CARNE NO PUEDEN AGRADAR A DIOS.<\/span><\/p><p><span style=\"color: #000000;\">MAS VOSOTROS NO EST\u00c1IS EN LA CARNE, SINO EN EL ESP\u00cdRITU, SI ES QUE EL ESP\u00cdRITU DE DIOS MORA EN VOSOTROS. Y SI ALGUNO NO TIENE EL ESP\u00cdRITU DE CRISTO, EL TAL NO ES DE \u00c9L. EMPERO SI CRISTO EST\u00c1 EN VOSOTROS, EL CUERPO \u00c1 LA VERDAD EST\u00c1 MUERTO A CAUSA DEL PECADO; MAS EL ESP\u00cdRITU VIVE A CAUSA DE LA JUSTICIA.<\/span><\/p><p><span style=\"color: #000000;\">Y SI EL ESP\u00cdRITU DE AQUEL QUE LEVANT\u00d3 DE LOS MUERTOS \u00c1 JES\u00daS MORA EN VOSOTROS, EL QUE LEVANT\u00d3 \u00c1 CRISTO JES\u00daS DE LOS MUERTOS, VIVIFICAR\u00c1 TAMBI\u00c9N VUESTROS CUERPOS MORTALES POR SU ESP\u00cdRITU QUE MORA EN VOSOTROS.\u201d <strong>ROMANOS 8:5-11<\/strong><\/span><\/p><p><span style=\"color: #000000;\">ES MOMENTO DE DECIDIR SU POSICI\u00d3N, EN TODO CASO SI HAY LIBERTAD PARA TOMAR CADA CUAL SU CAMINO, PARA TODO AD\u00daLTERO, LESBIANA U HOMOSEXUAL, COMO LOS QUE HAYAN ABORTADO SIN RAZ\u00d3N JUSTIFICADA, SER\u00c1N JUZGADOS Y CASTIGADOS. &#8220;PORQUE ES MENESTER QUE TODOS NOSOTROS PAREZCAMOS ANTE EL TRIBUNAL DE CRISTO, PARA QUE CADA UNO RECIBA SEG\u00daN LO QUE HUBIERE HECHO POR MEDIO DEL CUERPO, OBRA SEA BUENO O MALO.\u201d <strong>2a DE CORINTIOS 5:10<\/strong><\/span><\/p><h2 style=\"text-align: center;\"><span style=\"color: #000000;\">CONCLUSI\u00d3N<\/span><\/h2><p><span style=\"color: #000000;\">PIENSO QUE PODEMOS TENER UNA GRAN DIFERENCIA DOCTRINAL CON LA IGLESIA CAT\u00d3LICA Y LAS IGLESIAS PROTESTANTES, PERO CREO QUE TODOS REPROBAMOS TANTO EL ABORTO, COMO LA LEY DE LA SOCIEDAD EN CONVIVENCIA; PORQUE NO SE PUEDE CONSIDERAR A UNA PERSONA COMO PRACTICANTE DE UNA RELIGI\u00d3N O SIMPLEMENTE COMO CREYENTE DE LA EXISTENCIA DE DIOS Y DEL JUICIO QUE HAR\u00c1 SOBRE TODA LA HUMANIDAD, A<\/span><\/p><p><span style=\"color: #000000;\">AQUELLA QUE ACEPTE DICHAS LEYES QUE FINALMENTE ACEPTAR\u00c1N LOS LEGISLADORES, Y QUE CON ELLO MOSTRAR\u00c1N SER LOS PRIMEROS EN DESOBECEDER LOS PRINCIPIOS DE LA LEY CON LA CUAL DIOS QUISO SANTIFICAR AL PUEBLO DE ISRAEL Y FINALMENTE CON EL SACRIFICIO DE\u00a0SU CRISTO A TODA LA HUMANIDAD.<\/span><\/p>\t\t\t\t\t\t\t\t<\/div>\n\t\t\t\t<\/div>\n\t\t\t\t\t<\/div>\n\t\t<\/div>\n\t\t\t\t\t<\/div>\n\t\t<\/section>\n\t\t\t\t<section class=\"elementor-section elementor-top-section elementor-element elementor-element-470d991 elementor-section-boxed elementor-section-height-default elementor-section-height-default\" data-id=\"470d991\" data-element_type=\"section\" data-e-type=\"section\">\n\t\t\t\t\t\t<div class=\"elementor-container elementor-column-gap-default\">\n\t\t\t\t\t<div class=\"elementor-column elementor-col-100 elementor-top-column elementor-element elementor-element-4f1b7f2\" data-id=\"4f1b7f2\" data-element_type=\"column\" data-e-type=\"column\">\n\t\t\t<div class=\"elementor-widget-wrap elementor-element-populated\">\n\t\t\t\t\t\t<div class=\"elementor-element elementor-element-4b2fa37 elementor-align-center elementor-widget elementor-widget-button\" data-id=\"4b2fa37\" data-element_type=\"widget\" data-e-type=\"widget\" data-widget_type=\"button.default\">\n\t\t\t\t<div class=\"elementor-widget-container\">\n\t\t\t\t\t\t\t\t\t<div class=\"elementor-button-wrapper\">\n\t\t\t\t\t<a class=\"elementor-button elementor-button-link elementor-size-sm\" href=\"https:\/\/iidsech.com\/index.php\/estudios_base\/\">\n\t\t\t\t\t\t<span class=\"elementor-button-content-wrapper\">\n\t\t\t\t\t\t<span class=\"elementor-button-icon\">\n\t\t\t\t<i aria-hidden=\"true\" class=\"fas fa-angle-double-left\"><\/i>\t\t\t<\/span>\n\t\t\t\t\t\t\t\t\t<span class=\"elementor-button-text\">REGRESAR<\/span>\n\t\t\t\t\t<\/span>\n\t\t\t\t\t<\/a>\n\t\t\t\t<\/div>\n\t\t\t\t\t\t\t\t<\/div>\n\t\t\t\t<\/div>\n\t\t\t\t\t<\/div>\n\t\t<\/div>\n\t\t\t\t\t<\/div>\n\t\t<\/section>\n\t\t\t\t<\/div>\n\t\t","protected":false},"excerpt":{"rendered":"<p>el aborto Realizado Por: Min. A. Rub\u00e9n Romero M. Categor\u00eda: Base doctrinal. Fecha: Feb, 2017 EN ESTOS D\u00cdAS SE DEBATE SOBRE LA DESPENALIZACI\u00d3N DEL ABORTO; COMO EN D\u00cdAS PASADOS LA LEY DE LAS SOCIEDADES EN CONVIVENCIA. SE DICE QUE EL PUEBLO MEXICANO ES UN PUEBLO DE F\u00c9, PERO QUIZ\u00c1 UN N\u00daMERO MUY PEQUE\u00d1O DE HOMBRES&#8230;<\/p>\n","protected":false},"author":1,"featured_media":0,"parent":9097,"menu_order":0,"comment_status":"closed","ping_status":"closed","template":"elementor_header_footer","meta":{"om_disable_all_campaigns":false,"_tbt_post_transparent":"","_tbt_post_title":"default","_tbt_post_layout":"default","_tbt_post_sidebar_id":"","_tbt_post_content_style":"unboxed","_tbt_post_vertical_padding":"hide","_tbt_post_feature":"hide","_tbt_post_feature_position":"","_tbt_post_header":false,"_tbt_post_footer":false,"_mc_calendar":[]},"class_list":["post-16352","page","type-page","status-publish","hentry"],"aioseo_notices":[],"_links":{"self":[{"href":"https:\/\/iidsech.com\/index.php\/wp-json\/wp\/v2\/pages\/16352","targetHints":{"allow":["GET"]}}],"collection":[{"href":"https:\/\/iidsech.com\/index.php\/wp-json\/wp\/v2\/pages"}],"about":[{"href":"https:\/\/iidsech.com\/index.php\/wp-json\/wp\/v2\/types\/page"}],"author":[{"embeddable":true,"href":"https:\/\/iidsech.com\/index.php\/wp-json\/wp\/v2\/users\/1"}],"replies":[{"embeddable":true,"href":"https:\/\/iidsech.com\/index.php\/wp-json\/wp\/v2\/comments?post=16352"}],"version-history":[{"count":7,"href":"https:\/\/iidsech.com\/index.php\/wp-json\/wp\/v2\/pages\/16352\/revisions"}],"predecessor-version":[{"id":16360,"href":"https:\/\/iidsech.com\/index.php\/wp-json\/wp\/v2\/pages\/16352\/revisions\/16360"}],"up":[{"embeddable":true,"href":"https:\/\/iidsech.com\/index.php\/wp-json\/wp\/v2\/pages\/9097"}],"wp:attachment":[{"href":"https:\/\/iidsech.com\/index.php\/wp-json\/wp\/v2\/media?parent=16352"}],"curies":[{"name":"wp","href":"https:\/\/api.w.org\/{rel}","templated":true}]}}