{"id":15766,"date":"2024-12-20T15:29:00","date_gmt":"2024-12-20T21:29:00","guid":{"rendered":"https:\/\/iidsech.com\/?page_id=15766"},"modified":"2024-12-20T16:02:56","modified_gmt":"2024-12-20T22:02:56","slug":"circuncision-del-corazon","status":"publish","type":"page","link":"https:\/\/iidsech.com\/index.php\/predicaciones\/circuncision-del-corazon\/","title":{"rendered":"La circuncisi\u00f3n del coraz\u00f3n"},"content":{"rendered":"\t\t<div data-elementor-type=\"wp-page\" data-elementor-id=\"15766\" class=\"elementor elementor-15766\">\n\t\t\t\t\t\t<div class=\"elementor-section elementor-top-section elementor-element elementor-element-346406e videothumb elementor-section-stretched elementor-section-boxed elementor-section-height-default elementor-section-height-default\" data-id=\"346406e\" data-element_type=\"section\" data-e-type=\"section\" data-settings=\"{&quot;stretch_section&quot;:&quot;section-stretched&quot;,&quot;background_background&quot;:&quot;classic&quot;}\">\n\t\t\t\t\t\t<div class=\"elementor-container elementor-column-gap-default\">\n\t\t\t\t\t<div class=\"elementor-column elementor-col-100 elementor-top-column elementor-element elementor-element-1246ba2\" data-id=\"1246ba2\" data-element_type=\"column\" data-e-type=\"column\">\n\t\t\t<div class=\"elementor-widget-wrap elementor-element-populated\">\n\t\t\t\t\t\t<section class=\"elementor-section elementor-inner-section elementor-element elementor-element-71182e2 elementor-section-boxed elementor-section-height-default elementor-section-height-default\" data-id=\"71182e2\" data-element_type=\"section\" data-e-type=\"section\">\n\t\t\t\t\t\t<div class=\"elementor-container elementor-column-gap-default\">\n\t\t\t\t\t<div class=\"elementor-column elementor-col-100 elementor-inner-column elementor-element elementor-element-2ab3072\" data-id=\"2ab3072\" data-element_type=\"column\" data-e-type=\"column\" data-settings=\"{&quot;background_background&quot;:&quot;classic&quot;}\">\n\t\t\t<div class=\"elementor-widget-wrap elementor-element-populated\">\n\t\t\t\t\t\t<div class=\"elementor-element elementor-element-d4808f1 elementor-widget__width-inherit elementor-position-top elementor-invisible elementor-widget elementor-widget-image-box\" data-id=\"d4808f1\" data-element_type=\"widget\" data-e-type=\"widget\" data-settings=\"{&quot;_animation&quot;:&quot;fadeIn&quot;}\" data-widget_type=\"image-box.default\">\n\t\t\t\t<div class=\"elementor-widget-container\">\n\t\t\t\t\t<div class=\"elementor-image-box-wrapper\"><figure class=\"elementor-image-box-img\"><img fetchpriority=\"high\" decoding=\"async\" width=\"2000\" height=\"1333\" src=\"https:\/\/iidsech.com\/wp-content\/uploads\/2024\/12\/circunciciondelcora2.jpg\" class=\"attachment-full size-full wp-image-15768\" alt=\"\" srcset=\"https:\/\/iidsech.com\/wp-content\/uploads\/2024\/12\/circunciciondelcora2.jpg 2000w, https:\/\/iidsech.com\/wp-content\/uploads\/2024\/12\/circunciciondelcora2-300x200.jpg 300w, https:\/\/iidsech.com\/wp-content\/uploads\/2024\/12\/circunciciondelcora2-1024x682.jpg 1024w, https:\/\/iidsech.com\/wp-content\/uploads\/2024\/12\/circunciciondelcora2-768x512.jpg 768w, https:\/\/iidsech.com\/wp-content\/uploads\/2024\/12\/circunciciondelcora2-1536x1024.jpg 1536w, https:\/\/iidsech.com\/wp-content\/uploads\/2024\/12\/circunciciondelcora2-600x400.jpg 600w\" sizes=\"(max-width: 2000px) 100vw, 2000px\" \/><\/figure><div class=\"elementor-image-box-content\"><h1 class=\"elementor-image-box-title\">La circuncisi\u00f3n del coraz\u00f3n<\/h1><p class=\"elementor-image-box-description\">Realizado Por: <font color=\"#D4942D\">Ay. Noe Martinez C.<\/font> \nCategor\u00eda: <span style=\"color:#D4942D\">  Fortaleza, Fe<\/span> Fecha:<span style=\"color:#D4942D\">  Dic, 2024<\/span><\/p><\/div><\/div>\t\t\t\t<\/div>\n\t\t\t\t<\/div>\n\t\t\t\t\t<\/div>\n\t\t<\/div>\n\t\t\t\t\t<\/div>\n\t\t<\/section>\n\t\t\t\t\t<\/div>\n\t\t<\/div>\n\t\t\t\t\t<\/div>\n\t\t<\/div>\n\t\t\t\t<section class=\"elementor-section elementor-top-section elementor-element elementor-element-44f86cb elementor-section-boxed elementor-section-height-default elementor-section-height-default\" data-id=\"44f86cb\" data-element_type=\"section\" data-e-type=\"section\">\n\t\t\t\t\t\t<div class=\"elementor-container elementor-column-gap-default\">\n\t\t\t\t\t<div class=\"elementor-column elementor-col-100 elementor-top-column elementor-element elementor-element-113cad1\" data-id=\"113cad1\" data-element_type=\"column\" data-e-type=\"column\">\n\t\t\t<div class=\"elementor-widget-wrap elementor-element-populated\">\n\t\t\t\t\t\t<div class=\"elementor-element elementor-element-883a8c1 elementor-widget-divider--view-line elementor-widget elementor-widget-divider\" data-id=\"883a8c1\" data-element_type=\"widget\" data-e-type=\"widget\" data-widget_type=\"divider.default\">\n\t\t\t\t<div class=\"elementor-widget-container\">\n\t\t\t\t\t\t\t<div class=\"elementor-divider\">\n\t\t\t<span class=\"elementor-divider-separator\">\n\t\t\t\t\t\t<\/span>\n\t\t<\/div>\n\t\t\t\t\t\t<\/div>\n\t\t\t\t<\/div>\n\t\t\t\t\t<\/div>\n\t\t<\/div>\n\t\t\t\t\t<\/div>\n\t\t<\/section>\n\t\t\t\t<section class=\"elementor-section elementor-top-section elementor-element elementor-element-fbc7992 elementor-section-boxed elementor-section-height-default elementor-section-height-default\" data-id=\"fbc7992\" data-element_type=\"section\" data-e-type=\"section\">\n\t\t\t\t\t\t<div class=\"elementor-container elementor-column-gap-default\">\n\t\t\t\t\t<div class=\"elementor-column elementor-col-100 elementor-top-column elementor-element elementor-element-d81a8cb\" data-id=\"d81a8cb\" data-element_type=\"column\" data-e-type=\"column\">\n\t\t\t<div class=\"elementor-widget-wrap elementor-element-populated\">\n\t\t\t\t\t\t<div class=\"elementor-element elementor-element-f277c3d elementor-widget elementor-widget-text-editor\" data-id=\"f277c3d\" data-element_type=\"widget\" data-e-type=\"widget\" data-widget_type=\"text-editor.default\">\n\t\t\t\t<div class=\"elementor-widget-container\">\n\t\t\t\t\t\t\t\t\t<h2 style=\"text-align: left;\"><b>La Circuncisi\u00f3n <\/b><b>(<\/b><b>BRIT MIL\u00c1<\/b><b>)<\/b><\/h2><p><b>Brit<\/b><b> Mil\u00e1\u00a0<\/b>es la se\u00f1al del pacto que consiste en <b>cortar o amputar el prepucio <\/b>que cubre el extremo del <b>\u00f3rgano reproductor masculino <\/b>La circuncisi\u00f3n le fue mandado primero a un individuo, Abraham, para que creara su pacto con Dios. Entonces, vemos que la circuncisi\u00f3n representa el compromiso de tener una relaci\u00f3n individual con Dios y de todo lo que eso conlleva.<\/p><p>La circuncisi\u00f3n <b>es la <\/b><b>Mitzv\u00e1<\/b><b> m\u00e1s importante y de mayor santidad de todo el juda\u00edsmo pues de ella depende la uni\u00f3n eterna de todo Jud\u00edo con su Creador.<\/b><\/p><p><b>El jud\u00edo est\u00e1 comprometido por un pacto<\/b> que tiene grabado muy por debajo de su ser consciente, e incluso, <b>en su carne <\/b>misma: un lazo eterno que D-s estableci\u00f3 con su padre Abraham. Mucho antes de que el jud\u00edo tuviera conciencia de s\u00ed, sus padres lo hicieron entrar a este pacto cuando se le practic\u00f3 la circuncisi\u00f3n. <b>(Hec.7:1-9, G\u00e9n<\/b><b>.17:1-14). <\/b><\/p><p>La circuncisi\u00f3n de los hijos de Israel es un<b>\u00a0ritual vital para la afirmaci\u00f3n de la identidad jud\u00eda, representa el nexo permanente entre el Creador y el pueblo jud\u00edo<\/b>, hasta un punto tal que en\u00a0<b>la Biblia se afirma que aquel que transgrede este mandamiento se ver\u00e1 separado del pueblo jud\u00edo. <\/b><b>(Gen.17.14)<\/b><\/p><p><b>El var\u00f3n jud\u00edo recibe su nombre durante la ceremonia de la circuncisi\u00f3n <\/b>y la ni\u00f1a, cuando su padre es llamado a la Tor\u00e1. El nombre es tambi\u00e9n la primera cosa realmente propia que se recibe en la vida y que sirve para diferenciarse de los dem\u00e1s. En la tradici\u00f3n jud\u00eda se da mucha importancia a los nombres, ya que no s\u00f3lo sirven como un m\u00e9todo de identificaci\u00f3n, sino tambi\u00e9n como una conexi\u00f3n espiritual entre el nombre y la persona que lo lleva. Este ser\u00e1 el nombre que utilizar\u00e1 en el Bar Mitzv\u00e1, en el contrato matrimonial &#8211; Ketuv\u00e1 \u2013 y en toda su vida, en momentos de alegr\u00eda y tristeza. Ser\u00e1 el que se mencionar\u00e1 despu\u00e9s de su muerte. <b>(Luc.2:4-21)<\/b><\/p><h5 style=\"text-align: left;\"><b>Pra\u0301ctica<\/b><b> religiosa<\/b><\/h5><p>En la religi\u00f3n <b>jud\u00eda<\/b>, los beb\u00e9s son tradicionalmente <b>circuncidados cuando tienen ocho d\u00edas de vida<\/b>, a no ser que haya una contraindicaci\u00f3n m\u00e9dica <b>(Lev.12:1-3, Jos.5:1-8). <\/b>El libro sagrado de la Torah, habla de un pacto entre <b>Abraham y Dios<\/b>, y el signo visible de este pacto es la circuncisi\u00f3n de <b>todos los hombres jud\u00edos<\/b><b>. <\/b><b>Los jud\u00edos siguen practicando la circuncisi\u00f3n pr\u00e1cticamente de manera universal.<\/b><\/p><p>El <b>Islam<\/b> es el mayor grupo religioso que <b>practica la circuncisi\u00f3n<\/b>. Al igual que en el juda\u00edsmo, los isl\u00e1micos confirman as\u00ed su relaci\u00f3n con Dios. Tambi\u00e9n la llaman \u201c<b>tahera<\/b>\u201d, que significa <b>purificaci\u00f3n<\/b>. Con la expansi\u00f3n mundial del Islam desde el siglo VII d.C., la pr\u00e1ctica fue adoptada por pueblos en los que previamente no se realizaba. <b>(Gen.17:23-27).<\/b><\/p><p><b>No hay una edad determinada para la circuncisi\u00f3n en el Islam<\/b>, aunque el profeta Mahoma recomend\u00f3 que se hiciera a <b>una edad temprana y circuncid\u00f3 a sus hijos cuando ten\u00edan siete d\u00edas<\/b>. Muchos musulmanes celebran el rito en el s\u00e9ptimo d\u00eda, pero pueden hacerlo en cualquier momento entre el nacimiento y la pubertad.<\/p><h5><b>La Obligaci\u00f3n<\/b><\/h5><p>La obligaci\u00f3n de esta ordenanza corresponde al padre hasta que el ni\u00f1o cumpla los 13 a\u00f1os a partir de lo cual el nuevo joven es mayor de edad y por consiguiente responsable de sus actos en lo sucesivo. El ser humano naturalmente posee una serie de prepucio o coberturas que no le permiten penetrar en el campo espiritual, por lo cual al circuncidarse como corresponde, simult\u00e1neamente lo hace con el prepucio de sus o\u00eddos, lengua y coraz\u00f3n, con lo cual le es posible lograr una mayor claridad y profundidad en el plano divino<b>. <\/b><\/p><p>A medida que los ni\u00f1os maduran y se desarrollan son entrenados para observar todas las ordenanzas, cada una de acuerdo a su nivel, especialmente una vez que llegan a la edad en que pueden cumplirlas por ellos mismos y apreciar su importancia. Sin embargo con la circuncisi\u00f3n, no esperamos a que el ni\u00f1o se desarrolle lo suficiente para comprender su significado. Esto es debido a que el v\u00ednculo y pacto entre el jud\u00edo y D-s trasciende el intelecto y es tan vital que no es demorado.<\/p><h5><b>Informaci\u00f3n<\/b> <b>M\u00e9dica<\/b><\/h5><p>Como operaci\u00f3n, la circuncisi\u00f3n tiene una tasa de complicaci\u00f3n extremadamente peque\u00f1a. Un estudio en el New England Journal of Medicine (1990) report\u00f3 una tasa de complicaci\u00f3n de 0,19% cuando la circuncisi\u00f3n es realizada por un m\u00e9dico. Cuando es realizada por un mohel entrenado, la tasa cae al 0,13%, o cerca de 1 en 1000. Cuando ocurre una complicaci\u00f3n, usualmente es sangrado excesivo, que es f\u00e1cilmente corregible. Ning\u00fan otro procedimiento quir\u00fargico puede jactarse de estos n\u00fameros.<\/p><p>Una raz\u00f3n por la que hay tan pocas complicaciones con respecto al sangrado son: porque <b>los agentes principales de coagulaci\u00f3n, protrombina y vitamina K<\/b>, no alcanzan los niveles pico en la sangre <b>sino hasta el octavo d\u00eda de vida<\/b>. Los niveles de protrombina son normales en el nacimiento, bajan a niveles muy bajos en los d\u00edas siguientes, y vuelven a la normalidad al final de la primera semana. Un estudio mostr\u00f3 que en el <b>octavo d\u00eda<\/b>, los niveles de <b>protrombina<\/b> llegan al <b>110% de lo normal<\/b>. En las palabras del Dr. Armand J. Quick, autor de varios trabajos sobre control de sangrado: \u201c<b><i>Es muy dif\u00edcil decir <\/i><\/b><b><i>que<\/i><\/b><b><i> dentro de la ley mosaica, el rito de la circuncisi\u00f3n fue pospuesto hasta el octavo d\u00eda por casualidad<\/i><\/b>\u201d.<\/p><ul><li>Ofrece protecci\u00f3n completa en contra del c\u00e1ncer f\u00e1lico.<\/li><li>El riesgo de que los hombres circuncidados se infecten con HIV (el virus que causa el SIDA) es entre seis y ocho veces menor.<\/li><li>Los ni\u00f1os circuncidados tienen entre 10 y 39 veces menos probabilidad de desarrollar infecciones en el tracto urinario durante la infancia.<\/li><li>Protege contra infecciones bacteriol\u00f3gicas, f\u00fangicas y parasitarias, y una variedad de otras condiciones relacionadas con la higiene.<\/li><li>Se cree que la baja tasa de c\u00e1ncer cervical en mujeres jud\u00edas (9 a 22 veces menor que entre las mujeres no jud\u00edas) est\u00e1 relacionada con la pr\u00e1ctica de la circuncisi\u00f3n.<\/li><\/ul><h2 style=\"text-align: left;\"><b>La circuncisi\u00f3n del coraz\u00f3n <\/b><\/h2><p>El pueblo de Israel como naci\u00f3n nunca pudo obedecer completamente la ley de Dios. Por eso Mois\u00e9s llam\u00f3 continuamente al pueblo a amar a Dios con todo el coraz\u00f3n, con el alma, con la mente y con todas sus fuerzas <b>(Deut.6:4\u20135, Deut.10:11-14), <\/b>sabiendo que en verdad no lo har\u00edan porque eran un pueblo necio y de dura cerviz <b>(Deut.9:1-7, Exo.33:1-3).<\/b><\/p><p>La circuici\u00f3n al ser descrita por Dios como la se\u00f1al del pacto, podemos deducir que la intenci\u00f3n de Dios para fomentar esta pr\u00e1ctica ser\u00eda la de \u201c<b>apartar<\/b>\u201d o \u201c<b>santificar<\/b>\u201d a su pueblo, y dejar constancia \u201c<b>f\u00edsica<\/b>\u201d o \u201c<b>externa<\/b>\u201d de ello, <b>adem\u00e1s de probar la fidelidad y disposici\u00f3n de quienes quisieran formar parte de su pueblo<\/b>, <b>pero<\/b> <b>se olvidaron de que el cambio que Dios siempre ha querido es de coraz\u00f3n. De fondo y no solo de la forma, de las apariencias. <\/b><b>(Rom.2:28-29,Jer.9:23-26)<\/b><\/p><p>Israel fue casi siempre un pueblo religioso. Un religioso es aquel que cree que debe seguir al pie sus ceremonias, sus ritos, sus creencias, pero su coraz\u00f3n, su diario vivir est\u00e1 lejos de Dios.<b> (<\/b><b>Isa.1:8-18)<\/b><\/p><p>El llamado es el siguiente desde el Antiguo Pacto: \u201cCircunciden, pues, su coraz\u00f3n\u201d <b>(Deut.10:15-16). <\/b>De aqu\u00ed entendemos que la circuncisi\u00f3n externa como se\u00f1al apuntaba a una circuncisi\u00f3n interna hecha por Dios mismo <b>(Deut.30:1-6).<\/b> Esta promesa de circuncisi\u00f3n interna en el coraz\u00f3n es la que vemos en los escritos de los profetas y que se vera de manera m\u00e1s amplia en el Nuevo Pacto <b>(<\/b><b>Jer<\/b><b>. 24:4-7; 31:31-34; 32:36\u201341; Ez. 36:22\u201327)<\/b>.<\/p><p>En el Antiguo Pacto, Dios le dio \u00fanicamente a su pueblo una oportunidad para amarlo y amar su Palabra, si alg\u00fan extranjero comprado quer\u00eda ser parte del pueblo elegido de Dios ten\u00eda irremisiblemente que circuncidarse. Ahora en el Nuevo Pacto, la aplicaci\u00f3n de esta promesa es m\u00e1s extensa, pues es aplicada a todos los Gentiles y a los que creen en Cristo y temen a Dios <b>(Hec.11:1-18, 15:1-35, Gal.5:1-11, 6:11-18)<\/b><\/p><p>\u00a0<\/p><h5><b>\u00bfQu\u00e9 es la circuncisi\u00f3n del coraz\u00f3n?<\/b><\/h5><p>La circuncisi\u00f3n del coraz\u00f3n es lo que capacita a una persona para amar y atesorar a Dios sobre todas las cosas, es la transformaci\u00f3n del hombre en espiritual dejando de lado los frutos de la carne y as\u00ed deja de ser un incircunciso.<b>(Col.3:1-2, 1Cor.2.14)<\/b><\/p><p>La circuncisi\u00f3n del coraz\u00f3n implica un cambio en tu naturaleza, implica que tu viejo yo desaparezca y un nuevo ser emerja a la vida, si no vives una vida de obediencia en la palabra de Dios, tu no has sido circuncidado en el coraz\u00f3n y por ende el esp\u00edritu de Dios no eta en ti.<b>(Rom.7:14,Col.2:11)<\/b><\/p><p>Sabemos que del coraz\u00f3n emanan todas las cosas terrenales y espirituales que nos componen, es necesario que tambi\u00e9n sepamos que todas nuestras emociones, acciones, palabras y sentimientos son el resultado de la condici\u00f3n de nuestro coraz\u00f3n. De ah\u00ed que cuando el ser humano dispone por entero su coraz\u00f3n para agradar a Dios, todas sus palabra y acciones tendr\u00e1n como prop\u00f3sito el agradar y glorificas a Dios.<\/p><p>\u00a0Absolutamente todo en nuestro ser es regulado en el \u00e1mbito espiritual por el coraz\u00f3n, de ah\u00ed que si nuestro con raz\u00f3n no es perfecto es imposible que seamos perfectos ante nuestro Dios.<b>(Juan 3:6)<\/b><\/p><h5><b>\u00bfC\u00f3mo se logra la circuncisi\u00f3n del coraz\u00f3n?<\/b><\/h5><p>\u00a0<\/p><h6>1.<b>Escudri\u00f1ando la palabra de Dios diariamente<\/b><\/h6><p>Leer las Escrituras no es suficiente. <b>Una lectura hecha a la ligera nos reduce la capacidad para comprender sus ense\u00f1anzas<\/b>; por lo tanto, deben escudri\u00f1ar para encontrar cosas espec\u00edficas. <b>Deben buscar la verdad y una mayor comprensi\u00f3n sobre la forma en que pueden aplicarlas en sus vidas. <\/b>De acuerdo al diccionario escudri\u00f1ar es: <b>examinar, inquirir y averiguar cuidadosamente sobre una cosa y sus circunstancias<\/b>. Esto es lo que necesitamos hacer, si queremos saber cu\u00e1l es la voluntad de Dios sobre cualquier asunto de nuestro inter\u00e9s. <b>(Juan 5.39, 2Tim.3:16,Hec.17:10-12)<\/b><\/p><p>Sin embargo, escudri\u00f1ar la Biblia es insuficiente si su estudio no conduce naturalmente a un cambio. El estudio de la Biblia\u00a0 debe producir la transici\u00f3n de la teor\u00eda a la pr\u00e1ctica.<\/p><p>Que encontramos al escudri\u00f1ar las escrituras:<\/p><ul><li>La direcci\u00f3n que necesita nuestra vida la encontramos en la palabra de Dios. <b>(Sal.37:23) (Sal.119:105)<\/b><\/li><li>En las Escrituras encontramos promesas <b>(2 Cor.1:20, Mat.7:7-8)<\/b><\/li><li>En las Escrituras encontramos fortaleza <b>(Jos.14:2, Isa.40:29)<\/b><\/li><li>En las Escrituras nos da sabidur\u00eda <b>(Sal.19:7, Sant.3:13-18, Sant.1:5-6, Col.4:5-6)<\/b><\/li><\/ul><h6>2.<b>Poner en pr\u00e1ctica las leyes y ordenanzas de Dios<\/b><\/h6><p>Los mandamientos son instrucciones dadas directamente por Dios para que tengamos bienestar y felicidad f\u00edsicos y espirituales mientras estemos en la tierra; adem\u00e1s, nos dan a conocer la disposici\u00f3n y la voluntad de Dios sobre nuestro progreso eterno y prueban nuestro deseo de obedecer Su voluntad. (<b>Mateo 5:17-48, Juan 14:15 y 24, 15:9-10, 1 Juan 2:4-7 y 3:23-24)<\/b><\/p><p>Los mandamientos no son una carga ni una restricci\u00f3n, el Se\u00f1or nos ha dado cada uno de ellos para nuestro desarrollo y progreso, son una gran conexi\u00f3n espiritual de transformaci\u00f3n. <b>(Rom.7:14, Rom.8)<\/b><\/p><p>Los decretos divinos de los mandamientos abarcan todas las \u00e1reas de la vida judeo-cristiano. Hacen referencia a toda situaci\u00f3n en la que pueda encontrarse la persona. Tienen aplicaci\u00f3n universal, desde el nacimiento hasta la muerte, desde el humilde sirviente hasta el poderoso rey. Toda esfera de actividad humana, sin excepci\u00f3n, est\u00e1 bajo el paraguas de la Ley. Al final, quien m\u00e1s se beneficia de cumplir la ley es el hombre mismo. <b>(1 Cor.7:17-20)<\/b><\/p><p>En la medida en que una persona se acerca y ase uso de medios espirituales, experimentara una transformaci\u00f3n de lo carnal a lo espiritual, ese es el prop\u00f3sito de las leyes de Dios y la espiritualidad conduce a la fuente de la vida eterna que est\u00e1 en Dios, los mandamientos no deben observarse de una forma rutinaria y mec\u00e1nica, sino como una fuente de renovaci\u00f3n y transformaci\u00f3n. <b>(Juan 14:15, Mat.19:16-22)<\/b><\/p><h6>3. El Bautizo<\/h6><p>Finalmente el bautizo es el evento donde se confirma que hemos comprendido los puntos anteriores, por lo que estamos listos para el momento de graduarnos y con este acto nos comprometemos con Dios a seguir cumpliendo con todos los compromisos adquiridos con Dios\u00a0 y con el hombre. <strong><span class=\"TextRun SCXP92566064 BCX0\" lang=\"ES-ES\" xml:lang=\"ES-ES\" data-scheme-color=\"@080808,,\" data-usefontface=\"true\" data-contrast=\"none\"><span class=\"NormalTextRun SCXP92566064 BCX0\">(Col 2:8-15)<\/span><\/span><\/strong><\/p><p>\u00a0<\/p><p>\u00a0<\/p>\t\t\t\t\t\t\t\t<\/div>\n\t\t\t\t<\/div>\n\t\t\t\t\t<\/div>\n\t\t<\/div>\n\t\t\t\t\t<\/div>\n\t\t<\/section>\n\t\t\t\t<section class=\"elementor-section elementor-top-section elementor-element elementor-element-470d991 elementor-section-boxed elementor-section-height-default elementor-section-height-default\" data-id=\"470d991\" data-element_type=\"section\" data-e-type=\"section\">\n\t\t\t\t\t\t<div class=\"elementor-container elementor-column-gap-default\">\n\t\t\t\t\t<div class=\"elementor-column elementor-col-100 elementor-top-column elementor-element elementor-element-4f1b7f2\" data-id=\"4f1b7f2\" data-element_type=\"column\" data-e-type=\"column\">\n\t\t\t<div class=\"elementor-widget-wrap elementor-element-populated\">\n\t\t\t\t\t\t<div class=\"elementor-element elementor-element-4b2fa37 elementor-align-center elementor-widget elementor-widget-button\" data-id=\"4b2fa37\" data-element_type=\"widget\" data-e-type=\"widget\" data-widget_type=\"button.default\">\n\t\t\t\t<div class=\"elementor-widget-container\">\n\t\t\t\t\t\t\t\t\t<div class=\"elementor-button-wrapper\">\n\t\t\t\t\t<a class=\"elementor-button elementor-button-link elementor-size-sm\" href=\"https:\/\/iidsech.com\/index.php\/predicaciones\/\">\n\t\t\t\t\t\t<span class=\"elementor-button-content-wrapper\">\n\t\t\t\t\t\t<span class=\"elementor-button-icon\">\n\t\t\t\t<i aria-hidden=\"true\" class=\"fas fa-angle-double-left\"><\/i>\t\t\t<\/span>\n\t\t\t\t\t\t\t\t\t<span class=\"elementor-button-text\">REGRESAR<\/span>\n\t\t\t\t\t<\/span>\n\t\t\t\t\t<\/a>\n\t\t\t\t<\/div>\n\t\t\t\t\t\t\t\t<\/div>\n\t\t\t\t<\/div>\n\t\t\t\t\t<\/div>\n\t\t<\/div>\n\t\t\t\t\t<\/div>\n\t\t<\/section>\n\t\t\t\t<\/div>\n\t\t","protected":false},"excerpt":{"rendered":"<p>La circuncisi\u00f3n del coraz\u00f3n Realizado Por: Ay. Noe Martinez C. Categor\u00eda: Fortaleza, Fe Fecha: Dic, 2024 La Circuncisi\u00f3n (BRIT MIL\u00c1) Brit Mil\u00e1\u00a0es la se\u00f1al del pacto que consiste en cortar o amputar el prepucio que cubre el extremo del \u00f3rgano reproductor masculino La circuncisi\u00f3n le fue mandado primero a un individuo, Abraham, para que creara&#8230;<\/p>\n","protected":false},"author":1,"featured_media":0,"parent":14266,"menu_order":0,"comment_status":"closed","ping_status":"closed","template":"elementor_header_footer","meta":{"om_disable_all_campaigns":false,"_tbt_post_transparent":"","_tbt_post_title":"default","_tbt_post_layout":"default","_tbt_post_sidebar_id":"","_tbt_post_content_style":"unboxed","_tbt_post_vertical_padding":"hide","_tbt_post_feature":"hide","_tbt_post_feature_position":"","_tbt_post_header":false,"_tbt_post_footer":false,"_mc_calendar":[]},"class_list":["post-15766","page","type-page","status-publish","hentry"],"aioseo_notices":[],"_links":{"self":[{"href":"https:\/\/iidsech.com\/index.php\/wp-json\/wp\/v2\/pages\/15766","targetHints":{"allow":["GET"]}}],"collection":[{"href":"https:\/\/iidsech.com\/index.php\/wp-json\/wp\/v2\/pages"}],"about":[{"href":"https:\/\/iidsech.com\/index.php\/wp-json\/wp\/v2\/types\/page"}],"author":[{"embeddable":true,"href":"https:\/\/iidsech.com\/index.php\/wp-json\/wp\/v2\/users\/1"}],"replies":[{"embeddable":true,"href":"https:\/\/iidsech.com\/index.php\/wp-json\/wp\/v2\/comments?post=15766"}],"version-history":[{"count":10,"href":"https:\/\/iidsech.com\/index.php\/wp-json\/wp\/v2\/pages\/15766\/revisions"}],"predecessor-version":[{"id":15787,"href":"https:\/\/iidsech.com\/index.php\/wp-json\/wp\/v2\/pages\/15766\/revisions\/15787"}],"up":[{"embeddable":true,"href":"https:\/\/iidsech.com\/index.php\/wp-json\/wp\/v2\/pages\/14266"}],"wp:attachment":[{"href":"https:\/\/iidsech.com\/index.php\/wp-json\/wp\/v2\/media?parent=15766"}],"curies":[{"name":"wp","href":"https:\/\/api.w.org\/{rel}","templated":true}]}}