{"id":15673,"date":"2024-11-01T13:11:24","date_gmt":"2024-11-01T19:11:24","guid":{"rendered":"https:\/\/iidsech.com\/?page_id=15673"},"modified":"2024-12-20T16:04:08","modified_gmt":"2024-12-20T22:04:08","slug":"influencer","status":"publish","type":"page","link":"https:\/\/iidsech.com\/index.php\/predicaciones\/influencer\/","title":{"rendered":"Influencer"},"content":{"rendered":"\t\t<div data-elementor-type=\"wp-page\" data-elementor-id=\"15673\" class=\"elementor elementor-15673\">\n\t\t\t\t\t\t<div class=\"elementor-section elementor-top-section elementor-element elementor-element-346406e videothumb elementor-section-stretched elementor-section-boxed elementor-section-height-default elementor-section-height-default\" data-id=\"346406e\" data-element_type=\"section\" data-e-type=\"section\" data-settings=\"{&quot;stretch_section&quot;:&quot;section-stretched&quot;,&quot;background_background&quot;:&quot;classic&quot;}\">\n\t\t\t\t\t\t<div class=\"elementor-container elementor-column-gap-default\">\n\t\t\t\t\t<div class=\"elementor-column elementor-col-100 elementor-top-column elementor-element elementor-element-1246ba2\" data-id=\"1246ba2\" data-element_type=\"column\" data-e-type=\"column\">\n\t\t\t<div class=\"elementor-widget-wrap elementor-element-populated\">\n\t\t\t\t\t\t<section class=\"elementor-section elementor-inner-section elementor-element elementor-element-71182e2 elementor-section-boxed elementor-section-height-default elementor-section-height-default\" data-id=\"71182e2\" data-element_type=\"section\" data-e-type=\"section\">\n\t\t\t\t\t\t<div class=\"elementor-container elementor-column-gap-default\">\n\t\t\t\t\t<div class=\"elementor-column elementor-col-100 elementor-inner-column elementor-element elementor-element-2ab3072\" data-id=\"2ab3072\" data-element_type=\"column\" data-e-type=\"column\" data-settings=\"{&quot;background_background&quot;:&quot;classic&quot;}\">\n\t\t\t<div class=\"elementor-widget-wrap elementor-element-populated\">\n\t\t\t\t\t\t<div class=\"elementor-element elementor-element-d4808f1 elementor-widget__width-inherit elementor-position-top elementor-invisible elementor-widget elementor-widget-image-box\" data-id=\"d4808f1\" data-element_type=\"widget\" data-e-type=\"widget\" data-settings=\"{&quot;_animation&quot;:&quot;fadeIn&quot;}\" data-widget_type=\"image-box.default\">\n\t\t\t\t<div class=\"elementor-widget-container\">\n\t\t\t\t\t<div class=\"elementor-image-box-wrapper\"><figure class=\"elementor-image-box-img\"><img fetchpriority=\"high\" decoding=\"async\" width=\"1260\" height=\"720\" src=\"https:\/\/iidsech.com\/wp-content\/uploads\/2024\/12\/Influencer.jpg\" class=\"attachment-full size-full wp-image-15735\" alt=\"\" srcset=\"https:\/\/iidsech.com\/wp-content\/uploads\/2024\/12\/Influencer.jpg 1260w, https:\/\/iidsech.com\/wp-content\/uploads\/2024\/12\/Influencer-300x171.jpg 300w, https:\/\/iidsech.com\/wp-content\/uploads\/2024\/12\/Influencer-1024x585.jpg 1024w, https:\/\/iidsech.com\/wp-content\/uploads\/2024\/12\/Influencer-768x439.jpg 768w, https:\/\/iidsech.com\/wp-content\/uploads\/2024\/12\/Influencer-600x343.jpg 600w\" sizes=\"(max-width: 1260px) 100vw, 1260px\" \/><\/figure><div class=\"elementor-image-box-content\"><h1 class=\"elementor-image-box-title\">Influencer<\/h1><p class=\"elementor-image-box-description\">Categor\u00eda: <span style=\"color:#D4942D\">  Fortaleza, Fe<\/span>  Fecha:<span style=\"color:#D4942D\">  Mar, 2024<\/span><\/p><\/div><\/div>\t\t\t\t<\/div>\n\t\t\t\t<\/div>\n\t\t\t\t\t<\/div>\n\t\t<\/div>\n\t\t\t\t\t<\/div>\n\t\t<\/section>\n\t\t\t\t\t<\/div>\n\t\t<\/div>\n\t\t\t\t\t<\/div>\n\t\t<\/div>\n\t\t\t\t<section class=\"elementor-section elementor-top-section elementor-element elementor-element-44f86cb elementor-section-boxed elementor-section-height-default elementor-section-height-default\" data-id=\"44f86cb\" data-element_type=\"section\" data-e-type=\"section\">\n\t\t\t\t\t\t<div class=\"elementor-container elementor-column-gap-default\">\n\t\t\t\t\t<div class=\"elementor-column elementor-col-100 elementor-top-column elementor-element elementor-element-113cad1\" data-id=\"113cad1\" data-element_type=\"column\" data-e-type=\"column\">\n\t\t\t<div class=\"elementor-widget-wrap elementor-element-populated\">\n\t\t\t\t\t\t<div class=\"elementor-element elementor-element-883a8c1 elementor-widget-divider--view-line elementor-widget elementor-widget-divider\" data-id=\"883a8c1\" data-element_type=\"widget\" data-e-type=\"widget\" data-widget_type=\"divider.default\">\n\t\t\t\t<div class=\"elementor-widget-container\">\n\t\t\t\t\t\t\t<div class=\"elementor-divider\">\n\t\t\t<span class=\"elementor-divider-separator\">\n\t\t\t\t\t\t<\/span>\n\t\t<\/div>\n\t\t\t\t\t\t<\/div>\n\t\t\t\t<\/div>\n\t\t\t\t\t<\/div>\n\t\t<\/div>\n\t\t\t\t\t<\/div>\n\t\t<\/section>\n\t\t\t\t<section class=\"elementor-section elementor-top-section elementor-element elementor-element-fbc7992 elementor-section-boxed elementor-section-height-default elementor-section-height-default\" data-id=\"fbc7992\" data-element_type=\"section\" data-e-type=\"section\">\n\t\t\t\t\t\t<div class=\"elementor-container elementor-column-gap-default\">\n\t\t\t\t\t<div class=\"elementor-column elementor-col-100 elementor-top-column elementor-element elementor-element-d81a8cb\" data-id=\"d81a8cb\" data-element_type=\"column\" data-e-type=\"column\">\n\t\t\t<div class=\"elementor-widget-wrap elementor-element-populated\">\n\t\t\t\t\t\t<div class=\"elementor-element elementor-element-f277c3d elementor-widget elementor-widget-text-editor\" data-id=\"f277c3d\" data-element_type=\"widget\" data-e-type=\"widget\" data-widget_type=\"text-editor.default\">\n\t\t\t\t<div class=\"elementor-widget-container\">\n\t\t\t\t\t\t\t\t\t<h2 style=\"text-align: center;\"><strong><span style=\"color: #000000;\">INTRODUCCI\u00d3N<\/span><\/strong><\/h2><p>\u00a0<\/p><p style=\"text-align: center;\"><b>El mejor <\/b><b>influencer<\/b><b> no es el que tiene m\u00e1s seguidores, o los mejores memes, sino el que te motiva a ser mejor persona.<\/b><\/p><p>\u00a0<\/p><h3 style=\"text-align: center;\"><span style=\"color: #000000;\">\u00bfQu\u00e9 es la influencia?<\/span><\/h3><p>El poder de una persona o cosa para determinar o alterar la forma de pensar o de actuar de alguien. Influir est\u00e1 ligado a generar confianza, compartir experiencias, opiniones, conocimiento y causar un efecto.<\/p><p>\u00a0<\/p><h3 style=\"text-align: center;\"><span style=\"color: #000000;\">\u00bfQu\u00e9 es un influencer?<\/span><\/h3><p>Persona activa (influyente) que, <b>por su estilo de vida, valores o creencias, ejerce un influjo directo en un cierto n\u00famero de seguidores<\/b>.<\/p><p>Estas figuras p\u00fablicas expresan opiniones acerca de diferentes temas y se han convertido en embajadores de muchas marcas.<\/p><p>\u00a0<\/p><h2 style=\"text-align: center;\"><strong><span style=\"color: #000000;\">caracteristicas de un influencer<\/span><\/strong><\/h2><p>\u00a0<\/p><ul><li><b>Credibilidad sobre un tema concreto<\/b>: practican un deporte, fan\u00e1ticos de pel\u00edculas y series, \u00e1vidos lectores, viajan por el mundo, les encanta salir a comer, hablan del maquillaje.<\/li><li><b>Presencia e influencia en redes sociales<\/b>: comparten contenido. Algunos m\u00e1s activos que otros, con m\u00e1s o menos seguidores.<\/li><li><b>Prescriptor para una marca<\/b>: se alinean con los valores de una organizaci\u00f3n, lo que hace o comercializa, colaborando con ella para promocionarla.<\/li><\/ul><p>Con base en la explicaci\u00f3n anterior veamos lo que Dios pide de todos los seres humanos<\/p><ul><li>El Eterno por medio de la Tor\u00e1 nos pide &#8220;<b>caminar en todos los caminos de D-s<\/b>\u201c.<ul><li>Deuteronomio 6:17; Ezequiel 18:3 \u2013 9.<\/li><\/ul><\/li><li><b>Todo ser humano es creado a imagen de D-s<\/b>, esto significa que es nuestro modelo de conducta a seguir.<ul><li>G\u00e9nesis 1: 26 \u2013 27; 1 Corintios 11:1; Efesios 5:1.<\/li><\/ul><\/li><li>Una sociedad define sus h\u00e9roes ya sean atletas, estrellas de rock, etc., pero <b>\u00bfA qui\u00e9n te gustar\u00eda que sigan tus hijos?<\/b><\/li><\/ul><p>\u00a0<\/p><h3 style=\"text-align: center;\"><span style=\"color: #000000;\">grandes influencer de la historia<\/span><\/h3><p>\u00a0<\/p><p><b>Los <\/b><b>influencer<\/b><b> pueden ser l\u00edderes religiosos,\u00a0atletas, artistas, activistas y\u00a0hasta pol\u00edticos.<\/b><\/p><p>S\u00f3crates, Julio C\u00e9sar, Galileo, Napole\u00f3n, Lincoln, Edison, Gandhi, Lenin, Churchill, Mandela, John Lenon, <b>Jes\u00fas<\/b>, son solo algunas de las figuras aclamadas que han logrado hacer historia por su manera \u00fanica de pensar y hacer.<\/p><p style=\"text-align: center;\"><b>No puede existir <\/b><b>influencers<\/b><b> sin influenciado<\/b><\/p><p>A continuaci\u00f3n, veremos algunos datos de los influencers que ha tenido la humanidad en diferentes \u00e9pocas:<\/p><p><b>S\u00f3crates el maestro de Grecia<\/b><\/p><p>Hijo de un alba\u00f1il y una partera. Maestro de Plat\u00f3n, quien a su vez fue maestro de Arist\u00f3teles, siendo estos tres los representantes fundamentales de la filosof\u00eda de la Antigua Grecia. Dijo:<\/p><p><b>&#8220;EL CUERPO HUMANO ES EL CARRUAJE; EL YO, EL HOMBRE QUE LO CONDUCE; EL PENSAMIENTO SON LAS RIENDAS, Y LOS SENTIMIENTOS, LOS CABALLOS.&#8221;<\/b><\/p><p><b>Cayo Julio Cesar<\/b><\/p><p>Estratega, pol\u00edtico, orador, prosista y militar. Dirigi\u00f3 la victoriosa campa\u00f1a de las Galias al derrotar a Pompeyo.<\/p><p><b>&#8220;SIN ENTRENAMIENTO, NO EXISTE EL CONOCIMIENTO.<\/b><\/p><p><b>SIN CONOCIMIENTO, NO EXISTE LA CONFIANZA.<\/b><\/p><p><b>SIN CONFIANZA, LA VICTORIA NO EXISTE.&#8221;<\/b><\/p><p><b>Galileo Galilei: <\/b>Matem\u00e1tico, f\u00edsico, astr\u00f3nomo y fil\u00f3sofo italiano. Cre\u00f3 un telescopio con el que realiz\u00f3 observaciones novedosas del cielo nocturno, la superficie de la Luna, cuatro lunas sat\u00e9lites de J\u00fapiter, las manchas solares del Sol. Sometido al proceso inquisitorial.<\/p><p><b>&#8220;LA PROHIBICI\u00d3N DE LA CIENCIA SER\u00cdA CONTRARIA A LA BIBLIA, QUE EN CIENTOS DE LUGARES NOS ENSE\u00d1A C\u00d3MO LA GRANDEZA Y LA GLORIA DE D-S BRILLAN MARAVILLOSAMENTE EN TODAS SUS OBRAS, Y DEBE LEERSE SOBRE TODO EN EL LIBRO ABIERTO DE LOS CIELOS.&#8221;<\/b><\/p><p><b>Napole\u00f3n Bonaparte<\/b><\/p><p>Primer C\u00f3nsul y Emperador de Francia, rigi\u00f3 los destinos de Europa durante tres lustros. Genio indiscutible del arte militar y estadista.<\/p><p><b>&#8220;Alejandro, C\u00e9sar, Carlomagno y yo hemos fundado imperios. Pero \u00bfsobre qu\u00e9 descansamos las creaciones de nuestro genio? sobre la fuerza. Jesucristo fund\u00f3 su imperio sobre el amor; y en esta hora millones de hombres morir\u00edan por \u00e9l&#8221;<\/b><\/p><p><b>Abraham Lincoln<\/b><\/p><p>Pol\u00edtico y\u00a0abogado\u00a0estadounidense. Decimosexto presidente de los EUA. Aboli\u00f3 la\u00a0esclavitud.<\/p><p>Fue en gran parte autodidacta. Educado en una familia de cristianos bautistas. Hac\u00eda numerosas referencias a D-s en sus discursos, refiri\u00e9ndose a \u00e9l como Padre o Todopoderoso.<\/p><p>&#8220;<b>MI PREOCUPACI\u00d3N NO ES SI DIOS EST\u00c1 DE NUESTRO LADO; MI MAYOR PREOCUPACI\u00d3N ES ESTAR DEL LADO DE DIOS, PORQUE DIOS SIEMPRE TIENE LA RAZ\u00d3N<\/b>&#8220;<\/p><p><b>Thomas Alva Edison <\/b><\/p><p>Cient\u00edfico, empresario e inventor estadounidense<\/p><p>&#8220;<b>NO CREO EN EL DIOS DE LOS TE\u00d3LOGOS; PERO S\u00c9 QUE EXISTE UNA INTELIGENCIA SUPREMA, ESO NO LO DUDO<\/b><\/p><p><b>CREO EN LA EXISTENCIA DE UNA INTELIGENCIA MAYOR QUE LLENA TODO EL UNIVERSO<\/b>&#8220;<\/p><p><b>Mohandas (Mahatma \u2013 Gran Alma) Gandhi<\/b><\/p><p>Abogado, pensador, activista y pol\u00edtico. Naci\u00f3 en el seno de una familia acomodada en la India. Se convirti\u00f3 en un luchador por los derechos civiles de sus compatriotas, abraz\u00f3 la no violencia para lograr sus objetivos. Creo colonias agrarias y hospitales en Sud\u00e1frica. Hizo manifestaciones no violentas y huelgas de hambre.<\/p><p>&#8220;<b>CUIDA TUS PENSAMIENTOS, PORQUE SE CONVERTIR\u00c1N EN TUS PALABRAS. CUIDA TUS PALABRAS, PORQUE SE CONVERTIR\u00c1N EN TUS ACTOS. CUIDA TUS ACTOS, PORQUE SE CONVERTIR\u00c1N EN TUS H\u00c1BITOS. CUIDA TUS H\u00c1BITOS, PORQUE SE CONVERTIR\u00c1N EN TU DESTINO.<\/b>&#8220;<\/p><p>&#8220;<b>OJO POR OJO Y EL MUNDO ACABAR\u00c1 CIEGO<\/b>&#8220;<\/p><p><b>Vladimir Lenin<\/b><\/p><p>Inspirador, l\u00edder y primer dirigente del Estado sovi\u00e9tico. Considerado uno de los l\u00edderes m\u00e1s importantes del siglo XX. Aplic\u00f3 reformas como la expropiaci\u00f3n de las tierras\u00a0de los nobles para d\u00e1rselas a los campesinos, universaliz\u00f3 la educaci\u00f3n, estableci\u00f3 jornadas laborales de 8 horas, el sistema de pensiones.<\/p><p><b>&#8220;SI NO ERES PARTE DE LA SOLUCI\u00d3N, ERES PARTE DEL PROBLEMA, \u00a1ACT\u00daA!&#8221;<\/b><\/p><p><b>&#8220;UNA MENTIRA REPETIDA MUCHAS VECES SE CONVIERTE EN UNA GRAN VERDAD&#8221;<\/b><\/p><p><b>Winston Churchill<\/b><\/p><p>Uno de los mayores estrategas del siglo XX. Tuvo papel protagonista durante la\u00a02da Guerra Mundial tras ponerse al frente de Inglaterra y liderar una nueva pol\u00edtica de marcado car\u00e1cter belicista para contrarrestar el avance de\u00a0Hitler\u00a0en\u00a0Europa. Gan\u00f3 un Premio Nobel de Literatura.<\/p><p>&#8220;<b>EL PROBLEMA DE NUESTRA \u00c9POCA CONSISTE EN QUE SUS HOMBRES NO QUIEREN SER \u00daTILES SINO IMPORTANTES.<\/b>&#8220;<\/p><p><b>Nelson Mandela \u201cel Tata\u201d<\/b><\/p><p>Activista y pol\u00edtico sudafricano. Tras 27 a\u00f1os de c\u00e1rcel, presidi\u00f3 en 1994 el primer gobierno que pon\u00eda fin al r\u00e9gimen racista. Lucho contra la injusticia, recibi\u00f3 el\u00a0Premio Nobel de la Paz. Dedic\u00f3 su vida al servicio de su pueblo y de la humanidad, y lo hizo con gran sacrificio personal.<\/p><p>&#8220;<b>LA EDUCACI\u00d3N ES EL ARMA M\u00c1S PODEROSA QUE PUEDES USAR PARA CAMBIAR EL MUNDO<\/b>&#8220;<\/p><p><b>John Lennon<\/b><\/p><p>Cantante, m\u00fasico brit\u00e1nico, fundador y l\u00edder.<\/p><p>&#8220;<b>CUANDO HAGAS ALGO NOBLE Y HERMOSO Y NADIE SE D\u00c9 CUENTA, NO EST\u00c9S TRISTE. EL AMANECER ES UN ESPECT\u00c1CULO HERMOSO Y SIN EMBARGO LA MAYOR PARTE DE LA AUDIENCIA DUERME TODAV\u00cdA<\/b>&#8220;<\/p><p><strong>Jes\u00fas deNazareth, el Hijo de Dios<\/strong><\/p><p>El mayor influencer de la historia. A todos los lugares que iba lo segu\u00eda mucha gente. Su opini\u00f3n, su testimonio no solo influenciaba a otros, sino que transformaba vidas.<\/p><p>Todos somos influenciados por algo o alguien, y nosotros mismos influenciamos a otros sin darnos cuenta.<\/p><p>Somos <b><i>la sal y la luz del mundo<\/i><\/b><i>, <\/i>Mateo 5:13-16<\/p><ul><li><b>\u2026<em>YO SOY EL CAMINO, LA VERDAD Y LA VIDA<\/em>\u2026 JN 14:6<\/b><\/li><li><b><em>Y JESUS LES DIJO: YO SOY EL PAN DE VIDA<\/em>\u2026 JN 6:35<\/b><\/li><li><b><em>EL QUE CREE EN MI<\/em>\u2026 JN 7:38<\/b><\/li><\/ul><p>\u00a0<\/p><h3 style=\"text-align: center;\"><span style=\"color: #000000;\">SOMOS HIJOS DE DIOS<\/span><\/h3><p>\u00a0<\/p><ul><li>Juan 1:1<\/li><li>Hebreos 13:8<\/li><li>1 Juan 1: 5 \u2013 7<\/li><li>1 Pedro 2:8 \u2013 9<\/li><li>1 Tesalonicenses 5:5<\/li><li>Colosenses 1:12<\/li><li>Romanos 13:12<\/li><\/ul><p>\u00a0<\/p><h2 style=\"text-align: center;\"><strong><span style=\"color: #000000;\">CONCLUSI\u00d3N<\/span><\/strong><\/h2><p>En la actualidad puedes convertirte en influencer sin objetivo alguno,\u00a0<b>sin madurez intelectual y emocional\u00a0<\/b>compartiendo mala informaci\u00f3n, por lo tanto, pregunt\u00e9monos:<\/p><ul><li style=\"list-style-type: none;\"><ul><li>\u00bfQu\u00e9 valores y principios fomentan?<\/li><li>\u00bfQu\u00e9 ideales inculcan?<\/li><li>\u00bfQu\u00e9 visi\u00f3n de la vida tienen?<\/li><li>\u00bfQu\u00e9 promesa al futuro comparten?<\/li><li>\u00bfQu\u00e9 tipo de sociedad se est\u00e1 formando?<ul><li>1 Corintios 1:11 \u2013 13, 3:1 \u2013 23<\/li><li>Hechos 2:22 \u2013 47, 10: 1 \u2013 48<\/li><\/ul><\/li><\/ul><\/li><\/ul><p>Con lo anterior no decimos que todo este mal, solo te invitamos a que le des prioridad o impartancia a lo que te formar\u00e1 como un buen ser humano, una buena hija o buen hijo de Dios, una buena hija o buen hijo, una buena madre o un buen padre, una buena vecina o buen vecino, por que al final indirectamente tambi\u00e9n somos influencer.<\/p>\t\t\t\t\t\t\t\t<\/div>\n\t\t\t\t<\/div>\n\t\t\t\t\t<\/div>\n\t\t<\/div>\n\t\t\t\t\t<\/div>\n\t\t<\/section>\n\t\t\t\t<section class=\"elementor-section elementor-top-section elementor-element elementor-element-470d991 elementor-section-boxed elementor-section-height-default elementor-section-height-default\" data-id=\"470d991\" data-element_type=\"section\" data-e-type=\"section\">\n\t\t\t\t\t\t<div class=\"elementor-container elementor-column-gap-default\">\n\t\t\t\t\t<div class=\"elementor-column elementor-col-100 elementor-top-column elementor-element elementor-element-4f1b7f2\" data-id=\"4f1b7f2\" data-element_type=\"column\" data-e-type=\"column\">\n\t\t\t<div class=\"elementor-widget-wrap elementor-element-populated\">\n\t\t\t\t\t\t<div class=\"elementor-element elementor-element-4b2fa37 elementor-align-center elementor-widget elementor-widget-button\" data-id=\"4b2fa37\" data-element_type=\"widget\" data-e-type=\"widget\" data-widget_type=\"button.default\">\n\t\t\t\t<div class=\"elementor-widget-container\">\n\t\t\t\t\t\t\t\t\t<div class=\"elementor-button-wrapper\">\n\t\t\t\t\t<a class=\"elementor-button elementor-button-link elementor-size-sm\" href=\"https:\/\/iidsech.com\/index.php\/predicaciones\/\">\n\t\t\t\t\t\t<span class=\"elementor-button-content-wrapper\">\n\t\t\t\t\t\t<span class=\"elementor-button-icon\">\n\t\t\t\t<i aria-hidden=\"true\" class=\"fas fa-angle-double-left\"><\/i>\t\t\t<\/span>\n\t\t\t\t\t\t\t\t\t<span class=\"elementor-button-text\">REGRESAR<\/span>\n\t\t\t\t\t<\/span>\n\t\t\t\t\t<\/a>\n\t\t\t\t<\/div>\n\t\t\t\t\t\t\t\t<\/div>\n\t\t\t\t<\/div>\n\t\t\t\t\t<\/div>\n\t\t<\/div>\n\t\t\t\t\t<\/div>\n\t\t<\/section>\n\t\t\t\t<\/div>\n\t\t","protected":false},"excerpt":{"rendered":"<p>Influencer Categor\u00eda: Fortaleza, Fe Fecha: Mar, 2024 INTRODUCCI\u00d3N \u00a0 El mejor influencer no es el que tiene m\u00e1s seguidores, o los mejores memes, sino el que te motiva a ser mejor persona. \u00a0 \u00bfQu\u00e9 es la influencia? El poder de una persona o cosa para determinar o alterar la forma de pensar o de actuar&#8230;<\/p>\n","protected":false},"author":1,"featured_media":0,"parent":14266,"menu_order":0,"comment_status":"closed","ping_status":"closed","template":"elementor_header_footer","meta":{"om_disable_all_campaigns":false,"_tbt_post_transparent":"","_tbt_post_title":"default","_tbt_post_layout":"default","_tbt_post_sidebar_id":"","_tbt_post_content_style":"unboxed","_tbt_post_vertical_padding":"hide","_tbt_post_feature":"hide","_tbt_post_feature_position":"","_tbt_post_header":false,"_tbt_post_footer":false,"_mc_calendar":[]},"class_list":["post-15673","page","type-page","status-publish","hentry"],"aioseo_notices":[],"_links":{"self":[{"href":"https:\/\/iidsech.com\/index.php\/wp-json\/wp\/v2\/pages\/15673","targetHints":{"allow":["GET"]}}],"collection":[{"href":"https:\/\/iidsech.com\/index.php\/wp-json\/wp\/v2\/pages"}],"about":[{"href":"https:\/\/iidsech.com\/index.php\/wp-json\/wp\/v2\/types\/page"}],"author":[{"embeddable":true,"href":"https:\/\/iidsech.com\/index.php\/wp-json\/wp\/v2\/users\/1"}],"replies":[{"embeddable":true,"href":"https:\/\/iidsech.com\/index.php\/wp-json\/wp\/v2\/comments?post=15673"}],"version-history":[{"count":19,"href":"https:\/\/iidsech.com\/index.php\/wp-json\/wp\/v2\/pages\/15673\/revisions"}],"predecessor-version":[{"id":15790,"href":"https:\/\/iidsech.com\/index.php\/wp-json\/wp\/v2\/pages\/15673\/revisions\/15790"}],"up":[{"embeddable":true,"href":"https:\/\/iidsech.com\/index.php\/wp-json\/wp\/v2\/pages\/14266"}],"wp:attachment":[{"href":"https:\/\/iidsech.com\/index.php\/wp-json\/wp\/v2\/media?parent=15673"}],"curies":[{"name":"wp","href":"https:\/\/api.w.org\/{rel}","templated":true}]}}