{"id":13732,"date":"2023-08-03T01:17:14","date_gmt":"2023-08-03T06:17:14","guid":{"rendered":"https:\/\/iidsech.com\/?page_id=13732"},"modified":"2025-07-26T00:54:54","modified_gmt":"2025-07-26T06:54:54","slug":"shabat-2","status":"publish","type":"page","link":"https:\/\/iidsech.com\/index.php\/estudios_base\/shabat-2\/","title":{"rendered":"Shabat"},"content":{"rendered":"\t\t<div data-elementor-type=\"wp-page\" data-elementor-id=\"13732\" class=\"elementor elementor-13732\">\n\t\t\t\t\t\t<div class=\"elementor-section elementor-top-section elementor-element elementor-element-346406e videothumb elementor-section-stretched elementor-section-boxed elementor-section-height-default elementor-section-height-default\" data-id=\"346406e\" data-element_type=\"section\" data-e-type=\"section\" data-settings=\"{&quot;stretch_section&quot;:&quot;section-stretched&quot;,&quot;background_background&quot;:&quot;classic&quot;}\">\n\t\t\t\t\t\t<div class=\"elementor-container elementor-column-gap-default\">\n\t\t\t\t\t<div class=\"elementor-column elementor-col-100 elementor-top-column elementor-element elementor-element-1246ba2\" data-id=\"1246ba2\" data-element_type=\"column\" data-e-type=\"column\">\n\t\t\t<div class=\"elementor-widget-wrap elementor-element-populated\">\n\t\t\t\t\t\t<div class=\"elementor-section elementor-inner-section elementor-element elementor-element-71182e2 elementor-section-full_width elementor-section-height-default elementor-section-height-default\" data-id=\"71182e2\" data-element_type=\"section\" data-e-type=\"section\">\n\t\t\t\t\t\t<div class=\"elementor-container elementor-column-gap-no\">\n\t\t\t\t\t<div class=\"elementor-column elementor-col-100 elementor-inner-column elementor-element elementor-element-2ab3072\" data-id=\"2ab3072\" data-element_type=\"column\" data-e-type=\"column\" data-settings=\"{&quot;background_background&quot;:&quot;classic&quot;}\">\n\t\t\t<div class=\"elementor-widget-wrap elementor-element-populated\">\n\t\t\t\t\t\t<div class=\"elementor-element elementor-element-d4808f1 elementor-position-top elementor-invisible elementor-widget elementor-widget-image-box\" data-id=\"d4808f1\" data-element_type=\"widget\" data-e-type=\"widget\" data-settings=\"{&quot;_animation&quot;:&quot;slideInDown&quot;}\" data-widget_type=\"image-box.default\">\n\t\t\t\t<div class=\"elementor-widget-container\">\n\t\t\t\t\t<div class=\"elementor-image-box-wrapper\"><figure class=\"elementor-image-box-img\"><img fetchpriority=\"high\" decoding=\"async\" width=\"2560\" height=\"1707\" src=\"https:\/\/iidsech.com\/wp-content\/uploads\/2023\/08\/patrick-fore-b_SHPU5M3nk-unsplash-scaled.jpg\" class=\"elementor-animation-skew-forward attachment-full size-full wp-image-13738\" alt=\"\" srcset=\"https:\/\/iidsech.com\/wp-content\/uploads\/2023\/08\/patrick-fore-b_SHPU5M3nk-unsplash-scaled.jpg 2560w, https:\/\/iidsech.com\/wp-content\/uploads\/2023\/08\/patrick-fore-b_SHPU5M3nk-unsplash-scaled-600x400.jpg 600w, https:\/\/iidsech.com\/wp-content\/uploads\/2023\/08\/patrick-fore-b_SHPU5M3nk-unsplash-300x200.jpg 300w, https:\/\/iidsech.com\/wp-content\/uploads\/2023\/08\/patrick-fore-b_SHPU5M3nk-unsplash-1024x683.jpg 1024w, https:\/\/iidsech.com\/wp-content\/uploads\/2023\/08\/patrick-fore-b_SHPU5M3nk-unsplash-768x512.jpg 768w, https:\/\/iidsech.com\/wp-content\/uploads\/2023\/08\/patrick-fore-b_SHPU5M3nk-unsplash-1536x1024.jpg 1536w, https:\/\/iidsech.com\/wp-content\/uploads\/2023\/08\/patrick-fore-b_SHPU5M3nk-unsplash-2048x1365.jpg 2048w\" sizes=\"(max-width: 2560px) 100vw, 2560px\" \/><\/figure><div class=\"elementor-image-box-content\"><h1 class=\"elementor-image-box-title\">SHABAT<\/h1><p class=\"elementor-image-box-description\">Realizado Por: <font color=\"#dea447\">Min. A. Rub\u00e9n Romero M.<\/font> \nCategor\u00eda: <span style=\"color:#000000\"><a href=\"https:\/\/iidsech.com\/index.php\/estudios_base\/\">Base doctrinal<\/a>.<\/span> Fecha:<span style=\"color:#dea447\">  Feb, 2017<\/span><\/p><\/div><\/div>\t\t\t\t<\/div>\n\t\t\t\t<\/div>\n\t\t\t\t\t<\/div>\n\t\t<\/div>\n\t\t\t\t\t<\/div>\n\t\t<\/div>\n\t\t\t\t\t<\/div>\n\t\t<\/div>\n\t\t\t\t\t<\/div>\n\t\t<\/div>\n\t\t\t\t<section class=\"elementor-section elementor-top-section elementor-element elementor-element-fbc7992 elementor-section-boxed elementor-section-height-default elementor-section-height-default\" data-id=\"fbc7992\" data-element_type=\"section\" data-e-type=\"section\">\n\t\t\t\t\t\t<div class=\"elementor-container elementor-column-gap-default\">\n\t\t\t\t\t<div class=\"elementor-column elementor-col-100 elementor-top-column elementor-element elementor-element-d81a8cb\" data-id=\"d81a8cb\" data-element_type=\"column\" data-e-type=\"column\">\n\t\t\t<div class=\"elementor-widget-wrap elementor-element-populated\">\n\t\t\t\t\t\t<div class=\"elementor-element elementor-element-f277c3d elementor-widget elementor-widget-text-editor\" data-id=\"f277c3d\" data-element_type=\"widget\" data-e-type=\"widget\" data-widget_type=\"text-editor.default\">\n\t\t\t\t<div class=\"elementor-widget-container\">\n\t\t\t\t\t\t\t\t\t<h4>INTRODUCCI\u00d3N<\/h4><p>Se ha comentado mucho sobre la que as el d\u00eda de Shabat pero a trav\u00e9s de los a\u00f1os muchos han intentado cambiar este d\u00eda por el primer d\u00eda de la semana argumentando que es el d\u00eda del Se\u00f1or, primeramente veremos c\u00f3mo se llama verdaderamente este d\u00eda:<\/p><p>S\u00e1bado = S\u00e9ptimo d\u00eda de la semana<\/p><p>Saturday = D\u00eda de Saturno<\/p><p>Sahabat = Reposo del Se\u00f1or, Bendici\u00f3n del Se\u00f1or<\/p><p>En los primeros casos es una adoraci\u00f3n a la diosa de la sabidur\u00eda romana (Hera en la mitolog\u00eda griega) y en el tercer caso, aunque sorprenda un poco son las actividades que hizo el Se\u00f1or en el d\u00eda s\u00e9ptimo.<br \/>\u00bfPor qu\u00e9 es tan especial este d\u00eda? \u00bfPor qu\u00e9 han querido cambiar el d\u00eda primero? Es el tema que a continuaci\u00f3n se desarrolla.<\/p><p>1.- Seg\u00fan las escrituras hebreas el trabajo creativo fue terminado en el s\u00e9ptimo d\u00eda y fue el d\u00eda de bendici\u00f3n para todo la creado as\u00ed que contiene este d\u00eda 3 elementos: 1.- trabajo 2.- reposo 3.- bendici\u00f3n<br \/><b> G\u00c9NESIS 2=1-3<\/b><\/p><p>2.- Las mismas escrituras nos ense\u00f1an que antes de la data de la ley el pueblo, conoc\u00eda el mandamiento Sab\u00e1tico,<br \/><b>\u00c9XODO 16=23-30<\/b><\/p><p>3.- Cuando el Alt\u00edsimo da mandamiento y leyes para la celebraci\u00f3n de la Pascua; dice del s\u00e1bado pascual las siguientes palabras &#8220;El primer d\u00eda habr\u00e1 santa convocaci\u00f3n, y as\u00ed mismo el s\u00e9ptimo d\u00eda tendr\u00e1 una santa convocaci\u00f3n ninguna obra se har\u00e1 en ellos, excepto solamente que adereces la que cada cual hubiere de comer&#8221; <b>\u00c9XODO 12=16<\/b><\/p><p>4.- Tambi\u00e9n durante este Shabat dice la palabra de Dios \u201cY a los quince d\u00edas de este mes la solemnidad par siete d\u00edas se comer\u00e1n panes \u00e1zimos. El primer d\u00eda Santa convocaci\u00f3n, ninguna obra servil har\u00e9is\u201d<br \/><b>N\u00daMEROS 28=17-18<\/b><\/p><p>5.- El an\u00e1lisis de las Sagradas Escrituras nos hace ver que ciertamente el trabajo sacerdotal en lugar de disminuir en el Shabat este se multiplica.<br \/><b>N\u00daMEROS 28=9- 10<\/b><\/p><p>6.- El S\u00e1bado tiene 2 cosas dignas de tomarse en cuenta:<br \/>A) Es una se\u00f1al entre Dior y su Pueblo<br \/>B) Es un d\u00eda consagrado a Dios<br \/><b>\u00c9XODO 31=15-17 EZEQUIEL 20=12<\/b><\/p><p>7. La bendici\u00f3n del s\u00e1bado la podamos ver a trav\u00e9s de las palabras del profeta Isa\u00edas cuando dice: \u201cS\u00ed retrajeres del s\u00e1bado tu pie de hacer tu voluntad en mi d\u00eda Santo, y al s\u00e1bado llamares delicias, Santo, Glorioso de Jehov\u00e1; y lo veneras no haciendo tus caminos ni buscando tu voluntad, ni hablar\u00e1s tus palabras entonces te deleitar\u00e1s en Jehov\u00e1 y yo te har\u00e9 subir sobre las alturas de la tierra y te dar\u00e9 a comer la heredada de Jacob tu padre porque la boca de Jehov\u00e1 lo ha hablado\u201d<br \/><b>ISA\u00cdAS 58=13-14<\/b><\/p><p>8.- El mismo profeta describe el esp\u00edritu sab\u00e1tico que no es contemplativo, si no de acciones llenas de misericordia.<br \/><b>ISA\u00cdAS 58=5-12<\/b><\/p><p>9.- Este fue el ejemplo que Jesucristo el bendito salvador dio en el descanso sab\u00e1tico.<br \/><b>MARCOS 3=1-6 LUCAS 13=10-17 LUCAS 14=1-8 JUAN 9=1-16<\/b><\/p><p>10.-Precisamente del trabajo sacerdotal Cristo se\u00f1al\u00f3 que lo que \u00e9l hac\u00eda en s\u00e1bado era l\u00edcito y sagrado.<br \/><b>JUAN 7=19-24 MATEO 12=1-8<\/b><\/p><p>11.- Sin embargo, muchos quieren cambiar este d\u00eda por el primero de la semana por las siguientes razones que no tienen ning\u00fan fundamento. JUAN 20=1-2<br \/><b>LUCAS 24=1-2 MARCOS16=1-2 MATEO 28=1-2 JUAN 20=26 HECHOS 9=7 1a CORINTIOS 16=2 APOCALIPSIS 1=10.<\/b><\/p><h4>CONCLUSI\u00d3N<\/h4><p>Finalmente diremos que el s\u00e1bado siendo una instituci\u00f3n santa en que se encuentra principalmente la bendici\u00f3n de Dios para el hombre y el amor del hombre para el pr\u00f3jimo, se ha fanatizado y guardado con la incongruencia que los fariseos lo hac\u00edan en los d\u00edas de Jesucristo el Bendito Salvador sobre la tierra.<\/p>\t\t\t\t\t\t\t\t<\/div>\n\t\t\t\t<\/div>\n\t\t\t\t\t<\/div>\n\t\t<\/div>\n\t\t\t\t\t<\/div>\n\t\t<\/section>\n\t\t\t\t<section class=\"elementor-section elementor-top-section elementor-element elementor-element-470d991 elementor-section-boxed elementor-section-height-default elementor-section-height-default\" data-id=\"470d991\" data-element_type=\"section\" data-e-type=\"section\">\n\t\t\t\t\t\t<div class=\"elementor-container elementor-column-gap-default\">\n\t\t\t\t\t<div class=\"elementor-column elementor-col-100 elementor-top-column elementor-element elementor-element-4f1b7f2\" data-id=\"4f1b7f2\" data-element_type=\"column\" data-e-type=\"column\">\n\t\t\t<div class=\"elementor-widget-wrap elementor-element-populated\">\n\t\t\t\t\t\t<div class=\"elementor-element elementor-element-4b2fa37 elementor-align-center elementor-widget elementor-widget-button\" data-id=\"4b2fa37\" data-element_type=\"widget\" data-e-type=\"widget\" data-widget_type=\"button.default\">\n\t\t\t\t<div class=\"elementor-widget-container\">\n\t\t\t\t\t\t\t\t\t<div class=\"elementor-button-wrapper\">\n\t\t\t\t\t<a class=\"elementor-button elementor-button-link elementor-size-sm\" href=\"https:\/\/iidsech.com\/index.php\/estudios_base\/\">\n\t\t\t\t\t\t<span class=\"elementor-button-content-wrapper\">\n\t\t\t\t\t\t<span class=\"elementor-button-icon\">\n\t\t\t\t<i aria-hidden=\"true\" class=\"fas fa-angle-double-left\"><\/i>\t\t\t<\/span>\n\t\t\t\t\t\t\t\t\t<span class=\"elementor-button-text\">REGRESAR<\/span>\n\t\t\t\t\t<\/span>\n\t\t\t\t\t<\/a>\n\t\t\t\t<\/div>\n\t\t\t\t\t\t\t\t<\/div>\n\t\t\t\t<\/div>\n\t\t\t\t\t<\/div>\n\t\t<\/div>\n\t\t\t\t\t<\/div>\n\t\t<\/section>\n\t\t\t\t<\/div>\n\t\t","protected":false},"excerpt":{"rendered":"<p>SHABAT Realizado Por: Min. A. Rub\u00e9n Romero M. Categor\u00eda: Base doctrinal. Fecha: Feb, 2017 INTRODUCCI\u00d3N Se ha comentado mucho sobre la que as el d\u00eda de Shabat pero a trav\u00e9s de los a\u00f1os muchos han intentado cambiar este d\u00eda por el primer d\u00eda de la semana argumentando que es el d\u00eda del Se\u00f1or, primeramente veremos&#8230;<\/p>\n","protected":false},"author":1,"featured_media":0,"parent":9097,"menu_order":0,"comment_status":"closed","ping_status":"closed","template":"elementor_header_footer","meta":{"om_disable_all_campaigns":false,"_tbt_post_transparent":"","_tbt_post_title":"default","_tbt_post_layout":"default","_tbt_post_sidebar_id":"","_tbt_post_content_style":"unboxed","_tbt_post_vertical_padding":"hide","_tbt_post_feature":"hide","_tbt_post_feature_position":"","_tbt_post_header":false,"_tbt_post_footer":false,"_mc_calendar":[]},"class_list":["post-13732","page","type-page","status-publish","hentry"],"aioseo_notices":[],"_links":{"self":[{"href":"https:\/\/iidsech.com\/index.php\/wp-json\/wp\/v2\/pages\/13732","targetHints":{"allow":["GET"]}}],"collection":[{"href":"https:\/\/iidsech.com\/index.php\/wp-json\/wp\/v2\/pages"}],"about":[{"href":"https:\/\/iidsech.com\/index.php\/wp-json\/wp\/v2\/types\/page"}],"author":[{"embeddable":true,"href":"https:\/\/iidsech.com\/index.php\/wp-json\/wp\/v2\/users\/1"}],"replies":[{"embeddable":true,"href":"https:\/\/iidsech.com\/index.php\/wp-json\/wp\/v2\/comments?post=13732"}],"version-history":[{"count":14,"href":"https:\/\/iidsech.com\/index.php\/wp-json\/wp\/v2\/pages\/13732\/revisions"}],"predecessor-version":[{"id":16387,"href":"https:\/\/iidsech.com\/index.php\/wp-json\/wp\/v2\/pages\/13732\/revisions\/16387"}],"up":[{"embeddable":true,"href":"https:\/\/iidsech.com\/index.php\/wp-json\/wp\/v2\/pages\/9097"}],"wp:attachment":[{"href":"https:\/\/iidsech.com\/index.php\/wp-json\/wp\/v2\/media?parent=13732"}],"curies":[{"name":"wp","href":"https:\/\/api.w.org\/{rel}","templated":true}]}}