{"id":13724,"date":"2023-08-03T01:09:07","date_gmt":"2023-08-03T06:09:07","guid":{"rendered":"https:\/\/iidsech.com\/?page_id=13724"},"modified":"2024-04-24T15:47:34","modified_gmt":"2024-04-24T20:47:34","slug":"la-profecia-biblica","status":"publish","type":"page","link":"https:\/\/iidsech.com\/index.php\/estudios_base\/la-profecia-biblica\/","title":{"rendered":"La Profec\u00eda B\u00edblica"},"content":{"rendered":"\t\t<div data-elementor-type=\"wp-page\" data-elementor-id=\"13724\" class=\"elementor elementor-13724\">\n\t\t\t\t\t\t<div class=\"elementor-section elementor-top-section elementor-element elementor-element-346406e videothumb elementor-section-stretched elementor-section-boxed elementor-section-height-default elementor-section-height-default\" data-id=\"346406e\" data-element_type=\"section\" data-e-type=\"section\" data-settings=\"{&quot;stretch_section&quot;:&quot;section-stretched&quot;,&quot;background_background&quot;:&quot;classic&quot;}\">\n\t\t\t\t\t\t<div class=\"elementor-container elementor-column-gap-default\">\n\t\t\t\t\t<div class=\"elementor-column elementor-col-100 elementor-top-column elementor-element elementor-element-1246ba2\" data-id=\"1246ba2\" data-element_type=\"column\" data-e-type=\"column\">\n\t\t\t<div class=\"elementor-widget-wrap elementor-element-populated\">\n\t\t\t\t\t\t<div class=\"elementor-section elementor-inner-section elementor-element elementor-element-71182e2 elementor-section-full_width elementor-section-height-default elementor-section-height-default\" data-id=\"71182e2\" data-element_type=\"section\" data-e-type=\"section\">\n\t\t\t\t\t\t<div class=\"elementor-container elementor-column-gap-no\">\n\t\t\t\t\t<div class=\"elementor-column elementor-col-100 elementor-inner-column elementor-element elementor-element-2ab3072\" data-id=\"2ab3072\" data-element_type=\"column\" data-e-type=\"column\" data-settings=\"{&quot;background_background&quot;:&quot;classic&quot;}\">\n\t\t\t<div class=\"elementor-widget-wrap\">\n\t\t\t\t\t\t\t<\/div>\n\t\t<\/div>\n\t\t\t\t\t<\/div>\n\t\t<\/div>\n\t\t\t\t\t<\/div>\n\t\t<\/div>\n\t\t\t\t\t<\/div>\n\t\t<\/div>\n\t\t\t\t<section class=\"elementor-section elementor-top-section elementor-element elementor-element-fbc7992 elementor-section-boxed elementor-section-height-default elementor-section-height-default\" data-id=\"fbc7992\" data-element_type=\"section\" data-e-type=\"section\">\n\t\t\t\t\t\t<div class=\"elementor-container elementor-column-gap-default\">\n\t\t\t\t\t<div class=\"elementor-column elementor-col-100 elementor-top-column elementor-element elementor-element-d81a8cb\" data-id=\"d81a8cb\" data-element_type=\"column\" data-e-type=\"column\">\n\t\t\t<div class=\"elementor-widget-wrap elementor-element-populated\">\n\t\t\t\t\t\t<div class=\"elementor-element elementor-element-d4808f1 elementor-position-top elementor-invisible elementor-widget elementor-widget-image-box\" data-id=\"d4808f1\" data-element_type=\"widget\" data-e-type=\"widget\" data-settings=\"{&quot;_animation&quot;:&quot;slideInDown&quot;}\" data-widget_type=\"image-box.default\">\n\t\t\t\t<div class=\"elementor-widget-container\">\n\t\t\t\t\t<div class=\"elementor-image-box-wrapper\"><figure class=\"elementor-image-box-img\"><img fetchpriority=\"high\" decoding=\"async\" width=\"2560\" height=\"1649\" src=\"https:\/\/iidsech.com\/wp-content\/uploads\/2023\/08\/bill-jelen-lt6gE86VyaA-unsplash-scaled.jpg\" class=\"elementor-animation-skew-forward attachment-full size-full wp-image-13742\" alt=\"\" srcset=\"https:\/\/iidsech.com\/wp-content\/uploads\/2023\/08\/bill-jelen-lt6gE86VyaA-unsplash-scaled.jpg 2560w, https:\/\/iidsech.com\/wp-content\/uploads\/2023\/08\/bill-jelen-lt6gE86VyaA-unsplash-scaled-600x386.jpg 600w, https:\/\/iidsech.com\/wp-content\/uploads\/2023\/08\/bill-jelen-lt6gE86VyaA-unsplash-300x193.jpg 300w, https:\/\/iidsech.com\/wp-content\/uploads\/2023\/08\/bill-jelen-lt6gE86VyaA-unsplash-1024x660.jpg 1024w, https:\/\/iidsech.com\/wp-content\/uploads\/2023\/08\/bill-jelen-lt6gE86VyaA-unsplash-768x495.jpg 768w, https:\/\/iidsech.com\/wp-content\/uploads\/2023\/08\/bill-jelen-lt6gE86VyaA-unsplash-1536x989.jpg 1536w, https:\/\/iidsech.com\/wp-content\/uploads\/2023\/08\/bill-jelen-lt6gE86VyaA-unsplash-2048x1319.jpg 2048w\" sizes=\"(max-width: 2560px) 100vw, 2560px\" \/><\/figure><div class=\"elementor-image-box-content\"><h1 class=\"elementor-image-box-title\">2. La Profec\u00eda B\u00edblica<\/h1><p class=\"elementor-image-box-description\">Realizado Por: <font color=\"#dea447\">Min. A. Rub\u00e9n Romero M.<\/font> \nCategor\u00eda: <span style=\"color:#000000\"><a href=\"https:\/\/iidsech.com\/index.php\/estudios_base\/\">Base doctrinal<\/a>.<\/span> Fecha:<span style=\"color:#dea447\">  Feb, 2017<\/span><\/p><\/div><\/div>\t\t\t\t<\/div>\n\t\t\t\t<\/div>\n\t\t\t\t<div class=\"elementor-element elementor-element-f277c3d elementor-widget elementor-widget-text-editor\" data-id=\"f277c3d\" data-element_type=\"widget\" data-e-type=\"widget\" data-widget_type=\"text-editor.default\">\n\t\t\t\t<div class=\"elementor-widget-container\">\n\t\t\t\t\t\t\t\t\t<p class=\"MsoNormal\">Esta segunda parte, que es la profec\u00eda, la podremos\ncomprender bas\u00e1ndonos en los versos del Ap\u00f3stol Pedro que dicen: &#8220;Tenemos\ntambi\u00e9n la palabra prof\u00e9tica m\u00e1s permanente, a la cual hac\u00e9is bien en estar\natentos como a una antorcha que alumbra en lugar oscuro, hasta que el d\u00eda\nesclarezca, y el lucero de la ma\u00f1ana salga en vuestros corazones. Entendiendo\nprimero esto, que ninguna profec\u00eda de la Escritura es de interpretaci\u00f3n\nprivada; porque la profec\u00eda no fue en los tiempos pasados tra\u00edda por voluntad\nhumana, sino que los santos hombres de Dios hablaron siendo inspirados por el\nEsp\u00edritu Santo.&#8221; (2 Pedro 1:19-21)<o:p><\/o:p><\/p><p class=\"MsoNormal\"><b>2a. de Pedro 1:19-21<\/b><o:p><\/o:p><\/p><p class=\"MsoNormal\">Muchas corrientes doctrinales no respetan el consejo del\nap\u00f3stol e inventan sus propias profec\u00edas, como lo hicieron la Iglesia Romana,\nAdventista, Mormona y los Testigos de Jehov\u00e1. Tambi\u00e9n el ap\u00f3stol Pablo dijo:\n&#8220;y los esp\u00edritus de los que profetizaren, suj\u00e9tese a los profetas.&#8221;\n(1 Corintios 14:32)<o:p><\/o:p><\/p><p class=\"MsoNormal\">Sujet\u00e1ndonos a los profetas de la Biblia, el primero al que\nleemos es Jacob, quien dijo: &#8220;No ser\u00e1 quitado el cetro de Jud\u00e1 ni el\nlegislador de entre sus pies, hasta que venga Shiloh, y a \u00e9l se congreguen los\npueblos.&#8221; (G\u00e9nesis 49:10)<o:p><\/o:p><\/p><p class=\"MsoNormal\">La meta final es que todos los pueblos de la tierra se\nreunir\u00e1n alrededor de aquel que fue se\u00f1alado desde el principio. Podemos decir\nque la profec\u00eda hist\u00f3ricamente se desarrolla en base a la trayectoria del\npueblo de Israel, ya sea en su comportamiento positivo o negativo, como lo\nescribi\u00f3 Mois\u00e9s de la siguiente manera: &#8220;Hoy pongo por testigos al cielo y\na la tierra, que presto perecer\u00e9is totalmente de la tierra hacia la cual pas\u00e1is\nel Jord\u00e1n para poseerla; no estar\u00e9is en ella largos d\u00edas, sino que ser\u00e9is\ndestruidos. Y Jehov\u00e1 os dispersar\u00e1 entre los pueblos y quedar\u00e9is pocos en\nn\u00famero entre las naciones a las cuales os llevar\u00e1 Jehov\u00e1.&#8221; (Deuteronomio\n4:26-28)<o:p><\/o:p><\/p><p class=\"MsoNormal\">Si aun con estas cosas no me oyereis, yo os castigar\u00e9 siete\nveces m\u00e1s por vuestros pecados.&#8221; (Lev\u00edtico 26:18) Y si con estas cosas no\nfuereis corregidos, sino que anduviereis conmigo en oposici\u00f3n, yo tambi\u00e9n\nproceder\u00e9 con vosotros en oposici\u00f3n y os herir\u00e9 a\u00fan siete veces por vuestros\npecados.&#8221; (Lev\u00edtico 26:23-24) Y si con esto no me oyereis, sino que\nprocediereis conmigo en oposici\u00f3n, yo proceder\u00e9 con vosotros en contra y con\nira, y os castigar\u00e9 a\u00fan siete veces por vuestros pecados.&#8221; (Lev\u00edtico\n26:27-28)<o:p><\/o:p><\/p><p class=\"MsoNormal\">Encontramos lo que esto significa para el desarrollo\nhist\u00f3rico del pueblo de Israel en la sagrada escritura: &#8220;Y hablar\u00e1\npalabras contra el Alt\u00edsimo, y a los santos del Alt\u00edsimo quebrantar\u00e1, y pensar\u00e1\nen cambiar los tiempos y la ley. Y ser\u00e1n entregados en su mano hasta un tiempo,\ny tiempos, y medio tiempo.&#8221; (Daniel 7:25)<o:p><\/o:p><\/p><p class=\"MsoNormal\">Lo mismo dice Juan de la mujer vestida del sol y la luna y\ncon una corona de doce estrellas, que fue llevada al desierto para mantenerla\nall\u00ed durante el mismo tiempo. (Apocalipsis 12:14) En el mismo tiempo, la ciudad\nsanta de Jerusal\u00e9n ser\u00eda hollada por los gentiles. (Apocalipsis 11:2) En esta\n\u00faltima parte, nos habla de 42 meses; el verso 3 nos dice: &#8220;Y dar\u00e9 a mis\ndos testigos, y ellos profetizar\u00e1n por mil doscientos sesenta d\u00edas, vestidos de\nsacos.&#8221; (Apocalipsis 11:3)<o:p><\/o:p><\/p><p class=\"MsoNormal\">Casi las mismas palabras de Daniel las escribe Juan: &#8220;Y\nle fue dada boca que hablaba grandes cosas y blasfemias, y le fue dada potencia\nde actuar cuarenta y dos meses.&#8221; (Apocalipsis 13:5) As\u00ed que\n&#8220;tiempo&#8221; es 1, &#8220;tiempos&#8221; es 2, y &#8220;medio de\ntiempo&#8221; es 1\/2, lo que nos da un total de 3 1\/2. Por lo tanto, 3 1\/2\ntiempos equivalen a 42 meses, y 42 meses por 30 d\u00edas por mes nos dan 1260 d\u00edas.<o:p><\/o:p><\/p><p class=\"MsoNormal\">Cada mes prof\u00e9tico tiene 30 d\u00edas. Si recordamos la profec\u00eda\nde Daniel y Juan, encontramos un poder que quebrantar\u00e1 a los santos del\nAlt\u00edsimo por 3 1\/2 tiempos. Daniel nos habla de cuatro poderes universales, a\nsaber, Babilonia, Medo-Persia, Grecia y Roma, cuyo poder tambi\u00e9n quebrant\u00f3 al\npueblo de Israel por 3 1\/2 tiempos, que suman los 31\/2 tiempos de la\npersecuci\u00f3n de la bestia, totalizando 7 tiempos.<o:p><\/o:p><\/p><p class=\"MsoNormal\">En los d\u00edas de Jesucristo, el poder romano es identificado\nen Apocalipsis como un drag\u00f3n bermejo. (Apocalipsis 12:3) La cola del drag\u00f3n es\nidentificada como Herodes, quien deseaba matar al hijo de la mujer. El periodo\nde la bestia apocal\u00edptica comienza cuando Juan se\u00f1ala con las siguientes\npalabras: &#8220;Y el drag\u00f3n le dio su poder, su trono y gran autoridad.&#8221;\n(Apocalipsis 13:2)<o:p><\/o:p><\/p><p class=\"MsoNormal\">Los hechos hist\u00f3ricos para comprender c\u00f3mo el drag\u00f3n concede\nestas tres cosas a la bestia comienzan hist\u00f3ricamente en el siglo VI con\nGregorio I, el te\u00f3logo, quien, corrompiendo los textos b\u00edblicos, afirma que al\nrechazar a Cristo, el pueblo de Israel tambi\u00e9n es rechazado por Cristo. La Iglesia\nRomana se constituye en el Israel espiritual, ocupando el lugar del pueblo de\nIsrael. Esta idea es heredada y compartida por los movimientos que representan\nla imagen de la bestia (protestantismo), como lo dice el Apocalipsis: &#8220;Vi\notra bestia que sub\u00eda de la tierra; ten\u00eda dos cuernos semejantes a los de un\ncordero, pero hablaba como un drag\u00f3n.&#8221; (Apocalipsis 13:11)<o:p><\/o:p><\/p><p class=\"MsoNormal\">Tanto luteranos como anglicanos tienen la pretensi\u00f3n\nheredada de Gregorio I de ser el &#8220;Israel de Dios&#8221;. Considerando que\nel a\u00f1o de partida para los primeros 3 1\/2 tiempos fue el a\u00f1o 586 a.C. (ca\u00edda de\nJerusal\u00e9n), al sumar (restar) 1260 a\u00f1os llegamos al a\u00f1o 674 d.C.<o:p><\/o:p><\/p><p class=\"MsoNormal\"><o:p>&nbsp;<\/o:p><\/p><p class=\"MsoNormal\"><br>\nLa historia nos muestra una lista de acontecimientos y personajes que nos\npermiten entender c\u00f3mo la Iglesia Romana adquiere el poder:<o:p><\/o:p><\/p><p class=\"MsoNormal\"><b>A) Pipino el Viejo (Heristal):<\/b> Se convierte en el\nMayor Domus de Teodorico III, Rey de los francos, y sienta las bases para la\nalianza de la iglesia con el estado. <b>B) Pipino II:<\/b> Sucesor de Pipino el\nViejo de los Arnulfos y padre de Carlos Martel, fundador de la dinast\u00eda de los\nCarolingios, impulsando la doctrina romana en muchas ciudades europeas. Venci\u00f3\na los \u00e1rabes en la batalla de Poitiers en el a\u00f1o 732 D.C. <b>C) Pipino III el\nBreve:<\/b> Coronado por Esteban II en la Iglesia de Saint Denis en Par\u00eds. Se\nestablece la alianza con la iglesia al ceder al Papa una extensi\u00f3n de tierra\ndesde Roma hasta R\u00e1vena en el Valle del Po. <b>D) Carlo Magno:<\/b> Sucede a\nPipino III. Su reino abarca Francia, B\u00e9lgica, Holanda y el occidente de\nAlemania. Defiende los estados papales contra los Lombardos y expande el reino\ndesde el R\u00edo Elba hasta el Ebro. En la Navidad del 800 D.C., Le\u00f3n III corona a\nCarlo Magno emperador de Roma.<o:p><\/o:p><\/p><p class=\"MsoNormal\">Por lo tanto, los obispados y monasterios tienen autoridad\nen las tierras que explotan. Carlo Magno acent\u00faa la estrecha relaci\u00f3n entre la\ncorona y la iglesia. <b>E) Despu\u00e9s de la muerte de Carlo Magno:<\/b> Europa\nsufre fragmentaci\u00f3n por el sistema feudal hasta que Juan XII corona a Ot\u00f3n I\ncomo Emperador en 962 D.C., creando el Santo Imperio Romano Germ\u00e1nico.<o:p><\/o:p><\/p><p class=\"MsoNormal\">Es importante mencionar el tremendo poder que adquiri\u00f3 el\nPapa, ya que muchos lo ve\u00edan superior a los reyes europeos. Y como dice la\nescritura: &#8220;Ven ac\u00e1 y te mostrar\u00e9 la condenaci\u00f3n de la gran ramera, que\nest\u00e1 sentada sobre muchas aguas, con la cual han fornicado los reyes de la\ntierra, y los que moran en la tierra se han embriagado con el vino de su\nfornicaci\u00f3n; y me llev\u00f3 en esp\u00edritu al desierto y vi una mujer sentada sobre\nuna bestia bermeja y llena de nombres de blasfemia y que ten\u00eda 7 cabezas y 10\ncuernos.&#8221; (Apocalipsis 17:1-3)<o:p><\/o:p><\/p><p class=\"MsoNormal\">Por esta causa, Ot\u00f3n I destituy\u00f3 al Papa Juan XII. M\u00e1s\ntarde, Ot\u00f3n III nombra a su primo Bruno de Carintia como Gregorio V, el primer\nPapa alem\u00e1n. Tras la muerte de Gregorio V, nombra a su maestro Gerberto de\nAurillac, como Silvestre II, el primer Papa franc\u00e9s. Una especie de revancha\npapal se da en 1077, donde el Papa Gregorio VII hace que, a las afueras del\ncastillo de Canossa, Enrique IV, el Emperador de Alemania, se humille descalzo\ny vestido de cilicio, consiguiendo el perd\u00f3n del Papa. Es la c\u00faspide del poder\npapal sobre la Tierra.<o:p><\/o:p><\/p><p class=\"MsoNormal\">M\u00e1s adelante, en los d\u00edas de Carlos IV, los pont\u00edfices viven\nlo que llaman el &#8220;cautiverio de Babilonia&#8221; en Avignon, Francia, donde\nel prestigio papal sufre un tremendo golpe. Surge el reinado de Carlos V, cuya\ngrandeza imperial lo lleva a exclamar que en su imperio jam\u00e1s se pone el sol.<o:p><\/o:p><\/p><p class=\"MsoNormal\">Durante su tiempo, la inmortalidad de los papas tiene como\nm\u00e1ximo exponente a Alejandro VI, Papa espa\u00f1ol cuyo nombre fue Rodrigo Borgia.\nEn septiembre de 1555, se acuerda que en el Imperio de Carlos V se puede\nescoger entre la fe romana o la fe luterana. Despu\u00e9s de Carlos V, no hubo un\nemperador con la fuerza para unir las partes del imperio. Del mismo modo en que\nlas naciones hicieron crecer la fuerza del Papa, tambi\u00e9n disminuyeron su poder.<o:p><\/o:p><\/p><p class=\"MsoNormal\">En 1789, comienza la Revoluci\u00f3n Francesa, y en 1799, P\u00edo VI\nes apresado y llevado a Valence, Francia, perdiendo el poder Papal como amo de\nlos emperadores. Cuando P\u00edo VII va a coronar a Napole\u00f3n, este toma la corona y\nse corona a s\u00ed mismo y luego a la emperatriz Josefina.<o:p><\/o:p><\/p><p class=\"MsoNormal\">Tras la muerte de Napole\u00f3n, aparece en escena el italiano\nV\u00edctor Manuel II, proclamado rey de Italia junto a Giuseppe Garibaldi,\npretendiendo quitar al Papa los Estados Pontificios. Sin embargo, el Papa,\nprotegido por Francia, conserva sus territorios. En 1871, Guillermo I, Rey de\nPrusia, y Bismarck como canciller, logran derrotar y someter a Francia. Este\nimperio germ\u00e1nico se llama el 2\u00b0 Reich y dura hasta la derrota de Alemania en\nla 1a. Guerra Mundial.<o:p><\/o:p><\/p><p class=\"MsoNormal\">El 20 de septiembre de 1870, las fuerzas de V\u00edctor Manuel II\nentran en Roma y la declaran capital de Italia. El 11 de febrero de 1929, ya\ncon la participaci\u00f3n de Benito Mussolini, se firma el Tratado de Letr\u00e1n,\nconcediendo la soberan\u00eda del Vaticano al Papa. Finalmente, por una recompensa,\nel papado abandona su pretensi\u00f3n sobre los Estados Pontificios.<o:p><\/o:p><\/p><p class=\"MsoNormal\">El 20 de julio de 1933, el Vaticano firma el Concordato que\nlegaliza a Hitler y protege los derechos de la Iglesia bajo el 3er. Reich. Para\n1934, el Papa ve que el poder de Alemania sobrepasa su autoridad, y para 1936\nse crea el Eje Berl\u00edn-Roma, no con la autoridad papal sino de Hitler y\nMussolini, quienes tienen el poder que terminar\u00eda masacrando a 6 millones de\njud\u00edos. El 28 de abril de 1945, Mussolini es asesinado por los mismos\nitalianos, y el 30 de abril, Hitler muere sin que su Reich de mil a\u00f1os pueda\nser realidad.<o:p><\/o:p><\/p><p>\n\n\n\n\n\n\n\n\n\n\n\n\n\n\n\n\n\n\n\n\n\n\n\n\n\n\n\n\n\n\n\n\n\n\n\n\n\n\n\n\n\n\n\n\n\n\n\n\n\n<\/p><p class=\"MsoNormal\">Una vez terminada la persecuci\u00f3n, se cumple la palabra del\nSe\u00f1or en Am\u00f3s 9:13-15, que restituye al pueblo de Israel la Tierra que fue\nprometida a los patriarcas. En 1948, se funda el moderno Estado de Israel.<o:p><\/o:p><\/p>\n<p><\/p>\t\t\t\t\t\t\t\t<\/div>\n\t\t\t\t<\/div>\n\t\t\t\t\t<\/div>\n\t\t<\/div>\n\t\t\t\t\t<\/div>\n\t\t<\/section>\n\t\t\t\t<section class=\"elementor-section elementor-top-section elementor-element elementor-element-470d991 elementor-section-boxed elementor-section-height-default elementor-section-height-default\" data-id=\"470d991\" data-element_type=\"section\" data-e-type=\"section\">\n\t\t\t\t\t\t<div class=\"elementor-container elementor-column-gap-default\">\n\t\t\t\t\t<div class=\"elementor-column elementor-col-100 elementor-top-column elementor-element elementor-element-4f1b7f2\" data-id=\"4f1b7f2\" data-element_type=\"column\" data-e-type=\"column\">\n\t\t\t<div class=\"elementor-widget-wrap elementor-element-populated\">\n\t\t\t\t\t\t<div class=\"elementor-element elementor-element-4b2fa37 elementor-align-center elementor-widget elementor-widget-button\" data-id=\"4b2fa37\" data-element_type=\"widget\" data-e-type=\"widget\" data-widget_type=\"button.default\">\n\t\t\t\t<div class=\"elementor-widget-container\">\n\t\t\t\t\t\t\t\t\t<div class=\"elementor-button-wrapper\">\n\t\t\t\t\t<a class=\"elementor-button elementor-button-link elementor-size-sm\" href=\"https:\/\/iidsech.com\/index.php\/estudios_base\/\">\n\t\t\t\t\t\t<span class=\"elementor-button-content-wrapper\">\n\t\t\t\t\t\t<span class=\"elementor-button-icon\">\n\t\t\t\t<i aria-hidden=\"true\" class=\"fas fa-angle-double-left\"><\/i>\t\t\t<\/span>\n\t\t\t\t\t\t\t\t\t<span class=\"elementor-button-text\">REGRESAR<\/span>\n\t\t\t\t\t<\/span>\n\t\t\t\t\t<\/a>\n\t\t\t\t<\/div>\n\t\t\t\t\t\t\t\t<\/div>\n\t\t\t\t<\/div>\n\t\t\t\t\t<\/div>\n\t\t<\/div>\n\t\t\t\t\t<\/div>\n\t\t<\/section>\n\t\t\t\t<\/div>\n\t\t","protected":false},"excerpt":{"rendered":"<p>2. La Profec\u00eda B\u00edblica Realizado Por: Min. A. Rub\u00e9n Romero M. Categor\u00eda: Base doctrinal. Fecha: Feb, 2017 Esta segunda parte, que es la profec\u00eda, la podremos comprender bas\u00e1ndonos en los versos del Ap\u00f3stol Pedro que dicen: &#8220;Tenemos tambi\u00e9n la palabra prof\u00e9tica m\u00e1s permanente, a la cual hac\u00e9is bien en estar atentos como a una antorcha&#8230;<\/p>\n","protected":false},"author":1,"featured_media":0,"parent":9097,"menu_order":0,"comment_status":"closed","ping_status":"closed","template":"elementor_header_footer","meta":{"om_disable_all_campaigns":false,"_tbt_post_transparent":"","_tbt_post_title":"default","_tbt_post_layout":"default","_tbt_post_sidebar_id":"","_tbt_post_content_style":"unboxed","_tbt_post_vertical_padding":"hide","_tbt_post_feature":"hide","_tbt_post_feature_position":"","_tbt_post_header":false,"_tbt_post_footer":false,"_mc_calendar":[]},"class_list":["post-13724","page","type-page","status-publish","hentry"],"aioseo_notices":[],"_links":{"self":[{"href":"https:\/\/iidsech.com\/index.php\/wp-json\/wp\/v2\/pages\/13724","targetHints":{"allow":["GET"]}}],"collection":[{"href":"https:\/\/iidsech.com\/index.php\/wp-json\/wp\/v2\/pages"}],"about":[{"href":"https:\/\/iidsech.com\/index.php\/wp-json\/wp\/v2\/types\/page"}],"author":[{"embeddable":true,"href":"https:\/\/iidsech.com\/index.php\/wp-json\/wp\/v2\/users\/1"}],"replies":[{"embeddable":true,"href":"https:\/\/iidsech.com\/index.php\/wp-json\/wp\/v2\/comments?post=13724"}],"version-history":[{"count":11,"href":"https:\/\/iidsech.com\/index.php\/wp-json\/wp\/v2\/pages\/13724\/revisions"}],"predecessor-version":[{"id":13767,"href":"https:\/\/iidsech.com\/index.php\/wp-json\/wp\/v2\/pages\/13724\/revisions\/13767"}],"up":[{"embeddable":true,"href":"https:\/\/iidsech.com\/index.php\/wp-json\/wp\/v2\/pages\/9097"}],"wp:attachment":[{"href":"https:\/\/iidsech.com\/index.php\/wp-json\/wp\/v2\/media?parent=13724"}],"curies":[{"name":"wp","href":"https:\/\/api.w.org\/{rel}","templated":true}]}}