{"id":13718,"date":"2023-08-02T20:54:35","date_gmt":"2023-08-03T01:54:35","guid":{"rendered":"https:\/\/iidsech.com\/?page_id=13718"},"modified":"2025-04-20T00:55:56","modified_gmt":"2025-04-20T06:55:56","slug":"la-pascua","status":"publish","type":"page","link":"https:\/\/iidsech.com\/index.php\/estudios_base\/la-pascua\/","title":{"rendered":"La Pascua"},"content":{"rendered":"\t\t<div data-elementor-type=\"wp-page\" data-elementor-id=\"13718\" class=\"elementor elementor-13718\">\n\t\t\t\t\t\t<div class=\"elementor-section elementor-top-section elementor-element elementor-element-346406e videothumb elementor-section-stretched elementor-section-boxed elementor-section-height-default elementor-section-height-default\" data-id=\"346406e\" data-element_type=\"section\" data-e-type=\"section\" data-settings=\"{&quot;stretch_section&quot;:&quot;section-stretched&quot;,&quot;background_background&quot;:&quot;classic&quot;}\">\n\t\t\t\t\t\t<div class=\"elementor-container elementor-column-gap-default\">\n\t\t\t\t\t<div class=\"elementor-column elementor-col-100 elementor-top-column elementor-element elementor-element-1246ba2\" data-id=\"1246ba2\" data-element_type=\"column\" data-e-type=\"column\">\n\t\t\t<div class=\"elementor-widget-wrap elementor-element-populated\">\n\t\t\t\t\t\t<div class=\"elementor-section elementor-inner-section elementor-element elementor-element-71182e2 elementor-section-full_width elementor-section-height-default elementor-section-height-default\" data-id=\"71182e2\" data-element_type=\"section\" data-e-type=\"section\">\n\t\t\t\t\t\t<div class=\"elementor-container elementor-column-gap-no\">\n\t\t\t\t\t<div class=\"elementor-column elementor-col-100 elementor-inner-column elementor-element elementor-element-2ab3072\" data-id=\"2ab3072\" data-element_type=\"column\" data-e-type=\"column\" data-settings=\"{&quot;background_background&quot;:&quot;classic&quot;}\">\n\t\t\t<div class=\"elementor-widget-wrap elementor-element-populated\">\n\t\t\t\t\t\t<div class=\"elementor-element elementor-element-d4808f1 elementor-position-top elementor-invisible elementor-widget elementor-widget-image-box\" data-id=\"d4808f1\" data-element_type=\"widget\" data-e-type=\"widget\" data-settings=\"{&quot;_animation&quot;:&quot;slideInDown&quot;}\" data-widget_type=\"image-box.default\">\n\t\t\t\t<div class=\"elementor-widget-container\">\n\t\t\t\t\t<div class=\"elementor-image-box-wrapper\"><figure class=\"elementor-image-box-img\"><img fetchpriority=\"high\" decoding=\"async\" width=\"2560\" height=\"1664\" src=\"https:\/\/iidsech.com\/wp-content\/uploads\/2023\/08\/alex-shute-_ixAtZ0jH7Y-unsplash-scaled.jpg\" class=\"elementor-animation-skew-forward attachment-full size-full wp-image-13746\" alt=\"\" srcset=\"https:\/\/iidsech.com\/wp-content\/uploads\/2023\/08\/alex-shute-_ixAtZ0jH7Y-unsplash-scaled.jpg 2560w, https:\/\/iidsech.com\/wp-content\/uploads\/2023\/08\/alex-shute-_ixAtZ0jH7Y-unsplash-scaled-600x390.jpg 600w, https:\/\/iidsech.com\/wp-content\/uploads\/2023\/08\/alex-shute-_ixAtZ0jH7Y-unsplash-300x195.jpg 300w, https:\/\/iidsech.com\/wp-content\/uploads\/2023\/08\/alex-shute-_ixAtZ0jH7Y-unsplash-1024x666.jpg 1024w, https:\/\/iidsech.com\/wp-content\/uploads\/2023\/08\/alex-shute-_ixAtZ0jH7Y-unsplash-768x499.jpg 768w, https:\/\/iidsech.com\/wp-content\/uploads\/2023\/08\/alex-shute-_ixAtZ0jH7Y-unsplash-1536x999.jpg 1536w, https:\/\/iidsech.com\/wp-content\/uploads\/2023\/08\/alex-shute-_ixAtZ0jH7Y-unsplash-2048x1331.jpg 2048w\" sizes=\"(max-width: 2560px) 100vw, 2560px\" \/><\/figure><div class=\"elementor-image-box-content\"><h1 class=\"elementor-image-box-title\">LA PASCUA<\/h1><p class=\"elementor-image-box-description\">Realizado Por: <font color=\"#dea447\">Min. A. Rub\u00e9n Romero M.<\/font> \nCategor\u00eda: <span style=\"color:#000000\"><a href=\"https:\/\/iidsech.com\/index.php\/estudios_base\/\">Base doctrinal<\/a>.<\/span> Fecha:<span style=\"color:#dea447\">  Feb, 2017<\/span><\/p><\/div><\/div>\t\t\t\t<\/div>\n\t\t\t\t<\/div>\n\t\t\t\t\t<\/div>\n\t\t<\/div>\n\t\t\t\t\t<\/div>\n\t\t<\/div>\n\t\t\t\t\t<\/div>\n\t\t<\/div>\n\t\t\t\t\t<\/div>\n\t\t<\/div>\n\t\t\t\t<section class=\"elementor-section elementor-top-section elementor-element elementor-element-fbc7992 elementor-section-boxed elementor-section-height-default elementor-section-height-default\" data-id=\"fbc7992\" data-element_type=\"section\" data-e-type=\"section\">\n\t\t\t\t\t\t<div class=\"elementor-container elementor-column-gap-default\">\n\t\t\t\t\t<div class=\"elementor-column elementor-col-100 elementor-top-column elementor-element elementor-element-d81a8cb\" data-id=\"d81a8cb\" data-element_type=\"column\" data-e-type=\"column\">\n\t\t\t<div class=\"elementor-widget-wrap elementor-element-populated\">\n\t\t\t\t\t\t<div class=\"elementor-element elementor-element-f277c3d elementor-widget elementor-widget-text-editor\" data-id=\"f277c3d\" data-element_type=\"widget\" data-e-type=\"widget\" data-widget_type=\"text-editor.default\">\n\t\t\t\t<div class=\"elementor-widget-container\">\n\t\t\t\t\t\t\t\t\t<p><b style=\"letter-spacing: 0px;\">Introducci\u00f3n<\/b><\/p><p>\u00a0<\/p><p>La palabra &#8220;Pascua&#8221; para muchos solo significa fiesta o una semana de celebraci\u00f3n. Algunos la conocen como la Pascua jud\u00eda, pero su origen y prop\u00f3sito no son bien comprendidos. Algunos afirman que la Semana Santa y la Santa Cena son la Pascua. El prop\u00f3sito de este estudio es demostrar, basado en la Biblia, que la Pascua es una fiesta solemne vigente, fundamentada en el ministerio de Jesucristo. Esta festividad tiene objetivos secundarios que conducen al objetivo principal: la comuni\u00f3n con Cristo y la pr\u00e1ctica de un estilo de vida que Dios exige a quienes se llaman cristianos.<\/p><p><b>1. La Instituci\u00f3n de la Pascua por Dios Alt\u00edsimo<\/b> La Pascua fue la primera de las festividades ordenadas por Dios Alt\u00edsimo.<\/p><p><b>\u00c9xodo 12:12-18<\/b><\/p><p><b>2. Memoriales Significativos de la Pascua<\/b> La fiesta de la Pascua tiene dos memoriales significativos: a) el juicio de Dios sobre los dioses de Egipto y b) el d\u00eda de la liberaci\u00f3n del pueblo de Israel de la esclavitud.<\/p><p><b>\u00c9xodo 12:12-17<\/b><\/p><p><b>3. Consumo del Cordero en la Pascua<\/b> Comer el cordero con panes \u00e1zimos y hierbas amargas est\u00e1 limitado a la noche del d\u00eda 14 de Nis\u00e1n.<\/p><p><b>Deuteronomio 16:1-7<\/b><\/p><p><b>4. D\u00edas de Reposo Despu\u00e9s de la Pascua<\/b> Del d\u00eda 15 al d\u00eda 21, el primero y el \u00faltimo son d\u00edas de reposo.<\/p><p><b>Deuteronomio 16:8<\/b><\/p><p><b>5. Programa de la Fiesta de Ocho D\u00edas<\/b> Las Escrituras nos ense\u00f1an el programa completo de la fiesta de ocho d\u00edas que el sacerdocio de la casa de Aar\u00f3n deb\u00eda llevar a cabo.<\/p><p><b>N\u00fameros 28:16-25<\/b><\/p><p><b>6. Diferencia entre el Rito Aar\u00f3nico y el Cristiano<\/b> Es esencial diferenciar entre el rito aar\u00f3nico y el cristiano. El Ap\u00f3stol Pablo explica c\u00f3mo el primer pacto era un reglamento para el culto y un santuario terrenal.<\/p><p><b>Hebreos 9:1<\/b><\/p><p><b>7. Los Ministerios de la Muerte y de la Vida<\/b> En la pasada fiesta de Caba\u00f1as, se habl\u00f3 de dos ministerios: el de la muerte, que estableci\u00f3 a Aar\u00f3n y sus hijos como sacerdotes, y el ministerio de la vida, que establece a Jesucristo como un sacerdote inmutable.<\/p><p><b>Hebreos 7:26-28<\/b><\/p><p><b>8. Diferencia entre los Ministerios<\/b> Distinguir entre los ministerios es crucial. Seg\u00fan la ley de Dios, ning\u00fan incircunciso puede comer la Pascua.<\/p><p><b>\u00c9xodo 12:43-44<\/b><\/p><p><b>9. Circuncisi\u00f3n en Cristo<\/b> El que est\u00e1 en Cristo es circuncidado mediante el bautismo y la limpieza por la sangre de Cristo.<\/p><p><b>Colosenses 2:11-12<\/b><\/p><p><b>10. Instituci\u00f3n de la Santa Cena por Jesucristo<\/b> La noche en que Jes\u00fas iba a ser entregado, celebr\u00f3 la Pascua y tom\u00f3 el pan y el vino para darles un nuevo significado.<\/p><p><b>Mateo 26:26-28<\/b><\/p><p><b>11. Significado de Pan y Vino en la Pascua Cristiana<\/b> El pan y el vino, para la posteridad, son los elementos principales para reconocer el mensaje de amor y unidad entre la iglesia y su Salvador.<\/p><p><b>Juan 6:51-56, 1 Corintios 5:6, 1 Corintios 10:15-17<\/b><\/p><p><b>12. Participaci\u00f3n de la Pascua de Jesucristo<\/b> Participar en la Pascua de Jesucristo es confirmar que hemos vivido con una buena conciencia ante Dios durante todo el a\u00f1o.<\/p><p><b>1 Pedro 3:21-22, 1 Corintios 11:23-29<\/b><\/p><p><b>13. Diferentes Enfoques de la Pascua<\/b> La Pascua es vista de diversas maneras en diferentes grupos religiosos. Sin embargo, la verdadera comuni\u00f3n con Cristo se confirma a trav\u00e9s de la obediencia a sus palabras.<\/p><p><b>Juan 14:21-23<\/b><\/p><p><b>14. La Humildad en la Pascua Cristiana<\/b> El hombre sencillo, como Jes\u00fas, es el que participa de la Pascua cristiana, en contraste con el arrogante, como algunos fariseos.<\/p><p><b>Mateo 16:5-12, Mateo 23:1-12<\/b><\/p><p><b>CONCLUSI\u00d3N<\/b><\/p><p>En resumen, la Pascua represent\u00f3 el juicio de Dios sobre Egipto y la liberaci\u00f3n del pueblo de Israel. Para aquellos que conocen la doctrina a trav\u00e9s de Jesucristo, la Pascua es un recordatorio de nuestra libertad del pecado a trav\u00e9s del bautismo y nuestra entrada a la Rep\u00fablica de Israel. Adem\u00e1s, nos muestra que debemos juzgar nuestras vidas para mantener nuestro pacto con Dios y alcanzar la vida eterna.<\/p><p><b>LA CEREMONIA<\/b><\/p><p>La ceremonia comienza al atardecer, generalmente con alabanzas y canciones a Dios Alt\u00edsimo. Luego sigue una oraci\u00f3n de presentaci\u00f3n y se explican los acontecimientos de la noche. Si hay un coro o instrumentos musicales, se permite el tiempo para alabar a Dios.<\/p><p>Despu\u00e9s de la alabanza, se realiza una oraci\u00f3n para encomendar al predicador a las manos de Dios. El predicador, con el rango m\u00e1s alto entre los presentes, presenta su serm\u00f3n, asegur\u00e1ndose de que concluya minutos antes de la hora tercia de la noche. Luego, lee Mateo 22:26, da gracias por el pan, lo parte y lo distribuye entre los participantes.<\/p><p>Luego, llena la copa, lee Mateo 26:27-28, da gracias por el vino y ofrece la copa a los participantes. Despu\u00e9s, se lee Juan 13:3-13, enfatizando que es un acto de humildad y paz. Primero comen los varones y luego las mujeres. Tras esto, se hace una oraci\u00f3n para mantener la humildad, la mansedumbre y la comuni\u00f3n con Dios Eterno y nuestro Redentor.<\/p><p>A partir de las palabras de Jes\u00fas, &#8220;Quedaos aqu\u00ed y velad conmigo&#8221; (Mateo 28:38), aquellos que aman al Se\u00f1or permanecer\u00e1n para velar, alab\u00e1ndolo con cantos, predicaciones y oraciones que recuerden los eventos de aquella noche en que el Se\u00f1or fue entregado al juicio humano y crucificado por redenci\u00f3n y vida.<\/p><p>\u00a0<\/p><p>\u00a0<\/p><p>\u00a0<\/p>\t\t\t\t\t\t\t\t<\/div>\n\t\t\t\t<\/div>\n\t\t\t\t\t<\/div>\n\t\t<\/div>\n\t\t\t\t\t<\/div>\n\t\t<\/section>\n\t\t\t\t<section class=\"elementor-section elementor-top-section elementor-element elementor-element-470d991 elementor-section-boxed elementor-section-height-default elementor-section-height-default\" data-id=\"470d991\" data-element_type=\"section\" data-e-type=\"section\">\n\t\t\t\t\t\t<div class=\"elementor-container elementor-column-gap-default\">\n\t\t\t\t\t<div class=\"elementor-column elementor-col-100 elementor-top-column elementor-element elementor-element-4f1b7f2\" data-id=\"4f1b7f2\" data-element_type=\"column\" data-e-type=\"column\">\n\t\t\t<div class=\"elementor-widget-wrap elementor-element-populated\">\n\t\t\t\t\t\t<div class=\"elementor-element elementor-element-4b2fa37 elementor-align-center elementor-widget elementor-widget-button\" data-id=\"4b2fa37\" data-element_type=\"widget\" data-e-type=\"widget\" data-widget_type=\"button.default\">\n\t\t\t\t<div class=\"elementor-widget-container\">\n\t\t\t\t\t\t\t\t\t<div class=\"elementor-button-wrapper\">\n\t\t\t\t\t<a class=\"elementor-button elementor-button-link elementor-size-sm\" href=\"https:\/\/iidsech.com\/index.php\/estudios_base\/\">\n\t\t\t\t\t\t<span class=\"elementor-button-content-wrapper\">\n\t\t\t\t\t\t<span class=\"elementor-button-icon\">\n\t\t\t\t<i aria-hidden=\"true\" class=\"fas fa-angle-double-left\"><\/i>\t\t\t<\/span>\n\t\t\t\t\t\t\t\t\t<span class=\"elementor-button-text\">REGRESAR<\/span>\n\t\t\t\t\t<\/span>\n\t\t\t\t\t<\/a>\n\t\t\t\t<\/div>\n\t\t\t\t\t\t\t\t<\/div>\n\t\t\t\t<\/div>\n\t\t\t\t\t<\/div>\n\t\t<\/div>\n\t\t\t\t\t<\/div>\n\t\t<\/section>\n\t\t\t\t<\/div>\n\t\t","protected":false},"excerpt":{"rendered":"<p>LA PASCUA Realizado Por: Min. A. Rub\u00e9n Romero M. Categor\u00eda: Base doctrinal. Fecha: Feb, 2017 Introducci\u00f3n \u00a0 La palabra &#8220;Pascua&#8221; para muchos solo significa fiesta o una semana de celebraci\u00f3n. Algunos la conocen como la Pascua jud\u00eda, pero su origen y prop\u00f3sito no son bien comprendidos. Algunos afirman que la Semana Santa y la Santa&#8230;<\/p>\n","protected":false},"author":1,"featured_media":13746,"parent":9097,"menu_order":0,"comment_status":"closed","ping_status":"closed","template":"elementor_header_footer","meta":{"om_disable_all_campaigns":false,"_tbt_post_transparent":"","_tbt_post_title":"default","_tbt_post_layout":"default","_tbt_post_sidebar_id":"","_tbt_post_content_style":"unboxed","_tbt_post_vertical_padding":"hide","_tbt_post_feature":"hide","_tbt_post_feature_position":"","_tbt_post_header":false,"_tbt_post_footer":false,"_mc_calendar":[]},"class_list":["post-13718","page","type-page","status-publish","has-post-thumbnail","hentry"],"aioseo_notices":[],"_links":{"self":[{"href":"https:\/\/iidsech.com\/index.php\/wp-json\/wp\/v2\/pages\/13718","targetHints":{"allow":["GET"]}}],"collection":[{"href":"https:\/\/iidsech.com\/index.php\/wp-json\/wp\/v2\/pages"}],"about":[{"href":"https:\/\/iidsech.com\/index.php\/wp-json\/wp\/v2\/types\/page"}],"author":[{"embeddable":true,"href":"https:\/\/iidsech.com\/index.php\/wp-json\/wp\/v2\/users\/1"}],"replies":[{"embeddable":true,"href":"https:\/\/iidsech.com\/index.php\/wp-json\/wp\/v2\/comments?post=13718"}],"version-history":[{"count":8,"href":"https:\/\/iidsech.com\/index.php\/wp-json\/wp\/v2\/pages\/13718\/revisions"}],"predecessor-version":[{"id":13749,"href":"https:\/\/iidsech.com\/index.php\/wp-json\/wp\/v2\/pages\/13718\/revisions\/13749"}],"up":[{"embeddable":true,"href":"https:\/\/iidsech.com\/index.php\/wp-json\/wp\/v2\/pages\/9097"}],"wp:featuredmedia":[{"embeddable":true,"href":"https:\/\/iidsech.com\/index.php\/wp-json\/wp\/v2\/media\/13746"}],"wp:attachment":[{"href":"https:\/\/iidsech.com\/index.php\/wp-json\/wp\/v2\/media?parent=13718"}],"curies":[{"name":"wp","href":"https:\/\/api.w.org\/{rel}","templated":true}]}}