{"id":13683,"date":"2023-08-02T01:26:39","date_gmt":"2023-08-02T06:26:39","guid":{"rendered":"https:\/\/iidsech.com\/?page_id=13683"},"modified":"2023-08-03T01:31:46","modified_gmt":"2023-08-03T06:31:46","slug":"donde-esta-la-iglesia-de-dios","status":"publish","type":"page","link":"https:\/\/iidsech.com\/index.php\/estudios_base\/donde-esta-la-iglesia-de-dios\/","title":{"rendered":"\u00bfD\u00f3nde Est\u00e1 La Iglesia De Dios?"},"content":{"rendered":"\t\t<div data-elementor-type=\"wp-page\" data-elementor-id=\"13683\" class=\"elementor elementor-13683\">\n\t\t\t\t\t\t<div class=\"elementor-section elementor-top-section elementor-element elementor-element-346406e videothumb elementor-section-stretched elementor-section-boxed elementor-section-height-default elementor-section-height-default\" data-id=\"346406e\" data-element_type=\"section\" data-e-type=\"section\" data-settings=\"{&quot;stretch_section&quot;:&quot;section-stretched&quot;,&quot;background_background&quot;:&quot;classic&quot;}\">\n\t\t\t\t\t\t<div class=\"elementor-container elementor-column-gap-default\">\n\t\t\t\t\t<div class=\"elementor-column elementor-col-100 elementor-top-column elementor-element elementor-element-1246ba2\" data-id=\"1246ba2\" data-element_type=\"column\" data-e-type=\"column\">\n\t\t\t<div class=\"elementor-widget-wrap elementor-element-populated\">\n\t\t\t\t\t\t<div class=\"elementor-section elementor-inner-section elementor-element elementor-element-71182e2 elementor-section-full_width elementor-section-height-default elementor-section-height-default\" data-id=\"71182e2\" data-element_type=\"section\" data-e-type=\"section\">\n\t\t\t\t\t\t<div class=\"elementor-container elementor-column-gap-no\">\n\t\t\t\t\t<div class=\"elementor-column elementor-col-100 elementor-inner-column elementor-element elementor-element-2ab3072\" data-id=\"2ab3072\" data-element_type=\"column\" data-e-type=\"column\" data-settings=\"{&quot;background_background&quot;:&quot;classic&quot;}\">\n\t\t\t<div class=\"elementor-widget-wrap elementor-element-populated\">\n\t\t\t\t\t\t<div class=\"elementor-element elementor-element-d4808f1 elementor-position-top elementor-invisible elementor-widget elementor-widget-image-box\" data-id=\"d4808f1\" data-element_type=\"widget\" data-e-type=\"widget\" data-settings=\"{&quot;_animation&quot;:&quot;slideInDown&quot;}\" data-widget_type=\"image-box.default\">\n\t\t\t\t<div class=\"elementor-widget-container\">\n\t\t\t\t\t<div class=\"elementor-image-box-wrapper\"><figure class=\"elementor-image-box-img\"><img fetchpriority=\"high\" decoding=\"async\" width=\"2560\" height=\"1707\" src=\"https:\/\/iidsech.com\/wp-content\/uploads\/2023\/08\/sincerely-media-dGxOgeXAXm8-unsplash-scaled.jpg\" class=\"elementor-animation-skew-forward attachment-full size-full wp-image-13754\" alt=\"\" srcset=\"https:\/\/iidsech.com\/wp-content\/uploads\/2023\/08\/sincerely-media-dGxOgeXAXm8-unsplash-scaled.jpg 2560w, https:\/\/iidsech.com\/wp-content\/uploads\/2023\/08\/sincerely-media-dGxOgeXAXm8-unsplash-scaled-600x400.jpg 600w, https:\/\/iidsech.com\/wp-content\/uploads\/2023\/08\/sincerely-media-dGxOgeXAXm8-unsplash-300x200.jpg 300w, https:\/\/iidsech.com\/wp-content\/uploads\/2023\/08\/sincerely-media-dGxOgeXAXm8-unsplash-1024x683.jpg 1024w, https:\/\/iidsech.com\/wp-content\/uploads\/2023\/08\/sincerely-media-dGxOgeXAXm8-unsplash-768x512.jpg 768w, https:\/\/iidsech.com\/wp-content\/uploads\/2023\/08\/sincerely-media-dGxOgeXAXm8-unsplash-1536x1024.jpg 1536w, https:\/\/iidsech.com\/wp-content\/uploads\/2023\/08\/sincerely-media-dGxOgeXAXm8-unsplash-2048x1365.jpg 2048w\" sizes=\"(max-width: 2560px) 100vw, 2560px\" \/><\/figure><div class=\"elementor-image-box-content\"><h1 class=\"elementor-image-box-title\">\u00bfD\u00d3NDE EST\u00c1 LA IGLESIA DE DIOS?<\/h1><p class=\"elementor-image-box-description\">Realizado Por: <font color=\"#dea447\">Min. A. Rub\u00e9n Romero M.<\/font> \nCategor\u00eda: <span style=\"color:#000000\"><a href=\"https:\/\/iidsech.com\/index.php\/estudios_base\/\">Base doctrinal<\/a>.<\/span> Fecha:<span style=\"color:#dea447\">  Feb, 2017<\/span><\/p><\/div><\/div>\t\t\t\t<\/div>\n\t\t\t\t<\/div>\n\t\t\t\t\t<\/div>\n\t\t<\/div>\n\t\t\t\t\t<\/div>\n\t\t<\/div>\n\t\t\t\t\t<\/div>\n\t\t<\/div>\n\t\t\t\t\t<\/div>\n\t\t<\/div>\n\t\t\t\t<section class=\"elementor-section elementor-top-section elementor-element elementor-element-fbc7992 elementor-section-boxed elementor-section-height-default elementor-section-height-default\" data-id=\"fbc7992\" data-element_type=\"section\" data-e-type=\"section\">\n\t\t\t\t\t\t<div class=\"elementor-container elementor-column-gap-default\">\n\t\t\t\t\t<div class=\"elementor-column elementor-col-100 elementor-top-column elementor-element elementor-element-d81a8cb\" data-id=\"d81a8cb\" data-element_type=\"column\" data-e-type=\"column\">\n\t\t\t<div class=\"elementor-widget-wrap elementor-element-populated\">\n\t\t\t\t\t\t<div class=\"elementor-element elementor-element-f277c3d elementor-widget elementor-widget-text-editor\" data-id=\"f277c3d\" data-element_type=\"widget\" data-e-type=\"widget\" data-widget_type=\"text-editor.default\">\n\t\t\t\t<div class=\"elementor-widget-container\">\n\t\t\t\t\t\t\t\t\t<p><b>INTRODUCCI\u00d3N<\/b><o:p><\/o:p><\/p><p>Durante mucho tiempo se ha afirmado que la iglesia fundada\npor Cristo con sus Ap\u00f3stoles es la aut\u00e9ntica. Sin embargo, a lo largo del\ntiempo, diversas corrientes doctrinales han reclamado esa ra\u00edz y se presentan\ncomo la verdadera Iglesia de Dios. Algunos dicen que Pedro es su fundamento,\notros que Pablo, pero en todos los casos, pretenden ser la verdadera Iglesia.\nEl prop\u00f3sito de este estudio es comprender c\u00f3mo la Biblia define a la verdadera\nIglesia, con el an\u00e1lisis necesario para que nadie se apropie indebidamente del\nt\u00edtulo de \u00fanica y verdadera Iglesia de Dios.<o:p><\/o:p><\/p><p><b>1. La Interrogante sobre la Iglesia de Dios y su\nDefinici\u00f3n<\/b> En primer lugar, al cuestionar d\u00f3nde se encuentra la Iglesia de\nDios, se debe acompa\u00f1ar con la pregunta: \u00bfQu\u00e9 es Iglesia?<o:p><\/o:p><\/p><p><b>\u00c9xodo 12:6<\/b><o:p><\/o:p><\/p><p><b>2. El Mensaje de Dios a Mois\u00e9s<\/b> Mois\u00e9s recibi\u00f3 las\nsiguientes palabras del Alt\u00edsimo: &#8220;Habla a toda la congregaci\u00f3n de los\nhijos de Israel y diles: Un profeta les levantar\u00e1 el Se\u00f1or su Dios de entre sus\nhermanos, a \u00e9l oir\u00e1n&#8221;. Este profeta estuvo en la congregaci\u00f3n en el desierto\ncon el \u00c1ngel que hablaba en el Monte Sina\u00ed y con nuestros padres; recibi\u00f3 las\npalabras de vida para nosotros.<o:p><\/o:p><\/p><p><b>Hechos 7:37-38<\/b><o:p><\/o:p><\/p><p><b>3. La Convocaci\u00f3n del Pueblo<\/b> Tradicionalmente, en los\nd\u00edas de congregaci\u00f3n del pueblo, se le llam\u00f3 convocaci\u00f3n.<o:p><\/o:p><\/p><p><b>N\u00fameros 29:12, N\u00fameros 28:6<\/b><o:p><\/o:p><\/p><p><b>4. El Cambio Ling\u00fc\u00edstico en la Biblia<\/b> La escritura\nmuestra que el t\u00e9rmino que evoluciona ling\u00fc\u00edsticamente es el de\n&#8220;asamblea&#8221;. Mois\u00e9s relata las siguientes palabras: &#8220;Jehov\u00e1 me\ndio las dos tablas de piedra escritas con el dedo de Dios, en ellas estaba escrito\ntodo lo que Jehov\u00e1 les habl\u00f3 en el monte en medio del fuego, el d\u00eda de la\nasamblea&#8221;.<o:p><\/o:p><\/p><p><b>Deuteronomio 9:10, Deuteronomio 10:4, Deuteronomio 18:16<\/b><o:p><\/o:p><\/p><p><b>5. El Cambio de Lenguaje y el Significado de Iglesia<\/b>\nEl cambio ling\u00fc\u00edstico en la lengua dominante nos muestra la &#8220;Kehila&#8221;\no congregaci\u00f3n original, pero principalmente la asamblea, que en griego es\n&#8220;Eclesial&#8221;, de donde proviene la palabra &#8220;Iglesia&#8221; en\nespa\u00f1ol. Vamos al punto de partida en la ense\u00f1anza doctrinal y consideremos los\ndos grupos. Mois\u00e9s dijo para Israel: &#8220;Ahora, pues, Israel, \u00bfqu\u00e9 pide\nJehov\u00e1 tu Dios de ti, sino que temas al Se\u00f1or tu Dios, que andes en todos sus\ncaminos, que lo ames y le sirvas con todo tu coraz\u00f3n y con toda tu alma, que\nguardes los mandamientos de Jehov\u00e1 y sus estatutos que yo te mando hoy, para\nque vaya bien&#8221;.<o:p><\/o:p><\/p><p><b>Deuteronomio 10:12-13<\/b><o:p><\/o:p><\/p><p><b>6. La Ense\u00f1anza de Jesucristo<\/b> El bendito Salvador,\nJesucristo, dice: &#8220;Si me am\u00e1is, guardad mis mandamientos&#8221;.<o:p><\/o:p><\/p><p><b>Juan 14:15<\/b><o:p><\/o:p><\/p><p><b>7. La Fe por la Palabra de Dios<\/b> La fe viene por\nescuchar la Palabra de Dios. Pablo acerca a ambos grupos con las siguientes\npalabras: &#8220;La fe viene por el o\u00edr, y el o\u00edr por la palabra de Dios&#8221;.<o:p><\/o:p><\/p><p><b>Romanos 10:17<\/b><o:p><\/o:p><\/p><p><b>8. La Desobediencia al Evangelio<\/b> No todos obedecen al\nEvangelio. Isa\u00edas dice: &#8220;Se\u00f1or, \u00bfqui\u00e9n ha cre\u00eddo a nuestro anuncio?&#8221;<o:p><\/o:p><\/p><p><b>Romanos 10:16<\/b><o:p><\/o:p><\/p><p><b>9. El Llamado a la Fe y la Desobediencia<\/b> Continuando\nla carta del Ap\u00f3stol, dice: &#8220;\u00bfNo han o\u00eddo? Por toda la tierra ha salido su\nvoz, y hasta los confines del mundo sus palabras. \u00bfNo las ha o\u00eddo Israel?\nMois\u00e9s dice: Yo os provocar\u00e9 a celos con un pueblo que no es pueblo; con pueblo\ninsensato os provocar\u00e9 a ira&#8221;.<o:p><\/o:p><\/p><p><b>Romanos 10:18-21<\/b><o:p><\/o:p><\/p><p><b>10. La Importancia de la Fe<\/b> El Ap\u00f3stol Pablo habla a\nambos grupos: &#8220;Tambi\u00e9n a vosotros se nos ha predicado el evangelio, como a\nellos; pero no les aprovech\u00f3 la palabra o\u00edda, por no ir acompa\u00f1ada de fe&#8221;.<o:p><\/o:p><\/p><p><b>Hebreos 4:2<\/b><o:p><\/o:p><\/p><p><b>11. El Juicio de las Obras<\/b> Desde los d\u00edas de Mois\u00e9s,\nlos justos est\u00e1n registrados en el libro de la vida, pero el injusto es\nborrado.<o:p><\/o:p><\/p><p><b>\u00c9xodo 32:31-33, Daniel 12:1, Apocalipsis 3:5, Apocalipsis\n17:8, Apocalipsis 21:27, Salmo 69:27-28, Filipenses 4:3, Apocalipsis 13:8,\nApocalipsis 20:11-15, Apocalipsis 22:19<\/b><o:p><\/o:p><\/p><p><b>12. La Responsabilidad ante el Juicio<\/b> Todos los\ntextos indican que todas las criaturas est\u00e1n sujetas al juicio de sus obras. El\nAp\u00f3stol Pablo dice: &#8220;Porque es necesario que todos nosotros comparezcamos\nante el tribunal de Cristo, para que cada uno reciba seg\u00fan lo que haya hecho\nmientras estaba en el cuerpo, sea bueno o sea malo&#8221;.<o:p><\/o:p><\/p><p><b>2 Corintios 5:10<\/b><o:p><\/o:p><\/p><p><b>13. La Formaci\u00f3n de la Iglesia seg\u00fan los Ap\u00f3stoles<\/b> Es\nesencial considerar, a trav\u00e9s de los estudios apost\u00f3licos, c\u00f3mo se forma la\niglesia. El Ap\u00f3stol Pedro explica ampliamente c\u00f3mo est\u00e1 siendo edificada la\nIglesia.<o:p><\/o:p><\/p><p><b>1 Pedro 2:1-10<\/b><o:p><\/o:p><\/p><p><b>14. La Edificaci\u00f3n de la Iglesia seg\u00fan Pablo<\/b> El\nAp\u00f3stol Pablo describe la forma en que este edificio se est\u00e1 construyendo.<o:p><\/o:p><\/p><p><b>Efesios 2:20-21<\/b><o:p><\/o:p><\/p><p><b>15. La Construcci\u00f3n en Conjunci\u00f3n de los Pueblos<\/b> El\nedificio se construye en conjunci\u00f3n con los pueblos.<o:p><\/o:p><\/p><p><b>Romanos 11:13-33, Zacar\u00edas 8:20-33, Zacar\u00edas 14:16-21,\nIsa\u00edas 2:1-5, Juan 4:22<\/b><o:p><\/o:p><\/p><p><b>16. La Congregaci\u00f3n de Dios<\/b> El Ap\u00f3stol Pablo muestra\nla congregaci\u00f3n de Dios: &#8220;Mas os hab\u00e9is acercado al monte de Sion, a la\nciudad del Dios vivo, Jerusal\u00e9n la celestial, a la compa\u00f1\u00eda de muchos millares\nde \u00e1ngeles, a la congregaci\u00f3n de los primog\u00e9nitos que est\u00e1n inscritos en los\ncielos, a Dios el Juez de todos, a los esp\u00edritus de los justos hechos\nperfectos&#8221;.<o:p><\/o:p><\/p><p><b>Hebreos 12:22-23<\/b><o:p><\/o:p><\/p><p><b>17. Las Palabras de Jesucristo<\/b> Ya podemos entender lo\nque Jesucristo dijo: &#8220;Y yo tambi\u00e9n te digo, que t\u00fa eres Pedro, y sobre\nesta roca edificar\u00e9 mi iglesia, y las puertas del Hades no prevalecer\u00e1n contra\nella&#8221;.<o:p><\/o:p><\/p><p><b>Mateo 16:18<\/b><o:p><\/o:p><\/p><p><b>18. La Verdadera Iglesia y el Juicio Final<\/b> La\nverdadera iglesia son aquellos que, habiendo muerto, resucitar\u00e1n para unirse\ncon Cristo, como lo muestra el Apocalipsis: &#8220;Vi debajo del altar las almas\nde los que hab\u00edan sido degollados por causa de la palabra de Dios y por el\ntestimonio que ten\u00edan. Y clamaban a gran voz, diciendo: \u00bfHasta cu\u00e1ndo, Se\u00f1or,\nsanto y verdadero, no juzgas y vengas nuestra sangre en los que moran en la\ntierra? Y se les dieron vestiduras blancas, y se les dijo que descansasen\ntodav\u00eda un poco de tiempo, hasta que se completara el n\u00famero de sus consiervos\ny sus hermanos, que tambi\u00e9n habr\u00edan de ser muertos como ellos&#8221;.<o:p><\/o:p><\/p><p><b>Apocalipsis 6:9-11<\/b><o:p><\/o:p><\/p><p><b>CONCLUSI\u00d3N<o:p><\/o:p><\/b><\/p><p>En conclusi\u00f3n, si bien cualquier grupo que se congrega para\nadorar a Dios es llamado Iglesia, la verdadera Iglesia de Dios ser\u00e1 aquella\nconformada por aquellos que han vivido una vida llena de justicia, bondad y fe.<\/p>\t\t\t\t\t\t\t\t<\/div>\n\t\t\t\t<\/div>\n\t\t\t\t\t<\/div>\n\t\t<\/div>\n\t\t\t\t\t<\/div>\n\t\t<\/section>\n\t\t\t\t<section class=\"elementor-section elementor-top-section elementor-element elementor-element-470d991 elementor-section-boxed elementor-section-height-default elementor-section-height-default\" data-id=\"470d991\" data-element_type=\"section\" data-e-type=\"section\">\n\t\t\t\t\t\t<div class=\"elementor-container elementor-column-gap-default\">\n\t\t\t\t\t<div class=\"elementor-column elementor-col-100 elementor-top-column elementor-element elementor-element-4f1b7f2\" data-id=\"4f1b7f2\" data-element_type=\"column\" data-e-type=\"column\">\n\t\t\t<div class=\"elementor-widget-wrap elementor-element-populated\">\n\t\t\t\t\t\t<div class=\"elementor-element elementor-element-4b2fa37 elementor-align-center elementor-widget elementor-widget-button\" data-id=\"4b2fa37\" data-element_type=\"widget\" data-e-type=\"widget\" data-widget_type=\"button.default\">\n\t\t\t\t<div class=\"elementor-widget-container\">\n\t\t\t\t\t\t\t\t\t<div class=\"elementor-button-wrapper\">\n\t\t\t\t\t<a class=\"elementor-button elementor-button-link elementor-size-sm\" href=\"https:\/\/iidsech.com\/index.php\/estudios_base\/\">\n\t\t\t\t\t\t<span class=\"elementor-button-content-wrapper\">\n\t\t\t\t\t\t<span class=\"elementor-button-icon\">\n\t\t\t\t<i aria-hidden=\"true\" class=\"fas fa-angle-double-left\"><\/i>\t\t\t<\/span>\n\t\t\t\t\t\t\t\t\t<span class=\"elementor-button-text\">REGRESAR<\/span>\n\t\t\t\t\t<\/span>\n\t\t\t\t\t<\/a>\n\t\t\t\t<\/div>\n\t\t\t\t\t\t\t\t<\/div>\n\t\t\t\t<\/div>\n\t\t\t\t\t<\/div>\n\t\t<\/div>\n\t\t\t\t\t<\/div>\n\t\t<\/section>\n\t\t\t\t<\/div>\n\t\t","protected":false},"excerpt":{"rendered":"<p>\u00bfD\u00d3NDE EST\u00c1 LA IGLESIA DE DIOS? Realizado Por: Min. A. Rub\u00e9n Romero M. Categor\u00eda: Base doctrinal. Fecha: Feb, 2017 INTRODUCCI\u00d3N Durante mucho tiempo se ha afirmado que la iglesia fundada por Cristo con sus Ap\u00f3stoles es la aut\u00e9ntica. Sin embargo, a lo largo del tiempo, diversas corrientes doctrinales han reclamado esa ra\u00edz y se presentan&#8230;<\/p>\n","protected":false},"author":1,"featured_media":0,"parent":9097,"menu_order":0,"comment_status":"closed","ping_status":"closed","template":"elementor_header_footer","meta":{"om_disable_all_campaigns":false,"_tbt_post_transparent":"","_tbt_post_title":"default","_tbt_post_layout":"default","_tbt_post_sidebar_id":"","_tbt_post_content_style":"unboxed","_tbt_post_vertical_padding":"hide","_tbt_post_feature":"hide","_tbt_post_feature_position":"","_tbt_post_header":false,"_tbt_post_footer":false,"_mc_calendar":[]},"class_list":["post-13683","page","type-page","status-publish","hentry"],"aioseo_notices":[],"_links":{"self":[{"href":"https:\/\/iidsech.com\/index.php\/wp-json\/wp\/v2\/pages\/13683","targetHints":{"allow":["GET"]}}],"collection":[{"href":"https:\/\/iidsech.com\/index.php\/wp-json\/wp\/v2\/pages"}],"about":[{"href":"https:\/\/iidsech.com\/index.php\/wp-json\/wp\/v2\/types\/page"}],"author":[{"embeddable":true,"href":"https:\/\/iidsech.com\/index.php\/wp-json\/wp\/v2\/users\/1"}],"replies":[{"embeddable":true,"href":"https:\/\/iidsech.com\/index.php\/wp-json\/wp\/v2\/comments?post=13683"}],"version-history":[{"count":30,"href":"https:\/\/iidsech.com\/index.php\/wp-json\/wp\/v2\/pages\/13683\/revisions"}],"predecessor-version":[{"id":13757,"href":"https:\/\/iidsech.com\/index.php\/wp-json\/wp\/v2\/pages\/13683\/revisions\/13757"}],"up":[{"embeddable":true,"href":"https:\/\/iidsech.com\/index.php\/wp-json\/wp\/v2\/pages\/9097"}],"wp:attachment":[{"href":"https:\/\/iidsech.com\/index.php\/wp-json\/wp\/v2\/media?parent=13683"}],"curies":[{"name":"wp","href":"https:\/\/api.w.org\/{rel}","templated":true}]}}