{"id":13600,"date":"2023-07-12T11:06:38","date_gmt":"2023-07-12T16:06:38","guid":{"rendered":"https:\/\/iidsech.com\/?page_id=13600"},"modified":"2023-07-12T11:26:09","modified_gmt":"2023-07-12T16:26:09","slug":"los-nacidos-dios","status":"publish","type":"page","link":"https:\/\/iidsech.com\/index.php\/estudios_base\/los-nacidos-dios\/","title":{"rendered":"Los Nacidos de Dios"},"content":{"rendered":"\t\t<div data-elementor-type=\"wp-page\" data-elementor-id=\"13600\" class=\"elementor elementor-13600\">\n\t\t\t\t\t\t<div class=\"elementor-section elementor-top-section elementor-element elementor-element-346406e videothumb elementor-section-stretched elementor-section-boxed elementor-section-height-default elementor-section-height-default\" data-id=\"346406e\" data-element_type=\"section\" data-e-type=\"section\" data-settings=\"{&quot;stretch_section&quot;:&quot;section-stretched&quot;,&quot;background_background&quot;:&quot;classic&quot;}\">\n\t\t\t\t\t\t<div class=\"elementor-container elementor-column-gap-default\">\n\t\t\t\t\t<div class=\"elementor-column elementor-col-100 elementor-top-column elementor-element elementor-element-1246ba2\" data-id=\"1246ba2\" data-element_type=\"column\" data-e-type=\"column\">\n\t\t\t<div class=\"elementor-widget-wrap elementor-element-populated\">\n\t\t\t\t\t\t<div class=\"elementor-section elementor-inner-section elementor-element elementor-element-71182e2 elementor-section-full_width elementor-section-height-default elementor-section-height-default\" data-id=\"71182e2\" data-element_type=\"section\" data-e-type=\"section\">\n\t\t\t\t\t\t<div class=\"elementor-container elementor-column-gap-no\">\n\t\t\t\t\t<div class=\"elementor-column elementor-col-100 elementor-inner-column elementor-element elementor-element-2ab3072\" data-id=\"2ab3072\" data-element_type=\"column\" data-e-type=\"column\" data-settings=\"{&quot;background_background&quot;:&quot;classic&quot;}\">\n\t\t\t<div class=\"elementor-widget-wrap elementor-element-populated\">\n\t\t\t\t\t\t<div class=\"elementor-element elementor-element-d4808f1 elementor-position-top elementor-invisible elementor-widget elementor-widget-image-box\" data-id=\"d4808f1\" data-element_type=\"widget\" data-e-type=\"widget\" data-settings=\"{&quot;_animation&quot;:&quot;slideInDown&quot;}\" data-widget_type=\"image-box.default\">\n\t\t\t\t<div class=\"elementor-widget-container\">\n\t\t\t\t\t<div class=\"elementor-image-box-wrapper\"><figure class=\"elementor-image-box-img\"><img fetchpriority=\"high\" decoding=\"async\" width=\"2560\" height=\"1709\" src=\"https:\/\/iidsech.com\/wp-content\/uploads\/2023\/07\/Los-nacidos-dios-scaled.jpg\" class=\"elementor-animation-skew-forward attachment-full size-full wp-image-13603\" alt=\"Los nacidos de Dios\" srcset=\"https:\/\/iidsech.com\/wp-content\/uploads\/2023\/07\/Los-nacidos-dios-scaled.jpg 2560w, https:\/\/iidsech.com\/wp-content\/uploads\/2023\/07\/Los-nacidos-dios-scaled-600x401.jpg 600w, https:\/\/iidsech.com\/wp-content\/uploads\/2023\/07\/Los-nacidos-dios-300x200.jpg 300w, https:\/\/iidsech.com\/wp-content\/uploads\/2023\/07\/Los-nacidos-dios-1024x684.jpg 1024w, https:\/\/iidsech.com\/wp-content\/uploads\/2023\/07\/Los-nacidos-dios-768x513.jpg 768w, https:\/\/iidsech.com\/wp-content\/uploads\/2023\/07\/Los-nacidos-dios-1536x1025.jpg 1536w, https:\/\/iidsech.com\/wp-content\/uploads\/2023\/07\/Los-nacidos-dios-2048x1367.jpg 2048w\" sizes=\"(max-width: 2560px) 100vw, 2560px\" \/><\/figure><div class=\"elementor-image-box-content\"><h1 class=\"elementor-image-box-title\">Los Nacidos de Dios<\/h1><p class=\"elementor-image-box-description\">Realizado Por: <font color=\"#dea447\">Min. A. Rub\u00e9n Romero M.<\/font> \nCategor\u00eda: <span style=\"color:#000000\"><a href=\"https:\/\/iidsech.com\/index.php\/estudios_base\/\">Base doctrinal<\/a>.<\/span> Fecha:<span style=\"color:#dea447\">  Feb, 2017<\/span><\/p><\/div><\/div>\t\t\t\t<\/div>\n\t\t\t\t<\/div>\n\t\t\t\t\t<\/div>\n\t\t<\/div>\n\t\t\t\t\t<\/div>\n\t\t<\/div>\n\t\t\t\t\t<\/div>\n\t\t<\/div>\n\t\t\t\t\t<\/div>\n\t\t<\/div>\n\t\t\t\t<section class=\"elementor-section elementor-top-section elementor-element elementor-element-fbc7992 elementor-section-boxed elementor-section-height-default elementor-section-height-default\" data-id=\"fbc7992\" data-element_type=\"section\" data-e-type=\"section\">\n\t\t\t\t\t\t<div class=\"elementor-container elementor-column-gap-default\">\n\t\t\t\t\t<div class=\"elementor-column elementor-col-100 elementor-top-column elementor-element elementor-element-d81a8cb\" data-id=\"d81a8cb\" data-element_type=\"column\" data-e-type=\"column\">\n\t\t\t<div class=\"elementor-widget-wrap elementor-element-populated\">\n\t\t\t\t\t\t<div class=\"elementor-element elementor-element-f277c3d elementor-widget elementor-widget-text-editor\" data-id=\"f277c3d\" data-element_type=\"widget\" data-e-type=\"widget\" data-widget_type=\"text-editor.default\">\n\t\t\t\t<div class=\"elementor-widget-container\">\n\t\t\t\t\t\t\t\t\t<p style=\"text-align: center;\"><b>Introducci\u00f3n<\/b><\/p><p><span style=\"font-weight: 400;\">Mucho se ha hablado de lo que es el nacimiento del nuevo hombre, con la confirmaci\u00f3n de la palabra escrita en las sagradas escrituras; pero realmente el nacer, es la \u00faltima parte de un proceso de gestaci\u00f3n y desarrollo, que al igual que, en el nacimiento de un ser humano, este inicia cuando la semilla es depositada y fertilizada en una mujer y se da paso a la multiplicaci\u00f3n de c\u00e9lulas hasta dar vida a un ser que pronto ver\u00e1 la luz.<\/span><\/p><p>\u00a0<\/p><p><span style=\"font-weight: 400;\">\u00bfQu\u00e9 relaci\u00f3n tiene este desarrollo con el Hombre Espiritual? Mucha, ya que de la misma forma el hombre Espiritual debe engendrarse con la Simiente del Esp\u00edritu, la cual es la Palabra de Dios, esta simiente formar\u00e1 al nuevo hombre que desde su nacimiento tendr\u00e1 la mentalidad del Alt\u00edsimo y no podr\u00e1 conocer el pecado, porque este no entrar\u00e1 en el desarrollo de su formaci\u00f3n.<\/span><\/p><p>\u00a0<\/p><p><span style=\"font-weight: 400;\">Es posible que muchas corrientes religiosas mencionen lo que es el nacimiento del agua y del Esp\u00edritu, pero dentro de su concepto no mencionan la base de la gestaci\u00f3n y el desarrollo de los tales, llevando a estos seres por el camino de lo m\u00e1s f\u00e1cil y los enga\u00f1an con falsas promesas, diciendo que solo necesita creer y aceptar al Se\u00f1or; lo cual no es la verdad. El hombre Espiritual es algo m\u00e1s que un capricho o una mentira ingenua. El hombre nacido de Dios es un hombre formado con una simiente santa, real y espiritual; libre de mentiras y falsas esperanzas que finalmente en su comportamiento y sus frutos ser\u00e1n llamados &lt;&lt;<em><strong>LOS NACIDOS DE DIOS<\/strong><\/em>&gt;&gt;.<\/span><\/p><p><span style=\"font-weight: 400;\">1.- Dijo el Ap\u00f3stol Juan escribiendo en su primera Carta \u201cCualquiera que es nacido de Dios, no hace pecado porque su simiente est\u00e1 en \u00e9l; y no puede pescar, porque es nacido de Dios\u201d<\/span><\/p><ul><li style=\"font-weight: 400;\" aria-level=\"1\"><strong>1\u00b0 De Juan 3=9<\/strong><\/li><\/ul><p><span style=\"font-weight: 400;\">2.- En su evangelio el mismo ap\u00f3stol Juan nos dice \u201cM\u00e1s a todos los que le recibieron dioles potestad de ser llamados hijos de Dios, a los que creen en su nombre; los cuales, no engendrados de carne, ni de sangre, ni de voluntad de var\u00f3n, m\u00e1s de voluntad de Dios son\u201d.\u00a0\u00a0\u00a0\u00a0\u00a0\u00a0<\/span><\/p><ul><li style=\"font-weight: 400;\" aria-level=\"1\"><strong>Juan 1=12-13<\/strong><\/li><\/ul><p><span style=\"font-weight: 400;\">3.- Jesucristo como un Maestro les explicaba al Pr\u00edncipe Nicodemo c\u00f3mo se nace otra vez.<\/span><\/p><ul><li style=\"font-weight: 400;\" aria-level=\"1\"><strong>Juan 3=1-6<\/strong><\/li><\/ul><p><span style=\"font-weight: 400;\">4.- Si lo que es nacido de la carne, carne es; el Ap\u00f3stol Santiago nos explica con claridad c\u00f3mo se nace del Esp\u00edritu<\/span><\/p><ul><li style=\"font-weight: 400;\" aria-level=\"1\"><strong>Santiago 1=16-18<\/strong><\/li><\/ul><p><span style=\"font-weight: 400;\">5.- Jesucristo el Bendito Salvador nos ha dado la palabra, para Santificamos.\u00a0<\/span><\/p><ul><li style=\"font-weight: 400;\" aria-level=\"1\"><strong>Juan 17=14-22<\/strong><\/li><\/ul><p><span style=\"font-weight: 400;\">6.- Si en verdad hemos recibido la palabra, de verdad amamos a Cristo, \u00c9l est\u00e1 en nosotros y nosotros en El.<\/span><\/p><ul><li style=\"font-weight: 400;\" aria-level=\"1\"><strong>Juan 14=23-24<\/strong><\/li><\/ul><p><span style=\"font-weight: 400;\">7.- Dijo Jesucristo el Bendito Salvador que esta palabra act\u00faa como una semilla que da grandes frutos.<\/span><\/p><ul><li style=\"font-weight: 400;\" aria-level=\"1\"><strong>Mateo 13=1-8\u00a0<\/strong><\/li><li style=\"font-weight: 400;\" aria-level=\"1\"><strong>Lucas 8=11\u00a0<\/strong><\/li><li style=\"font-weight: 400;\" aria-level=\"1\"><strong>Mateo 13=18-23\u00a0<\/strong><\/li><li style=\"font-weight: 400;\" aria-level=\"1\"><strong>Juan 15=1-3<\/strong><\/li><\/ul><p style=\"text-align: center;\"><b style=\"font-family: var(--global-body-font-family); letter-spacing: 0.2px;\">Conclusi\u00f3n:\u00a0<\/b><br \/><b><\/b><\/p><p><span style=\"font-weight: 400;\">En conclusi\u00f3n, podemos decir que un culto racional es aquel que contiene:\u00a0<\/span><\/p><p>\u00a0<\/p>\t\t\t\t\t\t\t\t<\/div>\n\t\t\t\t<\/div>\n\t\t\t\t\t<\/div>\n\t\t<\/div>\n\t\t\t\t\t<\/div>\n\t\t<\/section>\n\t\t\t\t<section class=\"elementor-section elementor-top-section elementor-element elementor-element-470d991 elementor-section-boxed elementor-section-height-default elementor-section-height-default\" data-id=\"470d991\" data-element_type=\"section\" data-e-type=\"section\">\n\t\t\t\t\t\t<div class=\"elementor-container elementor-column-gap-default\">\n\t\t\t\t\t<div class=\"elementor-column elementor-col-100 elementor-top-column elementor-element elementor-element-4f1b7f2\" data-id=\"4f1b7f2\" data-element_type=\"column\" data-e-type=\"column\">\n\t\t\t<div class=\"elementor-widget-wrap elementor-element-populated\">\n\t\t\t\t\t\t<div class=\"elementor-element elementor-element-4b2fa37 elementor-align-center elementor-widget elementor-widget-button\" data-id=\"4b2fa37\" data-element_type=\"widget\" data-e-type=\"widget\" data-widget_type=\"button.default\">\n\t\t\t\t<div class=\"elementor-widget-container\">\n\t\t\t\t\t\t\t\t\t<div class=\"elementor-button-wrapper\">\n\t\t\t\t\t<a class=\"elementor-button elementor-button-link elementor-size-sm\" href=\"https:\/\/iidsech.com\/index.php\/estudios_base\/\">\n\t\t\t\t\t\t<span class=\"elementor-button-content-wrapper\">\n\t\t\t\t\t\t<span class=\"elementor-button-icon\">\n\t\t\t\t<i aria-hidden=\"true\" class=\"fas fa-angle-double-left\"><\/i>\t\t\t<\/span>\n\t\t\t\t\t\t\t\t\t<span class=\"elementor-button-text\">REGRESAR<\/span>\n\t\t\t\t\t<\/span>\n\t\t\t\t\t<\/a>\n\t\t\t\t<\/div>\n\t\t\t\t\t\t\t\t<\/div>\n\t\t\t\t<\/div>\n\t\t\t\t\t<\/div>\n\t\t<\/div>\n\t\t\t\t\t<\/div>\n\t\t<\/section>\n\t\t\t\t<\/div>\n\t\t","protected":false},"excerpt":{"rendered":"<p>Los Nacidos de Dios Realizado Por: Min. A. Rub\u00e9n Romero M. Categor\u00eda: Base doctrinal. Fecha: Feb, 2017 Introducci\u00f3n Mucho se ha hablado de lo que es el nacimiento del nuevo hombre, con la confirmaci\u00f3n de la palabra escrita en las sagradas escrituras; pero realmente el nacer, es la \u00faltima parte de un proceso de gestaci\u00f3n&#8230;<\/p>\n","protected":false},"author":1,"featured_media":0,"parent":9097,"menu_order":0,"comment_status":"closed","ping_status":"closed","template":"elementor_header_footer","meta":{"om_disable_all_campaigns":false,"_tbt_post_transparent":"","_tbt_post_title":"default","_tbt_post_layout":"default","_tbt_post_sidebar_id":"","_tbt_post_content_style":"unboxed","_tbt_post_vertical_padding":"hide","_tbt_post_feature":"hide","_tbt_post_feature_position":"","_tbt_post_header":false,"_tbt_post_footer":false,"_mc_calendar":[]},"class_list":["post-13600","page","type-page","status-publish","hentry"],"aioseo_notices":[],"_links":{"self":[{"href":"https:\/\/iidsech.com\/index.php\/wp-json\/wp\/v2\/pages\/13600","targetHints":{"allow":["GET"]}}],"collection":[{"href":"https:\/\/iidsech.com\/index.php\/wp-json\/wp\/v2\/pages"}],"about":[{"href":"https:\/\/iidsech.com\/index.php\/wp-json\/wp\/v2\/types\/page"}],"author":[{"embeddable":true,"href":"https:\/\/iidsech.com\/index.php\/wp-json\/wp\/v2\/users\/1"}],"replies":[{"embeddable":true,"href":"https:\/\/iidsech.com\/index.php\/wp-json\/wp\/v2\/comments?post=13600"}],"version-history":[{"count":11,"href":"https:\/\/iidsech.com\/index.php\/wp-json\/wp\/v2\/pages\/13600\/revisions"}],"predecessor-version":[{"id":13612,"href":"https:\/\/iidsech.com\/index.php\/wp-json\/wp\/v2\/pages\/13600\/revisions\/13612"}],"up":[{"embeddable":true,"href":"https:\/\/iidsech.com\/index.php\/wp-json\/wp\/v2\/pages\/9097"}],"wp:attachment":[{"href":"https:\/\/iidsech.com\/index.php\/wp-json\/wp\/v2\/media?parent=13600"}],"curies":[{"name":"wp","href":"https:\/\/api.w.org\/{rel}","templated":true}]}}