{"id":13556,"date":"2023-07-12T10:03:06","date_gmt":"2023-07-12T15:03:06","guid":{"rendered":"https:\/\/iidsech.com\/?page_id=13556"},"modified":"2023-07-12T10:50:06","modified_gmt":"2023-07-12T15:50:06","slug":"el-racional-culto","status":"publish","type":"page","link":"https:\/\/iidsech.com\/index.php\/estudios_base\/el-racional-culto\/","title":{"rendered":"El Racional Culto"},"content":{"rendered":"\t\t<div data-elementor-type=\"wp-page\" data-elementor-id=\"13556\" class=\"elementor elementor-13556\">\n\t\t\t\t\t\t<div class=\"elementor-section elementor-top-section elementor-element elementor-element-346406e videothumb elementor-section-stretched elementor-section-boxed elementor-section-height-default elementor-section-height-default\" data-id=\"346406e\" data-element_type=\"section\" data-e-type=\"section\" data-settings=\"{&quot;stretch_section&quot;:&quot;section-stretched&quot;,&quot;background_background&quot;:&quot;classic&quot;}\">\n\t\t\t\t\t\t<div class=\"elementor-container elementor-column-gap-default\">\n\t\t\t\t\t<div class=\"elementor-column elementor-col-100 elementor-top-column elementor-element elementor-element-1246ba2\" data-id=\"1246ba2\" data-element_type=\"column\" data-e-type=\"column\">\n\t\t\t<div class=\"elementor-widget-wrap elementor-element-populated\">\n\t\t\t\t\t\t<div class=\"elementor-section elementor-inner-section elementor-element elementor-element-71182e2 elementor-section-full_width elementor-section-height-default elementor-section-height-default\" data-id=\"71182e2\" data-element_type=\"section\" data-e-type=\"section\">\n\t\t\t\t\t\t<div class=\"elementor-container elementor-column-gap-no\">\n\t\t\t\t\t<div class=\"elementor-column elementor-col-100 elementor-inner-column elementor-element elementor-element-2ab3072\" data-id=\"2ab3072\" data-element_type=\"column\" data-e-type=\"column\" data-settings=\"{&quot;background_background&quot;:&quot;classic&quot;}\">\n\t\t\t<div class=\"elementor-widget-wrap elementor-element-populated\">\n\t\t\t\t\t\t<div class=\"elementor-element elementor-element-d4808f1 elementor-position-top elementor-invisible elementor-widget elementor-widget-image-box\" data-id=\"d4808f1\" data-element_type=\"widget\" data-e-type=\"widget\" data-settings=\"{&quot;_animation&quot;:&quot;slideInDown&quot;}\" data-widget_type=\"image-box.default\">\n\t\t\t\t<div class=\"elementor-widget-container\">\n\t\t\t\t\t<div class=\"elementor-image-box-wrapper\"><figure class=\"elementor-image-box-img\"><img fetchpriority=\"high\" decoding=\"async\" width=\"2560\" height=\"1707\" src=\"https:\/\/iidsech.com\/wp-content\/uploads\/2023\/07\/kyle-smith-VsGWBczIg20-unsplash-scaled.jpg\" class=\"elementor-animation-skew-forward attachment-full size-full wp-image-13559\" alt=\"culto\" srcset=\"https:\/\/iidsech.com\/wp-content\/uploads\/2023\/07\/kyle-smith-VsGWBczIg20-unsplash-scaled.jpg 2560w, https:\/\/iidsech.com\/wp-content\/uploads\/2023\/07\/kyle-smith-VsGWBczIg20-unsplash-scaled-600x400.jpg 600w, https:\/\/iidsech.com\/wp-content\/uploads\/2023\/07\/kyle-smith-VsGWBczIg20-unsplash-300x200.jpg 300w, https:\/\/iidsech.com\/wp-content\/uploads\/2023\/07\/kyle-smith-VsGWBczIg20-unsplash-1024x683.jpg 1024w, https:\/\/iidsech.com\/wp-content\/uploads\/2023\/07\/kyle-smith-VsGWBczIg20-unsplash-768x512.jpg 768w, https:\/\/iidsech.com\/wp-content\/uploads\/2023\/07\/kyle-smith-VsGWBczIg20-unsplash-1536x1024.jpg 1536w, https:\/\/iidsech.com\/wp-content\/uploads\/2023\/07\/kyle-smith-VsGWBczIg20-unsplash-2048x1365.jpg 2048w\" sizes=\"(max-width: 2560px) 100vw, 2560px\" \/><\/figure><div class=\"elementor-image-box-content\"><h1 class=\"elementor-image-box-title\">El Racional Culto<\/h1><p class=\"elementor-image-box-description\">Realizado Por: <font color=\"#dea447\">Min. A. Rub\u00e9n Romero M.<\/font> \nCategor\u00eda: <span style=\"color:#000000\"><a href=\"https:\/\/iidsech.com\/index.php\/estudios_base\/\">Base doctrinal<\/a>.<\/span> Fecha:<span style=\"color:#dea447\">  Feb, 2017<\/span><\/p><\/div><\/div>\t\t\t\t<\/div>\n\t\t\t\t<\/div>\n\t\t\t\t\t<\/div>\n\t\t<\/div>\n\t\t\t\t\t<\/div>\n\t\t<\/div>\n\t\t\t\t\t<\/div>\n\t\t<\/div>\n\t\t\t\t\t<\/div>\n\t\t<\/div>\n\t\t\t\t<section class=\"elementor-section elementor-top-section elementor-element elementor-element-fbc7992 elementor-section-boxed elementor-section-height-default elementor-section-height-default\" data-id=\"fbc7992\" data-element_type=\"section\" data-e-type=\"section\">\n\t\t\t\t\t\t<div class=\"elementor-container elementor-column-gap-default\">\n\t\t\t\t\t<div class=\"elementor-column elementor-col-100 elementor-top-column elementor-element elementor-element-d81a8cb\" data-id=\"d81a8cb\" data-element_type=\"column\" data-e-type=\"column\">\n\t\t\t<div class=\"elementor-widget-wrap elementor-element-populated\">\n\t\t\t\t\t\t<div class=\"elementor-element elementor-element-f277c3d elementor-widget elementor-widget-text-editor\" data-id=\"f277c3d\" data-element_type=\"widget\" data-e-type=\"widget\" data-widget_type=\"text-editor.default\">\n\t\t\t\t<div class=\"elementor-widget-container\">\n\t\t\t\t\t\t\t\t\t<p style=\"text-align: center;\"><b>Introducci\u00f3n<\/b><\/p><p><span style=\"font-weight: 400;\">Desde el comienzo de las llamadas Iglesias de Dios se tom\u00f3 como prototipo un culto heredado, completamente de las Iglesias Protestantes. Este culto se basaba en la estimulaci\u00f3n de los sentidos, al hablar de sucesos, an\u00e9cdotas y pl\u00e1ticas estimulantes, acompa\u00f1adas de cantos y gritos; todo esto con el prop\u00f3sito de animar, excitar y cautivar a la gente. Ciertamente este tipo de culto produce alegr\u00eda y muchos, adeptos los cuales finalmente terminar por aceptar que esto es un culto real; pero no un culto de alabanza a Dios sino un culto de estimulaci\u00f3n para el que participa, un culto que te hace creer que la salvaci\u00f3n y la fe la adquieres por el hecho de asistir y de aceptar a tu Salvador, sin tener ninguna responsabilidad ni conciencia de cambio y sin saber que esto no es agradable a Dios. \u00bfQu\u00e9 es entonces un culto a Dios? y \u00bfEn qu\u00e9 consiste ?, este es el prop\u00f3sito del siguiente estudio que nos permite saber c\u00f3mo se inici\u00f3 el culto mandado por el Alt\u00edsimo y como se fue formando durante la historia del pueblo de Israel hasta llegar al tiempo de Jesucristo, siendo el Ap\u00f3stol Pablo quien nos dice que sabemos tener un Culto racional Para esto mencionaremos que culto es &#8220;El conjunto de actividades para alabar ensalzar y glorificar la personalidad o la obra de un ser&#8221; en este caso es la alabanza a Dios el Dios de Abraham Isaac y Jacob. Pero podr\u00edamos preguntar \u00bfUn culto puede ser realizado por cualquier persona en cualquier condici\u00f3n de maldad o limpieza?, \u00bfEs esto lo que le agrada al Alt\u00edsimo? o le dio instrucciones de c\u00f3mo debe realizarse.<\/span><\/p><p><span style=\"font-weight: 400;\">Tenemos que admitir que el culto a Dios siempre tendr\u00e1 que analizarse desde el punto de vista de lo que el pueblo de Israel realiza y lo que el Se\u00f1or Jesucristo ense\u00f1\u00f3, a partir de estos dos podremos realizar nuestro RACIONAL CULTO&#8230;&#8230;\u00a0<\/span><\/p><p><span style=\"font-weight: 400;\">1.- El Ap\u00f3stol Pablo al escribir la carta a los Hebreos, menciona que el primer pacto ten\u00eda reglamento del culto y santuario mundano.\u00a0<\/span><\/p><ul><li aria-level=\"1\"><b>Hebreos 9=1-6\u00a0<\/b><\/li><li aria-level=\"1\"><b>Hebreos 10=1-2\u00a0<\/b><\/li><\/ul><p><span style=\"font-family: var(--global-body-font-family); letter-spacing: 0.2px;\">2- Recordemos que los cap\u00edtulos 25, 26 y 27 del \u00c9xodo nos explican de qu\u00e9 manera orden\u00f3 el Eterno la construcci\u00f3n de un tabern\u00e1culo\u00a0<\/span><br \/><b><\/b><\/p><ul><li aria-level=\"1\"><b>\u00c9xodo 25-1-8\u00a0<\/b><\/li><\/ul><p><span style=\"font-family: var(--global-body-font-family); letter-spacing: 0.2px;\">3.- De la misma manera orden\u00f3 el Eterno a Mois\u00e9s la constituci\u00f3n de una casta sacerdotal! de acuerdo a los cap\u00edtulos 28,29,30 y 31 del mismo libro del \u00c9xodo\u00a0<\/span><br \/><b><\/b><\/p><ul><li aria-level=\"1\"><b>\u00c9xodo 28=1-3\u00a0<\/b><\/li><\/ul><p><span style=\"font-weight: 400;\">4.- La definici\u00f3n m\u00e1s com\u00fan y aceptada en t\u00e9rminos generales de lo que es culto dice: &#8220;Conjunto de actos o ceremonias <\/span><i style=\"font-family: var(--global-body-font-family); letter-spacing: 0.2px;\"><span>que <\/span><\/i><span style=\"font-weight: 400;\">se hacen <\/span><i style=\"font-family: var(--global-body-font-family); letter-spacing: 0.2px;\"><span>para <\/span><\/i><span style=\"font-weight: 400;\">alabar a Dios&#8221; y que en el caso de la doctrina del Dios de Israel este inicia con el Holocausto Continuo.\u00a0<\/span><br \/><b><\/b><\/p><ul><li aria-level=\"1\"><b>\u00c9xodo 29-39-46 18\u00a0<\/b><\/li><li aria-level=\"1\"><b>Cr\u00f3nicas 15-37-40\u00a0<\/b><\/li><\/ul><p><span style=\"font-family: var(--global-body-font-family); letter-spacing: 0.2px;\">5- Teniendo este conocimiento, podemos decir con seguridad, que el reglamento del culto est\u00e1 descrito en los cap\u00edtulos 28 y 29 del libro de N\u00fameros, cuando el Eterno dijo Mi ofrenda, mi pan con mis ofrendas encendidas en olor grato a m\u00ed, guardar\u00e9is, ofreci\u00e9ndomelo a su tiempo.<\/span><br \/><b><\/b><\/p><ul><li aria-level=\"1\"><b>N\u00famero 28-2\u00a0<\/b><\/li><\/ul><p><span style=\"font-family: var(--global-body-font-family); letter-spacing: 0.2px;\">Seg\u00fan el tiempo se dieron ofrendas para periodos:\u00a0<\/span><br \/><b><\/b><\/p><ol><li><span style=\"font-weight: 400;\">a) Diario\u00a0<\/span><\/li><li><span style=\"font-weight: 400;\">b) Semanal\u00a0<\/span><\/li><li><span style=\"font-weight: 400;\">c) Mensual\u00a0<\/span><\/li><li><span style=\"font-weight: 400;\">d) Anual (Tres Veces en el <\/span><i><span style=\"font-weight: 400;\">a\u00f1o <\/span><\/i><span style=\"font-weight: 400;\">e) Rosh Hashana y Yom-kippur<\/span><\/li><\/ol><p><span style=\"font-weight: 400;\">\u00a0<\/span><span style=\"font-weight: 400;\">6.- En conformidad al reglamento del culto en el tabern\u00e1culo del desierto; este no conten\u00eda cantos y la lectura de la ley (los 5 libros de Mois\u00e9s) se hac\u00eda durante la celebraci\u00f3n de la fiesta de caba\u00f1as cada 7 a\u00f1os en el a\u00f1o de la remisi\u00f3n.\u00a0<\/span><\/p><ul><li aria-level=\"1\"><b>Deuteronomio 31=9-13<\/b><\/li><\/ul><p><span style=\"font-weight: 400;\">\u00a0<\/span><span style=\"font-weight: 400;\">7.- Antes de morir el rey David organiz\u00f3 el sacerdocio para que el Sumo Pont\u00edfice oficiar\u00e1 de acuerdo a lo que Dios le mand\u00f3 a Mois\u00e9s y design\u00f3 24 suertes.\u00a0<\/span><\/p><ul><li aria-level=\"1\"><b>1\u00b0 cr\u00f3nicas 23-27-32\u00a0<\/b><\/li><li aria-level=\"1\"><b>1\u00b0 cr\u00f3nicas 24-1-9\u00a0<\/b><\/li><\/ul><p><span style=\"font-family: var(--global-body-font-family); letter-spacing: 0.2px;\">8.- Cuando el pueblo regres\u00f3 de la cautividad en Babilonia y se reanud\u00f3 el culto. Se hizo de la forma ordenada por el Eterno y con la reglamentaci\u00f3n del rey David.\u00a0<\/span><br \/><b><\/b><\/p><ul><li aria-level=\"1\"><b>Esdras 3=1-5\u00a0<\/b><\/li><li style=\"font-weight: 400;\" aria-level=\"1\"><b>Esdras 3-10-13<\/b><span style=\"font-weight: 400;\">\u00a0<\/span><\/li><\/ul><p><span style=\"font-weight: 400;\">Tambi\u00e9n se hizo la lectura de la ley en el a\u00f1o de la remisi\u00f3n durante la celebraci\u00f3n de la fiesta de Caba\u00f1as.<\/span><\/p><ul><li aria-level=\"1\"><b>Nehem\u00edas 8-1-5\u00a0<\/b><\/li><li aria-level=\"1\"><b>Nehem\u00edas 0-14-18\u00a0<\/b><\/li><li aria-level=\"1\"><b>Nehem\u00edas 9-1-3<\/b><\/li><li aria-level=\"1\"><b>Nehem\u00edas 10=29-39<\/b><\/li><\/ul><p><span style=\"font-weight: 400;\">9.- El perverso Ant\u00edoco profan\u00f3 el altar durante la guerra que contra \u00e9l sostuvieron los hijos de Matat\u00edas. Despu\u00e9s de Judas Macabeo, se reanud\u00f3 el culto con c\u00e1nticos, pero a\u00fan no hab\u00eda lectura de la ley.\u00a0<\/span><\/p><ul><li aria-level=\"1\"><b>1\u00b0 Macabeos 4-41-61<\/b><\/li><\/ul><p><span style=\"font-weight: 400;\">10.- Diversos tratados hist\u00f3ricos del pueblo Jud\u00edo nos dicen que el culto sinagogal, se realiz\u00f3 desde la di\u00e1spora de Babilonia, nosotros vemos por las Sagradas Escrituras que Jesucristo fue observante de este culto, pero durante el culto de sinagoga como en sus preciosas predicaciones no vernos a un Jesucristo cantor.<\/span><\/p><ul><li aria-level=\"1\"><b>Mateo 4=23 mateo 13-54<\/b><\/li><li aria-level=\"1\"><b>Marcos 1:21-28<\/b><\/li><li aria-level=\"1\"><b>Marcos 6-1-6 lucas 4=14-21<\/b><\/li><\/ul><p><span style=\"font-weight: 400;\">Fue de tal estima que el culto sinagogal en los d\u00edas del Se\u00f1or sobre la tierra; que sus disc\u00edpulos consideraron de gran estima al que les hab\u00eda fabricado una Sinagoga. <\/span><\/p><ul><li><b style=\"font-family: var(--global-body-font-family); letter-spacing: 0.2px;\">Lucas 7=1-5<\/b><\/li><\/ul><p><span style=\"font-weight: 400;\">12 &#8211; Tambi\u00e9n Jairo que era un Pr\u00edncipe de una Sinagoga recibi\u00f3 la bendici\u00f3n del Se\u00f1or para su familia.<\/span><\/p><ul><li aria-level=\"1\"><b>Lucas 8=40-42<\/b><\/li><li aria-level=\"1\"><b>Lucas 8=49-56<\/b><\/li><\/ul><p><span style=\"font-family: var(--global-body-font-family); letter-spacing: 0.2px;\">13.- E! Bendito Salvador dio, en la sinagoga de Capernaum, \u00a1la lecci\u00f3n maravillosa de! pan que descendi\u00f3 del cielo.<\/span><br \/><b><\/b><\/p><ul><li aria-level=\"1\"><b>Juan 6-53-59<\/b><\/li><\/ul><p><span style=\"font-weight: 400;\">De acuerdo al an\u00e1lisis b\u00edblico el culto sinagogal al cual asist\u00eda el Se\u00f1or Jesucristo consist\u00eda en la lectura de la ley y los profetas y las oraciones, pero no vemos ni a la congregaci\u00f3n ni a Cristo cantando.\u00a0<\/span><\/p><p><span style=\"font-weight: 400;\">14.- Cuando el Ap\u00f3stol Pablo y los otros Ap\u00f3stoles predicaron el evangelio generalmente lo hicieron en las sinagogas o en lugares ocultos.\u00a0<\/span><\/p><ul><li aria-level=\"1\"><b>Hechos 9=20-22<\/b><\/li><li aria-level=\"1\"><b>Hechos 17=1-9<\/b><\/li><li aria-level=\"1\"><b>Hechos 18-1-8<\/b><\/li><li aria-level=\"1\"><b>Hechos 19-8-10<\/b><\/li><\/ul><p><span style=\"font-family: var(--global-body-font-family); letter-spacing: 0.2px;\">15- El cap\u00edtulo 13 de los Hechos de los Ap\u00f3stoles; fue tomado por las Iglesias Protestantes de forma equivocada; principalmente la Iglesia Adventista del 70 Dia y despu\u00e9s la Iglesia de Dios del s\u00e9ptimo d\u00eda; as\u00ed como aquellos que tienen formas similares de doctrina, son dos los puntos que toman de este cap\u00edtulo:\u00a0<\/span><br \/><b><\/b><\/p><p><span style=\"font-weight: 400;\">A) Presuponen que la lectura de la ley y los profetas, fue la lectura de las tablas que contienen los diez Mandamientos.<\/span><\/p><ul><li><span style=\"font-weight: 400;\">\u00a0<\/span><b style=\"font-family: var(--global-body-font-family); letter-spacing: 0.2px;\">Hechos 13=14-15<\/b><\/li><\/ul><p><span style=\"font-weight: 400;\">B) Presuponen que, en ese momento para la historia de la Iglesia, se completaron los 144,000 se\u00f1alados como base de la misma Iglesia <\/span><\/p><ul><li><b style=\"font-family: var(--global-body-font-family); letter-spacing: 0.2px;\">Hechos 13=46<\/b><\/li><\/ul><p><span style=\"font-weight: 400;\">\u00a0<\/span><span style=\"font-weight: 400;\">16.- Pero la misma narrativa de los Hechos, nos dice c\u00f3mo se ense\u00f1aba en las Sinagogas.\u00a0<\/span><\/p><ul><li aria-level=\"1\"><b>Hechos 15=21<\/b><\/li><\/ul><p><span style=\"font-family: var(--global-body-font-family); letter-spacing: 0.2px;\">Es claro que la lectura en las Sinagogas no era la lectura del dec\u00e1logo, pero los movimientos que entendieron que, si fue la lectura de las tablas, elevaron a un culto tipo idol\u00e1trico a las tablas, denomin\u00e1ndose muy err\u00f3neamente como la ley de Dios; d\u00e1ndole el nombre de LEY de Mois\u00e9s al resto del Pentateuco y eliminando de la Iglesia muchas leyes e incluso la celebraci\u00f3n de las 3 grandes Fiestas.<\/span><br \/><b><\/b><\/p><p><span style=\"font-weight: 400;\">\u00a0<\/span><span style=\"font-weight: 400;\">17.- El an\u00e1lisis B\u00edblico nos ense\u00f1a que el culto que en este tiempo se le debe rendir a Dios ante todo debe ser racional.\u00a0<\/span><\/p><ul><li aria-level=\"1\"><b>Romanos 12=1-2<\/b><\/li><li aria-level=\"1\"><b>2\u00b0 Corintios 7=1<\/b><\/li><li aria-level=\"1\"><b>Hebreos 13=15-17<\/b><\/li><\/ul><p><span style=\"font-weight: 400;\">Conforme a estos textos, el culto principal procede del hombre que se presenta delante de Dios, consciente de la limpieza de sus actos y cuando se dice del <\/span><i style=\"font-family: var(--global-body-font-family); letter-spacing: 0.2px;\"><span>&#8220;<\/span><\/i><span style=\"font-weight: 400;\">Fruto de <\/span><i style=\"font-family: var(--global-body-font-family); letter-spacing: 0.2px;\"><span>Labios&#8221; <\/span><\/i><span style=\"font-weight: 400;\">no quiere decir que el hombre va a cantar, ya que el que lo hace en ocasiones no toma en cuenta su conducta, pero dice &#8220;<\/span><i style=\"font-family: var(--global-body-font-family); letter-spacing: 0.2px;\"><span>Para honra <\/span><\/i><span style=\"font-weight: 400;\">y <\/span><i style=\"font-family: var(--global-body-font-family); letter-spacing: 0.2px;\"><span>gloria de <\/span><\/i><span style=\"font-weight: 400;\">Dios voy <\/span><i style=\"font-family: var(--global-body-font-family); letter-spacing: 0.2px;\"><span>a cantar&#8221;<\/span><\/i><span style=\"font-weight: 400;\">; pero toda la inmundicia que lleva dentro de s\u00ed, le impide honrar a Dios.\u00a0<\/span><br \/><b><\/b><\/p><p><span style=\"font-weight: 400;\">18.- El ap\u00f3stol Pablo y los Ap\u00f3stoles, velan como objetivo principal de su trabajo, la predicaci\u00f3n de la palabra de Dios sin embargo recomienda cantar haci\u00e9ndolo con entendimiento.\u00a0<\/span><\/p><ul><li aria-level=\"1\"><b>1\u00b0 Corintios 14=15<\/b><\/li><li aria-level=\"1\"><b>Colosenses 3=16<\/b><\/li><li aria-level=\"1\"><b>Efesios 5=19<\/b><\/li><li aria-level=\"1\"><b>Santiago 5=13<\/b><\/li><\/ul><p style=\"text-align: center;\"><b style=\"font-family: var(--global-body-font-family); letter-spacing: 0.2px;\">Conclusi\u00f3n:\u00a0<\/b><br \/><b><\/b><\/p><p><span style=\"font-weight: 400;\">En conclusi\u00f3n, podemos decir que un culto racional es aquel que contiene:\u00a0<\/span><\/p><ol><li><span style=\"font-weight: 400;\">A) Lectura de la ley (5 libros de Mois\u00e9s)\u00a0<\/span><\/li><li><span style=\"font-weight: 400;\">B) Lectura de las tablas (sumario de la Ley)\u00a0<\/span><\/li><li><span style=\"font-weight: 400;\">C) SHEMA (Principal mandamiento)\u00a0<\/span><\/li><li><span style=\"font-weight: 400;\">D) Predicaci\u00f3n (amonestaci\u00f3n de la palabra, que invite a la Iglesia a vivir en santidad)\u00a0<\/span><\/li><li><span style=\"font-weight: 400;\">E) Cantar Salmos y canciones espirituales (Como resultado de la conciencia de que andamos santamente delante de Dios)\u00a0<\/span><\/li><\/ol>\t\t\t\t\t\t\t\t<\/div>\n\t\t\t\t<\/div>\n\t\t\t\t\t<\/div>\n\t\t<\/div>\n\t\t\t\t\t<\/div>\n\t\t<\/section>\n\t\t\t\t<section class=\"elementor-section elementor-top-section elementor-element elementor-element-470d991 elementor-section-boxed elementor-section-height-default elementor-section-height-default\" data-id=\"470d991\" data-element_type=\"section\" data-e-type=\"section\">\n\t\t\t\t\t\t<div class=\"elementor-container elementor-column-gap-default\">\n\t\t\t\t\t<div class=\"elementor-column elementor-col-100 elementor-top-column elementor-element elementor-element-4f1b7f2\" data-id=\"4f1b7f2\" data-element_type=\"column\" data-e-type=\"column\">\n\t\t\t<div class=\"elementor-widget-wrap elementor-element-populated\">\n\t\t\t\t\t\t<div class=\"elementor-element elementor-element-4b2fa37 elementor-align-center elementor-widget elementor-widget-button\" data-id=\"4b2fa37\" data-element_type=\"widget\" data-e-type=\"widget\" data-widget_type=\"button.default\">\n\t\t\t\t<div class=\"elementor-widget-container\">\n\t\t\t\t\t\t\t\t\t<div class=\"elementor-button-wrapper\">\n\t\t\t\t\t<a class=\"elementor-button elementor-button-link elementor-size-sm\" href=\"https:\/\/iidsech.com\/index.php\/estudios_base\/\">\n\t\t\t\t\t\t<span class=\"elementor-button-content-wrapper\">\n\t\t\t\t\t\t<span class=\"elementor-button-icon\">\n\t\t\t\t<i aria-hidden=\"true\" class=\"fas fa-angle-double-left\"><\/i>\t\t\t<\/span>\n\t\t\t\t\t\t\t\t\t<span class=\"elementor-button-text\">REGRESAR<\/span>\n\t\t\t\t\t<\/span>\n\t\t\t\t\t<\/a>\n\t\t\t\t<\/div>\n\t\t\t\t\t\t\t\t<\/div>\n\t\t\t\t<\/div>\n\t\t\t\t\t<\/div>\n\t\t<\/div>\n\t\t\t\t\t<\/div>\n\t\t<\/section>\n\t\t\t\t<\/div>\n\t\t","protected":false},"excerpt":{"rendered":"<p>El Racional Culto Realizado Por: Min. A. Rub\u00e9n Romero M. Categor\u00eda: Base doctrinal. Fecha: Feb, 2017 Introducci\u00f3n Desde el comienzo de las llamadas Iglesias de Dios se tom\u00f3 como prototipo un culto heredado, completamente de las Iglesias Protestantes. Este culto se basaba en la estimulaci\u00f3n de los sentidos, al hablar de sucesos, an\u00e9cdotas y pl\u00e1ticas&#8230;<\/p>\n","protected":false},"author":1,"featured_media":0,"parent":9097,"menu_order":0,"comment_status":"closed","ping_status":"closed","template":"elementor_header_footer","meta":{"om_disable_all_campaigns":false,"_tbt_post_transparent":"","_tbt_post_title":"default","_tbt_post_layout":"default","_tbt_post_sidebar_id":"","_tbt_post_content_style":"unboxed","_tbt_post_vertical_padding":"hide","_tbt_post_feature":"hide","_tbt_post_feature_position":"","_tbt_post_header":false,"_tbt_post_footer":false,"_mc_calendar":[]},"class_list":["post-13556","page","type-page","status-publish","hentry"],"aioseo_notices":[],"_links":{"self":[{"href":"https:\/\/iidsech.com\/index.php\/wp-json\/wp\/v2\/pages\/13556","targetHints":{"allow":["GET"]}}],"collection":[{"href":"https:\/\/iidsech.com\/index.php\/wp-json\/wp\/v2\/pages"}],"about":[{"href":"https:\/\/iidsech.com\/index.php\/wp-json\/wp\/v2\/types\/page"}],"author":[{"embeddable":true,"href":"https:\/\/iidsech.com\/index.php\/wp-json\/wp\/v2\/users\/1"}],"replies":[{"embeddable":true,"href":"https:\/\/iidsech.com\/index.php\/wp-json\/wp\/v2\/comments?post=13556"}],"version-history":[{"count":28,"href":"https:\/\/iidsech.com\/index.php\/wp-json\/wp\/v2\/pages\/13556\/revisions"}],"predecessor-version":[{"id":13587,"href":"https:\/\/iidsech.com\/index.php\/wp-json\/wp\/v2\/pages\/13556\/revisions\/13587"}],"up":[{"embeddable":true,"href":"https:\/\/iidsech.com\/index.php\/wp-json\/wp\/v2\/pages\/9097"}],"wp:attachment":[{"href":"https:\/\/iidsech.com\/index.php\/wp-json\/wp\/v2\/media?parent=13556"}],"curies":[{"name":"wp","href":"https:\/\/api.w.org\/{rel}","templated":true}]}}