{"id":10119,"date":"2022-08-06T08:20:10","date_gmt":"2022-08-06T13:20:10","guid":{"rendered":"https:\/\/wp.themedemo.org\/WP02\/WP030\/?page_id=10119"},"modified":"2024-05-16T20:00:23","modified_gmt":"2024-05-17T01:00:23","slug":"musica","status":"publish","type":"page","link":"https:\/\/iidsech.com\/index.php\/musica\/","title":{"rendered":"Musica"},"content":{"rendered":"\t\t<div data-elementor-type=\"wp-page\" data-elementor-id=\"10119\" class=\"elementor elementor-10119\">\n\t\t\t\t\t\t<div class=\"elementor-section elementor-top-section elementor-element elementor-element-c55880c elementor-section-full_width elementor-section-stretched elementor-section-height-default elementor-section-height-default\" data-id=\"c55880c\" data-element_type=\"section\" data-e-type=\"section\" data-settings=\"{&quot;stretch_section&quot;:&quot;section-stretched&quot;,&quot;background_background&quot;:&quot;classic&quot;}\">\n\t\t\t\t\t\t<div class=\"elementor-container elementor-column-gap-default\">\n\t\t\t\t\t<div class=\"elementor-column elementor-col-100 elementor-top-column elementor-element elementor-element-db58282\" data-id=\"db58282\" data-element_type=\"column\" data-e-type=\"column\">\n\t\t\t<div class=\"elementor-widget-wrap elementor-element-populated\">\n\t\t\t\t\t\t<div class=\"elementor-element elementor-element-82acbe3 elementor-invisible elementor-widget elementor-widget-image\" data-id=\"82acbe3\" data-element_type=\"widget\" data-e-type=\"widget\" data-settings=\"{&quot;_animation&quot;:&quot;slideInDown&quot;}\" data-widget_type=\"image.default\">\n\t\t\t\t<div class=\"elementor-widget-container\">\n\t\t\t\t\t\t\t\t\t\t\t\t\t\t\t<img fetchpriority=\"high\" decoding=\"async\" width=\"1144\" height=\"644\" src=\"https:\/\/iidsech.com\/wp-content\/uploads\/2024\/04\/Musica.png\" class=\"attachment-1536x1536 size-1536x1536 wp-image-14192\" alt=\"\" srcset=\"https:\/\/iidsech.com\/wp-content\/uploads\/2024\/04\/Musica.png 1144w, https:\/\/iidsech.com\/wp-content\/uploads\/2024\/04\/Musica-600x338.png 600w, https:\/\/iidsech.com\/wp-content\/uploads\/2024\/04\/Musica-300x169.png 300w, https:\/\/iidsech.com\/wp-content\/uploads\/2024\/04\/Musica-1024x576.png 1024w, https:\/\/iidsech.com\/wp-content\/uploads\/2024\/04\/Musica-768x432.png 768w\" sizes=\"(max-width: 1144px) 100vw, 1144px\" \/>\t\t\t\t\t\t\t\t\t\t\t\t\t\t\t<\/div>\n\t\t\t\t<\/div>\n\t\t\t\t<div class=\"elementor-element elementor-element-cfa733e elementor-widget elementor-widget-heading\" data-id=\"cfa733e\" data-element_type=\"widget\" data-e-type=\"widget\" data-widget_type=\"heading.default\">\n\t\t\t\t<div class=\"elementor-widget-container\">\n\t\t\t\t\t<h4 class=\"elementor-heading-title elementor-size-default\">En esta secci\u00f3n ofrecemos una colecci\u00f3n de c\u00e1nticos y alabanzas<\/h4>\t\t\t\t<\/div>\n\t\t\t\t<\/div>\n\t\t\t\t\t<\/div>\n\t\t<\/div>\n\t\t\t\t\t<\/div>\n\t\t<\/div>\n\t\t\t\t<section class=\"elementor-section elementor-top-section elementor-element elementor-element-9854c40 elementor-section-boxed elementor-section-height-default elementor-section-height-default\" data-id=\"9854c40\" data-element_type=\"section\" data-e-type=\"section\">\n\t\t\t\t\t\t<div class=\"elementor-container elementor-column-gap-default\">\n\t\t\t\t\t<div class=\"elementor-column elementor-col-16 elementor-top-column elementor-element elementor-element-9f34b9e\" data-id=\"9f34b9e\" data-element_type=\"column\" data-e-type=\"column\">\n\t\t\t<div class=\"elementor-widget-wrap\">\n\t\t\t\t\t\t\t<\/div>\n\t\t<\/div>\n\t\t\t\t<div class=\"elementor-column elementor-col-66 elementor-top-column elementor-element elementor-element-655b373\" data-id=\"655b373\" data-element_type=\"column\" data-e-type=\"column\">\n\t\t\t<div class=\"elementor-widget-wrap elementor-element-populated\">\n\t\t\t\t\t\t<div class=\"elementor-element elementor-element-93a9fdf elementor-widget__width-initial elementor-widget elementor-widget-text-editor\" data-id=\"93a9fdf\" data-element_type=\"widget\" data-e-type=\"widget\" data-widget_type=\"text-editor.default\">\n\t\t\t\t<div class=\"elementor-widget-container\">\n\t\t\t\t\t\t\t\t\t<blockquote><div class=\"ChapterContent_p__dVKHb\" style=\"text-align: center;\"><span style=\"color: #000000;\"><span class=\"ChapterContent_verse__57FIw\" data-usfm=\"1CH.16.23\"><span class=\"ChapterContent_content__RrUqA\">&#8220;Cantad \u00e1 Jehov\u00e1, toda la tierra, Anunciad de d\u00eda en d\u00eda su salud. <\/span><\/span><span class=\"ChapterContent_verse__57FIw\" data-usfm=\"1CH.16.24\"><span class=\"ChapterContent_content__RrUqA\">Cantad entre las gentes su gloria, Y en todos los pueblos sus maravillas. <\/span><\/span><span class=\"ChapterContent_verse__57FIw\" data-usfm=\"1CH.16.25\"><span class=\"ChapterContent_content__RrUqA\">Porque grande es el Se\u00f1or, y digno de ser grandemente loado, Y de ser temido sobre todos los dioses.&#8221; <strong>1Cron 16:23-25<\/strong><\/span><\/span><\/span><\/div><\/blockquote>\t\t\t\t\t\t\t\t<\/div>\n\t\t\t\t<\/div>\n\t\t\t\t\t<\/div>\n\t\t<\/div>\n\t\t\t\t<div class=\"elementor-column elementor-col-16 elementor-top-column elementor-element elementor-element-f242b25\" data-id=\"f242b25\" data-element_type=\"column\" data-e-type=\"column\">\n\t\t\t<div class=\"elementor-widget-wrap\">\n\t\t\t\t\t\t\t<\/div>\n\t\t<\/div>\n\t\t\t\t\t<\/div>\n\t\t<\/section>\n\t\t\t\t<section class=\"elementor-section elementor-top-section elementor-element elementor-element-c461eeb elementor-section-boxed elementor-section-height-default elementor-section-height-default\" data-id=\"c461eeb\" data-element_type=\"section\" data-e-type=\"section\">\n\t\t\t\t\t\t<div class=\"elementor-container elementor-column-gap-default\">\n\t\t\t\t\t<div class=\"elementor-column elementor-col-100 elementor-top-column elementor-element elementor-element-3390454\" data-id=\"3390454\" data-element_type=\"column\" data-e-type=\"column\">\n\t\t\t<div class=\"elementor-widget-wrap elementor-element-populated\">\n\t\t\t\t\t\t\t<\/div>\n\t\t<\/div>\n\t\t\t\t\t<\/div>\n\t\t<\/section>\n\t\t\t\t<section class=\"elementor-section elementor-top-section elementor-element elementor-element-bf1f003 elementor-section-boxed elementor-section-height-default elementor-section-height-default\" data-id=\"bf1f003\" data-element_type=\"section\" data-e-type=\"section\">\n\t\t\t\t\t\t<div class=\"elementor-container elementor-column-gap-default\">\n\t\t\t\t\t<div class=\"elementor-column elementor-col-100 elementor-top-column elementor-element elementor-element-aae9d5c\" data-id=\"aae9d5c\" data-element_type=\"column\" data-e-type=\"column\">\n\t\t\t<div class=\"elementor-widget-wrap elementor-element-populated\">\n\t\t\t\t\t\t<div class=\"elementor-element elementor-element-5b50fcb elementor-widget elementor-widget-html\" data-id=\"5b50fcb\" data-element_type=\"widget\" data-e-type=\"widget\" data-widget_type=\"html.default\">\n\t\t\t\t<div class=\"elementor-widget-container\">\n\t\t\t\t\t<iframe width=\"100%\" height=\"450\" scrolling=\"no\" frameborder=\"no\" allow=\"autoplay\" src=\"https:\/\/w.soundcloud.com\/player\/?url=https%3A\/\/api.soundcloud.com\/playlists\/1814837352&color=%23ff5500&auto_play=false&hide_related=false&show_comments=true&show_user=true&show_reposts=false&show_teaser=true\"><\/iframe><div style=\"font-size: 10px; color: #cccccc;line-break: anywhere;word-break: normal;overflow: hidden;white-space: nowrap;text-overflow: ellipsis; font-family: Interstate,Lucida Grande,Lucida Sans Unicode,Lucida Sans,Garuda,Verdana,Tahoma,sans-serif;font-weight: 100;\"><a href=\"https:\/\/soundcloud.com\/noe-mtz-496548440\" title=\"Noe Mtz\" target=\"_blank\" style=\"color: #cccccc; text-decoration: none;\">Noe Mtz<\/a> \u00b7 <a href=\"https:\/\/soundcloud.com\/noe-mtz-496548440\/sets\/musica-para-tu-dia\" title=\"M\u00fasica para tu D\u00eda\" target=\"_blank\" style=\"color: #cccccc; text-decoration: none;\">M\u00fasica para tu D\u00eda<\/a><\/div>\t\t\t\t<\/div>\n\t\t\t\t<\/div>\n\t\t\t\t\t<\/div>\n\t\t<\/div>\n\t\t\t\t\t<\/div>\n\t\t<\/section>\n\t\t\t\t<\/div>\n\t\t","protected":false},"excerpt":{"rendered":"<p>En esta secci\u00f3n ofrecemos una colecci\u00f3n de c\u00e1nticos y alabanzas &#8220;Cantad \u00e1 Jehov\u00e1, toda la tierra, Anunciad de d\u00eda en d\u00eda su salud. Cantad entre las gentes su gloria, Y en todos los pueblos sus maravillas. Porque grande es el Se\u00f1or, y digno de ser grandemente loado, Y de ser temido sobre todos los dioses.&#8221;&#8230;<\/p>\n","protected":false},"author":1,"featured_media":0,"parent":0,"menu_order":0,"comment_status":"closed","ping_status":"closed","template":"elementor_header_footer","meta":{"om_disable_all_campaigns":false,"_tbt_post_transparent":"","_tbt_post_title":"default","_tbt_post_layout":"normal","_tbt_post_sidebar_id":"","_tbt_post_content_style":"unboxed","_tbt_post_vertical_padding":"hide","_tbt_post_feature":"hide","_tbt_post_feature_position":"","_tbt_post_header":false,"_tbt_post_footer":false,"_mc_calendar":[]},"class_list":["post-10119","page","type-page","status-publish","hentry"],"aioseo_notices":[],"_links":{"self":[{"href":"https:\/\/iidsech.com\/index.php\/wp-json\/wp\/v2\/pages\/10119","targetHints":{"allow":["GET"]}}],"collection":[{"href":"https:\/\/iidsech.com\/index.php\/wp-json\/wp\/v2\/pages"}],"about":[{"href":"https:\/\/iidsech.com\/index.php\/wp-json\/wp\/v2\/types\/page"}],"author":[{"embeddable":true,"href":"https:\/\/iidsech.com\/index.php\/wp-json\/wp\/v2\/users\/1"}],"replies":[{"embeddable":true,"href":"https:\/\/iidsech.com\/index.php\/wp-json\/wp\/v2\/comments?post=10119"}],"version-history":[{"count":59,"href":"https:\/\/iidsech.com\/index.php\/wp-json\/wp\/v2\/pages\/10119\/revisions"}],"predecessor-version":[{"id":15233,"href":"https:\/\/iidsech.com\/index.php\/wp-json\/wp\/v2\/pages\/10119\/revisions\/15233"}],"wp:attachment":[{"href":"https:\/\/iidsech.com\/index.php\/wp-json\/wp\/v2\/media?parent=10119"}],"curies":[{"name":"wp","href":"https:\/\/api.w.org\/{rel}","templated":true}]}}